{"id":2888,"date":"2021-03-01T17:12:13","date_gmt":"2021-03-01T16:12:13","guid":{"rendered":"https:\/\/www.acxys.com\/?page_id=2888"},"modified":"2022-08-02T13:38:20","modified_gmt":"2022-08-02T11:38:20","slug":"tratamiento-superficie-plasma-empresa","status":"publish","type":"page","link":"https:\/\/www.acxys.com\/es\/tratamiento-superficie-plasma-empresa\/","title":{"rendered":"La empresa"},"content":{"rendered":"<p>[et_pb_section fb_built=\u00bb1&#8243; module_class=\u00bblddw-entete-responsive\u00bb _builder_version=\u00bb3.22&#8243; background_image=\u00bbhttps:\/\/www.acxys.com\/wp-content\/uploads\/2019\/07\/bg-entreprise.jpg\u00bb background_position=\u00bbbottom_center\u00bb custom_padding=\u00bb1%||1%|\u00bb z_index_tablet=\u00bb500&#8243;][\/et_pb_section][et_pb_section fb_built=\u00bb1&#8243; _builder_version=\u00bb3.22&#8243; custom_margin=\u00bb0px||\u00bb custom_padding=\u00bb0px||\u00bb][et_pb_row _builder_version=\u00bb3.26.7&#8243; animation_style=\u00bbslide\u00bb animation_direction=\u00bbleft\u00bb z_index_tablet=\u00bb500&#8243; box_shadow_horizontal_tablet=\u00bb0px\u00bb box_shadow_vertical_tablet=\u00bb0px\u00bb box_shadow_blur_tablet=\u00bb40px\u00bb box_shadow_spread_tablet=\u00bb0px\u00bb][et_pb_column type=\u00bb4_4&#8243; _builder_version=\u00bb3.25&#8243; custom_padding=\u00bb|||\u00bb custom_padding__hover=\u00bb|||\u00bb][et_pb_text module_class=\u00bblddw-landing-conteneur blue\u00bb _builder_version=\u00bb3.27.4&#8243; text_font=\u00bb||||||||\u00bb header_font=\u00bb|600||on|||||\u00bb header_text_color=\u00bb#ffffff\u00bb header_font_size=\u00bb20px\u00bb hover_enabled=\u00bb0&#8243; z_index_tablet=\u00bb500&#8243; sticky_enabled=\u00bb0&#8243;]<\/p>\n<h1>Un experto en el tratamiento de superficies con plasma a presi\u00f3n atmosf\u00e9rica<\/h1>\n<p>[\/et_pb_text][et_pb_text module_class=\u00bblddw-landing-conteneur\u00bb _builder_version=\u00bb4.9.7&#8243; text_font=\u00bb||||||||\u00bb header_font=\u00bb||||||||\u00bb header_2_font=\u00bb|700|||||||\u00bb custom_margin=\u00bb0px||0px|\u00bb hover_enabled=\u00bb0&#8243; z_index_tablet=\u00bb500&#8243; sticky_enabled=\u00bb0&#8243;]<\/p>\n<p class=\"lddw\">AcXys Technologies es un equipo din\u00e1mico que busca constantemente la innovaci\u00f3n. \u00a1Descubre el ADN que hace de AcXys una empresa \u00fanica!<\/p>\n<p>[\/et_pb_text][\/et_pb_column][\/et_pb_row][et_pb_row column_structure=\u00bb1_3,2_3&#8243; _builder_version=\u00bb3.26.7&#8243; animation_style=\u00bbslide\u00bb animation_direction=\u00bbright\u00bb animation_delay=\u00bb550ms\u00bb z_index_tablet=\u00bb500&#8243; animation_delay_tablet=\u00bb200ms\u00bb animation_delay_phone=\u00bb100ms\u00bb animation_delay_last_edited=\u00bbon|desktop\u00bb box_shadow_horizontal_tablet=\u00bb0px\u00bb box_shadow_vertical_tablet=\u00bb0px\u00bb box_shadow_blur_tablet=\u00bb40px\u00bb box_shadow_spread_tablet=\u00bb0px\u00bb][et_pb_column type=\u00bb1_3&#8243; _builder_version=\u00bb3.25&#8243; custom_padding=\u00bb|||\u00bb custom_padding__hover=\u00bb|||\u00bb][et_pb_button button_url=\u00bb?p=1010&#8243; button_text=\u00bbNuestra actividad\u00bb button_alignment=\u00bbcenter\u00bb module_class=\u00bblddw-block-button\u00bb _builder_version=\u00bb4.7.7&#8243; custom_button=\u00bbon\u00bb button_text_color=\u00bb#ffffff\u00bb button_bg_color=\u00bb#2f68a3&#8243; button_border_color=\u00bb#2f68a3&#8243; button_border_radius=\u00bb0&#8243; button_font=\u00bb||||||||\u00bb button_use_icon=\u00bboff\u00bb z_index_tablet=\u00bb500&#8243;]<br \/>\n[\/et_pb_button][\/et_pb_column][et_pb_column type=\u00bb2_3&#8243; _builder_version=\u00bb3.25&#8243; custom_padding=\u00bb|||\u00bb custom_padding__hover=\u00bb|||\u00bb][et_pb_text _builder_version=\u00bb4.9.7&#8243; header_font=\u00bb||||||||\u00bb header_text_color=\u00bb#193452&#8243; header_2_font=\u00bb|300|||||||\u00bb header_2_text_color=\u00bb#193452&#8243; header_2_font_size=\u00bb18px\u00bb hover_enabled=\u00bb0&#8243; sticky_enabled=\u00bb0&#8243;]<\/p>\n<h2><strong>AcXys Technologies, una empresa dedicada exclusivamente a las tecnolog\u00edas de plasma a presi\u00f3n atmosf\u00e9rica<\/strong><\/h2>\n<p>[\/et_pb_text][\/et_pb_column][\/et_pb_row][et_pb_row column_structure=\u00bb1_3,2_3&#8243; _builder_version=\u00bb3.26.7&#8243; animation_style=\u00bbslide\u00bb animation_direction=\u00bbright\u00bb animation_delay=\u00bb1500ms\u00bb z_index_tablet=\u00bb500&#8243; animation_delay_tablet=\u00bb400ms\u00bb animation_delay_phone=\u00bb200ms\u00bb animation_delay_last_edited=\u00bbon|tablet\u00bb box_shadow_horizontal_tablet=\u00bb0px\u00bb box_shadow_vertical_tablet=\u00bb0px\u00bb box_shadow_blur_tablet=\u00bb40px\u00bb box_shadow_spread_tablet=\u00bb0px\u00bb][et_pb_column type=\u00bb1_3&#8243; _builder_version=\u00bb3.25&#8243; custom_padding=\u00bb|||\u00bb custom_padding__hover=\u00bb|||\u00bb][et_pb_button button_url=\u00bb?p=1028&#8243; button_text=\u00bbNosotros\u00bb button_alignment=\u00bbcenter\u00bb module_class=\u00bblddw-block-button\u00bb _builder_version=\u00bb4.7.7&#8243; custom_button=\u00bbon\u00bb button_text_color=\u00bb#ffffff\u00bb button_bg_color=\u00bb#2f68a3&#8243; button_border_color=\u00bb#2f68a3&#8243; button_border_radius=\u00bb0&#8243; button_font=\u00bb||||||||\u00bb button_use_icon=\u00bboff\u00bb z_index_tablet=\u00bb500&#8243;]<br \/>\n[\/et_pb_button][\/et_pb_column][et_pb_column type=\u00bb2_3&#8243; _builder_version=\u00bb3.25&#8243; custom_padding=\u00bb|||\u00bb custom_padding__hover=\u00bb|||\u00bb][et_pb_text _builder_version=\u00bb4.9.7&#8243; header_font=\u00bb||||||||\u00bb header_2_font=\u00bb|300|||||||\u00bb header_2_text_color=\u00bb#193452&#8243; header_2_font_size=\u00bb18px\u00bb hover_enabled=\u00bb0&#8243; sticky_enabled=\u00bb0&#8243;]<\/p>\n<h2><strong>Descubra la historia detr\u00e1s de AcXys Technologies y su equipo<\/strong> entusiasta y creativo cuyo talento se dedica al crecimiento de tecnolog\u00edas basadas en plasma aplicados a tratamientos industriales de superficies.<\/h2>\n<p>[\/et_pb_text][\/et_pb_column][\/et_pb_row][et_pb_row column_structure=\u00bb1_3,2_3&#8243; _builder_version=\u00bb3.26.7&#8243; animation_style=\u00bbslide\u00bb animation_direction=\u00bbright\u00bb animation_delay=\u00bb1350ms\u00bb z_index_tablet=\u00bb500&#8243; animation_delay_tablet=\u00bb600ms\u00bb animation_delay_phone=\u00bb300ms\u00bb animation_delay_last_edited=\u00bbon|tablet\u00bb box_shadow_horizontal_tablet=\u00bb0px\u00bb box_shadow_vertical_tablet=\u00bb0px\u00bb box_shadow_blur_tablet=\u00bb40px\u00bb box_shadow_spread_tablet=\u00bb0px\u00bb][et_pb_column type=\u00bb1_3&#8243; _builder_version=\u00bb3.25&#8243; custom_padding=\u00bb|||\u00bb custom_padding__hover=\u00bb|||\u00bb][et_pb_button button_url=\u00bb?p=1036&#8243; button_text=\u00bbRed commercial\u00bb button_alignment=\u00bbcenter\u00bb module_class=\u00bblddw-block-button\u00bb _builder_version=\u00bb4.7.7&#8243; custom_button=\u00bbon\u00bb button_text_color=\u00bb#ffffff\u00bb button_bg_color=\u00bb#2f68a3&#8243; button_border_color=\u00bb#2f68a3&#8243; button_border_radius=\u00bb0&#8243; button_font=\u00bb||||||||\u00bb button_use_icon=\u00bboff\u00bb z_index_tablet=\u00bb500&#8243;]<br \/>\n[\/et_pb_button][\/et_pb_column][et_pb_column type=\u00bb2_3&#8243; _builder_version=\u00bb3.25&#8243; custom_padding=\u00bb|||\u00bb custom_padding__hover=\u00bb|||\u00bb][et_pb_text _builder_version=\u00bb4.9.7&#8243; header_font=\u00bb|300|||||||\u00bb header_text_color=\u00bb#193452&#8243; header_2_font=\u00bb|300|||||||\u00bb header_2_text_color=\u00bb#193452&#8243; header_2_font_size=\u00bb18px\u00bb vertical_offset_tablet=\u00bb0&#8243; horizontal_offset_tablet=\u00bb0&#8243; z_index_tablet=\u00bb0&#8243; text_text_shadow_horizontal_length_tablet=\u00bb0px\u00bb text_text_shadow_vertical_length_tablet=\u00bb0px\u00bb text_text_shadow_blur_strength_tablet=\u00bb1px\u00bb link_text_shadow_horizontal_length_tablet=\u00bb0px\u00bb link_text_shadow_vertical_length_tablet=\u00bb0px\u00bb link_text_shadow_blur_strength_tablet=\u00bb1px\u00bb ul_text_shadow_horizontal_length_tablet=\u00bb0px\u00bb ul_text_shadow_vertical_length_tablet=\u00bb0px\u00bb ul_text_shadow_blur_strength_tablet=\u00bb1px\u00bb ol_text_shadow_horizontal_length_tablet=\u00bb0px\u00bb ol_text_shadow_vertical_length_tablet=\u00bb0px\u00bb ol_text_shadow_blur_strength_tablet=\u00bb1px\u00bb quote_text_shadow_horizontal_length_tablet=\u00bb0px\u00bb quote_text_shadow_vertical_length_tablet=\u00bb0px\u00bb quote_text_shadow_blur_strength_tablet=\u00bb1px\u00bb header_text_shadow_horizontal_length_tablet=\u00bb0px\u00bb header_text_shadow_vertical_length_tablet=\u00bb0px\u00bb header_text_shadow_blur_strength_tablet=\u00bb1px\u00bb header_2_text_shadow_horizontal_length_tablet=\u00bb0px\u00bb header_2_text_shadow_vertical_length_tablet=\u00bb0px\u00bb header_2_text_shadow_blur_strength_tablet=\u00bb1px\u00bb header_3_text_shadow_horizontal_length_tablet=\u00bb0px\u00bb header_3_text_shadow_vertical_length_tablet=\u00bb0px\u00bb header_3_text_shadow_blur_strength_tablet=\u00bb1px\u00bb header_4_text_shadow_horizontal_length_tablet=\u00bb0px\u00bb header_4_text_shadow_vertical_length_tablet=\u00bb0px\u00bb header_4_text_shadow_blur_strength_tablet=\u00bb1px\u00bb header_5_text_shadow_horizontal_length_tablet=\u00bb0px\u00bb header_5_text_shadow_vertical_length_tablet=\u00bb0px\u00bb header_5_text_shadow_blur_strength_tablet=\u00bb1px\u00bb header_6_text_shadow_horizontal_length_tablet=\u00bb0px\u00bb header_6_text_shadow_vertical_length_tablet=\u00bb0px\u00bb header_6_text_shadow_blur_strength_tablet=\u00bb1px\u00bb box_shadow_horizontal_tablet=\u00bb0px\u00bb box_shadow_vertical_tablet=\u00bb0px\u00bb box_shadow_blur_tablet=\u00bb40px\u00bb box_shadow_spread_tablet=\u00bb0px\u00bb]<\/p>\n<h2><strong>AcXys Technologies cuenta con una red de representantes, distribuidores y socios OEM en todo el mundo<\/strong>. Todos comparten la misma pasi\u00f3n y ambici\u00f3n: desarrollar tecnolog\u00edas basadas en plasma aplicados a tratamientos industriales de superficies.<\/h2>\n<p>[\/et_pb_text][\/et_pb_column][\/et_pb_row][\/et_pb_section]<\/p>\n","protected":false},"excerpt":{"rendered":"<p>[et_pb_section fb_built=\u00bb1&#8243; module_class=\u00bblddw-entete-responsive\u00bb _builder_version=\u00bb3.22&#8243; background_image=\u00bbhttps:\/\/www.acxys.com\/wp-content\/uploads\/2019\/07\/bg-entreprise.jpg\u00bb background_position=\u00bbbottom_center\u00bb custom_padding=\u00bb1%||1%|\u00bb z_index_tablet=\u00bb500&#8243;][\/et_pb_section][et_pb_section fb_built=\u00bb1&#8243; _builder_version=\u00bb3.22&#8243; custom_margin=\u00bb0px||\u00bb custom_padding=\u00bb0px||\u00bb][et_pb_row _builder_version=\u00bb3.26.7&#8243; animation_style=\u00bbslide\u00bb animation_direction=\u00bbleft\u00bb z_index_tablet=\u00bb500&#8243; box_shadow_horizontal_tablet=\u00bb0px\u00bb box_shadow_vertical_tablet=\u00bb0px\u00bb box_shadow_blur_tablet=\u00bb40px\u00bb box_shadow_spread_tablet=\u00bb0px\u00bb][et_pb_column type=\u00bb4_4&#8243; _builder_version=\u00bb3.25&#8243; custom_padding=\u00bb|||\u00bb custom_padding__hover=\u00bb|||\u00bb][et_pb_text module_class=\u00bblddw-landing-conteneur blue\u00bb _builder_version=\u00bb3.27.4&#8243; text_font=\u00bb||||||||\u00bb header_font=\u00bb|600||on|||||\u00bb header_text_color=\u00bb#ffffff\u00bb header_font_size=\u00bb20px\u00bb hover_enabled=\u00bb0&#8243; z_index_tablet=\u00bb500&#8243; sticky_enabled=\u00bb0&#8243;] Un experto en el tratamiento de superficies con plasma a presi\u00f3n atmosf\u00e9rica [\/et_pb_text][et_pb_text module_class=\u00bblddw-landing-conteneur\u00bb _builder_version=\u00bb4.9.7&#8243; text_font=\u00bb||||||||\u00bb header_font=\u00bb||||||||\u00bb header_2_font=\u00bb|700|||||||\u00bb custom_margin=\u00bb0px||0px|\u00bb hover_enabled=\u00bb0&#8243; z_index_tablet=\u00bb500&#8243; [&hellip;]<\/p>\n","protected":false},"author":2,"featured_media":0,"parent":0,"menu_order":0,"comment_status":"closed","ping_status":"closed","template":"","meta":{"_et_pb_use_builder":"on","_et_pb_old_content":"<p>[et_pb_section bb_built=\"1\" module_class=\"lddw-entete-responsive\" _builder_version=\"3.22\" background_image=\"https:\/\/www.acxys.com\/wp-content\/uploads\/2019\/07\/bg-entreprise.jpg\" background_position=\"bottom_center\" custom_padding=\"1%||1%|\" z_index_tablet=\"500\" next_background_color=\"#ffffff\"][\/et_pb_section][et_pb_section bb_built=\"1\" _builder_version=\"3.22\" custom_margin=\"0px||\" custom_padding=\"0px||\" prev_background_color=\"#000000\"][et_pb_row _builder_version=\"3.26.7\" box_shadow_horizontal_tablet=\"0px\" box_shadow_vertical_tablet=\"0px\" box_shadow_blur_tablet=\"40px\" box_shadow_spread_tablet=\"0px\" animation_style=\"slide\" animation_direction=\"left\" z_index_tablet=\"500\"][et_pb_column type=\"4_4\" _builder_version=\"3.25\" custom_padding=\"|||\" custom_padding__hover=\"|||\"][et_pb_text module_class=\"lddw-landing-conteneur blue\" _builder_version=\"3.21.1\" text_font=\"||||||||\" header_font=\"|600||on|||||\" header_text_color=\"#ffffff\" header_font_size=\"20px\" z_index_tablet=\"500\"]<\/p><h1>Our expertise : surface treatment with atmospheric pressure plasma<\/h1><p>[\/et_pb_text][et_pb_text module_class=\"lddw-landing-conteneur\" _builder_version=\"3.21.1\" text_font=\"||||||||\" header_font=\"||||||||\" header_2_font=\"|700|||||||\" custom_margin=\"0px||0px|\" z_index_tablet=\"500\"]<\/p><p class=\"lddw\">At AcXys Technologies, our team of experts is always eager to further push the limits of innovation. Meet us to find out why we cultivate this permanent momentum !<\/p><p>[\/et_pb_text][\/et_pb_column][\/et_pb_row][et_pb_row column_structure=\"1_3,2_3\" _builder_version=\"3.26.7\" box_shadow_horizontal_tablet=\"0px\" box_shadow_vertical_tablet=\"0px\" box_shadow_blur_tablet=\"40px\" box_shadow_spread_tablet=\"0px\" animation_style=\"slide\" z_index_tablet=\"500\" animation_direction=\"right\" animation_delay=\"550ms\" animation_delay_tablet=\"200ms\" animation_delay_phone=\"100ms\" animation_delay_last_edited=\"on|desktop\"][et_pb_column type=\"1_3\" _builder_version=\"3.25\" custom_padding=\"|||\" custom_padding__hover=\"|||\"][et_pb_button button_url=\"?p=1010\" button_text=\"Our business\" button_alignment=\"center\" module_class=\"lddw-block-button\" _builder_version=\"3.21.1\" custom_button=\"on\" button_text_color=\"#ffffff\" button_bg_color=\"#2f68a3\" button_border_color=\"#2f68a3\" button_border_radius=\"0\" button_font=\"||||||||\" button_use_icon=\"off\" z_index_tablet=\"500\"]<\/p><p>[\/et_pb_button][\/et_pb_column][et_pb_column type=\"2_3\" _builder_version=\"3.25\" custom_padding=\"|||\" custom_padding__hover=\"|||\"][et_pb_text _builder_version=\"3.21.1\" header_font=\"||||||||\" header_text_color=\"#193452\" header_2_font=\"|300|||||||\" header_2_text_color=\"#193452\" header_2_font_size=\"18px\"]<\/p><h2><strong>AcXys Technologies <\/strong>focuses exclusively on <strong>atmospheric pressure plasma-based technologies.<\/strong><\/h2><p>[\/et_pb_text][\/et_pb_column][\/et_pb_row][et_pb_row column_structure=\"1_3,2_3\" _builder_version=\"3.26.7\" box_shadow_horizontal_tablet=\"0px\" box_shadow_vertical_tablet=\"0px\" box_shadow_blur_tablet=\"40px\" box_shadow_spread_tablet=\"0px\" animation_style=\"slide\" animation_direction=\"right\" animation_delay=\"1500ms\" animation_delay_tablet=\"400ms\" animation_delay_phone=\"200ms\" animation_delay_last_edited=\"on|tablet\" z_index_tablet=\"500\"][et_pb_column type=\"1_3\" _builder_version=\"3.25\" custom_padding=\"|||\" custom_padding__hover=\"|||\"][et_pb_button button_url=\"?p=1028\" button_text=\"Meet us\" button_alignment=\"center\" module_class=\"lddw-block-button\" _builder_version=\"3.21.1\" custom_button=\"on\" button_text_color=\"#ffffff\" button_bg_color=\"#2f68a3\" button_border_color=\"#2f68a3\" button_border_radius=\"0\" button_font=\"||||||||\" button_use_icon=\"off\" z_index_tablet=\"500\"]<\/p><p>[\/et_pb_button][\/et_pb_column][et_pb_column type=\"2_3\" _builder_version=\"3.25\" custom_padding=\"|||\" custom_padding__hover=\"|||\"][et_pb_text _builder_version=\"3.21.1\" header_font=\"||||||||\" header_2_font=\"|300|||||||\" header_2_text_color=\"#193452\" header_2_font_size=\"18px\"]<\/p><h2><strong>Find out about the story behind AcXys Technologies and its people <\/strong>\u2013 a team of enthusiasts whose talent is devoted to growing plasma-based technologies serving industrial surface treatments.<\/h2><p>[\/et_pb_text][\/et_pb_column][\/et_pb_row][et_pb_row column_structure=\"1_3,2_3\" _builder_version=\"3.26.7\" box_shadow_horizontal_tablet=\"0px\" box_shadow_vertical_tablet=\"0px\" box_shadow_blur_tablet=\"40px\" box_shadow_spread_tablet=\"0px\" animation_style=\"slide\" animation_direction=\"right\" animation_delay=\"1350ms\" animation_delay_phone=\"300ms\" animation_delay_last_edited=\"on|tablet\" z_index_tablet=\"500\" animation_delay_tablet=\"600ms\"][et_pb_column type=\"1_3\" _builder_version=\"3.25\" custom_padding=\"|||\" custom_padding__hover=\"|||\"][et_pb_button button_url=\"?p=1036\" button_text=\"Distribution network\" button_alignment=\"center\" module_class=\"lddw-block-button\" _builder_version=\"3.21.1\" custom_button=\"on\" button_text_color=\"#ffffff\" button_bg_color=\"#2f68a3\" button_border_color=\"#2f68a3\" button_border_radius=\"0\" button_font=\"||||||||\" button_use_icon=\"off\" z_index_tablet=\"500\"]<\/p><p>[\/et_pb_button][\/et_pb_column][et_pb_column type=\"2_3\" _builder_version=\"3.25\" custom_padding=\"|||\" custom_padding__hover=\"|||\"][et_pb_text _builder_version=\"3.21.1\" header_font=\"|300|||||||\" header_text_color=\"#193452\" header_2_font=\"|300|||||||\" header_2_text_color=\"#193452\" header_2_font_size=\"18px\"]<\/p><h2><strong>AcXys Technologies<\/strong>, has deployed a <strong>network of representatives, distributors or OEM partners <\/strong>throughout the world \u2013 all share the same passion and ambition: developing plasma-based technologies to serve industrial surface treatments.<\/h2><p>[\/et_pb_text][\/et_pb_column][\/et_pb_row][\/et_pb_section]<\/p>","_et_gb_content_width":"","footnotes":""},"class_list":["post-2888","page","type-page","status-publish","hentry"],"_links":{"self":[{"href":"https:\/\/www.acxys.com\/es\/wp-json\/wp\/v2\/pages\/2888","targetHints":{"allow":["GET"]}}],"collection":[{"href":"https:\/\/www.acxys.com\/es\/wp-json\/wp\/v2\/pages"}],"about":[{"href":"https:\/\/www.acxys.com\/es\/wp-json\/wp\/v2\/types\/page"}],"author":[{"embeddable":true,"href":"https:\/\/www.acxys.com\/es\/wp-json\/wp\/v2\/users\/2"}],"replies":[{"embeddable":true,"href":"https:\/\/www.acxys.com\/es\/wp-json\/wp\/v2\/comments?post=2888"}],"version-history":[{"count":10,"href":"https:\/\/www.acxys.com\/es\/wp-json\/wp\/v2\/pages\/2888\/revisions"}],"predecessor-version":[{"id":5175,"href":"https:\/\/www.acxys.com\/es\/wp-json\/wp\/v2\/pages\/2888\/revisions\/5175"}],"wp:attachment":[{"href":"https:\/\/www.acxys.com\/es\/wp-json\/wp\/v2\/media?parent=2888"}],"curies":[{"name":"wp","href":"https:\/\/api.w.org\/{rel}","templated":true}]}}