{"id":2894,"date":"2021-03-09T11:53:35","date_gmt":"2021-03-09T10:53:35","guid":{"rendered":"https:\/\/www.acxys.com\/?page_id=2894"},"modified":"2021-03-09T12:13:57","modified_gmt":"2021-03-09T11:13:57","slug":"equipos-de-plasma","status":"publish","type":"page","link":"https:\/\/www.acxys.com\/es\/equipos-de-plasma\/","title":{"rendered":"Equipos de plasma"},"content":{"rendered":"<p>[et_pb_section fb_built=\u00bb1&#8243; module_class=\u00bblddw-entete-responsive\u00bb _builder_version=\u00bb4.7.7&#8243; background_image=\u00bbhttps:\/\/www.acxys.com\/wp-content\/uploads\/2021\/02\/P10208363-scaled.jpg\u00bb custom_padding=\u00bb1%||1%|\u00bb z_index_tablet=\u00bb500&#8243;][\/et_pb_section][et_pb_section fb_built=\u00bb1&#8243; _builder_version=\u00bb3.22&#8243; custom_padding=\u00bb0px||\u00bb][et_pb_row _builder_version=\u00bb3.26.7&#8243; animation_style=\u00bbslide\u00bb][et_pb_column type=\u00bb4_4&#8243; _builder_version=\u00bb3.25&#8243; custom_padding=\u00bb|||\u00bb custom_padding__hover=\u00bb|||\u00bb][et_pb_text module_class=\u00bblddw-landing-conteneur blue\u00bb _builder_version=\u00bb4.7.7&#8243; text_font=\u00bb||||||||\u00bb header_font=\u00bb|600||on|||||\u00bb header_text_color=\u00bb#ffffff\u00bb header_font_size=\u00bb20px\u00bb hover_enabled=\u00bb0&#8243; z_index_tablet=\u00bb500&#8243; sticky_enabled=\u00bb0&#8243;]<\/p>\n<h1>\nAcXys Technologies ha desarrollado una gama completa de equipos para abordar sus necesidades de tratamiento de superficies.<\/p>\n<\/h1>\n<p>[\/et_pb_text][\/et_pb_column][\/et_pb_row][et_pb_row column_structure=\u00bb1_4,1_4,1_4,1_4&#8243; make_equal=\u00bbon\u00bb module_class=\u00bblddw-btn-and-imgs\u00bb _builder_version=\u00bb3.25&#8243;][et_pb_column type=\u00bb1_4&#8243; _builder_version=\u00bb3.25&#8243; custom_padding=\u00bb|||\u00bb custom_padding__hover=\u00bb|||\u00bb][et_pb_text _builder_version=\u00bb3.27.4&#8243; animation_style=\u00bbslide\u00bb animation_direction=\u00bbleft\u00bb animation_intensity_slide=\u00bb10%\u00bb]<\/p>\n<h2 class=\"page-h2 no-top-border\">Equipos de plasma<\/h2>\n<p>Una gama de equipos est\u00e1ndar para cubrir m\u00faltiples aplicaciones<\/p>\n<p>[\/et_pb_text][\/et_pb_column][et_pb_column type=\u00bb1_4&#8243; _builder_version=\u00bb3.25&#8243; custom_padding=\u00bb|||\u00bb custom_padding__hover=\u00bb|||\u00bb][et_pb_image src=\u00bbhttps:\/\/www.acxys.com\/wp-content\/uploads\/2019\/07\/uls-plasma-spot.jpg\u00bb align=\u00bbcenter\u00bb align_tablet=\u00bbcenter\u00bb align_phone=\u00bb\u00bb align_last_edited=\u00bbon|desktop\u00bb _builder_version=\u00bb3.23&#8243; animation_style=\u00bbslide\u00bb animation_direction=\u00bbleft\u00bb animation_intensity_slide=\u00bb10%\u00bb][\/et_pb_image][et_pb_button button_url=\u00bb?p=380&#8243; button_text=\u00bbGama ULS \u00bb button_alignment=\u00bbcenter\u00bb _builder_version=\u00bb4.7.7&#8243; custom_button=\u00bbon\u00bb button_text_color=\u00bb#ffffff\u00bb button_bg_color=\u00bb#2f68a3&#8243; button_border_color=\u00bb#2f68a3&#8243; button_border_radius=\u00bb0&#8243; button_font=\u00bb||||||||\u00bb button_use_icon=\u00bboff\u00bb animation_style=\u00bbslide\u00bb animation_direction=\u00bbleft\u00bb animation_intensity_slide=\u00bb10%\u00bb hover_enabled=\u00bb0&#8243; z_index_tablet=\u00bb500&#8243; sticky_enabled=\u00bb0&#8243;][\/et_pb_button][\/et_pb_column][et_pb_column type=\u00bb1_4&#8243; _builder_version=\u00bb3.25&#8243; custom_padding=\u00bb|||\u00bb custom_padding__hover=\u00bb|||\u00bb][et_pb_image src=\u00bbhttps:\/\/www.acxys.com\/wp-content\/uploads\/2019\/04\/uld-rideau-plasma.jpg\u00bb align=\u00bbcenter\u00bb align_tablet=\u00bbcenter\u00bb align_phone=\u00bb\u00bb align_last_edited=\u00bbon|desktop\u00bb _builder_version=\u00bb3.23&#8243; animation_style=\u00bbslide\u00bb animation_direction=\u00bbright\u00bb animation_intensity_slide=\u00bb10%\u00bb][\/et_pb_image][et_pb_button button_url=\u00bb?p=475&#8243; button_text=\u00bbGama ULD\u00bb button_alignment=\u00bbcenter\u00bb _builder_version=\u00bb4.7.7&#8243; custom_button=\u00bbon\u00bb button_text_color=\u00bb#ffffff\u00bb button_bg_color=\u00bb#2f68a3&#8243; button_border_color=\u00bb#2f68a3&#8243; button_border_radius=\u00bb0&#8243; button_font=\u00bb||||||||\u00bb button_use_icon=\u00bboff\u00bb animation_style=\u00bbslide\u00bb animation_direction=\u00bbright\u00bb animation_intensity_slide=\u00bb10%\u00bb hover_enabled=\u00bb0&#8243; z_index_tablet=\u00bb500&#8243; sticky_enabled=\u00bb0&#8243;][\/et_pb_button][\/et_pb_column][et_pb_column type=\u00bb1_4&#8243; _builder_version=\u00bb3.25&#8243; custom_padding=\u00bb|||\u00bb custom_padding__hover=\u00bb|||\u00bb][et_pb_image src=\u00bbhttps:\/\/www.acxys.com\/wp-content\/uploads\/2019\/04\/uld-depot-cvd-plasma.jpg\u00bb align=\u00bbcenter\u00bb align_tablet=\u00bbcenter\u00bb align_phone=\u00bb\u00bb align_last_edited=\u00bbon|desktop\u00bb _builder_version=\u00bb3.23&#8243; animation_style=\u00bbslide\u00bb animation_direction=\u00bbright\u00bb animation_intensity_slide=\u00bb10%\u00bb][\/et_pb_image][et_pb_button button_url=\u00bb?p=506&#8243; button_text=\u00bbGama Coat\u00bb button_alignment=\u00bbcenter\u00bb _builder_version=\u00bb4.7.7&#8243; custom_button=\u00bbon\u00bb button_text_color=\u00bb#ffffff\u00bb button_bg_color=\u00bb#2f68a3&#8243; button_border_color=\u00bb#2f68a3&#8243; button_border_radius=\u00bb0&#8243; button_font=\u00bb||||||||\u00bb button_use_icon=\u00bboff\u00bb animation_style=\u00bbslide\u00bb animation_direction=\u00bbright\u00bb animation_intensity_slide=\u00bb10%\u00bb hover_enabled=\u00bb0&#8243; z_index_tablet=\u00bb500&#8243; sticky_enabled=\u00bb0&#8243;][\/et_pb_button][\/et_pb_column][\/et_pb_row][et_pb_row _builder_version=\u00bb3.25&#8243;][et_pb_column type=\u00bb4_4&#8243; _builder_version=\u00bb3.25&#8243; custom_padding=\u00bb|||\u00bb custom_padding__hover=\u00bb|||\u00bb][et_pb_divider _builder_version=\u00bb3.21.1&#8243; height=\u00bb5px\u00bb][\/et_pb_divider][\/et_pb_column][\/et_pb_row][et_pb_row column_structure=\u00bb1_3,1_3,1_3&#8243; make_equal=\u00bbon\u00bb module_class=\u00bblddw-btn-and-imgs\u00bb _builder_version=\u00bb3.25&#8243;][et_pb_column type=\u00bb1_3&#8243; _builder_version=\u00bb3.25&#8243; custom_padding=\u00bb|||\u00bb custom_padding__hover=\u00bb|||\u00bb][et_pb_text _builder_version=\u00bb3.27.4&#8243; custom_padding=\u00bb|0px||||\u00bb animation_style=\u00bbslide\u00bb animation_direction=\u00bbleft\u00bb animation_intensity_slide=\u00bb10%\u00bb]<\/p>\n<h2 class=\"page-h2 no-top-border\">Equipo integrado (OEM)<\/h2>\n<p>Soluciones completes listas para el tratamiento de piezas en serie.<\/p>\n<p>[\/et_pb_text][\/et_pb_column][et_pb_column type=\u00bb1_3&#8243; _builder_version=\u00bb3.25&#8243; custom_padding=\u00bb|||\u00bb custom_padding__hover=\u00bb|||\u00bb][et_pb_image src=\u00bbhttps:\/\/www.acxys.com\/wp-content\/uploads\/2019\/05\/equipement-palsma-quickset.jpg\u00bb align=\u00bbcenter\u00bb align_tablet=\u00bbcenter\u00bb align_phone=\u00bb\u00bb align_last_edited=\u00bbon|desktop\u00bb _builder_version=\u00bb3.23&#8243; animation_style=\u00bbslide\u00bb animation_direction=\u00bbleft\u00bb animation_intensity_slide=\u00bb10%\u00bb][\/et_pb_image][et_pb_button button_url=\u00bb?p=540&#8243; button_text=\u00bbQuickSet Motion Solutions\u00bb button_alignment=\u00bbcenter\u00bb _builder_version=\u00bb3.21.1&#8243; custom_button=\u00bbon\u00bb button_text_color=\u00bb#ffffff\u00bb button_bg_color=\u00bb#2f68a3&#8243; button_border_color=\u00bb#2f68a3&#8243; button_border_radius=\u00bb0&#8243; button_font=\u00bb||||||||\u00bb button_use_icon=\u00bboff\u00bb animation_style=\u00bbslide\u00bb animation_direction=\u00bbleft\u00bb animation_intensity_slide=\u00bb10%\u00bb z_index_tablet=\u00bb500&#8243;][\/et_pb_button][\/et_pb_column][et_pb_column type=\u00bb1_3&#8243; _builder_version=\u00bb3.25&#8243; custom_padding=\u00bb|||\u00bb custom_padding__hover=\u00bb|||\u00bb][et_pb_image src=\u00bbhttps:\/\/www.acxys.com\/wp-content\/uploads\/2019\/05\/ul-scan.jpg\u00bb align=\u00bbcenter\u00bb align_tablet=\u00bbcenter\u00bb align_phone=\u00bb\u00bb align_last_edited=\u00bbon|desktop\u00bb _builder_version=\u00bb3.23&#8243; animation_style=\u00bbslide\u00bb animation_direction=\u00bbright\u00bb animation_intensity_slide=\u00bb10%\u00bb][\/et_pb_image][et_pb_button button_url=\u00bb?p=566&#8243; button_text=\u00bbUL Scan\u00bb button_alignment=\u00bbcenter\u00bb _builder_version=\u00bb3.21.1&#8243; custom_button=\u00bbon\u00bb button_text_color=\u00bb#ffffff\u00bb button_bg_color=\u00bb#2f68a3&#8243; button_border_color=\u00bb#2f68a3&#8243; button_border_radius=\u00bb0&#8243; button_font=\u00bb||||||||\u00bb button_use_icon=\u00bboff\u00bb animation_style=\u00bbslide\u00bb animation_direction=\u00bbright\u00bb animation_intensity_slide=\u00bb10%\u00bb z_index_tablet=\u00bb500&#8243;][\/et_pb_button][\/et_pb_column][\/et_pb_row][\/et_pb_section]<\/p>\n","protected":false},"excerpt":{"rendered":"<p>[et_pb_section fb_built=\u00bb1&#8243; module_class=\u00bblddw-entete-responsive\u00bb _builder_version=\u00bb4.7.7&#8243; background_image=\u00bbhttps:\/\/www.acxys.com\/wp-content\/uploads\/2021\/02\/P10208363-scaled.jpg\u00bb custom_padding=\u00bb1%||1%|\u00bb z_index_tablet=\u00bb500&#8243;][\/et_pb_section][et_pb_section fb_built=\u00bb1&#8243; _builder_version=\u00bb3.22&#8243; custom_padding=\u00bb0px||\u00bb][et_pb_row _builder_version=\u00bb3.26.7&#8243; animation_style=\u00bbslide\u00bb][et_pb_column type=\u00bb4_4&#8243; _builder_version=\u00bb3.25&#8243; custom_padding=\u00bb|||\u00bb custom_padding__hover=\u00bb|||\u00bb][et_pb_text module_class=\u00bblddw-landing-conteneur blue\u00bb _builder_version=\u00bb4.7.7&#8243; text_font=\u00bb||||||||\u00bb header_font=\u00bb|600||on|||||\u00bb header_text_color=\u00bb#ffffff\u00bb header_font_size=\u00bb20px\u00bb hover_enabled=\u00bb0&#8243; z_index_tablet=\u00bb500&#8243; sticky_enabled=\u00bb0&#8243;] AcXys Technologies ha desarrollado una gama completa de equipos para abordar sus necesidades de tratamiento de superficies. [\/et_pb_text][\/et_pb_column][\/et_pb_row][et_pb_row column_structure=\u00bb1_4,1_4,1_4,1_4&#8243; make_equal=\u00bbon\u00bb module_class=\u00bblddw-btn-and-imgs\u00bb _builder_version=\u00bb3.25&#8243;][et_pb_column type=\u00bb1_4&#8243; _builder_version=\u00bb3.25&#8243; custom_padding=\u00bb|||\u00bb custom_padding__hover=\u00bb|||\u00bb][et_pb_text _builder_version=\u00bb3.27.4&#8243; animation_style=\u00bbslide\u00bb animation_direction=\u00bbleft\u00bb [&hellip;]<\/p>\n","protected":false},"author":2,"featured_media":0,"parent":0,"menu_order":0,"comment_status":"closed","ping_status":"closed","template":"","meta":{"_et_pb_use_builder":"on","_et_pb_old_content":"<p>[et_pb_section fb_built=\"1\" module_class=\"lddw-entete-responsive\" _builder_version=\"4.7.7\" background_image=\"https:\/\/www.acxys.com\/wp-content\/uploads\/2021\/02\/P10208363-scaled.jpg\" custom_padding=\"1%||1%|\" hover_enabled=\"0\" z_index_tablet=\"500\" alt=\"composants int\u00e9rieur d'un module\" title_text=\"P10208363\" sticky_enabled=\"0\"][\/et_pb_section][et_pb_section fb_built=\"1\" _builder_version=\"3.22\" custom_padding=\"0px||\"][et_pb_row _builder_version=\"3.26.7\" animation_style=\"slide\"][et_pb_column type=\"4_4\" _builder_version=\"3.25\" custom_padding=\"|||\" custom_padding__hover=\"|||\"][et_pb_text module_class=\"lddw-landing-conteneur blue\" _builder_version=\"3.27.4\" text_font=\"||||||||\" header_font=\"|600||on|||||\" header_text_color=\"#ffffff\" header_font_size=\"20px\" z_index_tablet=\"500\"]<\/p><h1>Acxys Technologies propose une gamme compl\u00e8te d\u2019\u00e9quipements pour r\u00e9pondre \u00e0 tous vos besoins de traitement de surface<\/h1><p>[\/et_pb_text][\/et_pb_column][\/et_pb_row][et_pb_row column_structure=\"1_4,1_4,1_4,1_4\" make_equal=\"on\" module_class=\"lddw-btn-and-imgs\" _builder_version=\"3.25\"][et_pb_column type=\"1_4\" _builder_version=\"3.25\" custom_padding=\"|||\" custom_padding__hover=\"|||\"][et_pb_text _builder_version=\"3.27.4\" animation_style=\"slide\" animation_direction=\"left\" animation_intensity_slide=\"10%\"]<\/p><h2 class=\"page-h2 no-top-border\">\u00c9quipements Plasma<\/h2><p>Une gamme d\u2019\u00e9quipements standard pour couvrir de multiples applications<\/p><p>[\/et_pb_text][\/et_pb_column][et_pb_column type=\"1_4\" _builder_version=\"3.25\" custom_padding=\"|||\" custom_padding__hover=\"|||\"][et_pb_image src=\"https:\/\/www.acxys.com\/wp-content\/uploads\/2019\/07\/uls-plasma-spot.jpg\" align=\"center\" align_tablet=\"center\" align_phone=\"\" align_last_edited=\"on|desktop\" _builder_version=\"3.23\" animation_style=\"slide\" animation_direction=\"left\" animation_intensity_slide=\"10%\"][\/et_pb_image][et_pb_button button_url=\"?p=380\" button_text=\"S\u00e9rie ULS\" button_alignment=\"center\" _builder_version=\"3.21.1\" custom_button=\"on\" button_text_color=\"#ffffff\" button_bg_color=\"#2f68a3\" button_border_color=\"#2f68a3\" button_border_radius=\"0\" button_font=\"||||||||\" button_use_icon=\"off\" animation_style=\"slide\" animation_direction=\"left\" animation_intensity_slide=\"10%\" z_index_tablet=\"500\"][\/et_pb_button][\/et_pb_column][et_pb_column type=\"1_4\" _builder_version=\"3.25\" custom_padding=\"|||\" custom_padding__hover=\"|||\"][et_pb_image src=\"https:\/\/www.acxys.com\/wp-content\/uploads\/2019\/04\/uld-rideau-plasma.jpg\" align=\"center\" align_tablet=\"center\" align_phone=\"\" align_last_edited=\"on|desktop\" _builder_version=\"3.23\" animation_style=\"slide\" animation_direction=\"right\" animation_intensity_slide=\"10%\"][\/et_pb_image][et_pb_button button_url=\"?p=475\" button_text=\"S\u00e9rie ULD\" button_alignment=\"center\" _builder_version=\"3.21.1\" custom_button=\"on\" button_text_color=\"#ffffff\" button_bg_color=\"#2f68a3\" button_border_color=\"#2f68a3\" button_border_radius=\"0\" button_font=\"||||||||\" button_use_icon=\"off\" animation_style=\"slide\" animation_direction=\"right\" animation_intensity_slide=\"10%\" z_index_tablet=\"500\"][\/et_pb_button][\/et_pb_column][et_pb_column type=\"1_4\" _builder_version=\"3.25\" custom_padding=\"|||\" custom_padding__hover=\"|||\"][et_pb_image src=\"https:\/\/www.acxys.com\/wp-content\/uploads\/2019\/04\/uld-depot-cvd-plasma.jpg\" align=\"center\" align_tablet=\"center\" align_phone=\"\" align_last_edited=\"on|desktop\" _builder_version=\"3.23\" animation_style=\"slide\" animation_direction=\"right\" animation_intensity_slide=\"10%\"][\/et_pb_image][et_pb_button button_url=\"?p=506\" button_text=\"UL Coat\" button_alignment=\"center\" _builder_version=\"3.21.1\" custom_button=\"on\" button_text_color=\"#ffffff\" button_bg_color=\"#2f68a3\" button_border_color=\"#2f68a3\" button_border_radius=\"0\" button_font=\"||||||||\" button_use_icon=\"off\" animation_style=\"slide\" animation_direction=\"right\" animation_intensity_slide=\"10%\" z_index_tablet=\"500\"][\/et_pb_button][\/et_pb_column][\/et_pb_row][et_pb_row _builder_version=\"3.25\"][et_pb_column type=\"4_4\" _builder_version=\"3.25\" custom_padding=\"|||\" custom_padding__hover=\"|||\"][et_pb_divider _builder_version=\"3.21.1\" height=\"5px\"][\/et_pb_divider][\/et_pb_column][\/et_pb_row][et_pb_row column_structure=\"1_3,1_3,1_3\" make_equal=\"on\" module_class=\"lddw-btn-and-imgs\" _builder_version=\"3.25\"][et_pb_column type=\"1_3\" _builder_version=\"3.25\" custom_padding=\"|||\" custom_padding__hover=\"|||\"][et_pb_text _builder_version=\"3.27.4\" custom_padding=\"|0px||||\" animation_style=\"slide\" animation_direction=\"left\" animation_intensity_slide=\"10%\"]<\/p><h2 class=\"page-h2 no-top-border\">\u00c9quipements int\u00e9gr\u00e9s<\/h2><p>Des \u00e9quipements plasma cl\u00e9s en main pour traiter des s\u00e9ries de pi\u00e8ces.<\/p><p>[\/et_pb_text][\/et_pb_column][et_pb_column type=\"1_3\" _builder_version=\"3.25\" custom_padding=\"|||\" custom_padding__hover=\"|||\"][et_pb_image src=\"https:\/\/www.acxys.com\/wp-content\/uploads\/2019\/05\/equipement-palsma-quickset.jpg\" align=\"center\" align_tablet=\"center\" align_phone=\"\" align_last_edited=\"on|desktop\" _builder_version=\"3.23\" animation_style=\"slide\" animation_direction=\"left\" animation_intensity_slide=\"10%\"][\/et_pb_image][et_pb_button button_url=\"?p=540\" button_text=\"QuickSet Motion Solutions\" button_alignment=\"center\" _builder_version=\"3.21.1\" custom_button=\"on\" button_text_color=\"#ffffff\" button_bg_color=\"#2f68a3\" button_border_color=\"#2f68a3\" button_border_radius=\"0\" button_font=\"||||||||\" button_use_icon=\"off\" animation_style=\"slide\" animation_direction=\"left\" animation_intensity_slide=\"10%\" z_index_tablet=\"500\"][\/et_pb_button][\/et_pb_column][et_pb_column type=\"1_3\" _builder_version=\"3.25\" custom_padding=\"|||\" custom_padding__hover=\"|||\"][et_pb_image src=\"https:\/\/www.acxys.com\/wp-content\/uploads\/2019\/05\/ul-scan.jpg\" align=\"center\" align_tablet=\"center\" align_phone=\"\" align_last_edited=\"on|desktop\" _builder_version=\"3.23\" animation_style=\"slide\" animation_direction=\"right\" animation_intensity_slide=\"10%\"][\/et_pb_image][et_pb_button button_url=\"?p=566\" button_text=\"UL Scan\" button_alignment=\"center\" _builder_version=\"3.21.1\" custom_button=\"on\" button_text_color=\"#ffffff\" button_bg_color=\"#2f68a3\" button_border_color=\"#2f68a3\" button_border_radius=\"0\" button_font=\"||||||||\" button_use_icon=\"off\" animation_style=\"slide\" animation_direction=\"right\" animation_intensity_slide=\"10%\" z_index_tablet=\"500\"][\/et_pb_button][\/et_pb_column][\/et_pb_row][\/et_pb_section]<\/p>","_et_gb_content_width":"","footnotes":""},"class_list":["post-2894","page","type-page","status-publish","hentry"],"_links":{"self":[{"href":"https:\/\/www.acxys.com\/es\/wp-json\/wp\/v2\/pages\/2894","targetHints":{"allow":["GET"]}}],"collection":[{"href":"https:\/\/www.acxys.com\/es\/wp-json\/wp\/v2\/pages"}],"about":[{"href":"https:\/\/www.acxys.com\/es\/wp-json\/wp\/v2\/types\/page"}],"author":[{"embeddable":true,"href":"https:\/\/www.acxys.com\/es\/wp-json\/wp\/v2\/users\/2"}],"replies":[{"embeddable":true,"href":"https:\/\/www.acxys.com\/es\/wp-json\/wp\/v2\/comments?post=2894"}],"version-history":[{"count":7,"href":"https:\/\/www.acxys.com\/es\/wp-json\/wp\/v2\/pages\/2894\/revisions"}],"predecessor-version":[{"id":3046,"href":"https:\/\/www.acxys.com\/es\/wp-json\/wp\/v2\/pages\/2894\/revisions\/3046"}],"wp:attachment":[{"href":"https:\/\/www.acxys.com\/es\/wp-json\/wp\/v2\/media?parent=2894"}],"curies":[{"name":"wp","href":"https:\/\/api.w.org\/{rel}","templated":true}]}}