{"id":2901,"date":"2021-03-09T16:03:00","date_gmt":"2021-03-09T15:03:00","guid":{"rendered":"https:\/\/www.acxys.com\/?page_id=2901"},"modified":"2021-03-15T11:22:04","modified_gmt":"2021-03-15T10:22:04","slug":"quick-set-sistema-robotizado","status":"publish","type":"page","link":"https:\/\/www.acxys.com\/es\/equipos-de-plasma\/quick-set-sistema-robotizado\/","title":{"rendered":"Quick Set Sistema robotizado"},"content":{"rendered":"<p>[et_pb_section fb_built=\u00bb1&#8243; module_class=\u00bblddw-entete-responsive\u00bb _builder_version=\u00bb3.22&#8243; background_image=\u00bbhttps:\/\/www.acxys.com\/wp-content\/uploads\/2019\/07\/bg-entete-technologie.jpg\u00bb background_position=\u00bbbottom_center\u00bb custom_padding=\u00bb1%||1%|\u00bb z_index_tablet=\u00bb500&#8243;][\/et_pb_section][et_pb_section fb_built=\u00bb1&#8243; _builder_version=\u00bb3.22&#8243; custom_padding=\u00bb0px||\u00bb][et_pb_row _builder_version=\u00bb3.25&#8243; animation_style=\u00bbslide\u00bb animation_direction=\u00bbleft\u00bb animation_intensity_slide=\u00bb10%\u00bb][et_pb_column type=\u00bb4_4&#8243; _builder_version=\u00bb3.25&#8243; custom_padding=\u00bb|||\u00bb custom_padding__hover=\u00bb|||\u00bb][et_pb_text module_class=\u00bblddw-landing-conteneur blue\u00bb _builder_version=\u00bb3.27.4&#8243; text_font=\u00bb||||||||\u00bb header_font=\u00bb|600||on|||||\u00bb header_text_color=\u00bb#ffffff\u00bb header_font_size=\u00bb20px\u00bb z_index_tablet=\u00bb500&#8243;]<\/p>\n<h1>QuickSet: la soluci\u00f3n operativa inmediata para controlar sus tratamientos superficiales con un robot<\/h1>\n<p>[\/et_pb_text][et_pb_text _builder_version=\u00bb3.27.4&#8243;]<\/p>\n<h2 class=\"page-h2\">Quickset Sistema robotizado<\/h2>\n<p>Para ofrecer a sus clientes soluciones simples y r\u00e1pidas, AcXys Technologies ha desarrollado equipos rob\u00f3ticos est\u00e1ndar adoptados para sus m\u00f3dulos de plasma ULS y ULCoat. <br \/>A pedido, AcXys Technologies tambi\u00e9n puede ampliar las posibilidades del robot cartesiano QuickSet para satisfacer necesidades espec\u00edficas de instalaci\u00f3n en la l\u00ednea de producci\u00f3n.<\/p>\n<p>[\/et_pb_text][et_pb_image src=\u00bbhttps:\/\/www.acxys.com\/wp-content\/uploads\/2019\/07\/quicket-set-motion-solutions-3d.jpg\u00bb align=\u00bbcenter\u00bb align_tablet=\u00bbcenter\u00bb align_phone=\u00bb\u00bb align_last_edited=\u00bbon|desktop\u00bb _builder_version=\u00bb3.23&#8243;][\/et_pb_image][\/et_pb_column][\/et_pb_row][et_pb_row _builder_version=\u00bb3.25&#8243; animation_style=\u00bbslide\u00bb animation_direction=\u00bbtop\u00bb animation_intensity_slide=\u00bb10%\u00bb][et_pb_column type=\u00bb4_4&#8243; _builder_version=\u00bb3.25&#8243; custom_padding=\u00bb|||\u00bb custom_padding__hover=\u00bb|||\u00bb][et_pb_text _builder_version=\u00bb3.27.4&#8243;]<\/p>\n<h2 class=\"page-h2 hz\">Descripci\u00f3n del equipo QuickSet<\/h2>\n<ul class=\"unstyled flex-parent flex-columns-2 flex-wrap-wrap\">\n<li>&#8211; Robot cartesiano de 3 ejes capaz de interpolar trayectorias lineales<\/li>\n<li>&#8211; \u00e1rea de escaneo de 250 mm x 330 mm x 100 mm<\/li>\n<li>&#8211; Velocidad de hasta 300 mm \/ s<\/li>\n<li>&#8211; Recinto cerrado para tratamiento con plasma<\/li>\n<li>&#8211; Componentes el\u00e9ctricos y electr\u00f3nicos alojados en un espacio aislado<\/li>\n<li>&#8211; Control por pantalla remota<\/li>\n<\/ul>\n<p>[\/et_pb_text][\/et_pb_column][\/et_pb_row][et_pb_row column_structure=\u00bb1_2,1_2&#8243; _builder_version=\u00bb3.25&#8243; animation_style=\u00bbslide\u00bb animation_direction=\u00bbtop\u00bb animation_intensity_slide=\u00bb10%\u00bb][et_pb_column type=\u00bb1_2&#8243; _builder_version=\u00bb3.25&#8243; custom_padding=\u00bb|||\u00bb custom_padding__hover=\u00bb|||\u00bb][et_pb_image src=\u00bbhttps:\/\/www.acxys.com\/wp-content\/uploads\/2019\/07\/quicket-set-interface-tactile.jpg\u00bb align=\u00bbcenter\u00bb align_tablet=\u00bbcenter\u00bb align_phone=\u00bb\u00bb align_last_edited=\u00bbon|desktop\u00bb _builder_version=\u00bb3.23&#8243; max_width=\u00bb80%\u00bb animation_style=\u00bbslide\u00bb animation_direction=\u00bbtop\u00bb animation_intensity_slide=\u00bb10%\u00bb][\/et_pb_image][et_pb_text _builder_version=\u00bb4.7.7&#8243; hover_enabled=\u00bb0&#8243; sticky_enabled=\u00bb0&#8243;]<\/p>\n<p style=\"text-align: center;\"><em>Interfaz de control de ejes<\/em><\/p>\n<p>[\/et_pb_text][\/et_pb_column][et_pb_column type=\u00bb1_2&#8243; _builder_version=\u00bb3.25&#8243; custom_padding=\u00bb|||\u00bb custom_padding__hover=\u00bb|||\u00bb][et_pb_text _builder_version=\u00bb3.27.4&#8243; text_font=\u00bb||||||||\u00bb]<\/p>\n<h2 class=\"page-h2 hz\">Interfaz t\u00e1ctil ergon\u00f3mica<\/h2>\n<ul class=\"unstyled\">\n<li>&#8211; interfaz hombre-m\u00e1quina \u00fanica<\/li>\n<li>&#8211; varias entradas \/ salidas programables<\/li>\n<li>&#8211; puerto USB para memoria adicional<\/li>\n<li>&#8211; pantalla t\u00e1ctil remota de 7 \u00bb<\/li>\n<li>&#8211; programaci\u00f3n de trayectorias por aprendizaje manual o por coordenadas<\/li>\n<li>&#8211; interpolaci\u00f3n linear<\/li>\n<\/ul>\n<p>[\/et_pb_text][\/et_pb_column][\/et_pb_row][et_pb_row column_structure=\u00bb1_2,1_2&#8243; _builder_version=\u00bb3.25&#8243; animation_style=\u00bbslide\u00bb animation_direction=\u00bbtop\u00bb animation_intensity_slide=\u00bb10%\u00bb][et_pb_column type=\u00bb1_2&#8243; _builder_version=\u00bb3.25&#8243; custom_padding=\u00bb|||\u00bb custom_padding__hover=\u00bb|||\u00bb][et_pb_text _builder_version=\u00bb3.27.4&#8243; text_font=\u00bb||||||||\u00bb]<\/p>\n<ul class=\"unstyled\">\n<li>&#8211; programaci\u00f3n de trayectorias mediante la funci\u00f3n EasySquare para el c\u00e1lculo autom\u00e1tico de los movimientos de los ejes de barrido de superficies<\/li>\n<\/ul>\n<p class=\"lddw\">Par\u00e1metros:<\/p>\n<ol>\n<li class=\"lddw\">Coordenadas de inicio y fin<\/li>\n<li>Velocidad y tono<\/li>\n<\/ol>\n<p>[\/et_pb_text][\/et_pb_column][et_pb_column type=\u00bb1_2&#8243; _builder_version=\u00bb3.25&#8243; custom_padding=\u00bb|||\u00bb custom_padding__hover=\u00bb|||\u00bb][et_pb_image src=\u00bbhttps:\/\/www.acxys.com\/wp-content\/uploads\/2019\/05\/quicket-set-easy-square.jpg\u00bb align=\u00bbcenter\u00bb align_tablet=\u00bbcenter\u00bb align_phone=\u00bb\u00bb align_last_edited=\u00bbon|desktop\u00bb _builder_version=\u00bb3.23&#8243; max_width=\u00bb65%\u00bb animation_style=\u00bbslide\u00bb animation_direction=\u00bbtop\u00bb animation_intensity_slide=\u00bb10%\u00bb][\/et_pb_image][et_pb_text _builder_version=\u00bb4.7.7&#8243; hover_enabled=\u00bb0&#8243; sticky_enabled=\u00bb0&#8243;]<\/p>\n<p style=\"text-align: center;\"><em>Funci\u00f3n Easy Square<\/em><\/p>\n<p>[\/et_pb_text][\/et_pb_column][\/et_pb_row][\/et_pb_section]<\/p>\n","protected":false},"excerpt":{"rendered":"<p>[et_pb_section fb_built=\u00bb1&#8243; module_class=\u00bblddw-entete-responsive\u00bb _builder_version=\u00bb3.22&#8243; background_image=\u00bbhttps:\/\/www.acxys.com\/wp-content\/uploads\/2019\/07\/bg-entete-technologie.jpg\u00bb background_position=\u00bbbottom_center\u00bb custom_padding=\u00bb1%||1%|\u00bb z_index_tablet=\u00bb500&#8243;][\/et_pb_section][et_pb_section fb_built=\u00bb1&#8243; _builder_version=\u00bb3.22&#8243; custom_padding=\u00bb0px||\u00bb][et_pb_row _builder_version=\u00bb3.25&#8243; animation_style=\u00bbslide\u00bb animation_direction=\u00bbleft\u00bb animation_intensity_slide=\u00bb10%\u00bb][et_pb_column type=\u00bb4_4&#8243; _builder_version=\u00bb3.25&#8243; custom_padding=\u00bb|||\u00bb custom_padding__hover=\u00bb|||\u00bb][et_pb_text module_class=\u00bblddw-landing-conteneur blue\u00bb _builder_version=\u00bb3.27.4&#8243; text_font=\u00bb||||||||\u00bb header_font=\u00bb|600||on|||||\u00bb header_text_color=\u00bb#ffffff\u00bb header_font_size=\u00bb20px\u00bb z_index_tablet=\u00bb500&#8243;] QuickSet: la soluci\u00f3n operativa inmediata para controlar sus tratamientos superficiales con un robot [\/et_pb_text][et_pb_text _builder_version=\u00bb3.27.4&#8243;] Quickset Sistema robotizado Para ofrecer a sus clientes soluciones simples y r\u00e1pidas, AcXys [&hellip;]<\/p>\n","protected":false},"author":2,"featured_media":0,"parent":2894,"menu_order":0,"comment_status":"closed","ping_status":"closed","template":"","meta":{"_et_pb_use_builder":"on","_et_pb_old_content":"<p>[et_pb_section fb_built=\"1\" module_class=\"lddw-entete-responsive\" _builder_version=\"3.21.1\" background_image=\"https:\/\/www.acxys.com\/wp-content\/uploads\/2019\/07\/bg-entete-technologie.jpg\" background_position=\"bottom_center\" custom_padding=\"1%||1%|\" z_index_tablet=\"500\"][\/et_pb_section][et_pb_section fb_built=\"1\" _builder_version=\"3.21.1\" custom_padding=\"0px||\"][et_pb_row _builder_version=\"3.21.1\" animation_style=\"slide\" animation_direction=\"left\" animation_intensity_slide=\"10%\"][et_pb_column type=\"4_4\" _builder_version=\"3.21.1\"][et_pb_text module_class=\"lddw-landing-conteneur blue\" _builder_version=\"3.21.1\" text_font=\"||||||||\" header_font=\"|600||on|||||\" header_text_color=\"#ffffff\" header_font_size=\"20px\" z_index_tablet=\"500\"]<\/p><h1>quickset : la solution imm\u00e9diatement op\u00e9rationnelle pour piloter vos traitements de surfaces avec un robot<\/h1><p>[\/et_pb_text][et_pb_text _builder_version=\"3.21.1\"]<\/p><h2 class=\"page-h2\">Quickset Motion Solutions<\/h2><p class=\"lddw\">Pour offrir \u00e0 ses clients des solutions simples et rapides, AcXys Technologies a mis au point un \u00e9quipement robotis\u00e9 standard adopt\u00e9 \u00e0 ses modules plasma ULS et ULCoat.<br \/>Sur demande, AcXys Technologies peut \u00e9galement \u00e9largir les possibilit\u00e9s du robot cart\u00e9sien QuickSet pour r\u00e9pondre \u00e0 des besoins sp\u00e9cifiques d\u2019installation sur cha\u00eene de production.<\/p><p>[\/et_pb_text][et_pb_image src=\"https:\/\/www.acxys.com\/wp-content\/uploads\/2019\/07\/quicket-set-motion-solutions-3d.jpg\" align=\"center\" _builder_version=\"3.21.1\"][\/et_pb_image][\/et_pb_column][\/et_pb_row][et_pb_row _builder_version=\"3.21.1\" animation_style=\"slide\" animation_direction=\"top\" animation_intensity_slide=\"10%\"][et_pb_column type=\"4_4\" _builder_version=\"3.21.1\"][et_pb_text _builder_version=\"3.21.1\"]<\/p><h2 class=\"page-h2 hz\">Description de l\u2019\u00e9quipement QuickSet<\/h2><ul class=\"unstyled flex-parent flex-columns-2 flex-wrap-wrap\"><li>- Robot cart\u00e9sien 3 axes capable de trajectoires lin\u00e9aires interpol\u00e9es<\/li><li>- Enveloppe de balayage de 250mm x 330 mm x 100 mm<\/li><li>- Vitesse jusqu'\u00e0 300mm\/s<\/li><li>- Enceinte ferm\u00e9e pour le traitement plasma<\/li><li>- Composants \u00e9lectriques et \u00e9lectroniques log\u00e9s dans un espace isol\u00e9<\/li><li>- Pilotage par \u00e9cran d\u00e9port\u00e9<\/li><\/ul><p>[\/et_pb_text][\/et_pb_column][\/et_pb_row][et_pb_row _builder_version=\"3.21.1\" animation_style=\"slide\" animation_direction=\"top\" animation_intensity_slide=\"10%\"][et_pb_column type=\"1_2\" _builder_version=\"3.21.1\"][et_pb_image src=\"https:\/\/www.acxys.com\/wp-content\/uploads\/2019\/07\/quicket-set-interface-tactile.jpg\" align=\"center\" _builder_version=\"3.21.1\" max_width=\"80%\" animation_style=\"slide\" animation_direction=\"top\" animation_intensity_slide=\"10%\"][\/et_pb_image][et_pb_text _builder_version=\"3.21.1\"]<\/p><p style=\"text-align: center;\"><em>Interface de pilotage des axes<\/em><\/p><p>[\/et_pb_text][\/et_pb_column][et_pb_column type=\"1_2\" _builder_version=\"3.21.1\"][et_pb_text _builder_version=\"3.21.1\" text_font=\"||||||||\"]<\/p><h2 class=\"page-h2 hz\">Interface tactile ergonomique<\/h2><ul class=\"unstyled\"><li>- interface homme machine unique<\/li><li>- plusieurs entr\u00e9es\/sorties programmables<\/li><li>- port USB pour m\u00e9moire suppl\u00e9mentaire<\/li><li>- \u00e9cran tactile 7\u2019\u2019 d\u00e9port\u00e9<\/li><li>- programmation de trajectoire par apprentissage manuel ou par coordonn\u00e9es<\/li><li>- Interpolation lin\u00e9aire<\/li><\/ul><p>[\/et_pb_text][\/et_pb_column][\/et_pb_row][et_pb_row _builder_version=\"3.21.1\" animation_style=\"slide\" animation_direction=\"top\" animation_intensity_slide=\"10%\"][et_pb_column type=\"1_2\" _builder_version=\"3.21.1\"][et_pb_text _builder_version=\"3.21.1\" text_font=\"||||||||\"]<\/p><ul class=\"unstyled\"><li>- programmation de trajectoire par la fonction EasySquare pour le calcul automatique des mouvements d\u2019axes balayant des surfaces<\/li><\/ul><p class=\"lddw\">Param\u00e8tres:<\/p><ol><li class=\"lddw\">Coordonn\u00e9es de d\u00e9but et de fin<\/li><li>Vitesse et pas<\/li><\/ol><p>[\/et_pb_text][\/et_pb_column][et_pb_column type=\"1_2\" _builder_version=\"3.21.1\"][et_pb_image src=\"https:\/\/www.acxys.com\/wp-content\/uploads\/2019\/05\/quicket-set-easy-square.jpg\" align=\"center\" _builder_version=\"3.21.1\" max_width=\"65%\" animation_style=\"slide\" animation_direction=\"top\" animation_intensity_slide=\"10%\"][\/et_pb_image][et_pb_text _builder_version=\"3.21.1\"]<\/p><p style=\"text-align: center;\"><em>Fonction Easy Square<\/em><\/p><p>[\/et_pb_text][\/et_pb_column][\/et_pb_row][\/et_pb_section]<\/p>","_et_gb_content_width":"","footnotes":""},"class_list":["post-2901","page","type-page","status-publish","hentry"],"_links":{"self":[{"href":"https:\/\/www.acxys.com\/es\/wp-json\/wp\/v2\/pages\/2901","targetHints":{"allow":["GET"]}}],"collection":[{"href":"https:\/\/www.acxys.com\/es\/wp-json\/wp\/v2\/pages"}],"about":[{"href":"https:\/\/www.acxys.com\/es\/wp-json\/wp\/v2\/types\/page"}],"author":[{"embeddable":true,"href":"https:\/\/www.acxys.com\/es\/wp-json\/wp\/v2\/users\/2"}],"replies":[{"embeddable":true,"href":"https:\/\/www.acxys.com\/es\/wp-json\/wp\/v2\/comments?post=2901"}],"version-history":[{"count":9,"href":"https:\/\/www.acxys.com\/es\/wp-json\/wp\/v2\/pages\/2901\/revisions"}],"predecessor-version":[{"id":3103,"href":"https:\/\/www.acxys.com\/es\/wp-json\/wp\/v2\/pages\/2901\/revisions\/3103"}],"up":[{"embeddable":true,"href":"https:\/\/www.acxys.com\/es\/wp-json\/wp\/v2\/pages\/2894"}],"wp:attachment":[{"href":"https:\/\/www.acxys.com\/es\/wp-json\/wp\/v2\/media?parent=2901"}],"curies":[{"name":"wp","href":"https:\/\/api.w.org\/{rel}","templated":true}]}}