{"id":2904,"date":"2021-03-09T12:53:00","date_gmt":"2021-03-09T11:53:00","guid":{"rendered":"https:\/\/www.acxys.com\/?page_id=2904"},"modified":"2022-04-22T10:22:27","modified_gmt":"2022-04-22T08:22:27","slug":"gama-uld","status":"publish","type":"page","link":"https:\/\/www.acxys.com\/es\/equipos-de-plasma\/gama-uld\/","title":{"rendered":"Gama ULD"},"content":{"rendered":"<p>[et_pb_section fb_built=\u00bb1&#8243; module_class=\u00bblddw-entete-responsive\u00bb _builder_version=\u00bb4.7.7&#8243; background_image=\u00bbhttps:\/\/www.acxys.com\/wp-content\/uploads\/2021\/02\/gros-plan-ULCoat.jpg\u00bb custom_padding=\u00bb1%||1%|\u00bb z_index_tablet=\u00bb500&#8243;][\/et_pb_section][et_pb_section fb_built=\u00bb1&#8243; _builder_version=\u00bb3.22&#8243; custom_padding=\u00bb0px||\u00bb][et_pb_row _builder_version=\u00bb3.25&#8243; animation_style=\u00bbslide\u00bb animation_direction=\u00bbleft\u00bb animation_intensity_slide=\u00bb10%\u00bb][et_pb_column type=\u00bb4_4&#8243; _builder_version=\u00bb3.25&#8243; custom_padding=\u00bb|||\u00bb custom_padding__hover=\u00bb|||\u00bb][et_pb_text module_class=\u00bblddw-landing-conteneur blue\u00bb _builder_version=\u00bb4.7.7&#8243; text_font=\u00bb||||||||\u00bb header_font=\u00bb|600||on|||||\u00bb header_text_color=\u00bb#ffffff\u00bb header_font_size=\u00bb20px\u00bb hover_enabled=\u00bb0&#8243; z_index_tablet=\u00bb500&#8243; sticky_enabled=\u00bb0&#8243;]<\/p>\n<h1>\nConozca la gama ULD de AcXys Technologies: plasma aplicado a geometr\u00edas complejas y m\u00e1s.<\/p>\n<\/h1>\n<p>[\/et_pb_text][et_pb_text _builder_version=\u00bb3.27.4&#8243;]<\/p>\n<h2 class=\"page-h2\">Gama ULD<\/h2>\n<p class=\"lddw\">El equipo ULD est\u00e1 disponible en 7 versiones, para una cortina de plasma de 6 cm hasta 50 cm de ancho.<\/p>\n<p>[\/et_pb_text][\/et_pb_column][\/et_pb_row][et_pb_row _builder_version=\u00bb3.25&#8243;][et_pb_column type=\u00bb4_4&#8243; _builder_version=\u00bb3.25&#8243; custom_padding=\u00bb|||\u00bb custom_padding__hover=\u00bb|||\u00bb][et_pb_text _builder_version=\u00bb3.27.4&#8243; animation_style=\u00bbslide\u00bb animation_direction=\u00bbright\u00bb animation_intensity_slide=\u00bb10%\u00bb]<\/p>\n<h3 class=\"page-h3\">ULD 60 &#8211; ULD 120 &#8211; ULD 200 &#8211; ULD 250 &#8211; ULD 300 &#8211; ULD 380 &#8211; ULD 500<\/h3>\n<p>[\/et_pb_text][\/et_pb_column][\/et_pb_row][et_pb_row column_structure=\u00bb1_3,1_3,1_3&#8243; make_equal=\u00bbon\u00bb module_class=\u00bblddw-btn-and-imgs\u00bb _builder_version=\u00bb3.25&#8243;][et_pb_column type=\u00bb1_3&#8243; _builder_version=\u00bb3.25&#8243; custom_padding=\u00bb|||\u00bb custom_padding__hover=\u00bb|||\u00bb][et_pb_image src=\u00bbhttps:\/\/www.acxys.com\/wp-content\/uploads\/2019\/05\/uld-ecran.jpg\u00bb align_tablet=\u00bbcenter\u00bb align_phone=\u00bb\u00bb align_last_edited=\u00bbon|desktop\u00bb _builder_version=\u00bb3.23&#8243; max_width=\u00bb70%\u00bb module_alignment=\u00bbcenter\u00bb animation_style=\u00bbslide\u00bb animation_direction=\u00bbleft\u00bb animation_intensity_slide=\u00bb10%\u00bb][\/et_pb_image][\/et_pb_column][et_pb_column type=\u00bb1_3&#8243; _builder_version=\u00bb3.25&#8243; custom_padding=\u00bb|||\u00bb custom_padding__hover=\u00bb|||\u00bb][et_pb_image src=\u00bbhttps:\/\/www.acxys.com\/wp-content\/uploads\/2019\/05\/uld-ecran-1.jpg\u00bb align_tablet=\u00bbcenter\u00bb align_phone=\u00bb\u00bb align_last_edited=\u00bbon|desktop\u00bb _builder_version=\u00bb3.23&#8243; max_width=\u00bb70%\u00bb module_alignment=\u00bbcenter\u00bb animation_style=\u00bbslide\u00bb animation_direction=\u00bbright\u00bb animation_intensity_slide=\u00bb10%\u00bb][\/et_pb_image][\/et_pb_column][et_pb_column type=\u00bb1_3&#8243; _builder_version=\u00bb3.25&#8243; custom_padding=\u00bb|||\u00bb custom_padding__hover=\u00bb|||\u00bb][et_pb_image src=\u00bbhttps:\/\/www.acxys.com\/wp-content\/uploads\/2019\/05\/uld-buse.jpg\u00bb align_tablet=\u00bbcenter\u00bb align_phone=\u00bb\u00bb align_last_edited=\u00bbon|desktop\u00bb _builder_version=\u00bb3.23&#8243; max_width=\u00bb70%\u00bb module_alignment=\u00bbcenter\u00bb animation_style=\u00bbslide\u00bb animation_direction=\u00bbright\u00bb animation_intensity_slide=\u00bb10%\u00bb][\/et_pb_image][\/et_pb_column][\/et_pb_row][et_pb_row _builder_version=\u00bb3.25&#8243; animation_style=\u00bbslide\u00bb animation_direction=\u00bbtop\u00bb animation_intensity_slide=\u00bb10%\u00bb][et_pb_column type=\u00bb4_4&#8243; _builder_version=\u00bb3.25&#8243; custom_padding=\u00bb|||\u00bb custom_padding__hover=\u00bb|||\u00bb][et_pb_text _builder_version=\u00bb3.27.4&#8243;]<\/p>\n<h2 class=\"page-h2 hz\">Tecnolog\u00eda ULD<\/h2>\n<ul class=\"unstyled flex-parent flex-columns-2 flex-wrap-wrap\">\n<li>&#8211; Cortina de plasma homog\u00e9nea de 60 a 500 mm<\/li>\n<li>&#8211; Para piezas planas, semiplanas o complejas<\/li>\n<li>&#8211; Tratamiento a muy baja temperatura<\/li>\n<li>&#8211; Alimentado con nitr\u00f3geno o con nitr\u00f3geno dopado<\/li>\n<li>&#8211; Modelos aut\u00f3nomos u OEM<\/li>\n<\/ul>\n<p>[\/et_pb_text][\/et_pb_column][\/et_pb_row][et_pb_row column_structure=\u00bb1_2,1_2&#8243; _builder_version=\u00bb4.7.7&#8243; animation_style=\u00bbslide\u00bb animation_direction=\u00bbtop\u00bb animation_intensity_slide=\u00bb10%\u00bb hover_enabled=\u00bb0&#8243; sticky_enabled=\u00bb0&#8243;][et_pb_column type=\u00bb1_2&#8243; _builder_version=\u00bb3.25&#8243; custom_padding=\u00bb|||\u00bb custom_padding__hover=\u00bb|||\u00bb][et_pb_image src=\u00bbhttps:\/\/www.acxys.com\/wp-content\/uploads\/2019\/07\/uld-ecran-2.jpg\u00bb align_tablet=\u00bbcenter\u00bb align_phone=\u00bb\u00bb align_last_edited=\u00bbon|desktop\u00bb _builder_version=\u00bb3.23&#8243; max_width=\u00bb80%\u00bb animation_style=\u00bbslide\u00bb animation_direction=\u00bbtop\u00bb animation_intensity_slide=\u00bb10%\u00bb][\/et_pb_image][\/et_pb_column][et_pb_column type=\u00bb1_2&#8243; _builder_version=\u00bb3.25&#8243; custom_padding=\u00bb|||\u00bb custom_padding__hover=\u00bb|||\u00bb][et_pb_text _builder_version=\u00bb3.27.4&#8243; text_font=\u00bb||||||||\u00bb]<\/p>\n<h2 class=\"page-h2 hz\">Interfaz t\u00e1ctil ergon\u00f3mica<\/h2>\n<ul class=\"unstyled\">\n<li>&#8211; Manejo intuitivo<\/li>\n<li>&#8211; IInterfaz multiling\u00fce<\/li>\n<li>&#8211; Detecci\u00f3n y diagn\u00f3stico de errores<\/li>\n<li>&#8211; Lectura y visualizaci\u00f3n de instrucciones en tiempo real<\/li>\n<\/ul>\n<p>[\/et_pb_text][\/et_pb_column][\/et_pb_row][et_pb_row column_structure=\u00bb1_2,1_2&#8243; _builder_version=\u00bb3.25&#8243; width=\u00bb86%\u00bb min_height=\u00bb423px\u00bb custom_padding=\u00bb32px|||||\u00bb][et_pb_column type=\u00bb1_2&#8243; _builder_version=\u00bb3.25&#8243; custom_padding=\u00bb|||\u00bb custom_padding__hover=\u00bb|||\u00bb][et_pb_text _builder_version=\u00bb3.27.4&#8243; custom_margin=\u00bb|85px||||\u00bb custom_padding=\u00bb|0px||||\u00bb animation_style=\u00bbslide\u00bb animation_direction=\u00bbleft\u00bb animation_intensity_slide=\u00bb10%\u00bb]<\/p>\n<h2 class=\"page-h2 hz\">Gas compatible<\/h2>\n<ul class=\"unstyled flex-parent flex-columns-2 flex-wrap-wrap\">\n<li>&#8211; Nitrogeno<\/li>\n<li>&#8211; Gas de dopaje<\/li>\n<\/ul>\n<p>[\/et_pb_text][\/et_pb_column][et_pb_column type=\u00bb1_2&#8243; _builder_version=\u00bb3.25&#8243; custom_padding=\u00bb|||\u00bb custom_padding__hover=\u00bb|||\u00bb][et_pb_text _builder_version=\u00bb3.27.4&#8243; text_font=\u00bb||||||||\u00bb width=\u00bb97.4%\u00bb custom_margin=\u00bb|517px||||\u00bb animation_style=\u00bbslide\u00bb animation_direction=\u00bbright\u00bb animation_intensity_slide=\u00bb10%\u00bb]<\/p>\n<h2 class=\"page-h2 hz\">Beneficios de la tecnolog\u00eda ULD<\/h2>\n<ul class=\"unstyled flex-parent flex-columns-2 flex-wrap-wrap\">\n<li>&#8211; Clara separaci\u00f3n entre el tratamiento del material y la descarga el\u00e9ctrica.<\/li>\n<li>&#8211; A salvo de peligros el\u00e9ctricos<\/li>\n<li>&#8211; Amplia gama de aplicaciones para cualquier tipo de material.<\/li>\n<li>&#8211; F\u00e1cil de instalar<\/li>\n<li>&#8211; Control de par\u00e1metros y ajustes del proceso<\/li>\n<li>&#8211; Econ\u00f3mico<\/li>\n<\/ul>\n<p>[\/et_pb_text][\/et_pb_column][\/et_pb_row][\/et_pb_section]<\/p>\n","protected":false},"excerpt":{"rendered":"<p>[et_pb_section fb_built=\u00bb1&#8243; module_class=\u00bblddw-entete-responsive\u00bb _builder_version=\u00bb4.7.7&#8243; background_image=\u00bbhttps:\/\/www.acxys.com\/wp-content\/uploads\/2021\/02\/gros-plan-ULCoat.jpg\u00bb custom_padding=\u00bb1%||1%|\u00bb z_index_tablet=\u00bb500&#8243;][\/et_pb_section][et_pb_section fb_built=\u00bb1&#8243; _builder_version=\u00bb3.22&#8243; custom_padding=\u00bb0px||\u00bb][et_pb_row _builder_version=\u00bb3.25&#8243; animation_style=\u00bbslide\u00bb animation_direction=\u00bbleft\u00bb animation_intensity_slide=\u00bb10%\u00bb][et_pb_column type=\u00bb4_4&#8243; _builder_version=\u00bb3.25&#8243; custom_padding=\u00bb|||\u00bb custom_padding__hover=\u00bb|||\u00bb][et_pb_text module_class=\u00bblddw-landing-conteneur blue\u00bb _builder_version=\u00bb4.7.7&#8243; text_font=\u00bb||||||||\u00bb header_font=\u00bb|600||on|||||\u00bb header_text_color=\u00bb#ffffff\u00bb header_font_size=\u00bb20px\u00bb hover_enabled=\u00bb0&#8243; z_index_tablet=\u00bb500&#8243; sticky_enabled=\u00bb0&#8243;] Conozca la gama ULD de AcXys Technologies: plasma aplicado a geometr\u00edas complejas y m\u00e1s. [\/et_pb_text][et_pb_text _builder_version=\u00bb3.27.4&#8243;] Gama ULD El equipo ULD est\u00e1 disponible en 7 versiones, para [&hellip;]<\/p>\n","protected":false},"author":2,"featured_media":0,"parent":2894,"menu_order":0,"comment_status":"closed","ping_status":"closed","template":"","meta":{"_et_pb_use_builder":"on","_et_pb_old_content":"<p>[et_pb_section fb_built=\"1\" module_class=\"lddw-entete-responsive\" _builder_version=\"4.7.7\" background_image=\"https:\/\/www.acxys.com\/wp-content\/uploads\/2021\/02\/gros-plan-ULCoat.jpg\" custom_padding=\"1%||1%|\" hover_enabled=\"0\" z_index_tablet=\"500\" alt=\"gros plan sur la flamme de l'ULCoat\" title_text=\"gros plan ULCoat\" sticky_enabled=\"0\"][\/et_pb_section][et_pb_section fb_built=\"1\" _builder_version=\"3.22\" custom_padding=\"0px||\"][et_pb_row _builder_version=\"3.25\" animation_style=\"slide\" animation_direction=\"left\" animation_intensity_slide=\"10%\"][et_pb_column type=\"4_4\" _builder_version=\"3.25\" custom_padding=\"|||\" custom_padding__hover=\"|||\"][et_pb_text module_class=\"lddw-landing-conteneur blue\" _builder_version=\"3.27.4\" text_font=\"||||||||\" header_font=\"|600||on|||||\" header_text_color=\"#ffffff\" header_font_size=\"20px\" z_index_tablet=\"500\"]<\/p><h1>D\u00e9couvrez la gamme uld d\u00e9velopp\u00e9e par acxys technologies : le plasma appliqu\u00e9 \u00e0 toutes les g\u00e9om\u00e9tries de surfaces 3d.<\/h1><p>[\/et_pb_text][et_pb_text _builder_version=\"3.27.4\"]<\/p><h2 class=\"page-h2\">La gamme ULD<\/h2><p class=\"lddw\">L\u2019ULD se d\u00e9cline en 7 versions, pour un rideau de plasma allant de 6 cm \u00e0 50 cm<\/p><p>[\/et_pb_text][\/et_pb_column][\/et_pb_row][et_pb_row _builder_version=\"3.25\"][et_pb_column type=\"4_4\" _builder_version=\"3.25\" custom_padding=\"|||\" custom_padding__hover=\"|||\"][et_pb_text _builder_version=\"3.27.4\" animation_style=\"slide\" animation_direction=\"right\" animation_intensity_slide=\"10%\"]<\/p><h3 class=\"page-h3\">ULD 60 - ULD 120 - ULD 200 - ULD 250 - ULD 300 - ULD 380 - ULD 500<\/h3><p>[\/et_pb_text][\/et_pb_column][\/et_pb_row][et_pb_row column_structure=\"1_3,1_3,1_3\" make_equal=\"on\" module_class=\"lddw-btn-and-imgs\" _builder_version=\"3.25\"][et_pb_column type=\"1_3\" _builder_version=\"3.25\" custom_padding=\"|||\" custom_padding__hover=\"|||\"][et_pb_image src=\"https:\/\/www.acxys.com\/wp-content\/uploads\/2019\/05\/uld-ecran.jpg\" align_tablet=\"center\" align_phone=\"\" align_last_edited=\"on|desktop\" _builder_version=\"3.23\" max_width=\"70%\" module_alignment=\"center\" animation_style=\"slide\" animation_direction=\"left\" animation_intensity_slide=\"10%\"][\/et_pb_image][\/et_pb_column][et_pb_column type=\"1_3\" _builder_version=\"3.25\" custom_padding=\"|||\" custom_padding__hover=\"|||\"][et_pb_image src=\"https:\/\/www.acxys.com\/wp-content\/uploads\/2019\/05\/uld-ecran-1.jpg\" align_tablet=\"center\" align_phone=\"\" align_last_edited=\"on|desktop\" _builder_version=\"3.23\" max_width=\"70%\" module_alignment=\"center\" animation_style=\"slide\" animation_direction=\"right\" animation_intensity_slide=\"10%\"][\/et_pb_image][\/et_pb_column][et_pb_column type=\"1_3\" _builder_version=\"3.25\" custom_padding=\"|||\" custom_padding__hover=\"|||\"][et_pb_image src=\"https:\/\/www.acxys.com\/wp-content\/uploads\/2019\/05\/uld-buse.jpg\" align_tablet=\"center\" align_phone=\"\" align_last_edited=\"on|desktop\" _builder_version=\"3.23\" max_width=\"70%\" module_alignment=\"center\" animation_style=\"slide\" animation_direction=\"right\" animation_intensity_slide=\"10%\"][\/et_pb_image][\/et_pb_column][\/et_pb_row][et_pb_row _builder_version=\"3.25\" animation_style=\"slide\" animation_direction=\"top\" animation_intensity_slide=\"10%\"][et_pb_column type=\"4_4\" _builder_version=\"3.25\" custom_padding=\"|||\" custom_padding__hover=\"|||\"][et_pb_text _builder_version=\"3.27.4\"]<\/p><h2 class=\"page-h2 hz\">La technologie ULD<\/h2><ul class=\"unstyled flex-parent flex-columns-2 flex-wrap-wrap\"><li>- Rideau de plasma homog\u00e8ne (60 \u00e0 500 mm)<\/li><li>- Traitement d\u2019objets plats, voire avec des formes pseudo-planes complexes<\/li><li>- Traitement \u00e0 tr\u00e8s basse temp\u00e9rature<\/li><li>- Fonctionne avec de l\u2019azote ou de l\u2019azote dop\u00e9<\/li><li>- Version autonome ou OEM<\/li><\/ul><p>[\/et_pb_text][\/et_pb_column][\/et_pb_row][et_pb_row column_structure=\"1_2,1_2\" _builder_version=\"3.25\" animation_style=\"slide\" animation_direction=\"top\" animation_intensity_slide=\"10%\"][et_pb_column type=\"1_2\" _builder_version=\"3.25\" custom_padding=\"|||\" custom_padding__hover=\"|||\"][et_pb_image src=\"https:\/\/www.acxys.com\/wp-content\/uploads\/2019\/07\/uld-ecran-2.jpg\" align_tablet=\"center\" align_phone=\"\" align_last_edited=\"on|desktop\" _builder_version=\"3.23\" max_width=\"80%\" animation_style=\"slide\" animation_direction=\"top\" animation_intensity_slide=\"10%\"][\/et_pb_image][\/et_pb_column][et_pb_column type=\"1_2\" _builder_version=\"3.25\" custom_padding=\"|||\" custom_padding__hover=\"|||\"][et_pb_text _builder_version=\"3.27.4\" text_font=\"||||||||\"]<\/p><h2 class=\"page-h2 hz\">Interface tactile ergonomique<\/h2><ul class=\"unstyled\"><li>- Pilotage intuitif<\/li><li>- Interface multilingue<\/li><li>- D\u00e9tection et diagnostic des d\u00e9fauts<\/li><li>- Lecture et affichage des consignes en temps r\u00e9el<\/li><\/ul><p>[\/et_pb_text][\/et_pb_column][\/et_pb_row][et_pb_row _builder_version=\"3.25\" width=\"86%\" min_height=\"423px\" custom_padding=\"32px|||||\" column_structure=\"1_2,1_2\"][et_pb_column type=\"1_2\" _builder_version=\"3.25\" custom_padding=\"|||\" custom_padding__hover=\"|||\"][et_pb_text _builder_version=\"3.27.4\" custom_margin=\"|85px||||\" custom_padding=\"|0px||||\" animation_style=\"slide\" animation_direction=\"left\" animation_intensity_slide=\"10%\"]<\/p><h2 class=\"page-h2 hz\">Les gaz compatibles<\/h2><ul class=\"unstyled flex-parent flex-columns-2 flex-wrap-wrap\"><li>- Azote<\/li><li>- Gaz dopant<\/li><\/ul><p>[\/et_pb_text][\/et_pb_column][et_pb_column type=\"1_2\" _builder_version=\"3.25\" custom_padding=\"|||\" custom_padding__hover=\"|||\"][et_pb_text _builder_version=\"3.27.4\" text_font=\"||||||||\" width=\"97.4%\" custom_margin=\"|517px||||\" animation_style=\"slide\" animation_direction=\"right\" animation_intensity_slide=\"10%\"]<\/p><h2 class=\"page-h2 hz\">Avantages de la technologie ULD<\/h2><ul class=\"unstyled flex-parent flex-columns-2 flex-wrap-wrap\"><li>- Le traitement des mat\u00e9riaux et la d\u00e9charge \u00e9lectrique sont nettement s\u00e9par\u00e9s<\/li><li>- Pas de risques \u00e9lectriques<\/li><li>- Tr\u00e8s large gamme d\u2019applications sur tous les types de mat\u00e9riaux<\/li><li>- Installation facile<\/li><li>- Contr\u00f4le interne des param\u00e8tres de proc\u00e9d\u00e9<\/li><li>- \u00c9conomique<\/li><\/ul><p>[\/et_pb_text][\/et_pb_column][\/et_pb_row][\/et_pb_section]<\/p>","_et_gb_content_width":"","footnotes":""},"class_list":["post-2904","page","type-page","status-publish","hentry"],"_links":{"self":[{"href":"https:\/\/www.acxys.com\/es\/wp-json\/wp\/v2\/pages\/2904","targetHints":{"allow":["GET"]}}],"collection":[{"href":"https:\/\/www.acxys.com\/es\/wp-json\/wp\/v2\/pages"}],"about":[{"href":"https:\/\/www.acxys.com\/es\/wp-json\/wp\/v2\/types\/page"}],"author":[{"embeddable":true,"href":"https:\/\/www.acxys.com\/es\/wp-json\/wp\/v2\/users\/2"}],"replies":[{"embeddable":true,"href":"https:\/\/www.acxys.com\/es\/wp-json\/wp\/v2\/comments?post=2904"}],"version-history":[{"count":6,"href":"https:\/\/www.acxys.com\/es\/wp-json\/wp\/v2\/pages\/2904\/revisions"}],"predecessor-version":[{"id":3070,"href":"https:\/\/www.acxys.com\/es\/wp-json\/wp\/v2\/pages\/2904\/revisions\/3070"}],"up":[{"embeddable":true,"href":"https:\/\/www.acxys.com\/es\/wp-json\/wp\/v2\/pages\/2894"}],"wp:attachment":[{"href":"https:\/\/www.acxys.com\/es\/wp-json\/wp\/v2\/media?parent=2904"}],"curies":[{"name":"wp","href":"https:\/\/api.w.org\/{rel}","templated":true}]}}