{"id":2910,"date":"2021-03-09T15:32:49","date_gmt":"2021-03-09T14:32:49","guid":{"rendered":"https:\/\/www.acxys.com\/?page_id=2910"},"modified":"2021-03-09T16:01:18","modified_gmt":"2021-03-09T15:01:18","slug":"ulcoat","status":"publish","type":"page","link":"https:\/\/www.acxys.com\/es\/equipos-de-plasma\/ulcoat\/","title":{"rendered":"ULCoat"},"content":{"rendered":"<p>[et_pb_section fb_built=\u00bb1&#8243; module_class=\u00bblddw-entete-responsive\u00bb _builder_version=\u00bb4.7.7&#8243; background_image=\u00bbhttps:\/\/www.acxys.com\/wp-content\/uploads\/2021\/02\/gros-plan-ULcoat-compressee-scaled.jpg\u00bb custom_padding=\u00bb1%||1%|\u00bb z_index_tablet=\u00bb500&#8243;][\/et_pb_section][et_pb_section fb_built=\u00bb1&#8243; _builder_version=\u00bb3.22&#8243; custom_padding=\u00bb0px||\u00bb][et_pb_row _builder_version=\u00bb3.25&#8243; animation_style=\u00bbslide\u00bb animation_direction=\u00bbleft\u00bb animation_intensity_slide=\u00bb10%\u00bb][et_pb_column type=\u00bb4_4&#8243; _builder_version=\u00bb3.25&#8243; custom_padding=\u00bb|||\u00bb custom_padding__hover=\u00bb|||\u00bb][et_pb_text module_class=\u00bblddw-landing-conteneur blue\u00bb _builder_version=\u00bb3.27.4&#8243; text_font=\u00bb||||||||\u00bb header_font=\u00bb|600||on|||||\u00bb header_text_color=\u00bb#ffffff\u00bb header_font_size=\u00bb20px\u00bb z_index_tablet=\u00bb500&#8243;]<\/p>\n<h1>Descubra el ULCoat desarrollado por AcXys Technologies: la simplicidad de la deposici\u00f3n de pel\u00edcula delgada para muchas aplicaciones<\/h1>\n<p>[\/et_pb_text][et_pb_text _builder_version=\u00bb3.27.4&#8243;]<\/p>\n<h2 class=\"page-h2\">ULCoat<\/h2>\n<p class=\"lddw\"><strong>Con la inyecci\u00f3n de un precursor en el plasma posterior a la descarga, el ULCoat permite la deposici\u00f3n de finas capas sobre la superficie tratada.<\/strong><\/p>\n<p class=\"lddw\">El ULCoat es un sistema de vaporizaci\u00f3n e inyecci\u00f3n de un precursor debajo de la boquilla de plasma. El ULCoat se utiliza junto con un generador OMEGA ULS.<br \/>El m\u00f3dulo est\u00e1ndar est\u00e1 dise\u00f1ado para la deposici\u00f3n de \u00f3xidos de silicio (SiOx) utilizando un precursor organomet\u00e1lico. Pero se pueden explorar otras composiciones qu\u00edmicas.<br \/>El laboratorio de desarrollo de procesos de AcXys Technologies est\u00e1 a su servicio para desarrollar la aplicaci\u00f3n que satisfaga sus necesidades bajo un contrato de I + D.<\/p>\n<p>[\/et_pb_text][et_pb_image src=\u00bbhttps:\/\/www.acxys.com\/wp-content\/uploads\/2019\/05\/ul-coat.jpg\u00bb align=\u00bbcenter\u00bb align_tablet=\u00bbcenter\u00bb align_phone=\u00bb\u00bb align_last_edited=\u00bbon|desktop\u00bb _builder_version=\u00bb3.23&#8243;][\/et_pb_image][et_pb_text _builder_version=\u00bb4.7.7&#8243; hover_enabled=\u00bb0&#8243; sticky_enabled=\u00bb0&#8243;]El ULCoat est\u00e1 disponible como m\u00f3dulo aut\u00f3nomo o como versi\u00f3n que se puede integrar en otros equipos (versi\u00f3n OEM).<br \/>\n[\/et_pb_text][\/et_pb_column][\/et_pb_row][et_pb_row _builder_version=\u00bb3.25&#8243; animation_style=\u00bbslide\u00bb animation_direction=\u00bbtop\u00bb animation_intensity_slide=\u00bb10%\u00bb][et_pb_column type=\u00bb4_4&#8243; _builder_version=\u00bb3.25&#8243; custom_padding=\u00bb|||\u00bb custom_padding__hover=\u00bb|||\u00bb][et_pb_text _builder_version=\u00bb3.27.4&#8243;]<\/p>\n<h2 class=\"page-h2 hz\">Tecnolog\u00eda ULCoat<\/h2>\n<ul class=\"unstyled flex-parent flex-columns-2 flex-wrap-wrap\">\n<li>&#8211; Acoplado al m\u00f3dulo ULS OMEGA<\/li>\n<li>&#8211; Utilizado para depositar capas delgadas<\/li>\n<li>&#8211; Espesor ajustable de 50 a 1000 nan\u00f3metros<\/li>\n<li>&#8211; Espesor uniforme con variaci\u00f3n de +\/- 2%<\/li>\n<li>&#8211; Velocidad de procesamiento para tratamiento hasta 200 nm.cm2\/s<\/li>\n<li>&#8211; La versi\u00f3n est\u00e1ndar es \u00f3ptima para dep\u00f3sitos de SiOx<\/li>\n<\/ul>\n<p>[\/et_pb_text][\/et_pb_column][\/et_pb_row][et_pb_row column_structure=\u00bb1_2,1_2&#8243; _builder_version=\u00bb3.25&#8243; animation_style=\u00bbslide\u00bb animation_direction=\u00bbtop\u00bb animation_intensity_slide=\u00bb10%\u00bb][et_pb_column type=\u00bb1_2&#8243; _builder_version=\u00bb3.25&#8243; custom_padding=\u00bb|||\u00bb custom_padding__hover=\u00bb|||\u00bb][et_pb_image src=\u00bbhttps:\/\/www.acxys.com\/wp-content\/uploads\/2019\/05\/ulc-buse.jpg\u00bb align=\u00bbcenter\u00bb align_tablet=\u00bbcenter\u00bb align_phone=\u00bb\u00bb align_last_edited=\u00bbon|desktop\u00bb _builder_version=\u00bb3.23&#8243; max_width=\u00bb80%\u00bb animation_style=\u00bbslide\u00bb animation_direction=\u00bbtop\u00bb animation_intensity_slide=\u00bb10%\u00bb][\/et_pb_image][\/et_pb_column][et_pb_column type=\u00bb1_2&#8243; _builder_version=\u00bb3.25&#8243; custom_padding=\u00bb|||\u00bb custom_padding__hover=\u00bb|||\u00bb][et_pb_text _builder_version=\u00bb3.27.4&#8243; text_font=\u00bb||||||||\u00bb]<\/p>\n<h2 class=\"page-h2 hz\">La boquilla de inyecci\u00f3n<\/h2>\n<p class=\"lddw\">El flujo de precursores se controla antes de su inyecci\u00f3n en el plasma. Este m\u00f3dulo integra los siguientes elementos:<\/p>\n<ul class=\"unstyled flex-parent flex-columns-2 flex-wrap-wrap\">\n<li>&#8211; Tanque de precursor<\/li>\n<li>&#8211; Control de flujo de precursores<\/li>\n<li>&#8211; Control de flujo de gas<\/li>\n<li>&#8211; Componente calefactor (opcional)<\/li>\n<\/ul>\n<p>[\/et_pb_text][\/et_pb_column][\/et_pb_row][et_pb_row _builder_version=\u00bb3.25&#8243;][et_pb_column type=\u00bb4_4&#8243; _builder_version=\u00bb3.25&#8243; custom_padding=\u00bb|||\u00bb custom_padding__hover=\u00bb|||\u00bb][et_pb_text _builder_version=\u00bb3.27.4&#8243; animation_style=\u00bbslide\u00bb animation_direction=\u00bbleft\u00bb animation_intensity_slide=\u00bb10%\u00bb]<\/p>\n<h2 class=\"page-h2 hz\">Interfaz de pantalla t\u00e1ctil digital intuitiva<\/h2>\n<ul class=\"unstyled flex-parent flex-columns-2 flex-wrap-wrap\">\n<li>&#8211; Pantalla t\u00e1ctil integrada (remota si es OEM)<\/li>\n<li>&#8211; Control intuitivo<\/li>\n<li>&#8211; Interfaz multiling\u00fce<\/li>\n<li>&#8211; Detecci\u00f3n de errores y soluci\u00f3n de problemas<\/li>\n<li>&#8211; Visualizaci\u00f3n de instrucciones en tiempo real<\/li>\n<\/ul>\n<p>[\/et_pb_text][\/et_pb_column][\/et_pb_row][et_pb_row _builder_version=\u00bb3.25&#8243;][et_pb_column type=\u00bb4_4&#8243; _builder_version=\u00bb3.25&#8243; custom_padding=\u00bb|||\u00bb custom_padding__hover=\u00bb|||\u00bb][et_pb_text _builder_version=\u00bb3.27.4&#8243; text_font=\u00bb||||||||\u00bb header_font=\u00bb||||||||\u00bb animation_style=\u00bbslide\u00bb animation_direction=\u00bbright\u00bb animation_intensity_slide=\u00bb10%\u00bb]<\/p>\n<h2 class=\"page-h2 hz\">Gases compatibles<\/h2>\n<ul class=\"unstyled flex-parent flex-columns-2 flex-wrap-wrap\">\n<li>&#8211; Aire<\/li>\n<li>&#8211; Nitr\u00f3geno<\/li>\n<li>&#8211; Otra mezcla de gases<\/li>\n<\/ul>\n<p>[\/et_pb_text][\/et_pb_column][\/et_pb_row][et_pb_row _builder_version=\u00bb3.25&#8243;][et_pb_column type=\u00bb4_4&#8243; _builder_version=\u00bb3.25&#8243; custom_padding=\u00bb|||\u00bb custom_padding__hover=\u00bb|||\u00bb][et_pb_text _builder_version=\u00bb3.27.4&#8243; text_font=\u00bb||||||||\u00bb animation_style=\u00bbslide\u00bb animation_direction=\u00bbleft\u00bb animation_intensity_slide=\u00bb10%\u00bb]<\/p>\n<h2 class=\"page-h2 hz\">Beneficios de ULCoat<\/h2>\n<ul class=\"unstyled flex-parent flex-columns-2 flex-wrap-wrap\">\n<li>&#8211; Proceso a baja temperatura<\/li>\n<li>&#8211; Espesor uniforme con una variaci\u00f3n del 2%<\/li>\n<li>&#8211; Posiblemente se pueden integrar otros tipo de dep\u00f3sitos<\/li>\n<li>&#8211; Disponible versi\u00f3n OpenFlow para el desarrollo de nuevos procesos de dep\u00f3sito<\/li>\n<\/ul>\n<p>[\/et_pb_text][\/et_pb_column][\/et_pb_row][\/et_pb_section]<\/p>\n","protected":false},"excerpt":{"rendered":"<p>[et_pb_section fb_built=\u00bb1&#8243; module_class=\u00bblddw-entete-responsive\u00bb _builder_version=\u00bb4.7.7&#8243; background_image=\u00bbhttps:\/\/www.acxys.com\/wp-content\/uploads\/2021\/02\/gros-plan-ULcoat-compressee-scaled.jpg\u00bb custom_padding=\u00bb1%||1%|\u00bb z_index_tablet=\u00bb500&#8243;][\/et_pb_section][et_pb_section fb_built=\u00bb1&#8243; _builder_version=\u00bb3.22&#8243; custom_padding=\u00bb0px||\u00bb][et_pb_row _builder_version=\u00bb3.25&#8243; animation_style=\u00bbslide\u00bb animation_direction=\u00bbleft\u00bb animation_intensity_slide=\u00bb10%\u00bb][et_pb_column type=\u00bb4_4&#8243; _builder_version=\u00bb3.25&#8243; custom_padding=\u00bb|||\u00bb custom_padding__hover=\u00bb|||\u00bb][et_pb_text module_class=\u00bblddw-landing-conteneur blue\u00bb _builder_version=\u00bb3.27.4&#8243; text_font=\u00bb||||||||\u00bb header_font=\u00bb|600||on|||||\u00bb header_text_color=\u00bb#ffffff\u00bb header_font_size=\u00bb20px\u00bb z_index_tablet=\u00bb500&#8243;] Descubra el ULCoat desarrollado por AcXys Technologies: la simplicidad de la deposici\u00f3n de pel\u00edcula delgada para muchas aplicaciones [\/et_pb_text][et_pb_text _builder_version=\u00bb3.27.4&#8243;] ULCoat Con la inyecci\u00f3n de un precursor en el [&hellip;]<\/p>\n","protected":false},"author":2,"featured_media":0,"parent":2894,"menu_order":0,"comment_status":"closed","ping_status":"closed","template":"","meta":{"_et_pb_use_builder":"on","_et_pb_old_content":"<p>[et_pb_section fb_built=\"1\" module_class=\"lddw-entete-responsive\" _builder_version=\"4.7.7\" background_image=\"https:\/\/www.acxys.com\/wp-content\/uploads\/2021\/02\/gros-plan-ULcoat-compressee-scaled.jpg\" custom_padding=\"1%||1%|\" hover_enabled=\"0\" z_index_tablet=\"500\" alt=\"gros plan sur la fa\u00e7ade de l'ULCoat\" title_text=\"gros plan ULcoat\" sticky_enabled=\"0\"][\/et_pb_section][et_pb_section fb_built=\"1\" _builder_version=\"3.22\" custom_padding=\"0px||\"][et_pb_row _builder_version=\"3.25\" animation_style=\"slide\" animation_direction=\"left\" animation_intensity_slide=\"10%\"][et_pb_column type=\"4_4\" _builder_version=\"3.25\" custom_padding=\"|||\" custom_padding__hover=\"|||\"][et_pb_text module_class=\"lddw-landing-conteneur blue\" _builder_version=\"3.27.4\" text_font=\"||||||||\" header_font=\"|600||on|||||\" header_text_color=\"#ffffff\" header_font_size=\"20px\" z_index_tablet=\"500\"]<\/p><h1>D\u00e9couvrez l\u2019ulcoat mis au point par acxys technologies : la simplicit\u00e9 du d\u00e9p\u00f4t de couches minces pour de nombreuses applications<\/h1><p>[\/et_pb_text][et_pb_text _builder_version=\"3.27.4\"]<\/p><h2 class=\"page-h2\">L'ULCoat<\/h2><p class=\"lddw\"><strong>Avec l\u2019injection d\u2019un pr\u00e9curseur dans le plasma en post-d\u00e9charge, l\u2019ULCoat permet le d\u00e9p\u00f4t de couches minces sur la surface trait\u00e9e.<\/strong><\/p><p class=\"lddw\">L\u2019ULCoat est un syst\u00e8me vaporisant et injectant un pr\u00e9curseur sous la buse plasma. L\u2019ULCoat s\u2019utilise coupl\u00e9 avec un g\u00e9n\u00e9rateur ULS OMEGA.<br \/>Le module standard est con\u00e7u pour le d\u00e9p\u00f4t d\u2019oxydes de silicium (SiOx) en utilisant un pr\u00e9curseur organom\u00e9tallique. Mais d\u2019autres compositions de films peuvent \u00eatre \u00e9tudi\u00e9es.<br \/>Le laboratoire de d\u00e9veloppement de proc\u00e9d\u00e9s d\u2019AcXys Technologies est \u00e0 votre service pour mettre au point l\u2019application qui r\u00e9ponde \u00e0 vos besoins dans le cadre d\u2019un contrat de R&D.<\/p><p>[\/et_pb_text][et_pb_image src=\"https:\/\/www.acxys.com\/wp-content\/uploads\/2019\/05\/ul-coat.jpg\" align=\"center\" align_tablet=\"center\" align_phone=\"\" align_last_edited=\"on|desktop\" _builder_version=\"3.23\"][\/et_pb_image][et_pb_text _builder_version=\"3.27.4\"]L\u2019ULCoat est disponible en module autonome ou en version int\u00e9grable dans d\u2019autres \u00e9quipements (version OEM).[\/et_pb_text][\/et_pb_column][\/et_pb_row][et_pb_row _builder_version=\"3.25\" animation_style=\"slide\" animation_direction=\"top\" animation_intensity_slide=\"10%\"][et_pb_column type=\"4_4\" _builder_version=\"3.25\" custom_padding=\"|||\" custom_padding__hover=\"|||\"][et_pb_text _builder_version=\"3.27.4\"]<\/p><h2 class=\"page-h2 hz\">La technologie ULCoat<\/h2><ul class=\"unstyled flex-parent flex-columns-2 flex-wrap-wrap\"><li>- S\u2019utilise avec un module ULS OMEGA<\/li><li>- D\u00e9p\u00f4t de couches minces<\/li><li>- \u00c9paisseur ajustable de 50 \u00e0 1000 nanom\u00e8tres<\/li><li>- Uniformit\u00e9 sup\u00e9rieure +\/- 2%<\/li><li>- Vitesse de traitement moyenne \u00e0 haute jusqu\u2019\u00e0 200 nm.cm2 \/ s<\/li><li>- Version standard optimis\u00e9e pour le d\u00e9p\u00f4t d\u2019oxydes de silicium (SiOx)<\/li><\/ul><p>[\/et_pb_text][\/et_pb_column][\/et_pb_row][et_pb_row column_structure=\"1_2,1_2\" _builder_version=\"3.25\" animation_style=\"slide\" animation_direction=\"top\" animation_intensity_slide=\"10%\"][et_pb_column type=\"1_2\" _builder_version=\"3.25\" custom_padding=\"|||\" custom_padding__hover=\"|||\"][et_pb_image src=\"https:\/\/www.acxys.com\/wp-content\/uploads\/2019\/05\/ulc-buse.jpg\" align=\"center\" align_tablet=\"center\" align_phone=\"\" align_last_edited=\"on|desktop\" _builder_version=\"3.23\" max_width=\"80%\" animation_style=\"slide\" animation_direction=\"top\" animation_intensity_slide=\"10%\"][\/et_pb_image][\/et_pb_column][et_pb_column type=\"1_2\" _builder_version=\"3.25\" custom_padding=\"|||\" custom_padding__hover=\"|||\"][et_pb_text _builder_version=\"3.27.4\" text_font=\"||||||||\"]<\/p><h2 class=\"page-h2 hz\">La buse d'injection<\/h2><p class=\"lddw\">Le d\u00e9bit de pr\u00e9curseur liquide est contr\u00f4l\u00e9 avant l\u2019injection dans le plasma. Ce module est constitu\u00e9 de plusieurs composants :<\/p><ul class=\"unstyled flex-parent flex-columns-2 flex-wrap-wrap\"><li>- R\u00e9servoir de pr\u00e9curseur<\/li><li>- Contr\u00f4le de flux de pr\u00e9curseur<\/li><li>- Contr\u00f4le de d\u00e9bit de gaz<\/li><li>- Module de chauffage (facultatif)<\/li><\/ul><p>[\/et_pb_text][\/et_pb_column][\/et_pb_row][et_pb_row _builder_version=\"3.25\"][et_pb_column type=\"4_4\" _builder_version=\"3.25\" custom_padding=\"|||\" custom_padding__hover=\"|||\"][et_pb_text _builder_version=\"3.27.4\" animation_style=\"slide\" animation_direction=\"left\" animation_intensity_slide=\"10%\"]<\/p><h2 class=\"page-h2 hz\">Interface tactile ergonomique<\/h2><ul class=\"unstyled flex-parent flex-columns-2 flex-wrap-wrap\"><li>- \u00c9cran tactile int\u00e9gr\u00e9 (ou d\u00e9port\u00e9 si version OEM)<\/li><li>- Pilotage intuitif<\/li><li>- Interface multilingue<\/li><li>- D\u00e9tection et diagnostic des d\u00e9fauts<\/li><li>- Lecture et affichage des consignes en temps r\u00e9el<\/li><\/ul><p>[\/et_pb_text][\/et_pb_column][\/et_pb_row][et_pb_row _builder_version=\"3.25\"][et_pb_column type=\"4_4\" _builder_version=\"3.25\" custom_padding=\"|||\" custom_padding__hover=\"|||\"][et_pb_text _builder_version=\"3.27.4\" text_font=\"||||||||\" header_font=\"||||||||\" animation_style=\"slide\" animation_direction=\"right\" animation_intensity_slide=\"10%\"]<\/p><h2 class=\"page-h2 hz\">Les gaz compatibles<\/h2><ul class=\"unstyled flex-parent flex-columns-2 flex-wrap-wrap\"><li>- Air<\/li><li>- Azote<\/li><li>- Autre m\u00e9lange de gaz<\/li><\/ul><p>[\/et_pb_text][\/et_pb_column][\/et_pb_row][et_pb_row _builder_version=\"3.25\"][et_pb_column type=\"4_4\" _builder_version=\"3.25\" custom_padding=\"|||\" custom_padding__hover=\"|||\"][et_pb_text _builder_version=\"3.27.4\" text_font=\"||||||||\" animation_style=\"slide\" animation_direction=\"left\" animation_intensity_slide=\"10%\"]<\/p><h2 class=\"page-h2 hz\">Avantages de la technologie ULCoat<\/h2><ul class=\"unstyled flex-parent flex-columns-2 flex-wrap-wrap\"><li>- Basse temp\u00e9rature<\/li><li>- Uniformit\u00e9 en \u00e9paisseur + ou \u2013 2 %<\/li><li>- D\u2019autres types de d\u00e9p\u00f4t peuvent \u00eatre \u00e9tudi\u00e9s<\/li><li>- Existe en version OpenFlow pour le d\u00e9veloppement de nouveaux proc\u00e9d\u00e9s de d\u00e9p\u00f4t<\/li><\/ul><p>[\/et_pb_text][\/et_pb_column][\/et_pb_row][\/et_pb_section]<\/p>","_et_gb_content_width":"","footnotes":""},"class_list":["post-2910","page","type-page","status-publish","hentry"],"_links":{"self":[{"href":"https:\/\/www.acxys.com\/es\/wp-json\/wp\/v2\/pages\/2910","targetHints":{"allow":["GET"]}}],"collection":[{"href":"https:\/\/www.acxys.com\/es\/wp-json\/wp\/v2\/pages"}],"about":[{"href":"https:\/\/www.acxys.com\/es\/wp-json\/wp\/v2\/types\/page"}],"author":[{"embeddable":true,"href":"https:\/\/www.acxys.com\/es\/wp-json\/wp\/v2\/users\/2"}],"replies":[{"embeddable":true,"href":"https:\/\/www.acxys.com\/es\/wp-json\/wp\/v2\/comments?post=2910"}],"version-history":[{"count":5,"href":"https:\/\/www.acxys.com\/es\/wp-json\/wp\/v2\/pages\/2910\/revisions"}],"predecessor-version":[{"id":3076,"href":"https:\/\/www.acxys.com\/es\/wp-json\/wp\/v2\/pages\/2910\/revisions\/3076"}],"up":[{"embeddable":true,"href":"https:\/\/www.acxys.com\/es\/wp-json\/wp\/v2\/pages\/2894"}],"wp:attachment":[{"href":"https:\/\/www.acxys.com\/es\/wp-json\/wp\/v2\/media?parent=2910"}],"curies":[{"name":"wp","href":"https:\/\/api.w.org\/{rel}","templated":true}]}}