{"id":2916,"date":"2021-03-15T11:34:29","date_gmt":"2021-03-15T10:34:29","guid":{"rendered":"https:\/\/www.acxys.com\/?page_id=2916"},"modified":"2021-03-15T11:41:15","modified_gmt":"2021-03-15T10:41:15","slug":"ulscan","status":"publish","type":"page","link":"https:\/\/www.acxys.com\/es\/equipos-de-plasma\/ulscan\/","title":{"rendered":"ULScan"},"content":{"rendered":"<p>[et_pb_section fb_built=\u00bb1&#8243; module_class=\u00bblddw-entete-responsive\u00bb _builder_version=\u00bb3.22&#8243; background_image=\u00bbhttps:\/\/www.acxys.com\/wp-content\/uploads\/2019\/07\/bg-entete-ulscan.jpg\u00bb custom_padding=\u00bb1%||1%|\u00bb z_index_tablet=\u00bb500&#8243;][\/et_pb_section][et_pb_section fb_built=\u00bb1&#8243; _builder_version=\u00bb3.22&#8243; custom_padding=\u00bb0px||\u00bb][et_pb_row _builder_version=\u00bb3.25&#8243; animation_style=\u00bbslide\u00bb animation_direction=\u00bbleft\u00bb animation_intensity_slide=\u00bb10%\u00bb][et_pb_column type=\u00bb4_4&#8243; _builder_version=\u00bb3.25&#8243; custom_padding=\u00bb|||\u00bb custom_padding__hover=\u00bb|||\u00bb][et_pb_text module_class=\u00bblddw-landing-conteneur blue\u00bb _builder_version=\u00bb3.27.4&#8243; text_font=\u00bb||||||||\u00bb header_font=\u00bb|600||on|||||\u00bb header_text_color=\u00bb#ffffff\u00bb header_font_size=\u00bb20px\u00bb z_index_tablet=\u00bb500&#8243;]<\/p>\n<h1 style=\"text-align: center;\">ULScan : Equipo llave en mano para activaci\u00f3n de superficie y deposici\u00f3n de pel\u00edcula delgada.<\/h1>\n<p>[\/et_pb_text][et_pb_text _builder_version=\u00bb3.27.4&#8243;]<\/p>\n<h2 class=\"page-h2\">ULScan<\/h2>\n<p class=\"lddw\">AcXys Technologies ha desarrollado el ULScan para satisfacer la demanda de sus clientes que desean beneficiarse de las \u00faltimas tecnolog\u00edas en el campo del plasma atmosf\u00e9rico y desean tener una instalaci\u00f3n integrada, simple y \u00fanica.<\/p>\n<p>[\/et_pb_text][\/et_pb_column][\/et_pb_row][et_pb_row column_structure=\u00bb1_3,1_3,1_3&#8243; _builder_version=\u00bb3.25&#8243;][et_pb_column type=\u00bb1_3&#8243; _builder_version=\u00bb3.25&#8243; custom_padding=\u00bb|||\u00bb custom_padding__hover=\u00bb|||\u00bb][et_pb_text _builder_version=\u00bb3.27.4&#8243; text_font=\u00bb||||||||\u00bb]<\/p>\n<h2 class=\"page-h2 hz\">Descripci\u00f3n de ULScan<\/h2>\n<p>El equipo ULScan utiliza tecnolog\u00eda ULS para la activaci\u00f3n de la superficie y UL-Coat para la deposici\u00f3n de pel\u00edcula fina.<\/p>\n<p>El procesamiento se aplica mediante ejes lineales, automatizaci\u00f3n incluida y control por pantalla t\u00e1ctil.<\/p>\n<p>Es especialmente adecuado para el tratamiento de piezas planas, semicil\u00edndricas y planas.<\/p>\n<p>[\/et_pb_text][\/et_pb_column][et_pb_column type=\u00bb1_3&#8243; _builder_version=\u00bb3.25&#8243; custom_padding=\u00bb|||\u00bb custom_padding__hover=\u00bb|||\u00bb][et_pb_image src=\u00bbhttps:\/\/www.acxys.com\/wp-content\/uploads\/2019\/05\/ulscan-1.jpg\u00bb align_tablet=\u00bbcenter\u00bb align_phone=\u00bb\u00bb align_last_edited=\u00bbon|desktop\u00bb _builder_version=\u00bb3.23&#8243; module_alignment=\u00bbcenter\u00bb animation_style=\u00bbslide\u00bb animation_direction=\u00bbleft\u00bb animation_intensity_slide=\u00bb10%\u00bb][\/et_pb_image][\/et_pb_column][et_pb_column type=\u00bb1_3&#8243; _builder_version=\u00bb3.25&#8243; custom_padding=\u00bb|||\u00bb custom_padding__hover=\u00bb|||\u00bb][et_pb_image src=\u00bbhttps:\/\/www.acxys.com\/wp-content\/uploads\/2019\/05\/ulscan-2.jpg\u00bb align_tablet=\u00bbcenter\u00bb align_phone=\u00bb\u00bb align_last_edited=\u00bbon|desktop\u00bb _builder_version=\u00bb3.23&#8243; module_alignment=\u00bbcenter\u00bb animation_style=\u00bbslide\u00bb animation_direction=\u00bbright\u00bb animation_intensity_slide=\u00bb10%\u00bb][\/et_pb_image][\/et_pb_column][\/et_pb_row][et_pb_row column_structure=\u00bb1_3,2_3&#8243; _builder_version=\u00bb3.25&#8243; custom_padding=\u00bb0px||\u00bb][et_pb_column type=\u00bb1_3&#8243; _builder_version=\u00bb3.25&#8243; custom_padding=\u00bb|||\u00bb custom_padding__hover=\u00bb|||\u00bb][\/et_pb_column][et_pb_column type=\u00bb2_3&#8243; _builder_version=\u00bb3.25&#8243; custom_padding=\u00bb|||\u00bb custom_padding__hover=\u00bb|||\u00bb][et_pb_text _builder_version=\u00bb4.7.7&#8243; custom_margin=\u00bb|-82px||||\u00bb custom_padding=\u00bb|48px||||\u00bb animation_style=\u00bbslide\u00bb hover_enabled=\u00bb0&#8243; sticky_enabled=\u00bb0&#8243;]<\/p>\n<p style=\"text-align: center;\"><em>Mesa de ejes motorizada QuickSet (de 2 a 3 ejes)<\/em><\/p>\n<p>[\/et_pb_text][et_pb_text module_class=\u00bblddw-hidden\u00bb _builder_version=\u00bb3.27.4&#8243; header_font=\u00bb||||||||\u00bb]<\/p>\n<p style=\"text-align: center;\"><em>Table d&#8217;axes motoris\u00e9e QuickSet (2 \u00e0 3 axes)<\/em><\/p>\n<p>[\/et_pb_text][\/et_pb_column][\/et_pb_row][et_pb_row _builder_version=\u00bb3.25&#8243; animation_style=\u00bbslide\u00bb animation_direction=\u00bbtop\u00bb animation_intensity_slide=\u00bb10%\u00bb][et_pb_column type=\u00bb4_4&#8243; _builder_version=\u00bb3.25&#8243; custom_padding=\u00bb|||\u00bb custom_padding__hover=\u00bb|||\u00bb][et_pb_text _builder_version=\u00bb3.27.4&#8243; text_font=\u00bb||||||||\u00bb]<\/p>\n<h2 class=\"page-h2 hz\">Caracter\u00edsticas principales del ULScan<\/h2>\n<ul class=\"unstyled flex-parent flex-columns-2 flex-wrap-wrap\">\n<li>&#8211; Armario el\u00e9ctrico<\/li>\n<li>&#8211; C\u00e1mara de tratamiento<\/li>\n<li>&#8211; Protege a los usuarios contra riesgos mec\u00e1nicos<\/li>\n<li>&#8211; A\u00edsla el \u00e1rea de tratamiento y protege a los usuarios de los efluentes gaseosos<\/li>\n<li>&#8211; Pantalla t\u00e1ctil<\/li>\n<li>&#8211; Programaci\u00f3n de modos autom\u00e1ticos<\/li>\n<li>&#8211; Parada de emergencia<\/li>\n<li>&#8211; Detector de puerta<\/li>\n<li>&#8211; Detector de extracci\u00f3n<\/li>\n<\/ul>\n<p>[\/et_pb_text][\/et_pb_column][\/et_pb_row][\/et_pb_section]<\/p>\n","protected":false},"excerpt":{"rendered":"<p>[et_pb_section fb_built=\u00bb1&#8243; module_class=\u00bblddw-entete-responsive\u00bb _builder_version=\u00bb3.22&#8243; background_image=\u00bbhttps:\/\/www.acxys.com\/wp-content\/uploads\/2019\/07\/bg-entete-ulscan.jpg\u00bb custom_padding=\u00bb1%||1%|\u00bb z_index_tablet=\u00bb500&#8243;][\/et_pb_section][et_pb_section fb_built=\u00bb1&#8243; _builder_version=\u00bb3.22&#8243; custom_padding=\u00bb0px||\u00bb][et_pb_row _builder_version=\u00bb3.25&#8243; animation_style=\u00bbslide\u00bb animation_direction=\u00bbleft\u00bb animation_intensity_slide=\u00bb10%\u00bb][et_pb_column type=\u00bb4_4&#8243; _builder_version=\u00bb3.25&#8243; custom_padding=\u00bb|||\u00bb custom_padding__hover=\u00bb|||\u00bb][et_pb_text module_class=\u00bblddw-landing-conteneur blue\u00bb _builder_version=\u00bb3.27.4&#8243; text_font=\u00bb||||||||\u00bb header_font=\u00bb|600||on|||||\u00bb header_text_color=\u00bb#ffffff\u00bb header_font_size=\u00bb20px\u00bb z_index_tablet=\u00bb500&#8243;] ULScan : Equipo llave en mano para activaci\u00f3n de superficie y deposici\u00f3n de pel\u00edcula delgada. [\/et_pb_text][et_pb_text _builder_version=\u00bb3.27.4&#8243;] ULScan AcXys Technologies ha desarrollado el ULScan para satisfacer la demanda de [&hellip;]<\/p>\n","protected":false},"author":2,"featured_media":0,"parent":2894,"menu_order":0,"comment_status":"closed","ping_status":"closed","template":"","meta":{"_et_pb_use_builder":"on","_et_pb_old_content":"<p>[et_pb_section fb_built=\"1\" module_class=\"lddw-entete-responsive\" _builder_version=\"3.22\" background_image=\"https:\/\/www.acxys.com\/wp-content\/uploads\/2019\/07\/bg-entete-ulscan.jpg\" custom_padding=\"1%||1%|\" z_index_tablet=\"500\"][\/et_pb_section][et_pb_section fb_built=\"1\" _builder_version=\"3.22\" custom_padding=\"0px||\"][et_pb_row _builder_version=\"3.25\" animation_style=\"slide\" animation_direction=\"left\" animation_intensity_slide=\"10%\"][et_pb_column type=\"4_4\" _builder_version=\"3.25\" custom_padding=\"|||\" custom_padding__hover=\"|||\"][et_pb_text module_class=\"lddw-landing-conteneur blue\" _builder_version=\"3.21.1\" text_font=\"||||||||\" header_font=\"|600||on|||||\" header_text_color=\"#ffffff\" header_font_size=\"20px\" z_index_tablet=\"500\"]<\/p><h1>ULScan : l\u2019\u00e9quipement cl\u00e9 en main pour l\u2019activation de surfaces et le d\u00e9p\u00f4t de couche mince<\/h1><p>[\/et_pb_text][et_pb_text _builder_version=\"3.21.1\"]<\/p><h2 class=\"page-h2\">ULScan<\/h2><p class=\"lddw\">AcXys Technologies a d\u00e9velopp\u00e9 l\u2019ULScan pour r\u00e9pondre \u00e0 la demande de ses clients souhaitant b\u00e9n\u00e9ficier des derni\u00e8res technologies dans le domaine du plasma atmosph\u00e9rique et voulant disposer d\u2019une installation int\u00e9gr\u00e9e, simple et unique.<\/p><p>[\/et_pb_text][\/et_pb_column][\/et_pb_row][et_pb_row column_structure=\"1_3,1_3,1_3\" _builder_version=\"3.25\"][et_pb_column type=\"1_3\" _builder_version=\"3.25\" custom_padding=\"|||\" custom_padding__hover=\"|||\"][et_pb_text _builder_version=\"3.21.1\" text_font=\"||||||||\"]<\/p><h2 class=\"page-h2 hz\">Description de l'ULScan<\/h2><p>L\u2019ULScan utilise la technologie ULS pour l'activation de surface et UL-Coat pour le d\u00e9p\u00f4t de couche mince.<\/p><p>Le traitement est appliqu\u00e9 par des axes lin\u00e9aires. Automatisation incluse & pilotage par \u00e9cran tactile.<\/p><p>Elle est particuli\u00e8rement adapt\u00e9e pour les traitements des pi\u00e8ces plates, demi-cylindriques et planes.[\/et_pb_text][\/et_pb_column][et_pb_column type=\"1_3\" _builder_version=\"3.25\" custom_padding=\"|||\" custom_padding__hover=\"|||\"][et_pb_image src=\"https:\/\/www.acxys.com\/wp-content\/uploads\/2019\/05\/ulscan-1.jpg\" align_tablet=\"center\" align_last_edited=\"on|desktop\" _builder_version=\"3.23\" module_alignment=\"center\" animation_style=\"slide\" animation_direction=\"left\" animation_intensity_slide=\"10%\"][\/et_pb_image][\/et_pb_column][et_pb_column type=\"1_3\" _builder_version=\"3.25\" custom_padding=\"|||\" custom_padding__hover=\"|||\"][et_pb_image src=\"https:\/\/www.acxys.com\/wp-content\/uploads\/2019\/05\/ulscan-2.jpg\" align_tablet=\"center\" align_last_edited=\"on|desktop\" _builder_version=\"3.23\" module_alignment=\"center\" animation_style=\"slide\" animation_direction=\"right\" animation_intensity_slide=\"10%\"][\/et_pb_image][\/et_pb_column][\/et_pb_row][et_pb_row column_structure=\"1_3,2_3\" _builder_version=\"3.25\" custom_padding=\"0px||\"][et_pb_column type=\"1_3\" _builder_version=\"3.25\" custom_padding=\"|||\" custom_padding__hover=\"|||\"][\/et_pb_column][et_pb_column type=\"2_3\" _builder_version=\"3.25\" custom_padding=\"|||\" custom_padding__hover=\"|||\"][et_pb_text _builder_version=\"3.26.7\" custom_margin=\"|-82px||||\" custom_padding=\"|48px||||\" animation_style=\"slide\"]<\/p><p style=\"text-align: center;\"><em>Table d\u2019axes motoris\u00e9e QuickSet (2 \u00e0 3 axes)<\/em><\/p><p>[\/et_pb_text][et_pb_text module_class=\"lddw-hidden\" _builder_version=\"3.21.1\" header_font=\"||||||||\"]<\/p><p style=\"text-align: center;\"><em>Table d'axes motoris\u00e9e QuickSet (2 \u00e0 3 axes)<\/em><\/p><p>[\/et_pb_text][\/et_pb_column][\/et_pb_row][et_pb_row _builder_version=\"3.25\" animation_style=\"slide\" animation_direction=\"top\" animation_intensity_slide=\"10%\"][et_pb_column type=\"4_4\" _builder_version=\"3.25\" custom_padding=\"|||\" custom_padding__hover=\"|||\"][et_pb_text _builder_version=\"3.21.1\" text_font=\"||||||||\"]<\/p><h2 class=\"page-h2 hz\">Principales caract\u00e9ristiques de l\u2019ULScan<\/h2><ul class=\"unstyled flex-parent flex-columns-2 flex-wrap-wrap\"><li>- Armoire \u00e9lectrique<\/li><li>- Enceinte de traitement<\/li><li>- Prot\u00e8ge les utilisateurs contre les risques m\u00e9caniques<\/li><li>- Isole la zone de traitement et prot\u00e8ge les usagers des effluents gazeux<\/li><li>- \u00c9cran tactile<\/li><li>- Programmation de modes automatiques<\/li><li>- Arr\u00eat d'urgence<\/li><li>- D\u00e9tecteur de porte<\/li><li>- D\u00e9tecteur d'extraction<\/li><\/ul><p>[\/et_pb_text][\/et_pb_column][\/et_pb_row][\/et_pb_section]<\/p>","_et_gb_content_width":"","footnotes":""},"class_list":["post-2916","page","type-page","status-publish","hentry"],"_links":{"self":[{"href":"https:\/\/www.acxys.com\/es\/wp-json\/wp\/v2\/pages\/2916","targetHints":{"allow":["GET"]}}],"collection":[{"href":"https:\/\/www.acxys.com\/es\/wp-json\/wp\/v2\/pages"}],"about":[{"href":"https:\/\/www.acxys.com\/es\/wp-json\/wp\/v2\/types\/page"}],"author":[{"embeddable":true,"href":"https:\/\/www.acxys.com\/es\/wp-json\/wp\/v2\/users\/2"}],"replies":[{"embeddable":true,"href":"https:\/\/www.acxys.com\/es\/wp-json\/wp\/v2\/comments?post=2916"}],"version-history":[{"count":5,"href":"https:\/\/www.acxys.com\/es\/wp-json\/wp\/v2\/pages\/2916\/revisions"}],"predecessor-version":[{"id":3110,"href":"https:\/\/www.acxys.com\/es\/wp-json\/wp\/v2\/pages\/2916\/revisions\/3110"}],"up":[{"embeddable":true,"href":"https:\/\/www.acxys.com\/es\/wp-json\/wp\/v2\/pages\/2894"}],"wp:attachment":[{"href":"https:\/\/www.acxys.com\/es\/wp-json\/wp\/v2\/media?parent=2916"}],"curies":[{"name":"wp","href":"https:\/\/api.w.org\/{rel}","templated":true}]}}