{"id":2940,"date":"2021-03-08T12:18:36","date_gmt":"2021-03-08T11:18:36","guid":{"rendered":"https:\/\/www.acxys.com\/?page_id=2940"},"modified":"2022-08-02T13:46:03","modified_gmt":"2022-08-02T11:46:03","slug":"actividad","status":"publish","type":"page","link":"https:\/\/www.acxys.com\/es\/tratamiento-superficie-plasma-empresa\/actividad\/","title":{"rendered":"Nuestra actividad"},"content":{"rendered":"<p>[et_pb_section fb_built=\u00bb1&#8243; module_class=\u00bblddw-entete-responsive\u00bb _builder_version=\u00bb4.7.7&#8243; background_image=\u00bbhttps:\/\/www.acxys.com\/wp-content\/uploads\/2021\/02\/P10203873-scaled.jpg\u00bb custom_padding=\u00bb1%||1%|\u00bb z_index_tablet=\u00bb500&#8243;][\/et_pb_section][et_pb_section fb_built=\u00bb1&#8243; _builder_version=\u00bb3.22&#8243; custom_margin=\u00bb0px||\u00bb custom_padding=\u00bb0px||\u00bb][et_pb_row _builder_version=\u00bb3.26.7&#8243; animation_style=\u00bbslide\u00bb][et_pb_column type=\u00bb4_4&#8243; _builder_version=\u00bb3.25&#8243; custom_padding=\u00bb|||\u00bb custom_padding__hover=\u00bb|||\u00bb][et_pb_text module_class=\u00bblddw-landing-conteneur blue\u00bb _builder_version=\u00bb4.7.7&#8243; text_font=\u00bb||||||||\u00bb header_font=\u00bb|600||on|||||\u00bb header_text_color=\u00bb#ffffff\u00bb header_font_size=\u00bb20px\u00bb z_index_tablet=\u00bb500&#8243;]<\/p>\n<h1 style=\"text-align: center;\">Nuestro trabajo: permitirle explotar industrialmente las m\u00faltiples posibilidades que ofrece la tecnolog\u00eda de plasma a presi\u00f3n atmosf\u00e9rica para la preparaci\u00f3n de superficies.<\/h1>\n<p>&nbsp;<\/p>\n<p>[\/et_pb_text][\/et_pb_column][\/et_pb_row][et_pb_row column_structure=\u00bb2_3,1_3&#8243; module_class=\u00bbinverse-order\u00bb _builder_version=\u00bb3.26.7&#8243; animation_style=\u00bbslide\u00bb animation_direction=\u00bbright\u00bb border_width_bottom=\u00bb2px\u00bb border_color_bottom=\u00bb#2f68a3&#8243;][et_pb_column type=\u00bb2_3&#8243; _builder_version=\u00bb3.25&#8243; custom_padding=\u00bb|||\u00bb custom_padding__hover=\u00bb|||\u00bb][et_pb_text _builder_version=\u00bb3.27.4&#8243;]<\/p>\n<p class=\"lddw\"><strong>Especialistas en preparaci\u00f3n de superficies con plasma a presi\u00f3n atmosf\u00e9rica<\/strong>, apoyamos sus proyectos en todas las etapas, <strong>desde el dise\u00f1o hasta la operaci\u00f3n in situ<\/strong>:<strong><br \/><\/strong><\/p>\n<ul class=\"unstyled flex-parent flex-columns-2 flex-wrap-wrap\">\n<li>&#8211; Pruebas de factibilidad y determinaci\u00f3n de las variables de proceso.<\/li>\n<li>&#8211; Dise\u00f1o de equipos<\/li>\n<li>&#8211; Entrega e instalaci\u00f3n<\/li>\n<li>&#8211; Formaci\u00f3n<\/li>\n<li>&#8211; Mantenimiento<\/li>\n<li>&#8211; Renta de equipo<\/li>\n<li>&#8211; Pruebas in situ<\/li>\n<li>&#8211; Estudios de I+D<\/li>\n<\/ul>\n<p>[\/et_pb_text][\/et_pb_column][et_pb_column type=\u00bb1_3&#8243; _builder_version=\u00bb3.25&#8243; custom_padding=\u00bb|||\u00bb custom_padding__hover=\u00bb|||\u00bb][et_pb_text _builder_version=\u00bb3.27.4&#8243; header_font=\u00bb||||||||\u00bb header_2_font=\u00bb||||||||\u00bb header_2_text_color=\u00bb#499ef7&#8243; custom_padding=\u00bb|15px||\u00bb border_width_right=\u00bb8px\u00bb border_color_right=\u00bb#e18e55&#8243;]<\/p>\n<h2>AcXys Technologies cuenta con una amplia experiencia que le permite tener la <strong>capacidad de manejar, dominar y diagnosticar los equipos de tratamiento de superficies.<\/strong><\/h2>\n<p>[\/et_pb_text][\/et_pb_column][\/et_pb_row][et_pb_row column_structure=\u00bb1_3,2_3&#8243; _builder_version=\u00bb3.26.7&#8243; animation_style=\u00bbslide\u00bb animation_direction=\u00bbleft\u00bb border_width_bottom=\u00bb2px\u00bb border_color_bottom=\u00bb#2f68a3&#8243;][et_pb_column type=\u00bb1_3&#8243; _builder_version=\u00bb3.25&#8243; custom_padding=\u00bb|||\u00bb custom_padding__hover=\u00bb|||\u00bb][et_pb_text _builder_version=\u00bb3.27.4&#8243; header_font=\u00bb||||||||\u00bb header_2_font=\u00bb||||||||\u00bb header_2_text_color=\u00bb#499ef7&#8243; custom_padding=\u00bb|||15px\u00bb border_width_left=\u00bb8px\u00bb border_color_left=\u00bb#e18e55&#8243;]<\/p>\n<h2><strong>La I + D es uno de los pilares de AcXys Technologies<\/strong>, lo que nos permite seguir avanzando y abrir m\u00e1s posibilidades de tratamiento de superficies gracias a las tecnolog\u00edas de plasma.<strong><br \/><\/strong><\/h2>\n<p>[\/et_pb_text][\/et_pb_column][et_pb_column type=\u00bb2_3&#8243; _builder_version=\u00bb3.25&#8243; custom_padding=\u00bb|||\u00bb custom_padding__hover=\u00bb|||\u00bb][et_pb_text _builder_version=\u00bb3.27.4&#8243;]<\/p>\n<p class=\"lddw\"><strong>La I + D hace parte del ADN de AcXys Technologies.<\/strong> En nuestra b\u00fasqueda permanente de innovaci\u00f3n, dedicamos una parte importante de nuestro presupuesto y mano de obra a la I + D. Creemos firmemente que una I + D eficiente es intersectorial; por lo tanto, la innovaci\u00f3n est\u00e1 impulsada por proyectos en AcXys Technologies, que involucra al personal de todos los niveles de la empresa, incluido el personal de producci\u00f3n.<br \/>La I + D tambi\u00e9n consiste en <strong>realizar proyectos colaborativos, compartir y crear asociaciones.<\/strong> AcXys Technologies ha desarrollado <strong>varias innovaciones en equipo con universidades o empresas industriales, tanto en Francia como en el extranjero.<\/strong><\/p>\n<p>[\/et_pb_text][\/et_pb_column][\/et_pb_row][et_pb_row column_structure=\u00bb2_3,1_3&#8243; module_class=\u00bbinverse-order\u00bb _builder_version=\u00bb3.26.7&#8243; animation_style=\u00bbslide\u00bb animation_direction=\u00bbright\u00bb][et_pb_column type=\u00bb2_3&#8243; _builder_version=\u00bb3.25&#8243; custom_padding=\u00bb|||\u00bb custom_padding__hover=\u00bb|||\u00bb][et_pb_text _builder_version=\u00bb3.27.4&#8243;]<\/p>\n<p class=\"lddw\">AcXys Technologies DNA tiene el \u00edmpetu, la innovaci\u00f3n y la capacidad de respuesta arraigados. Para ofrecer productos y servicios optimizados, <strong>integramos todas las habilidades que necesitamos internamente<\/strong>. Por ello, nuestro equipo multidisciplinario cuenta con expertos en diferentes \u00e1reas:<\/p>\n<ul class=\"unstyled flex-parent flex-columns-2 flex-wrap-wrap\">\n<li>&#8211; Electr\u00f3nica<\/li>\n<li>&#8211; Automatizaci\u00f3n<\/li>\n<li>&#8211; Sistemas inform\u00e1ticos industriales<\/li>\n<li>&#8211; Electricidad<\/li>\n<li>&#8211; Mec\u00e1nica<\/li>\n<li>&#8211; Procesos de plasma<\/li>\n<li>&#8211; Qu\u00edmica<\/li>\n<li>&#8211; Ciencias de materiales<\/li>\n<\/ul>\n<p class=\"lddw\">En medio de una fase de expansi\u00f3n, AcXys Technologies garantiza la proximidad a sus clientes y socios. <strong>Nuestro equipo de expertos es una de las claves del \u00e9xito a la hora de crear y adaptar soluciones a una gama de necesidades industriales.<\/strong> Es de suma importancia para nosotros satisfacer las diferentes expectativas de nuestros clientes.<\/p>\n<p>[\/et_pb_text][\/et_pb_column][et_pb_column type=\u00bb1_3&#8243; _builder_version=\u00bb3.25&#8243; custom_padding=\u00bb|||\u00bb custom_padding__hover=\u00bb|||\u00bb][et_pb_text _builder_version=\u00bb3.27.4&#8243; header_font=\u00bb||||||||\u00bb header_text_color=\u00bb#499ef7&#8243; header_2_font=\u00bb||||||||\u00bb header_2_text_color=\u00bb#499ef7&#8243; custom_padding=\u00bb|15px||\u00bb border_width_right=\u00bb8px\u00bb border_color_right=\u00bb#e18e55&#8243;]<\/p>\n<h2>AcXys Technologies es un <strong>equipo multidisciplinario y din\u00e1mico.<\/strong> Un equipo pluridisciplinar de diversos or\u00edgenes que comparten el mismo entusiasmo.<\/h2>\n<p>[\/et_pb_text][\/et_pb_column][\/et_pb_row][\/et_pb_section]<\/p>\n","protected":false},"excerpt":{"rendered":"<p>[et_pb_section fb_built=\u00bb1&#8243; module_class=\u00bblddw-entete-responsive\u00bb _builder_version=\u00bb4.7.7&#8243; background_image=\u00bbhttps:\/\/www.acxys.com\/wp-content\/uploads\/2021\/02\/P10203873-scaled.jpg\u00bb custom_padding=\u00bb1%||1%|\u00bb z_index_tablet=\u00bb500&#8243;][\/et_pb_section][et_pb_section fb_built=\u00bb1&#8243; _builder_version=\u00bb3.22&#8243; custom_margin=\u00bb0px||\u00bb custom_padding=\u00bb0px||\u00bb][et_pb_row _builder_version=\u00bb3.26.7&#8243; animation_style=\u00bbslide\u00bb][et_pb_column type=\u00bb4_4&#8243; _builder_version=\u00bb3.25&#8243; custom_padding=\u00bb|||\u00bb custom_padding__hover=\u00bb|||\u00bb][et_pb_text module_class=\u00bblddw-landing-conteneur blue\u00bb _builder_version=\u00bb4.7.7&#8243; text_font=\u00bb||||||||\u00bb header_font=\u00bb|600||on|||||\u00bb header_text_color=\u00bb#ffffff\u00bb header_font_size=\u00bb20px\u00bb z_index_tablet=\u00bb500&#8243;] Nuestro trabajo: permitirle explotar industrialmente las m\u00faltiples posibilidades que ofrece la tecnolog\u00eda de plasma a presi\u00f3n atmosf\u00e9rica para la preparaci\u00f3n de superficies. &nbsp; [\/et_pb_text][\/et_pb_column][\/et_pb_row][et_pb_row column_structure=\u00bb2_3,1_3&#8243; module_class=\u00bbinverse-order\u00bb _builder_version=\u00bb3.26.7&#8243; animation_style=\u00bbslide\u00bb animation_direction=\u00bbright\u00bb border_width_bottom=\u00bb2px\u00bb [&hellip;]<\/p>\n","protected":false},"author":2,"featured_media":0,"parent":2888,"menu_order":0,"comment_status":"closed","ping_status":"closed","template":"","meta":{"_et_pb_use_builder":"on","_et_pb_old_content":"","_et_gb_content_width":"","footnotes":""},"class_list":["post-2940","page","type-page","status-publish","hentry"],"_links":{"self":[{"href":"https:\/\/www.acxys.com\/es\/wp-json\/wp\/v2\/pages\/2940","targetHints":{"allow":["GET"]}}],"collection":[{"href":"https:\/\/www.acxys.com\/es\/wp-json\/wp\/v2\/pages"}],"about":[{"href":"https:\/\/www.acxys.com\/es\/wp-json\/wp\/v2\/types\/page"}],"author":[{"embeddable":true,"href":"https:\/\/www.acxys.com\/es\/wp-json\/wp\/v2\/users\/2"}],"replies":[{"embeddable":true,"href":"https:\/\/www.acxys.com\/es\/wp-json\/wp\/v2\/comments?post=2940"}],"version-history":[{"count":8,"href":"https:\/\/www.acxys.com\/es\/wp-json\/wp\/v2\/pages\/2940\/revisions"}],"predecessor-version":[{"id":5176,"href":"https:\/\/www.acxys.com\/es\/wp-json\/wp\/v2\/pages\/2940\/revisions\/5176"}],"up":[{"embeddable":true,"href":"https:\/\/www.acxys.com\/es\/wp-json\/wp\/v2\/pages\/2888"}],"wp:attachment":[{"href":"https:\/\/www.acxys.com\/es\/wp-json\/wp\/v2\/media?parent=2940"}],"curies":[{"name":"wp","href":"https:\/\/api.w.org\/{rel}","templated":true}]}}