{"id":2953,"date":"2021-03-08T12:37:08","date_gmt":"2021-03-08T11:37:08","guid":{"rendered":"https:\/\/www.acxys.com\/?page_id=2953"},"modified":"2022-08-02T13:47:21","modified_gmt":"2022-08-02T11:47:21","slug":"nosotros","status":"publish","type":"page","link":"https:\/\/www.acxys.com\/es\/tratamiento-superficie-plasma-empresa\/nosotros\/","title":{"rendered":"Nosotros"},"content":{"rendered":"<p>[et_pb_section fb_built=\u00bb1&#8243; module_class=\u00bblddw-entete-responsive\u00bb _builder_version=\u00bb3.22&#8243; background_image=\u00bbhttps:\/\/www.acxys.com\/wp-content\/uploads\/2019\/07\/bg-entete-nous-connaitre.jpg\u00bb background_position=\u00bbbottom_center\u00bb z_index_tablet=\u00bb500&#8243;][\/et_pb_section][et_pb_section fb_built=\u00bb1&#8243; _builder_version=\u00bb3.22&#8243; custom_padding=\u00bb0px||\u00bb][et_pb_row _builder_version=\u00bb3.26.7&#8243; animation_style=\u00bbslide\u00bb][et_pb_column type=\u00bb4_4&#8243; _builder_version=\u00bb3.25&#8243; custom_padding=\u00bb|||\u00bb custom_padding__hover=\u00bb|||\u00bb][et_pb_text module_class=\u00bblddw-landing-conteneur blue\u00bb _builder_version=\u00bb4.7.7&#8243; text_font=\u00bb||||||||\u00bb header_font=\u00bb|600||on|||||\u00bb header_text_color=\u00bb#ffffff\u00bb header_font_size=\u00bb20px\u00bb header_2_font=\u00bb||||||||\u00bb z_index_tablet=\u00bb500&#8243;]<\/p>\n<h1 style=\"text-align: left;\">Nuestro equipo de plasma para el tratamiento de superficies est\u00e1 totalmente dise\u00f1ado y fabricado en nuestras instalaciones.<\/h1>\n<p>&nbsp;<\/p>\n<p>[\/et_pb_text][\/et_pb_column][\/et_pb_row][et_pb_row column_structure=\u00bb2_3,1_3&#8243; _builder_version=\u00bb3.26.7&#8243; animation_style=\u00bbslide\u00bb animation_direction=\u00bbright\u00bb border_width_bottom=\u00bb2px\u00bb border_color_bottom=\u00bb#2f68a3&#8243;][et_pb_column type=\u00bb2_3&#8243; _builder_version=\u00bb3.25&#8243; custom_padding=\u00bb|||\u00bb custom_padding__hover=\u00bb|||\u00bb][et_pb_text _builder_version=\u00bb3.27.4&#8243;]<\/p>\n<p class=\"lddw\">Para cumplir con estos objetivos, nuestros principios son:<\/p>\n<ul>\n<li>Proporcionar un control general y total del producto.<\/li>\n<li>Elegir los mejores componentes<\/li>\n<li>Fabricar, verificar y probar todos nuestros equipos internamente<\/li>\n<li>Contar con un personal flexible, talentoso y polifac\u00e9tico<\/li>\n<\/ul>\n<p class=\"lddw\">En AcXys Technologies, nuestros equipos est\u00e1n completamente dise\u00f1ado por nuestro departamento de dise\u00f1o y son ensamblados por nuestros instaladores. Solo algunos se compran o subcontratan ciertos componentes b\u00e1sicos.<\/p>\n<p>[\/et_pb_text][\/et_pb_column][et_pb_column type=\u00bb1_3&#8243; _builder_version=\u00bb3.25&#8243; custom_padding=\u00bb|||\u00bb custom_padding__hover=\u00bb|||\u00bb][et_pb_text _builder_version=\u00bb3.27.4&#8243; header_font=\u00bb||||||||\u00bb header_2_font=\u00bb||||||||\u00bb header_2_text_color=\u00bb#499ef7&#8243; custom_padding=\u00bb|15px||\u00bb border_width_right=\u00bb8px\u00bb border_color_right=\u00bb#e18e55&#8243;]<\/p>\n<h2>En AcXys Technologies, nuestro objetivo es ofrecer <strong>soluciones altamente eficientes y rentables que cubran una amplia gama de industrias.<\/strong><\/h2>\n<p>[\/et_pb_text][\/et_pb_column][\/et_pb_row][et_pb_row column_structure=\u00bb1_3,2_3&#8243; _builder_version=\u00bb3.26.7&#8243; animation_style=\u00bbslide\u00bb animation_direction=\u00bbleft\u00bb border_width_bottom=\u00bb2px\u00bb border_color_bottom=\u00bb#2f68a3&#8243;][et_pb_column type=\u00bb1_3&#8243; _builder_version=\u00bb3.25&#8243; custom_padding=\u00bb|||\u00bb custom_padding__hover=\u00bb|||\u00bb][et_pb_text _builder_version=\u00bb3.27.4&#8243; header_font=\u00bb||||||||\u00bb header_text_color=\u00bb#499ef7&#8243; header_2_font=\u00bb||||||||\u00bb header_2_text_color=\u00bb#499ef7&#8243; custom_padding=\u00bb|||15px\u00bb border_width_left=\u00bb8px\u00bb border_color_left=\u00bb#e18e55&#8243;]<\/p>\n<h2><strong>La historia de AcXys Technologies <\/strong>es la de una empresa din\u00e1mica e innovadora, que nace a partir de una idea original en donde se buscaba encontrar la manera de aplicar la tecnolog\u00eda de plasma de forma industrial.<strong><br \/><\/strong><\/h2>\n<p>[\/et_pb_text][\/et_pb_column][et_pb_column type=\u00bb2_3&#8243; _builder_version=\u00bb3.25&#8243; custom_padding=\u00bb|||\u00bb custom_padding__hover=\u00bb|||\u00bb][et_pb_text _builder_version=\u00bb3.27.4&#8243;]<\/p>\n<p class=\"lddw\">Nacido del esp\u00edritu innovador de un especialista en I + D industrial, AcXys Technologies se fund\u00f3 a principios de la d\u00e9cada de 2000 y se estableci\u00f3 en la regi\u00f3n de Grenoble, un alto lugar de innovaci\u00f3n y alta tecnolog\u00eda.<br \/>Con el respaldo de una tecnolog\u00eda patentada, la empresa florece r\u00e1pidamente y desarrolla una gama de soluciones industriales dedicadas al plasma a presi\u00f3n atmosf\u00e9rica para el tratamiento de superficies. Desde sus inicios, AcXys Technologies fue acogido por l\u00edderes de la industria y especialistas en investigaci\u00f3n en muchos pa\u00edses.<\/p>\n<p class=\"lddw\">El a\u00f1o 2016 marc\u00f3 un hito ya que la empresa se traslad\u00f3 a nuevas instalaciones ampliadas, duplicando su superficie y capacidad de fabricaci\u00f3n, mejorando as\u00ed su productividad para hacer frente a las crecientes solicitudes de los clientes.<\/p>\n<p>[\/et_pb_text][\/et_pb_column][\/et_pb_row][et_pb_row _builder_version=\u00bb3.25&#8243;][et_pb_column type=\u00bb4_4&#8243; _builder_version=\u00bb3.25&#8243; custom_padding=\u00bb|||\u00bb custom_padding__hover=\u00bb|||\u00bb][et_pb_team_member name=\u00bbThierry SINDZINGRE\u00bb position=\u00bbPDG d\u2019AcXys Technologies\u00bb image_url=\u00bbhttps:\/\/www.acxys.com\/wp-content\/uploads\/2019\/04\/portrait-anonyme.png\u00bb icon_color=\u00bb#193452&#8243; module_class=\u00bblddw-hidden\u00bb _builder_version=\u00bb3.21.1&#8243;]<\/p>\n<p>Lorem ipsum dolor sit amet, consectetur adipiscing elit. Curabitur non hendrerit urna. Quisque faucibus rhoncus volutpat. Nullam tempor, dolor id porttitor consectetur, massa urna pharetra orci, vitae maximus nunc est et erat. Morbi volutpat, nulla at tincidunt cursus, enim ligula commodo sapien, dapibus venenatis dui lectus eu arcu. Integer venenatis ex non facilisis lacinia. Proin volutpat fermentum nisl, at eleifend nisl efficitur dictum. Nulla id sapien urna. Nulla tempus finibus ante, quis consectetur lectus condimentum tincidunt. Sed efficitur vehicula elit in hendrerit. Curabitur vel ex a urna hendrerit posuere sodales id metus. Sed id hendrerit neque. Nam quis feugiat erat, at sagittis lacus.<\/p>\n<p>Mauris consectetur nunc sed condimentum accumsan. Pellentesque venenatis leo eu ligula porttitor pretium. Duis aliquam ligula non tellus sagittis, vel lobortis neque ultricies. Cras pretium efficitur ligula, eget vestibulum lectus tincidunt ut. Phasellus mattis ante volutpat accumsan sollicitudin. Sed sed congue nunc, iaculis porttitor nulla. Aliquam eget mollis urna, eleifend lobortis purus. Duis tristique justo quis quam consequat, vel dignissim massa bibendum. Aliquam tortor libero, facilisis vitae sagittis id, ullamcorper non magna. Curabitur sollicitudin sed urna a fermentum. Aenean libero elit, pellentesque non vehicula nec, consequat at ligula. Cras imperdiet gravida risus, aliquet volutpat nulla suscipit et. Donec facilisis sapien fringilla diam egestas, et sodales lacus viverra.<\/p>\n<p>[\/et_pb_team_member][\/et_pb_column][\/et_pb_row][\/et_pb_section]<\/p>\n","protected":false},"excerpt":{"rendered":"<p>[et_pb_section fb_built=\u00bb1&#8243; module_class=\u00bblddw-entete-responsive\u00bb _builder_version=\u00bb3.22&#8243; background_image=\u00bbhttps:\/\/www.acxys.com\/wp-content\/uploads\/2019\/07\/bg-entete-nous-connaitre.jpg\u00bb background_position=\u00bbbottom_center\u00bb z_index_tablet=\u00bb500&#8243;][\/et_pb_section][et_pb_section fb_built=\u00bb1&#8243; _builder_version=\u00bb3.22&#8243; custom_padding=\u00bb0px||\u00bb][et_pb_row _builder_version=\u00bb3.26.7&#8243; animation_style=\u00bbslide\u00bb][et_pb_column type=\u00bb4_4&#8243; _builder_version=\u00bb3.25&#8243; custom_padding=\u00bb|||\u00bb custom_padding__hover=\u00bb|||\u00bb][et_pb_text module_class=\u00bblddw-landing-conteneur blue\u00bb _builder_version=\u00bb4.7.7&#8243; text_font=\u00bb||||||||\u00bb header_font=\u00bb|600||on|||||\u00bb header_text_color=\u00bb#ffffff\u00bb header_font_size=\u00bb20px\u00bb header_2_font=\u00bb||||||||\u00bb z_index_tablet=\u00bb500&#8243;] Nuestro equipo de plasma para el tratamiento de superficies est\u00e1 totalmente dise\u00f1ado y fabricado en nuestras instalaciones. &nbsp; [\/et_pb_text][\/et_pb_column][\/et_pb_row][et_pb_row column_structure=\u00bb2_3,1_3&#8243; _builder_version=\u00bb3.26.7&#8243; animation_style=\u00bbslide\u00bb animation_direction=\u00bbright\u00bb border_width_bottom=\u00bb2px\u00bb border_color_bottom=\u00bb#2f68a3&#8243;][et_pb_column type=\u00bb2_3&#8243; _builder_version=\u00bb3.25&#8243; custom_padding=\u00bb|||\u00bb custom_padding__hover=\u00bb|||\u00bb][et_pb_text _builder_version=\u00bb3.27.4&#8243;] [&hellip;]<\/p>\n","protected":false},"author":2,"featured_media":0,"parent":2888,"menu_order":0,"comment_status":"closed","ping_status":"closed","template":"","meta":{"_et_pb_use_builder":"on","_et_pb_old_content":"","_et_gb_content_width":"","footnotes":""},"class_list":["post-2953","page","type-page","status-publish","hentry"],"_links":{"self":[{"href":"https:\/\/www.acxys.com\/es\/wp-json\/wp\/v2\/pages\/2953","targetHints":{"allow":["GET"]}}],"collection":[{"href":"https:\/\/www.acxys.com\/es\/wp-json\/wp\/v2\/pages"}],"about":[{"href":"https:\/\/www.acxys.com\/es\/wp-json\/wp\/v2\/types\/page"}],"author":[{"embeddable":true,"href":"https:\/\/www.acxys.com\/es\/wp-json\/wp\/v2\/users\/2"}],"replies":[{"embeddable":true,"href":"https:\/\/www.acxys.com\/es\/wp-json\/wp\/v2\/comments?post=2953"}],"version-history":[{"count":7,"href":"https:\/\/www.acxys.com\/es\/wp-json\/wp\/v2\/pages\/2953\/revisions"}],"predecessor-version":[{"id":5177,"href":"https:\/\/www.acxys.com\/es\/wp-json\/wp\/v2\/pages\/2953\/revisions\/5177"}],"up":[{"embeddable":true,"href":"https:\/\/www.acxys.com\/es\/wp-json\/wp\/v2\/pages\/2888"}],"wp:attachment":[{"href":"https:\/\/www.acxys.com\/es\/wp-json\/wp\/v2\/media?parent=2953"}],"curies":[{"name":"wp","href":"https:\/\/api.w.org\/{rel}","templated":true}]}}