{"id":2990,"date":"2021-03-08T13:15:58","date_gmt":"2021-03-08T12:15:58","guid":{"rendered":"https:\/\/www.acxys.com\/?page_id=2990"},"modified":"2022-08-02T14:13:33","modified_gmt":"2022-08-02T12:13:33","slug":"adhesion-adherencia-humectabilidad-adhesion-limpieza-2","status":"publish","type":"page","link":"https:\/\/www.acxys.com\/es\/tecnologia-plasma-tratamiento-superficie\/adhesion-adherencia-humectabilidad-adhesion-limpieza-2\/","title":{"rendered":"Aplicaciones industriales"},"content":{"rendered":"<p>[et_pb_section fb_built=\u00bb1&#8243; module_class=\u00bblddw-entete-responsive\u00bb _builder_version=\u00bb3.22&#8243; background_image=\u00bbhttps:\/\/www.acxys.com\/wp-content\/uploads\/2019\/07\/bg-entete-procede.jpg\u00bb background_position=\u00bbbottom_center\u00bb custom_padding=\u00bb1%||1%|\u00bb z_index_tablet=\u00bb500&#8243;][\/et_pb_section][et_pb_section fb_built=\u00bb1&#8243; _builder_version=\u00bb3.22&#8243; custom_padding=\u00bb0px||\u00bb][et_pb_row _builder_version=\u00bb3.26.7&#8243; custom_padding=\u00bb|||84px||\u00bb animation_style=\u00bbslide\u00bb][et_pb_column type=\u00bb4_4&#8243; _builder_version=\u00bb3.25&#8243; custom_padding=\u00bb|||\u00bb custom_padding__hover=\u00bb|||\u00bb][et_pb_text module_class=\u00bblddw-landing-conteneur blue\u00bb _builder_version=\u00bb4.7.7&#8243; text_font=\u00bb||||||||\u00bb header_font=\u00bb|600||on|||||\u00bb header_text_color=\u00bb#ffffff\u00bb header_font_size=\u00bb20px\u00bb width=\u00bb100%\u00bb custom_margin=\u00bb|84px||-42px||\u00bb custom_padding=\u00bb|0px|33px|||\u00bb z_index_tablet=\u00bb500&#8243;]<\/p>\n<h1 style=\"text-align: left;\">La activaci\u00f3n superficial con tecnolog\u00eda de plasma permite realizar muchas operaciones industriales sobre una gran variedad de materiales<\/h1>\n<p>[\/et_pb_text][\/et_pb_column][\/et_pb_row][et_pb_row _builder_version=\u00bb3.26.7&#8243; animation_style=\u00bbslide\u00bb animation_direction=\u00bbleft\u00bb][et_pb_column type=\u00bb4_4&#8243; _builder_version=\u00bb3.25&#8243; custom_padding=\u00bb|||\u00bb custom_padding__hover=\u00bb|||\u00bb][et_pb_text _builder_version=\u00bb3.27.4&#8243;]<\/p>\n<p>Con el tratamiento con plasma a presi\u00f3n atmosf\u00e9rica, la preparaci\u00f3n de superficies en el mundo industrial es optimizada para mejorar operaciones de pegado, pintado, barnizado, limpieza, etc. La consecuencia es una r\u00e1pida difusi\u00f3n en todos los sectores industriales.<\/p>\n<p><strong>Descubra algunos ejemplos aqu\u00ed y no dude en contactarnos independientemente de los materiales u operaciones industriales que se requieran.<\/strong><\/p>\n<p>La pericia y la experiencia de AcXys Technologies nos permiten ofrecerle soluciones que pueden integrarse f\u00e1cilmente en sus l\u00edneas de producci\u00f3n para satisfacer sus necesidades espec\u00edficas.<\/p>\n<p>[\/et_pb_text][\/et_pb_column][\/et_pb_row][et_pb_row column_structure=\u00bb1_4,3_4&#8243; _builder_version=\u00bb3.25&#8243; border_color_bottom=\u00bb#2f68a3&#8243;][et_pb_column type=\u00bb1_4&#8243; _builder_version=\u00bb3.25&#8243; custom_padding=\u00bb|||\u00bb custom_padding__hover=\u00bb|||\u00bb][et_pb_text _builder_version=\u00bb3.27.4&#8243; header_font=\u00bb||||||||\u00bb header_2_font=\u00bb||||||||\u00bb header_2_text_color=\u00bb#499ef7&#8243; custom_padding=\u00bb|||15px\u00bb border_color_right=\u00bb#e18e55&#8243; border_width_left=\u00bb8px\u00bb border_color_left=\u00bb#e18e55&#8243;]<\/p>\n<h2>Principales aplicaciones para el tratamiento con plasma a presi\u00f3n atmosf\u00e9rica<\/h2>\n<p>[\/et_pb_text][\/et_pb_column][et_pb_column type=\u00bb3_4&#8243; _builder_version=\u00bb3.25&#8243; custom_padding=\u00bb|||\u00bb custom_padding__hover=\u00bb|||\u00bb][et_pb_text _builder_version=\u00bb3.27.4&#8243;]<\/p>\n<p>El tratamiento con plasma no solo eliminar\u00e1 los contaminantes org\u00e1nicos presentes en la superficie, sino que tambi\u00e9n agregar\u00e1 nuevas funciones qu\u00edmicas que <strong>aumentar\u00e1n considerablemente la humectabilidad de las superficies y promover\u00e1n la adhesi\u00f3n de pegamentos, tintas, pinturas y barnices. Permite adem\u00e1s reducir el uso de productos qu\u00edmicos que a menudo son nocivos para el medio ambiente como son los solventes y reducir las emisiones de productos contaminantes (COV)<\/strong>.<\/p>\n<p>Los <strong>materiales<\/strong> susceptibles de ser tratados eficazmente por plasma atmosf\u00e9rico son muy numerosos: <strong>metales, vidrio, papel, cart\u00f3n, pol\u00edmeros (polipropileno, policarbonato, polietileno, PVC, &#8230;), materiales compuestos (composites) &#8230;<\/strong><\/p>\n<p>[\/et_pb_text][\/et_pb_column][\/et_pb_row][et_pb_row column_structure=\u00bb2_5,3_5&#8243; _builder_version=\u00bb3.25&#8243;][et_pb_column type=\u00bb2_5&#8243; _builder_version=\u00bb3.25&#8243; custom_padding=\u00bb|||\u00bb custom_padding__hover=\u00bb|||\u00bb][et_pb_text _builder_version=\u00bb3.27.4&#8243; hover_enabled=\u00bb0&#8243; sticky_enabled=\u00bb0&#8243;]<\/p>\n<h3 class=\"page-h3\">Limpieza y descontaminaci\u00f3n de superficies<\/h3>\n<p>[\/et_pb_text][\/et_pb_column][et_pb_column type=\u00bb3_5&#8243; _builder_version=\u00bb3.25&#8243; custom_padding=\u00bb|||\u00bb custom_padding__hover=\u00bb|||\u00bb][et_pb_text _builder_version=\u00bb3.27.4&#8243;]<\/p>\n<p>El tratamiento con plasma atmosf\u00e9rico es eficaz para la \u00faltima etapa de limpieza de superficies porque elimina las capas delgadas de mol\u00e9culas org\u00e1nicas o hidrocarburos que siguen presentes sobre un material.<\/p>\n<p>Por ejemplo, los residuos de aceite soluble en agua en las superficies de aluminio se pueden eliminar en segundos con limpieza con plasma. Por lo tanto, las piezas procesadas estar\u00e1n r\u00e1pidamente disponibles para las siguientes etapas del proceso.<\/p>\n<p>[\/et_pb_text][et_pb_image src=\u00bbhttps:\/\/www.acxys.com\/wp-content\/uploads\/2019\/05\/reduction-oxyde-cuivre.jpg\u00bb align=\u00bbcenter\u00bb align_tablet=\u00bbcenter\u00bb align_phone=\u00bb\u00bb align_last_edited=\u00bbon|desktop\u00bb _builder_version=\u00bb3.23&#8243; max_width=\u00bb80%\u00bb max_width_tablet=\u00bb80%\u00bb max_width_phone=\u00bb100%\u00bb max_width_last_edited=\u00bbon|phone\u00bb module_alignment=\u00bbcenter\u00bb][\/et_pb_image][et_pb_text module_class=\u00bblddw-hidden\u00bb _builder_version=\u00bb3.27.4&#8243;]<\/p>\n<p style=\"text-align: center;\"><em>R\u00e9duction d\u2019oxyde de cuivre<\/em><\/p>\n<p>[\/et_pb_text][\/et_pb_column][\/et_pb_row][et_pb_row column_structure=\u00bb2_5,3_5&#8243; _builder_version=\u00bb3.25&#8243;][et_pb_column type=\u00bb2_5&#8243; _builder_version=\u00bb3.25&#8243; custom_padding=\u00bb|||\u00bb custom_padding__hover=\u00bb|||\u00bb][et_pb_text _builder_version=\u00bb4.7.7&#8243; hover_enabled=\u00bb0&#8243; sticky_enabled=\u00bb0&#8243;]<\/p>\n<h3 class=\"page-h3\">Activaci\u00f3n con plasma previo a la aplicaci\u00f3n de un pegamento<br \/>\n<\/h3>\n<p>[\/et_pb_text][\/et_pb_column][et_pb_column type=\u00bb3_5&#8243; _builder_version=\u00bb3.25&#8243; custom_padding=\u00bb|||\u00bb custom_padding__hover=\u00bb|||\u00bb][et_pb_text _builder_version=\u00bb3.27.4&#8243;]<\/p>\n<p>El tratamiento con plasma permite mejorar considerablemente el proceso de aplicaci\u00f3n de un pegamento para cumplir con los requisitos industriales, sin el uso de un primer.<\/p>\n<p>Gracias a este tipo de tratamiento superficial, es posible obtener una ruptura cohesiva en lugar de una ruptura adhesiva y lograr fuerzas de rotura muy altas. Esto da como resultado cualidades de adherencia insuperables.<\/p>\n<p>[\/et_pb_text][et_pb_image src=\u00bbhttps:\/\/www.acxys.com\/wp-content\/uploads\/2019\/05\/rupture-adhesive.jpg\u00bb align=\u00bbcenter\u00bb align_tablet=\u00bbcenter\u00bb align_phone=\u00bb\u00bb align_last_edited=\u00bbon|desktop\u00bb _builder_version=\u00bb3.23&#8243; max_width=\u00bb70%\u00bb module_alignment=\u00bbcenter\u00bb][\/et_pb_image][et_pb_text _builder_version=\u00bb3.27.4&#8243;]<\/p>\n<p style=\"text-align: center;\"><em>Izquierda: fallo adhesivo f\u00e1cil<\/em><br \/><em>Derecha: falla cohesiva<\/em><\/p>\n<p>[\/et_pb_text][\/et_pb_column][\/et_pb_row][et_pb_row column_structure=\u00bb2_5,3_5&#8243; _builder_version=\u00bb3.25&#8243;][et_pb_column type=\u00bb2_5&#8243; _builder_version=\u00bb3.25&#8243; custom_padding=\u00bb|||\u00bb custom_padding__hover=\u00bb|||\u00bb][et_pb_text _builder_version=\u00bb4.7.7&#8243; hover_enabled=\u00bb0&#8243; sticky_enabled=\u00bb0&#8243;]<\/p>\n<h3 class=\"page-h3\">Activaci\u00f3n de plasma antes del sobremoldeo<br \/>\n<\/h3>\n<p>[\/et_pb_text][\/et_pb_column][et_pb_column type=\u00bb3_5&#8243; _builder_version=\u00bb3.25&#8243; custom_padding=\u00bb|||\u00bb custom_padding__hover=\u00bb|||\u00bb][et_pb_text _builder_version=\u00bb4.9.7&#8243; hover_enabled=\u00bb0&#8243; sticky_enabled=\u00bb0&#8243;]<\/p>\n<p>Para lograr plenamente sus objetivos t\u00e9cnicos, el sobremoldeo de un material es una operaci\u00f3n que requiere una muy buena adherencia del material sobremoldeado al la pieza.<\/p>\n<p>En virtud de su capacidad para poder procesar diversos materiales y formas, el tratamiento con plasma a presi\u00f3n atmosf\u00e9rica proporciona una soluci\u00f3n muy simple, f\u00e1cil de implementar y compatible con los flujos de producci\u00f3n de las operaciones de sobremoldeo.<\/p>\n<p>[\/et_pb_text][et_pb_image src=\u00bbhttps:\/\/www.acxys.com\/wp-content\/uploads\/2019\/05\/activation-plasma-surmoulage.jpg\u00bb align=\u00bbcenter\u00bb align_tablet=\u00bbcenter\u00bb align_phone=\u00bb\u00bb align_last_edited=\u00bbon|desktop\u00bb _builder_version=\u00bb3.23&#8243; max_width=\u00bb80%\u00bb module_alignment=\u00bbcenter\u00bb][\/et_pb_image][et_pb_text _builder_version=\u00bb4.7.7&#8243;]<\/p>\n<p style=\"text-align: center;\"><em>Activaci\u00f3n por plasma ULD en aluminio antes de un procedimiento de sobremoldeo.<\/em><\/p>\n<p>[\/et_pb_text][\/et_pb_column][\/et_pb_row][et_pb_row column_structure=\u00bb2_5,3_5&#8243; _builder_version=\u00bb3.25&#8243;][et_pb_column type=\u00bb2_5&#8243; _builder_version=\u00bb3.25&#8243; custom_padding=\u00bb|||\u00bb custom_padding__hover=\u00bb|||\u00bb][et_pb_text _builder_version=\u00bb3.27.4&#8243;]<\/p>\n<h3 class=\"page-h3\">Activaci\u00f3n de una superficie por plasma previo a etapas de marcaje y decoraci\u00f3n<\/h3>\n<p>[\/et_pb_text][\/et_pb_column][et_pb_column type=\u00bb3_5&#8243; _builder_version=\u00bb3.25&#8243; custom_padding=\u00bb|||\u00bb custom_padding__hover=\u00bb|||\u00bb][et_pb_text _builder_version=\u00bb3.27.4&#8243;]<\/p>\n<p>Al modificar la superficie de los materiales a barnizar o pintar, el tratamiento con plasma no solo aumenta la adherencia de los productos aplicados sino que tambi\u00e9n juega un papel muy favorable en su acabado final.<\/p>\n<p>[\/et_pb_text][et_pb_image src=\u00bbhttps:\/\/www.acxys.com\/wp-content\/uploads\/2019\/05\/activation-plasma-avant-marquage.jpg\u00bb align=\u00bbcenter\u00bb align_tablet=\u00bbcenter\u00bb align_phone=\u00bb\u00bb align_last_edited=\u00bbon|desktop\u00bb module_class=\u00bblddw-hidden\u00bb _builder_version=\u00bb3.23&#8243; max_width=\u00bb80%\u00bb module_alignment=\u00bbcenter\u00bb][\/et_pb_image][et_pb_text module_class=\u00bblddw-hidden\u00bb _builder_version=\u00bb3.27.4&#8243;]<\/p>\n<p style=\"text-align: center;\"><em>Vue de microscope d&#8217;une goutte sur le papier avant et apr\u00e8s le traitement plasma<\/em><\/p>\n<p>[\/et_pb_text][\/et_pb_column][\/et_pb_row][et_pb_row column_structure=\u00bb2_5,3_5&#8243; _builder_version=\u00bb3.25&#8243;][et_pb_column type=\u00bb2_5&#8243; _builder_version=\u00bb3.25&#8243; custom_padding=\u00bb|||\u00bb custom_padding__hover=\u00bb|||\u00bb][et_pb_text _builder_version=\u00bb3.27.4&#8243; hover_enabled=\u00bb0&#8243; sticky_enabled=\u00bb0&#8243;]<\/p>\n<h3 class=\"page-h3\">Tratamiento con plasma antes de las operaciones de pintura o barnizado<\/h3>\n<p>[\/et_pb_text][\/et_pb_column][et_pb_column type=\u00bb3_5&#8243; _builder_version=\u00bb3.25&#8243; custom_padding=\u00bb|||\u00bb custom_padding__hover=\u00bb|||\u00bb][et_pb_text _builder_version=\u00bb4.9.7&#8243; hover_enabled=\u00bb0&#8243; sticky_enabled=\u00bb0&#8243;]<\/p>\n<p>Al modificar la superficie de los materiales a barnizar o pintar, el tratamiento con plasma no solo aumenta la adherencia de los productos aplicados, sino que tambi\u00e9n juega un papel muy favorable en su acabado final.<\/p>\n<p>[\/et_pb_text][et_pb_image src=\u00bbhttps:\/\/www.acxys.com\/wp-content\/uploads\/2019\/05\/activation-plasma-avant-vernis.jpg\u00bb align=\u00bbcenter\u00bb align_tablet=\u00bbcenter\u00bb align_phone=\u00bb\u00bb align_last_edited=\u00bbon|desktop\u00bb module_class=\u00bblddw-hidden\u00bb _builder_version=\u00bb4.9.7&#8243; max_width=\u00bb50%\u00bb max_width_tablet=\u00bb60%\u00bb max_width_phone=\u00bb\u00bb max_width_last_edited=\u00bbon|desktop\u00bb module_alignment=\u00bbcenter\u00bb hover_enabled=\u00bb0&#8243; sticky_enabled=\u00bb0&#8243;][\/et_pb_image][et_pb_text module_class=\u00bblddw-hidden\u00bb _builder_version=\u00bb4.9.7&#8243; hover_enabled=\u00bb0&#8243; sticky_enabled=\u00bb0&#8243;]<\/p>\n<p style=\"text-align: center;\"><em>Variation de l&#8217;angle de contact d&#8217;une goutte sur poly\u00e9thyl\u00e8ne avant et apr\u00e8s traitement<\/em><\/p>\n<p>[\/et_pb_text][\/et_pb_column][\/et_pb_row][et_pb_row column_structure=\u00bb2_5,3_5&#8243; _builder_version=\u00bb3.25&#8243;][et_pb_column type=\u00bb2_5&#8243; _builder_version=\u00bb3.25&#8243; custom_padding=\u00bb|||\u00bb custom_padding__hover=\u00bb|||\u00bb][et_pb_text _builder_version=\u00bb4.7.7&#8243; hover_enabled=\u00bb0&#8243; sticky_enabled=\u00bb0&#8243;]<\/p>\n<h3 class=\"page-h3\">Recubrimiento con pel\u00edculas o capas finas<br \/>\n<\/h3>\n<p>[\/et_pb_text][\/et_pb_column][et_pb_column type=\u00bb3_5&#8243; _builder_version=\u00bb3.25&#8243; custom_padding=\u00bb|||\u00bb custom_padding__hover=\u00bb|||\u00bb][et_pb_text _builder_version=\u00bb3.27.4&#8243;]<\/p>\n<p>La inyecci\u00f3n en el plasma de un precursor qu\u00edmico cuidadosamente seleccionado, conduce a la formaci\u00f3n de una capa fina homog\u00e9nea que se deposita sobre las superficies tratadas.<\/p>\n<p>A presi\u00f3n atmosf\u00e9rica, esta reacci\u00f3n CVD (chemical vapor deposition) puede ocurrir a baja temperatura, o incluso a temperatura ambiente, en cualquier tipo de superficie. Gracias al proceso de plasma atmosf\u00e9rico, es posible depositar materiales sobre pl\u00e1sticos, composites, metal o vidrio.<\/p>\n<p>Las aplicaciones de esta t\u00e9cnica son numerosas e incluso inexploradas. Este tipo de capas aportan nuevas funcionalidades a los materiales recubiertos. Los recubrimientos de silicio (SiOx) son ahora un proceso bien conocido y atractivo. Gracias a esta tecnolog\u00eda, es posible :<\/p>\n<ul>\n<li>Crear una capa adhesiva a base de aminas (NH2)<\/li>\n<li>Proporcionar funciones \u00f3pticas a una superficie.<\/li>\n<li>Aplicar una capa anticorrosi\u00f3n en determinados tipos de superficies met\u00e1licas.<\/li>\n<\/ul>\n<p>[\/et_pb_text][et_pb_image src=\u00bbhttps:\/\/www.acxys.com\/wp-content\/uploads\/2019\/05\/depot-couche-mince.jpg\u00bb align=\u00bbcenter\u00bb align_tablet=\u00bbcenter\u00bb align_phone=\u00bb\u00bb align_last_edited=\u00bbon|desktop\u00bb _builder_version=\u00bb3.23&#8243; max_width=\u00bb60%\u00bb max_width_tablet=\u00bb75%\u00bb max_width_phone=\u00bb\u00bb max_width_last_edited=\u00bbon|phone\u00bb module_alignment=\u00bbcenter\u00bb][\/et_pb_image][\/et_pb_column][\/et_pb_row][\/et_pb_section]<\/p>\n","protected":false},"excerpt":{"rendered":"<p>[et_pb_section fb_built=\u00bb1&#8243; module_class=\u00bblddw-entete-responsive\u00bb _builder_version=\u00bb3.22&#8243; background_image=\u00bbhttps:\/\/www.acxys.com\/wp-content\/uploads\/2019\/07\/bg-entete-procede.jpg\u00bb background_position=\u00bbbottom_center\u00bb custom_padding=\u00bb1%||1%|\u00bb z_index_tablet=\u00bb500&#8243;][\/et_pb_section][et_pb_section fb_built=\u00bb1&#8243; _builder_version=\u00bb3.22&#8243; custom_padding=\u00bb0px||\u00bb][et_pb_row _builder_version=\u00bb3.26.7&#8243; custom_padding=\u00bb|||84px||\u00bb animation_style=\u00bbslide\u00bb][et_pb_column type=\u00bb4_4&#8243; _builder_version=\u00bb3.25&#8243; custom_padding=\u00bb|||\u00bb custom_padding__hover=\u00bb|||\u00bb][et_pb_text module_class=\u00bblddw-landing-conteneur blue\u00bb _builder_version=\u00bb4.7.7&#8243; text_font=\u00bb||||||||\u00bb header_font=\u00bb|600||on|||||\u00bb header_text_color=\u00bb#ffffff\u00bb header_font_size=\u00bb20px\u00bb width=\u00bb100%\u00bb custom_margin=\u00bb|84px||-42px||\u00bb custom_padding=\u00bb|0px|33px|||\u00bb z_index_tablet=\u00bb500&#8243;] La activaci\u00f3n superficial con tecnolog\u00eda de plasma permite realizar muchas operaciones industriales sobre una gran variedad de materiales [\/et_pb_text][\/et_pb_column][\/et_pb_row][et_pb_row _builder_version=\u00bb3.26.7&#8243; animation_style=\u00bbslide\u00bb animation_direction=\u00bbleft\u00bb][et_pb_column type=\u00bb4_4&#8243; _builder_version=\u00bb3.25&#8243; custom_padding=\u00bb|||\u00bb custom_padding__hover=\u00bb|||\u00bb][et_pb_text [&hellip;]<\/p>\n","protected":false},"author":2,"featured_media":0,"parent":2972,"menu_order":0,"comment_status":"closed","ping_status":"closed","template":"","meta":{"_et_pb_use_builder":"on","_et_pb_old_content":"","_et_gb_content_width":"","footnotes":""},"class_list":["post-2990","page","type-page","status-publish","hentry"],"_links":{"self":[{"href":"https:\/\/www.acxys.com\/es\/wp-json\/wp\/v2\/pages\/2990","targetHints":{"allow":["GET"]}}],"collection":[{"href":"https:\/\/www.acxys.com\/es\/wp-json\/wp\/v2\/pages"}],"about":[{"href":"https:\/\/www.acxys.com\/es\/wp-json\/wp\/v2\/types\/page"}],"author":[{"embeddable":true,"href":"https:\/\/www.acxys.com\/es\/wp-json\/wp\/v2\/users\/2"}],"replies":[{"embeddable":true,"href":"https:\/\/www.acxys.com\/es\/wp-json\/wp\/v2\/comments?post=2990"}],"version-history":[{"count":11,"href":"https:\/\/www.acxys.com\/es\/wp-json\/wp\/v2\/pages\/2990\/revisions"}],"predecessor-version":[{"id":5188,"href":"https:\/\/www.acxys.com\/es\/wp-json\/wp\/v2\/pages\/2990\/revisions\/5188"}],"up":[{"embeddable":true,"href":"https:\/\/www.acxys.com\/es\/wp-json\/wp\/v2\/pages\/2972"}],"wp:attachment":[{"href":"https:\/\/www.acxys.com\/es\/wp-json\/wp\/v2\/media?parent=2990"}],"curies":[{"name":"wp","href":"https:\/\/api.w.org\/{rel}","templated":true}]}}