{"id":3023,"date":"2021-03-09T11:26:00","date_gmt":"2021-03-09T10:26:00","guid":{"rendered":"https:\/\/www.acxys.com\/?page_id=3023"},"modified":"2022-08-02T14:36:08","modified_gmt":"2022-08-02T12:36:08","slug":"plasma-vs-corona","status":"publish","type":"page","link":"https:\/\/www.acxys.com\/es\/tecnologia-plasma-tratamiento-superficie\/plasma-vs-corona\/","title":{"rendered":"Plasma vs. otras tecnologias"},"content":{"rendered":"<p>[et_pb_section fb_built=\u00bb1&#8243; module_class=\u00bblddw-entete-responsive\u00bb _builder_version=\u00bb4.7.7&#8243; background_image=\u00bbhttps:\/\/www.acxys.com\/wp-content\/uploads\/2021\/02\/P10206363-scaled.jpg\u00bb background_position=\u00bbtop_center\u00bb custom_padding=\u00bb1%||1%|\u00bb z_index_tablet=\u00bb500&#8243;][\/et_pb_section][et_pb_section fb_built=\u00bb1&#8243; _builder_version=\u00bb3.22&#8243; custom_padding=\u00bb0px||\u00bb][et_pb_row _builder_version=\u00bb3.26.7&#8243; animation_style=\u00bbslide\u00bb][et_pb_column type=\u00bb4_4&#8243; _builder_version=\u00bb3.25&#8243; custom_padding=\u00bb|||\u00bb custom_padding__hover=\u00bb|||\u00bb][et_pb_text module_class=\u00bblddw-landing-conteneur blue\u00bb _builder_version=\u00bb4.7.7&#8243; text_font=\u00bb||||||||\u00bb header_font=\u00bb|600||on|||||\u00bb header_text_color=\u00bb#ffffff\u00bb header_font_size=\u00bb20px\u00bb z_index_tablet=\u00bb500&#8243;]<\/p>\n<h1>\nLa tecnolog\u00eda de plasma proporciona mayores beneficios vs. t\u00e9cnicas tradicionales para una preparaci\u00f3n de superficies eficiente.<\/p>\n<\/h1>\n<p>[\/et_pb_text][\/et_pb_column][\/et_pb_row][et_pb_row column_structure=\u00bb1_4,3_4&#8243; _builder_version=\u00bb3.26.7&#8243; animation_style=\u00bbslide\u00bb animation_direction=\u00bbleft\u00bb border_color_bottom=\u00bb#2f68a3&#8243;][et_pb_column type=\u00bb1_4&#8243; _builder_version=\u00bb3.25&#8243; custom_padding=\u00bb|||\u00bb custom_padding__hover=\u00bb|||\u00bb][et_pb_text _builder_version=\u00bb4.7.7&#8243; header_font=\u00bb||||||||\u00bb header_2_font=\u00bb||||||||\u00bb header_2_text_color=\u00bb#499ef7&#8243; custom_padding=\u00bb|||15px\u00bb border_color_right=\u00bb#e18e55&#8243; border_width_left=\u00bb8px\u00bb border_color_left=\u00bb#e18e55&#8243;]<\/p>\n<h2>Plasma versus Corona<br \/>\n<\/h2>\n<p>[\/et_pb_text][\/et_pb_column][et_pb_column type=\u00bb3_4&#8243; _builder_version=\u00bb3.25&#8243; custom_padding=\u00bb|||\u00bb custom_padding__hover=\u00bb|||\u00bb][et_pb_text _builder_version=\u00bb3.27.4&#8243;]<\/p>\n<p><strong>\u00bfCu\u00e1l es la diferencia entre plasma y corona?<\/strong> \u00bfCu\u00e1les son sus respectivas ventajas y desventajas?<br \/>Una respuesta clara requiere distinguir entre la descripci\u00f3n de un fen\u00f3meno f\u00edsico y una tecnolog\u00eda. <\/p>\n<p>[\/et_pb_text][\/et_pb_column][\/et_pb_row][et_pb_row column_structure=\u00bb2_5,3_5&#8243; _builder_version=\u00bb3.25&#8243;][et_pb_column type=\u00bb2_5&#8243; _builder_version=\u00bb3.25&#8243; custom_padding=\u00bb|||\u00bb custom_padding__hover=\u00bb|||\u00bb][et_pb_text _builder_version=\u00bb4.7.7&#8243;]<\/p>\n<h3 class=\"page-h3\">Plasma y corona como conceptos f\u00edsicos<br \/>\n<\/h3>\n<p>[\/et_pb_text][et_pb_image src=\u00bbhttps:\/\/www.acxys.com\/wp-content\/uploads\/2019\/05\/foudre.jpg\u00bb align=\u00bbcenter\u00bb align_tablet=\u00bbcenter\u00bb align_phone=\u00bb\u00bb align_last_edited=\u00bbon|desktop\u00bb _builder_version=\u00bb3.23&#8243; max_width=\u00bb80%\u00bb max_width_tablet=\u00bb80%\u00bb max_width_phone=\u00bb100%\u00bb max_width_last_edited=\u00bbon|phone\u00bb module_alignment=\u00bbcenter\u00bb][\/et_pb_image][\/et_pb_column][et_pb_column type=\u00bb3_5&#8243; _builder_version=\u00bb3.25&#8243; custom_padding=\u00bb|||\u00bb custom_padding__hover=\u00bb|||\u00bb][et_pb_text _builder_version=\u00bb3.27.4&#8243;]<\/p>\n<p><strong>En su definici\u00f3n f\u00edsica, el plasma es un gas que, al recibir energ\u00eda, se convierte en un medio ionizado.<\/strong> <br \/>Esto significa que algunos de los \u00e1tomos o mol\u00e9culas tienen una carga el\u00e9ctrica distinta de cero, ya sea tras el desprendimiento de uno o m\u00e1s electrones (que luego se convierten en electrones libres) o despu\u00e9s de la absorci\u00f3n de un electr\u00f3n. Por tanto, el plasma contiene muchas especies: electrones libres, iones positivos o negativos, radicales o sustancias metaestables. <strong>Son las propiedades de estas especies, as\u00ed como las radiaciones electromagn\u00e9ticas asociadas, las que luego se explotan durante el uso tecnol\u00f3gico del plasma.<\/strong><\/p>\n<p>En F\u00edsica, <strong>el efecto Corona<\/strong> es un fen\u00f3meno que se logra en un plasma; este \u00faltimo se cre\u00f3 con una descarga generada entre 2 electrodos asim\u00e9tricos, uno de los cuales tiene forma de pico. El campo el\u00e9ctrico es de hecho m\u00e1s alto en el lado del pico, donde el plasma se generar\u00e1 con peque\u00f1os arcos crepitantes: este es el efecto Corona.<br \/>Esta propiedad est\u00e1 ilustrada por un fen\u00f3meno conocido por los navegantes como el \u00abfuego de San Telmo\u00bb. En tiempo de tormenta, un barco aislado puede ver los extremos de sus m\u00e1stiles salpicados de microarcos. El m\u00e1stil del barco representa el electrodo puntiagudo, el otro electrodo son las nubes cargadas el\u00e9ctricamente en el cielo tormentoso. Este fen\u00f3meno tambi\u00e9n se puede ver en las alas de los aviones.<\/p>\n<p>[\/et_pb_text][\/et_pb_column][\/et_pb_row][et_pb_row column_structure=\u00bb2_5,3_5&#8243; _builder_version=\u00bb3.25&#8243;][et_pb_column type=\u00bb2_5&#8243; _builder_version=\u00bb3.25&#8243; custom_padding=\u00bb|||\u00bb custom_padding__hover=\u00bb|||\u00bb][et_pb_text _builder_version=\u00bb4.7.7&#8243;]<\/p>\n<h3 class=\"page-h3\">Plasma y corona en el sentido tecnol\u00f3gico<br \/>\n<\/h3>\n<p>[\/et_pb_text][\/et_pb_column][et_pb_column type=\u00bb3_5&#8243; _builder_version=\u00bb3.25&#8243; custom_padding=\u00bb|||\u00bb custom_padding__hover=\u00bb|||\u00bb][et_pb_text _builder_version=\u00bb3.27.4&#8243;]<\/p>\n<p><strong>El tratamiento corona<\/strong> es una tecnolog\u00eda utilizada para tratar pel\u00edculas pl\u00e1sticas de grandes anchos (varios metros) y a alta velocidad (varios cientos de metros \/ minuto).<\/p>\n<p>La pel\u00edcula de pl\u00e1stico est\u00e1 sujeta por un rollo de soporte que est\u00e1 conectado a tierra. Frente al rodillo se coloca un electrodo, generalmente de forma puntiaguda, que permite iniciar f\u00e1cilmente la descarga el\u00e9ctrica en el aire. Es esta similitud la que explica la elecci\u00f3n del t\u00e9rmino \u00abcorona\u00bb para designar la tecnolog\u00eda. Sin embargo, \u00a1la similitud termina ah\u00ed!<\/p>\n<p><strong>La tecnolog\u00eda del plasma fr\u00edo a presi\u00f3n atmosf\u00e9rica<\/strong> tambi\u00e9n utiliza el principio del plasma f\u00edsico.<br \/>Se trata de una descarga el\u00e9ctrica creada en un gas a presi\u00f3n atmosf\u00e9rica, con una corriente el\u00e9ctrica d\u00e9bil, cuyo producto se proyecta sobre la superficie a tratar. Los principales gases utilizados son: aire, nitr\u00f3geno, helio, arg\u00f3n y, en ocasiones, mezclas de estos gases.<\/p>\n<p>La intensidad el\u00e9ctrica del plasma es de aproximadamente 1 amperio. Cuando la temperatura alcanza varios cientos de grados \u00b0 C en el interior del plasma, se habla de plasma \u00abfr\u00edo\u00bb. Por el contrario, en situaciones en las que el plasma alcanza un m\u00e1ximo de varios miles de \u00b0 C se utiliza el t\u00e9rmino de plasma \u201ct\u00e9rmico\u201d, utilizado para cortar o propulsar.<\/p>\n<p>Las especies generadas durante la descarga de plasma son impulsadas fuera de la zona de descarga y el gas continua a fluir de forma regular para alcanzar la superficie objetivo. Por lo tanto, se pueden distinguir dos etapas: la primera etapa de creaci\u00f3n de especies gracias a la descarga el\u00e9ctrica y la segunda etapa correspondiente al tratamiento de superficie que corresponde a la reacci\u00f3n de estas especies con la superficie.<br \/>En este sentido, hablamos de plasma deportado o plasma soplado.<strong> A diferencia de la corona soplada, el plasma soplado es muy homog\u00e9neo y tiene la apariencia de una llama<\/strong><\/p>\n<p>[\/et_pb_text][\/et_pb_column][\/et_pb_row][et_pb_row column_structure=\u00bb2_5,3_5&#8243; _builder_version=\u00bb3.25&#8243;][et_pb_column type=\u00bb2_5&#8243; _builder_version=\u00bb3.25&#8243; custom_padding=\u00bb|||\u00bb custom_padding__hover=\u00bb|||\u00bb][et_pb_text _builder_version=\u00bb4.7.7&#8243;]<\/p>\n<h3 class=\"page-h3\">Plasma vs. corona: \u00bfcu\u00e1l elegir?<br \/>\n<\/h3>\n<p>[\/et_pb_text][\/et_pb_column][et_pb_column type=\u00bb3_5&#8243; _builder_version=\u00bb3.25&#8243; custom_padding=\u00bb|||\u00bb custom_padding__hover=\u00bb|||\u00bb][et_pb_text _builder_version=\u00bb4.9.7&#8243;]<\/p>\n<p>El tratamiento corona apareci\u00f3 en la industria mucho antes que el plasma atmosf\u00e9rico. Es una tecnolog\u00eda que requiere una baja inversi\u00f3n, lo que la hace atractiva. Sin embargo, tiene muchas limitaciones:<\/p>\n<ul>\n<li>Tratamiento no homog\u00e9neo<\/li>\n<li>Tratamiento que puede alterar las superficies (marcas de tratamiento, puntos de impacto)<\/li>\n<li>Tratamiento que puede perforar las pel\u00edculas o tratar la cara posterior de forma incontrolada<\/li>\n<li>Presencia de alta tensi\u00f3n al aire libre: riesgo de radiaci\u00f3n electromagn\u00e9tica<\/li>\n<li>Dificultad para procesar materiales conductores (necesidad de adaptar los electrodos)<\/li>\n<li>Baja eficacia del tratamiento<\/li>\n<\/ul>\n<p>Gracias a una separaci\u00f3n clara entre la descarga el\u00e9ctrica y el tratamiento superficial, <strong>el plasma a presi\u00f3n atmosf\u00e9rica supera todos estos inconvenientes y aporta una soluci\u00f3n de valor a\u00f1adido, f\u00e1cil de integrar en las cadenas productivas.<\/strong><br \/>Como consecuencia, el plasma reemplaza gradualmente a tratamiento corona en el sector industrial. Sin embargo, este sigue siendo relevante en el tratamiento de l\u00e1minas de valor bajo y medio, este \u00faltimo requiere un tratamiento de gran ancho (varios metros) y alta velocidad (&gt; 100 m \/ min).<\/p>\n<p>[\/et_pb_text][\/et_pb_column][\/et_pb_row][\/et_pb_section][et_pb_section fb_built=\u00bb1&#8243; _builder_version=\u00bb3.22&#8243;][et_pb_row column_structure=\u00bb1_4,3_4&#8243; _builder_version=\u00bb3.25&#8243; border_color_bottom=\u00bb#2f68a3&#8243;][et_pb_column type=\u00bb1_4&#8243; _builder_version=\u00bb3.25&#8243; custom_padding=\u00bb|||\u00bb custom_padding__hover=\u00bb|||\u00bb][et_pb_text _builder_version=\u00bb3.27.4&#8243; header_font=\u00bb||||||||\u00bb header_2_font=\u00bb||||||||\u00bb header_2_text_color=\u00bb#499ef7&#8243; custom_padding=\u00bb|||15px\u00bb border_color_right=\u00bb#e18e55&#8243; border_width_left=\u00bb8px\u00bb border_color_left=\u00bb#e18e55&#8243;]<\/p>\n<h2>Plasma vs. Primers de adherencia<\/h2>\n<p>[\/et_pb_text][\/et_pb_column][et_pb_column type=\u00bb3_4&#8243; _builder_version=\u00bb3.25&#8243; custom_padding=\u00bb|||\u00bb custom_padding__hover=\u00bb|||\u00bb][et_pb_text _builder_version=\u00bb3.27.4&#8243;]<\/p>\n<p>Utilizando principalmente aire y nitr\u00f3geno, el tratamiento superficial con plasma atmosf\u00e9rico es una tecnolog\u00eda limpia y respetuosa con el medio ambiente. Salvo unas pocas aplicaciones espec\u00edficas, no se necesitan productos qu\u00edmicos y el tratamiento no produce efluentes t\u00f3xicos. La ventilaci\u00f3n correcta del \u00e1rea de procesamiento es suficiente para la instalaci\u00f3n industrial.<\/p>\n<p>El plasma atmosf\u00e9rico ofrece la misma eficacia que los productos qu\u00edmicos para preparar una uni\u00f3n con una adhesi\u00f3n fuerte y duradera. Con una reproducibilidad tambi\u00e9n muy buena, ofrece una alternativa interesante a los productos qu\u00edmicos sujetos a normativas medioambientales cada vez m\u00e1s estrictas.<\/p>\n<p>[\/et_pb_text][\/et_pb_column][\/et_pb_row][\/et_pb_section][et_pb_section fb_built=\u00bb1&#8243; _builder_version=\u00bb3.22&#8243;][et_pb_row column_structure=\u00bb1_4,3_4&#8243; _builder_version=\u00bb4.7.7&#8243; border_color_bottom=\u00bb#2f68a3&#8243;][et_pb_column type=\u00bb1_4&#8243; _builder_version=\u00bb3.25&#8243; custom_padding=\u00bb|||\u00bb custom_padding__hover=\u00bb|||\u00bb][et_pb_text _builder_version=\u00bb4.7.7&#8243; header_font=\u00bb||||||||\u00bb header_2_font=\u00bb||||||||\u00bb header_2_text_color=\u00bb#499ef7&#8243; custom_padding=\u00bb|||15px\u00bb border_color_right=\u00bb#e18e55&#8243; border_width_left=\u00bb8px\u00bb border_color_left=\u00bb#e18e55&#8243;]<\/p>\n<h2>Plasma vs. flameado<\/h2>\n<p>[\/et_pb_text][\/et_pb_column][et_pb_column type=\u00bb3_4&#8243; _builder_version=\u00bb3.25&#8243; custom_padding=\u00bb|||\u00bb custom_padding__hover=\u00bb|||\u00bb][et_pb_text _builder_version=\u00bb3.27.4&#8243;]<\/p>\n<p>En comparaci\u00f3n con el tratamiento por flameado, el tratamiento con plasma a presi\u00f3n atmosf\u00e9rica se considera como una tecnolog\u00eda de muy baja temperatura. Sin embargo, el tratamiento con plasma permite obtener las mismas capacidades de adhesi\u00f3n y uni\u00f3n de alto rendimiento en todos los materiales pl\u00e1sticos que el tratamiento con llama, pero sin impacto t\u00e9rmico.<\/p>\n<p>Adem\u00e1s de preservar el material tratado, el tratamiento con plasma pr\u00e1cticamente elimina el riesgo de incendio. Este es un aspecto clave para la seguridad del personal y los equipos, especialmente en entornos industriales que tratan con productos inflamables (colas, pinturas, barnices, etc.).<\/p>\n<p>El tratamiento por flameado tambi\u00e9n proporciona tratamientos que son menos regulares y dif\u00edciles de controlar y, por lo tanto, m\u00e1s dif\u00edciles de reproducir de manera id\u00e9ntica.<\/p>\n<p>Sin embargo, se debe tener en cuenta que para realizar un tratamiento con plasma la distancia m\u00e1xima de la antorcha a la pieza de inter\u00e9s debe ser de unos pocos cent\u00edmetros. Para distancias mucho mayores, el flameado sigue siendo una soluci\u00f3n.<\/p>\n<p>[\/et_pb_text][\/et_pb_column][\/et_pb_row][\/et_pb_section]<\/p>\n","protected":false},"excerpt":{"rendered":"<p>[et_pb_section fb_built=\u00bb1&#8243; module_class=\u00bblddw-entete-responsive\u00bb _builder_version=\u00bb4.7.7&#8243; background_image=\u00bbhttps:\/\/www.acxys.com\/wp-content\/uploads\/2021\/02\/P10206363-scaled.jpg\u00bb background_position=\u00bbtop_center\u00bb custom_padding=\u00bb1%||1%|\u00bb z_index_tablet=\u00bb500&#8243;][\/et_pb_section][et_pb_section fb_built=\u00bb1&#8243; _builder_version=\u00bb3.22&#8243; custom_padding=\u00bb0px||\u00bb][et_pb_row _builder_version=\u00bb3.26.7&#8243; animation_style=\u00bbslide\u00bb][et_pb_column type=\u00bb4_4&#8243; _builder_version=\u00bb3.25&#8243; custom_padding=\u00bb|||\u00bb custom_padding__hover=\u00bb|||\u00bb][et_pb_text module_class=\u00bblddw-landing-conteneur blue\u00bb _builder_version=\u00bb4.7.7&#8243; text_font=\u00bb||||||||\u00bb header_font=\u00bb|600||on|||||\u00bb header_text_color=\u00bb#ffffff\u00bb header_font_size=\u00bb20px\u00bb z_index_tablet=\u00bb500&#8243;] La tecnolog\u00eda de plasma proporciona mayores beneficios vs. t\u00e9cnicas tradicionales para una preparaci\u00f3n de superficies eficiente. [\/et_pb_text][\/et_pb_column][\/et_pb_row][et_pb_row column_structure=\u00bb1_4,3_4&#8243; _builder_version=\u00bb3.26.7&#8243; animation_style=\u00bbslide\u00bb animation_direction=\u00bbleft\u00bb border_color_bottom=\u00bb#2f68a3&#8243;][et_pb_column type=\u00bb1_4&#8243; _builder_version=\u00bb3.25&#8243; custom_padding=\u00bb|||\u00bb custom_padding__hover=\u00bb|||\u00bb][et_pb_text _builder_version=\u00bb4.7.7&#8243; header_font=\u00bb||||||||\u00bb header_2_font=\u00bb||||||||\u00bb header_2_text_color=\u00bb#499ef7&#8243; [&hellip;]<\/p>\n","protected":false},"author":2,"featured_media":0,"parent":2972,"menu_order":0,"comment_status":"closed","ping_status":"closed","template":"","meta":{"_et_pb_use_builder":"on","_et_pb_old_content":"","_et_gb_content_width":"","footnotes":""},"class_list":["post-3023","page","type-page","status-publish","hentry"],"_links":{"self":[{"href":"https:\/\/www.acxys.com\/es\/wp-json\/wp\/v2\/pages\/3023","targetHints":{"allow":["GET"]}}],"collection":[{"href":"https:\/\/www.acxys.com\/es\/wp-json\/wp\/v2\/pages"}],"about":[{"href":"https:\/\/www.acxys.com\/es\/wp-json\/wp\/v2\/types\/page"}],"author":[{"embeddable":true,"href":"https:\/\/www.acxys.com\/es\/wp-json\/wp\/v2\/users\/2"}],"replies":[{"embeddable":true,"href":"https:\/\/www.acxys.com\/es\/wp-json\/wp\/v2\/comments?post=3023"}],"version-history":[{"count":9,"href":"https:\/\/www.acxys.com\/es\/wp-json\/wp\/v2\/pages\/3023\/revisions"}],"predecessor-version":[{"id":5201,"href":"https:\/\/www.acxys.com\/es\/wp-json\/wp\/v2\/pages\/3023\/revisions\/5201"}],"up":[{"embeddable":true,"href":"https:\/\/www.acxys.com\/es\/wp-json\/wp\/v2\/pages\/2972"}],"wp:attachment":[{"href":"https:\/\/www.acxys.com\/es\/wp-json\/wp\/v2\/media?parent=3023"}],"curies":[{"name":"wp","href":"https:\/\/api.w.org\/{rel}","templated":true}]}}