{"id":3125,"date":"2021-03-15T12:04:50","date_gmt":"2021-03-15T11:04:50","guid":{"rendered":"https:\/\/www.acxys.com\/?page_id=3125"},"modified":"2021-03-15T13:11:55","modified_gmt":"2021-03-15T12:11:55","slug":"servicios","status":"publish","type":"page","link":"https:\/\/www.acxys.com\/es\/servicios\/","title":{"rendered":"Servicios"},"content":{"rendered":"<p>[et_pb_section fb_built=\u00bb1&#8243; module_class=\u00bblddw-entete-responsive\u00bb _builder_version=\u00bb4.7.7&#8243; background_image=\u00bbhttps:\/\/www.acxys.com\/wp-content\/uploads\/2021\/02\/P10204073-scaled.jpg\u00bb background_position=\u00bbbottom_center\u00bb custom_padding=\u00bb1%||1%|\u00bb z_index_tablet=\u00bb500&#8243;][\/et_pb_section][et_pb_section fb_built=\u00bb1&#8243; _builder_version=\u00bb3.22&#8243; custom_padding=\u00bb0px||0px||true\u00bb][et_pb_row _builder_version=\u00bb3.25&#8243; custom_padding=\u00bb||0px\u00bb][et_pb_column type=\u00bb4_4&#8243; _builder_version=\u00bb3.25&#8243; custom_padding=\u00bb|||\u00bb custom_padding__hover=\u00bb|||\u00bb][et_pb_text module_class=\u00bblddw-landing-conteneur blue\u00bb _builder_version=\u00bb4.7.7&#8243; text_font=\u00bb||||||||\u00bb header_font=\u00bb|600||on|||||\u00bb header_text_color=\u00bb#ffffff\u00bb header_font_size=\u00bb20px\u00bb hover_enabled=\u00bb0&#8243; z_index_tablet=\u00bb500&#8243; sticky_enabled=\u00bb0&#8243;]<\/p>\n<h1>\nEspecialistas en tratamiento superficial con plasma atmosf\u00e9rico, ofrecemos un conjunto de servicios a la medida de sus necesidades para un f\u00e1cil uso de nuestras tecnolog\u00edas.<\/p>\n<\/h1>\n<p>[\/et_pb_text][et_pb_text _builder_version=\u00bb3.27.4&#8243; header_font=\u00bb||||||||\u00bb header_2_font=\u00bb||||||||\u00bb header_2_text_color=\u00bb#499ef7&#8243; custom_padding=\u00bb|||\u00bb border_color_right=\u00bb#e18e55&#8243; border_color_left=\u00bb#e18e55&#8243;]<\/p>\n<h2 class=\"page-h2 hz\">Investigaci\u00f3n y Desarrollo de procesos<\/h2>\n<p>[\/et_pb_text][\/et_pb_column][\/et_pb_row][et_pb_row column_structure=\u00bb2_3,1_3&#8243; _builder_version=\u00bb3.25&#8243;][et_pb_column type=\u00bb2_3&#8243; _builder_version=\u00bb3.25&#8243; custom_padding=\u00bb|||\u00bb custom_padding__hover=\u00bb|||\u00bb][et_pb_text _builder_version=\u00bb3.27.4&#8243;]<\/p>\n<p>La I + D es parte del ADN de AcXys Technologies: nuestro esp\u00edritu innovador nos mantiene a la vanguardia de las aplicaciones industriales que utilizan plasma atmosf\u00e9rico.<\/p>\n<p>Nuestro laboratorio cuenta con el equipo, el conocimiento, las herramientas y las personas listas para enfrentar los desaf\u00edos de nuestros clientes y desarrollar e implementar sus procesos.<\/p>\n<p>En AcXys Technologies, damos la bienvenida a sus preguntas y muestras para probar en nuestras instalaciones y laboratorio. Esos servicios complementarios tienen como objetivo cumplir sus prop\u00f3sitos, satisfacer sus necesidades e incluso superar sus expectativas en cuanto a tecnolog\u00edas de plasma.<\/p>\n<p>En AcXys Technologies, ofrecemos administrar sus proyectos con nuestras habilidades y experiencia internas, desde la etapa inicial de I + D hasta la entrega de una soluci\u00f3n lista para producci\u00f3n, completamente configurada e instalada en sus instalaciones.<\/p>\n<p>[\/et_pb_text][\/et_pb_column][et_pb_column type=\u00bb1_3&#8243; _builder_version=\u00bb3.25&#8243; custom_padding=\u00bb|||\u00bb custom_padding__hover=\u00bb|||\u00bb][et_pb_image src=\u00bbhttps:\/\/www.acxys.com\/wp-content\/uploads\/2019\/05\/recherche-developpement.jpg\u00bb align=\u00bbcenter\u00bb align_tablet=\u00bbcenter\u00bb align_phone=\u00bb\u00bb align_last_edited=\u00bbon|desktop\u00bb _builder_version=\u00bb3.23&#8243;][\/et_pb_image][\/et_pb_column][\/et_pb_row][\/et_pb_section][et_pb_section fb_built=\u00bb1&#8243; _builder_version=\u00bb3.22&#8243; custom_padding=\u00bb0px||0px||true\u00bb][et_pb_row _builder_version=\u00bb3.25&#8243; border_color_bottom=\u00bb#2f68a3&#8243;][et_pb_column type=\u00bb4_4&#8243; _builder_version=\u00bb3.25&#8243; custom_padding=\u00bb|||\u00bb custom_padding__hover=\u00bb|||\u00bb][et_pb_text _builder_version=\u00bb3.27.4&#8243; header_font=\u00bb||||||||\u00bb header_2_font=\u00bb||||||||\u00bb header_2_text_color=\u00bb#499ef7&#8243; custom_padding=\u00bb|||\u00bb border_color_right=\u00bb#e18e55&#8243; border_color_left=\u00bb#e18e55&#8243;]<\/p>\n<h2 class=\"page-h2 hz\">Alquiler de equipos<\/h2>\n<p>Adem\u00e1s de la venta de equipos de plasma y su inversi\u00f3n, AcXys Technologies propone el alquilar de equipos de plasma est\u00e1ndar, ya sea como una soluci\u00f3n temporal o permanente (con opci\u00f3n de compra).<\/p>\n<p>Por lo tanto, puede elegir la mejor soluci\u00f3n para usted con total confianza y con total seguridad.<\/p>\n<p>[\/et_pb_text][\/et_pb_column][\/et_pb_row][\/et_pb_section][et_pb_section fb_built=\u00bb1&#8243; _builder_version=\u00bb3.22&#8243; custom_padding=\u00bb0px||0px||true\u00bb][et_pb_row _builder_version=\u00bb3.25&#8243;][et_pb_column type=\u00bb4_4&#8243; _builder_version=\u00bb3.25&#8243; custom_padding=\u00bb|||\u00bb custom_padding__hover=\u00bb|||\u00bb][et_pb_text _builder_version=\u00bb3.27.4&#8243; header_font=\u00bb||||||||\u00bb header_2_font=\u00bb||||||||\u00bb header_2_text_color=\u00bb#499ef7&#8243;]<\/p>\n<h2 class=\"page-h2 hz\">La formaci\u00f3n del personal<\/h2>\n<p>Ya sea que est\u00e9 implementando recientemente la tecnolog\u00eda de plasma para el tratamiento de superficies o necesite brindar capacitaci\u00f3n cient\u00edfica a sus equipos, AcXys Technologies le brindar\u00e1 con mucho gusto programas de capacitaci\u00f3n para compartir el conocimiento y las buenas pr\u00e1cticas que necesita.<\/p>\n<p>Conf\u00ede en nosotros para desarrollar asociaciones a largo plazo y obtener lo mejor de nuestras tecnolog\u00edas de plasma.<\/p>\n<p>[\/et_pb_text][\/et_pb_column][\/et_pb_row][\/et_pb_section][et_pb_section fb_built=\u00bb1&#8243; _builder_version=\u00bb3.22&#8243; custom_padding=\u00bb0px||0px||true\u00bb][et_pb_row _builder_version=\u00bb3.25&#8243;][et_pb_column type=\u00bb4_4&#8243; _builder_version=\u00bb3.25&#8243; custom_padding=\u00bb|||\u00bb custom_padding__hover=\u00bb|||\u00bb][et_pb_text _builder_version=\u00bb3.27.4&#8243; header_font=\u00bb||||||||\u00bb header_2_font=\u00bb||||||||\u00bb header_2_text_color=\u00bb#499ef7&#8243;]<\/p>\n<h2 class=\"page-h2 hz\">Servicio de posventa y mantenimiento reactivo<\/h2>\n<p>Todos nuestros equipos se fabrican internamente, lo que nos brinda una capacidad de respuesta inigualable para todas las operaciones de posventa. Nuestros equipos tambi\u00e9n pueden intervenir muy r\u00e1pidamente en cualquier parte del mundo si es necesario.<\/p>\n<p>AcXys Technologies tambi\u00e9n ofrece contratos de mantenimiento preventivo para maximizar el tiempo de actividad del equipo y mejorar la productividad.<\/p>\n<p>[\/et_pb_text][\/et_pb_column][\/et_pb_row][\/et_pb_section][et_pb_section fb_built=\u00bb1&#8243; _builder_version=\u00bb3.22&#8243; custom_padding=\u00bb0px||0px||true\u00bb][et_pb_row column_structure=\u00bb2_3,1_3&#8243; _builder_version=\u00bb3.25&#8243;][et_pb_column type=\u00bb2_3&#8243; _builder_version=\u00bb3.25&#8243; custom_padding=\u00bb|||\u00bb custom_padding__hover=\u00bb|||\u00bb][et_pb_text _builder_version=\u00bb3.27.4&#8243; header_font=\u00bb||||||||\u00bb header_2_font=\u00bb||||||||\u00bb header_2_text_color=\u00bb#499ef7&#8243;]<\/p>\n<h2 class=\"page-h2 hz\">PASS : Plasma como un servicio<\/h2>\n<p>AcXys Technologies, un especialista reconocido mundialmente en soluciones de plasma a presi\u00f3n atmosf\u00e9rica para el tratamiento de superficies y ECP (Entegris Cleaning Process), la empresa l\u00edder en soluciones ultralimpias para las industrias microelectr\u00f3nica, m\u00e9dica, farmac\u00e9utica y gen\u00e9rica, se unen para proponer Plasma As A Service \u00bb (PAAS), la mejor opci\u00f3n de subcontrataci\u00f3n para tratamientos superficiales.<\/p>\n<p>[\/et_pb_text][\/et_pb_column][et_pb_column type=\u00bb1_3&#8243; _builder_version=\u00bb3.25&#8243; custom_padding=\u00bb|||\u00bb custom_padding__hover=\u00bb|||\u00bb][et_pb_image src=\u00bbhttps:\/\/www.acxys.com\/wp-content\/uploads\/2019\/05\/plasma-as-a-service.jpg\u00bb align=\u00bbcenter\u00bb align_tablet=\u00bbcenter\u00bb align_phone=\u00bb\u00bb align_last_edited=\u00bbon|desktop\u00bb _builder_version=\u00bb3.23&#8243;][\/et_pb_image][\/et_pb_column][\/et_pb_row][\/et_pb_section]<\/p>\n","protected":false},"excerpt":{"rendered":"<p>[et_pb_section fb_built=\u00bb1&#8243; module_class=\u00bblddw-entete-responsive\u00bb _builder_version=\u00bb4.7.7&#8243; background_image=\u00bbhttps:\/\/www.acxys.com\/wp-content\/uploads\/2021\/02\/P10204073-scaled.jpg\u00bb background_position=\u00bbbottom_center\u00bb custom_padding=\u00bb1%||1%|\u00bb z_index_tablet=\u00bb500&#8243;][\/et_pb_section][et_pb_section fb_built=\u00bb1&#8243; _builder_version=\u00bb3.22&#8243; custom_padding=\u00bb0px||0px||true\u00bb][et_pb_row _builder_version=\u00bb3.25&#8243; custom_padding=\u00bb||0px\u00bb][et_pb_column type=\u00bb4_4&#8243; _builder_version=\u00bb3.25&#8243; custom_padding=\u00bb|||\u00bb custom_padding__hover=\u00bb|||\u00bb][et_pb_text module_class=\u00bblddw-landing-conteneur blue\u00bb _builder_version=\u00bb4.7.7&#8243; text_font=\u00bb||||||||\u00bb header_font=\u00bb|600||on|||||\u00bb header_text_color=\u00bb#ffffff\u00bb header_font_size=\u00bb20px\u00bb hover_enabled=\u00bb0&#8243; z_index_tablet=\u00bb500&#8243; sticky_enabled=\u00bb0&#8243;] Especialistas en tratamiento superficial con plasma atmosf\u00e9rico, ofrecemos un conjunto de servicios a la medida de sus necesidades para un f\u00e1cil uso de nuestras tecnolog\u00edas. [\/et_pb_text][et_pb_text _builder_version=\u00bb3.27.4&#8243; header_font=\u00bb||||||||\u00bb [&hellip;]<\/p>\n","protected":false},"author":2,"featured_media":0,"parent":0,"menu_order":0,"comment_status":"closed","ping_status":"closed","template":"","meta":{"_et_pb_use_builder":"on","_et_pb_old_content":"","_et_gb_content_width":"","footnotes":""},"class_list":["post-3125","page","type-page","status-publish","hentry"],"_links":{"self":[{"href":"https:\/\/www.acxys.com\/es\/wp-json\/wp\/v2\/pages\/3125","targetHints":{"allow":["GET"]}}],"collection":[{"href":"https:\/\/www.acxys.com\/es\/wp-json\/wp\/v2\/pages"}],"about":[{"href":"https:\/\/www.acxys.com\/es\/wp-json\/wp\/v2\/types\/page"}],"author":[{"embeddable":true,"href":"https:\/\/www.acxys.com\/es\/wp-json\/wp\/v2\/users\/2"}],"replies":[{"embeddable":true,"href":"https:\/\/www.acxys.com\/es\/wp-json\/wp\/v2\/comments?post=3125"}],"version-history":[{"count":8,"href":"https:\/\/www.acxys.com\/es\/wp-json\/wp\/v2\/pages\/3125\/revisions"}],"predecessor-version":[{"id":3139,"href":"https:\/\/www.acxys.com\/es\/wp-json\/wp\/v2\/pages\/3125\/revisions\/3139"}],"wp:attachment":[{"href":"https:\/\/www.acxys.com\/es\/wp-json\/wp\/v2\/media?parent=3125"}],"curies":[{"name":"wp","href":"https:\/\/api.w.org\/{rel}","templated":true}]}}