{"id":1671,"date":"2019-07-18T12:11:32","date_gmt":"2019-07-18T10:11:32","guid":{"rendered":"https:\/\/www.acxys.com\/?page_id=1671"},"modified":"2023-10-16T11:00:30","modified_gmt":"2023-10-16T09:00:30","slug":"mentions-legales","status":"publish","type":"page","link":"https:\/\/www.acxys.com\/fr\/mentions-legales\/","title":{"rendered":"Mentions l\u00e9gales"},"content":{"rendered":"<h1>Mentions L\u00e9gales<\/h1>\n<p>Date de mise \u00e0 jour : 17\/07\/2019<\/p>\n<p>Conform\u00e9ment \u00e0 la Loi pour la Confiance dans l&rsquo;Economie Num\u00e9rique (loi N\u00b02004-575 du 21\/06\/2004), nous portons \u00e0 la connaissance des utilisateurs du site www.acxys.com\/fr les informations suivantes :<\/p>\n<h2><strong>Concepteur du site internet<\/strong><\/h2>\n<ul>\n<li>D\u00e9nomination sociale : SARL La Dame du Web<\/li>\n<li><a href=\"http:\/\/www.la-dame-du-web.com\">www.la-dame-du-web.com<\/a><\/li>\n<li>Si\u00e8ge social : 279 rue des Ecoles -38410 Vaulnaveys-Le-Haut &#8211; FRANCE<\/li>\n<li>Num\u00e9ro SIRET : 800048423 00019<\/li>\n<\/ul>\n<h2><strong>Editeur du site internet<\/strong><\/h2>\n<ul>\n<li>D\u00e9nomination sociale : AcXys Technologies<\/li>\n<li>Si\u00e8ge social : 50 bis rue des Vingt Toises &#8211; 38950 Saint-Martin le Vinoux &#8211; FRANCE<\/li>\n<li>T\u00e9l\u00e9phone : 04 76 75 60 79<\/li>\n<li>Contact mail: info@acxys.com<\/li>\n<li>SAS au capital social de 315 000\u20ac<\/li>\n<li>Num\u00e9ro RCS : RCS Grenoble 431772490<\/li>\n<li>Num\u00e9ro SIRET : 431772490 00048<\/li>\n<li>Num\u00e9ro de TVA intra-communautaire : FR46431772490<\/li>\n<li>Dirigeant : Thierry Sindzingre<\/li>\n<li>Directeur de publication du site : Mathieu Thomachot \u2013 Directeur de site<\/li>\n<\/ul>\n<h2><strong>H\u00e9bergeur du site internet<\/strong><\/h2>\n<ul>\n<li>D\u00e9nomination sociale : OVH<\/li>\n<li>Si\u00e8ge social : 2 rue Kellermann &#8211; BP 80157 &#8211; 59100 Roubaix &#8211; FRANCE<\/li>\n<li>T\u00e9l\u00e9phone : 1007 (num\u00e9ro gratuit)<\/li>\n<li>Site internet : www.ovh.com<\/li>\n<li>SAS au capital social de 10 069 020\u20ac<\/li>\n<li>Num\u00e9ro RCS : Lille M\u00e9tropole 424 761 419 00045<\/li>\n<\/ul>\n<h2><strong>Utilisation et protection des donn\u00e9es personnelles &#8211; Loi Informatique et Libert\u00e9s<\/strong><\/h2>\n<p>Afin de respecter la vie priv\u00e9e des utilisateurs, la soci\u00e9t\u00e9 AcXys Technologies s&rsquo;engage \u00e0 ce que la collecte et le traitement d&rsquo;informations personnelles, r\u00e9alis\u00e9s au sein du pr\u00e9sent site, soient effectu\u00e9s conform\u00e9ment \u00e0 la loi Informatique et Libert\u00e9s n\u00b0 78-17 du 6 janvier 1978, modifi\u00e9e par la loi n\u00b0 2004-801 du 6 ao\u00fbt 2004, et \u00e9galement conform\u00e9ment au R\u00e8glement G\u00e9n\u00e9ral sur la Protection des Donn\u00e9es (RGPD) entr\u00e9 en vigueur le 25 mai 2018<\/p>\n<h3><strong><i>Qu\u2019est ce que les donn\u00e9es personnelles ? <\/i><\/strong><\/h3>\n<p>Le terme \u00ab donn\u00e9es personnelles \u00bb d\u00e9signe toutes les donn\u00e9es qui permettent d\u2019identifier une personne, avec par exemple vos nom, pr\u00e9nom, num\u00e9ros de t\u00e9l\u00e9phone, adresse e-mail, adresse postale ou tout renseignement que vous nous communiquerez \u00e0 votre sujet.<\/p>\n<h3><strong><i> Qui collecte les donn\u00e9es personnelles et par quels biais ? <\/i><\/strong><\/h3>\n<p>La soci\u00e9t\u00e9 AcXys Technologies est amen\u00e9e \u00e0 recueillir des donn\u00e9es \u00e0 caract\u00e8re personnel vous concernant, afin par exemple de vous fournir une exp\u00e9rience utilisateur agr\u00e9able sur son site, ou de vos demandes de renseignements le plus efficacement possible. Le responsable de la collecte et du traitement de ces donn\u00e9es personnelles est Mr Mathieu Thomachotde la soci\u00e9t\u00e9 AcXys Technologies.<\/p>\n<p>Les donn\u00e9es personnelles vous concernant sont collect\u00e9es :<br \/>\n&#8211; soit automatiquement par l\u2019interm\u00e9diaire de cookies quand vous naviguez sur notre site (<a href=\"#cookies\">en savoir plus<\/a>),<br \/>\n&#8211; soit lorsque vous remplissez un formulaire en ligne, vous vous inscrivez \u00e0 la newsletter ou vous nous \u00e9crivez un mail.<\/p>\n<h3><strong><i>Objectifs de la collecte des donn\u00e9es personnelles <\/i><\/strong><\/h3>\n<p>Vos donn\u00e9es personnelles sont collect\u00e9es afin de r\u00e9pondre \u00e0 un ou plusieurs des objectifs suivants :<br \/>\n&#8211; contacter les utilisateurs ayant demand\u00e9 des devis ou des informations concernant nos services<br \/>\n&#8211; faire des statistiques commerciales<br \/>\n&#8211; cr\u00e9er et g\u00e9rer des fichiers de prospects<br \/>\n&#8211; gestion des clients<br \/>\n&#8211; actions de prospection et de promotion<br \/>\n&#8211; envoi de messages promotionnels. Vous pouvez vous d\u00e9sinscrire \u00e0 tout moment de ces envois en cliquant sur le lien pr\u00e9sent en bas des emails envoy\u00e9s<br \/>\n&#8211; r\u00e9aliser des analyses statistiques non nominatives.<\/p>\n<h3><strong><i>Destinataires des donn\u00e9es collect\u00e9es<\/i><\/strong><\/h3>\n<p>AcXys Technologies s\u2019engage \u00e0 respecter le caract\u00e8re confidentiel de vos donn\u00e9es personnelles. Les donn\u00e9es personnelles collect\u00e9es par AcXys Technologies sont uniquement destin\u00e9es \u00e0 un usage interne. En aucun cas, ces informations ne sont donn\u00e9es, \u00e9chang\u00e9es ou vendues \u00e0 des tiers externes \u00e0 la soci\u00e9t\u00e9, sans l&rsquo;accord et le consentement des personnes concern\u00e9es.<\/p>\n<p>Nous pouvons par contre communiquer vos donn\u00e9es personnelles aux organismes publics, afin de r\u00e9pondre aux obligations l\u00e9gales, \u00e0 la police, au fisc et aux organismes charg\u00e9s d\u2019effectuer le recouvrement de cr\u00e9ances.<\/p>\n<h3><strong><i> Consentement<\/i><\/strong><\/h3>\n<p>Lorsque vous communiquez vos donn\u00e9es personnelles via notre site internet, en remplissant par exemple un formulaire, vous consentez express\u00e9ment \u00e0 ce que AcXys Technologies collecte et utilise vos donn\u00e9es personnelles conform\u00e9ment \u00e0 ce qui est dit dans le paragraphe \u00ab Utilisation et protection des donn\u00e9es personnelles &#8211; Loi Informatique et Libert\u00e9s \u00bb.<\/p>\n<h3><strong><i>S\u00e9curisation des donn\u00e9es personnelles<\/i><\/strong><\/h3>\n<p>La soci\u00e9t\u00e9 AcXys Technologies prend toutes les pr\u00e9cautions n\u00e9cessaires pour garantir la s\u00e9curit\u00e9 de vos donn\u00e9es personnelles et notamment, emp\u00eacher qu\u2019elles soient endommag\u00e9es ou divulgu\u00e9es \u00e0 des tiers non autoris\u00e9s : antivirus, mot de passe du serveur chang\u00e9 r\u00e9guli\u00e8rement, s\u00e9curisation des locaux &#8230;<\/p>\n<h3><strong><i> Droit d\u2019acc\u00e8s, de rectification et d\u2019opposition<\/i><\/strong><\/h3>\n<p>Conform\u00e9ment \u00e0 l\u2019article 40 de la loi Informatique et Libert\u00e9s n\u00b0 78-17 du 6 janvier 1978, toute personne d\u00e9posant sur le pr\u00e9sent site internet des informations nominatives le concernant dispose d&rsquo;un droit d&rsquo;acc\u00e8s, de modification, de rectification et de suppression de ses donn\u00e9es personnelles. Par ailleurs, toute personne physique a le droit de s&rsquo;opposer, pour des motifs l\u00e9gitimes, \u00e0 ce que des donn\u00e9es \u00e0 caract\u00e8re personnel la concernant fassent l&rsquo;objet d&rsquo;un traitement ou soient utilis\u00e9es \u00e0 des fins de prospection (art. 38 de la loi 78-17 du 6 janvier 1978).<\/p>\n<p>Conform\u00e9ment au R\u00e8glement G\u00e9n\u00e9ral sur la Protection des Donn\u00e9es (RGPD) entr\u00e9 en vigueur le 25 mai 2018, vous avez \u00e9galement :<\/p>\n<ul>\n<li>un droit \u00e0 l\u2019effacement de vos donn\u00e9es personnelles (droit \u00e0 l\u2019oubli \u2013 article 17) : droit vous permettant d\u2019obtenir l\u2019effacement de vos donn\u00e9es personnelles, sous certaines conditions<\/li>\n<li>un droit \u00e0 la limitation du traitement (article 18) : droit vous permettant d\u2019exiger la limitation du traitement de vos donn\u00e9es personnelles, sous certaines conditions<\/li>\n<li>un droit \u00e0 la portabilit\u00e9 des donn\u00e9es (article 20) : droit vous permettant de r\u00e9cup\u00e9rer vos donn\u00e9es personnelles sous un format exploitable et de les transmettre ainsi \u00e0 un autre organisme.<\/li>\n<\/ul>\n<p>Afin d&rsquo;exercer ces droits, une demande doit \u00eatre adress\u00e9e \u00e0 AcXys Technologies par courrier \u00e9lectronique \u00e0 l&rsquo;adresse info@acxys.com, ou par courrier postal adress\u00e9 \u00e0 50 bis rue des Vingt Toises &#8211; 38950 Saint-Martin le Vinoux &#8211; FRANCE, en indiquant bien les coordonn\u00e9es concern\u00e9es et l&rsquo;adresse \u00e0 laquelle la r\u00e9ponse doit \u00eatre envoy\u00e9e.<\/p>\n<h3><strong><i> Newsletter<\/i><\/strong><\/h3>\n<p>Vous pouvez \u00eatre inform\u00e9s des actualit\u00e9s de AcXys Technologies en vous inscrivant \u00e0 notre newsletter en nous indiquant votre adresse mail dans le cadre r\u00e9serv\u00e9 \u00e0 cet effet. A tout moment, vous avez la possibilit\u00e9 de vous d\u00e9sabonner gr\u00e2ce au bouton de d\u00e9sabonnement en bas de chaque newsletter.<\/p>\n<h2><strong>Cookies<a name=\"cookies\"><\/a> <\/strong><\/h2>\n<p>L&rsquo;utilisateur est inform\u00e9 que lors de sa navigation sur le site www.acxys.com\/fr, un ou des cookies sont susceptibles de s&rsquo;installer automatiquement sur son ordinateur. L&rsquo;utilisateur peut s&rsquo;opposer \u00e0 l&rsquo;enregistrement d&rsquo;un ou des cookies en configurant son navigateur de mani\u00e8re appropri\u00e9e (<a href=\"#procedure\">voir la proc\u00e9dure<\/a>). Le refus d&rsquo;installer un ou des cookies peut entra\u00eener l&rsquo;impossibilit\u00e9 d&rsquo;acc\u00e9der \u00e0 certains services du site internet.<\/p>\n<h3><strong><i> D\u00e9finition et buts principaux des cookies<\/i><\/strong><\/h3>\n<p>Un cookie est un fichier texte de petite taille, qui s\u2019installe sur le disque dur d\u2019un ordinateur ou d\u2019un appareil mobile visitant un site internet et qui enregistre des informations relatives \u00e0 sa navigation. Le cookie est ensuite renvoy\u00e9 au site internet \u00e9metteur lors de chaque visite ult\u00e9rieure.<\/p>\n<p>Les cookies servent entre autre \u00e0 am\u00e9liorer votre confort de navigation en \u00e9vitant par exemple de ressaisir plusieurs fois les m\u00eames informations, en enregistrant vos pr\u00e9f\u00e9rences et ainsi en personnalisant le site (contenus publicitaires cibl\u00e9s, offres promotionnelles cibl\u00e9es, information sur de nouvelles offres \u2026). Les donn\u00e9es obtenues par les cookies peuvent \u00e9galement servir \u00e0 \u00e9tudier la fr\u00e9quentation du site internet.<\/p>\n<h3><strong><i> Les \u00e9metteurs des cookies <\/i><\/strong><\/h3>\n<h4>Les cookies directement \u00e9mis par notre site internet<\/h4>\n<p>Il s&rsquo;agit des cookies d\u00e9pos\u00e9s par AcXys Technologies sur votre terminal lors de votre navigation sur notre site internet www.acxys.com\/fr. Ces cookies sont \u00e9mis pour faciliter la navigation sur notre site internet, pour personnaliser nos services et pour effectuer des statistiques de fr\u00e9quentation de notre site. Les donn\u00e9es collect\u00e9es via ces cookies sont destin\u00e9es \u00e0 un usage interne de la soci\u00e9t\u00e9 AcXys Technologies.<\/p>\n<h4>Les cookies tiers<\/h4>\n<p>Il s&rsquo;agit des cookies d\u00e9pos\u00e9s par des entreprises tierces, autre que AcXys Technologies, lors de votre visite sur notre site www.acxys.com\/fr. Ces soci\u00e9t\u00e9s tierces peuvent \u00eatre des services d\u2019analyses d\u2019audience, des r\u00e9gies publicitaires, des partenaires ou les r\u00e9seaux sociaux (Facebook, Google+, Twitter, Pinterest \u2026). Les cookies tiers peuvent \u00eatre install\u00e9s sur votre terminal lors de votre visite sur notre site par exemple quand vous cliquez sur un espace publicitaire pr\u00e9sent dans notre site, ou quand vous utilisez des boutons des r\u00e9seaux sociaux (partage, like \u2026).<\/p>\n<p>AcXys Technologies ne ma\u00eetrise pas les cookies d\u00e9pos\u00e9s par des tiers lors de la consultation de son site internet. AcXys Technologies n\u2019est ainsi pas responsable de la gestion et de la dur\u00e9e de vie des cookies tiers d\u00e9pos\u00e9s sur son site. Nous vous invitons \u00e0 prendre connaissance de la politique d\u2019utilisation des cookies de ces soci\u00e9t\u00e9s tierces (informations recueillies, finalit\u00e9 d&rsquo;utilisation de ces informations \u2026). Nous vous informons que vous pouvez vous opposer \u00e0 l&rsquo;enregistrement de ces cookies sur votre terminal, en configurant votre navigateur <a href=\"#procedure\">de mani\u00e8re appropri\u00e9e<\/a>.<\/p>\n<h3><strong><i>Type et finalit\u00e9 des cookies pouvant \u00eatre install\u00e9s depuis le site www.acxys.com\/fr<\/i><\/strong><\/h3>\n<h4>Cookies techniques<\/h4>\n<p>Il s\u2019agit des cookies de param\u00e9trage et de navigation d\u00e9pos\u00e9s par AcXys Technologies. Ils permettent entre autre:<br \/>\n&#8211; de faciliter votre navigation sur notre site internet<br \/>\n&#8211; de personnaliser les services en m\u00e9morisant vos pr\u00e9f\u00e9rences d\u2019utilisation (langue, informations saisies \u2026) et ce afin de vous \u00e9viter de r\u00e9p\u00e9ter vos choix lors de chaque visite sur notre site et ainsi faciliter votre navigation lors de vos prochaines visites<br \/>\n&#8211; de b\u00e9n\u00e9ficier de certaines fonctionnalit\u00e9s (saisie de formulaire de contact \u2026).<\/p>\n<h4>Cookies statistiques : analyse de l\u2019audience du site<\/h4>\n<p>Le site internet de AcXys Technologies utilise Google Analytics, un outil d\u2019analyse d\u2019audience permettant de mieux comprendre le comportement des utilisateurs lors de leurs visites sur notre site internet (origine g\u00e9ographique, nombre de pages vues, dur\u00e9e des visites, origine du trafic \u2026). Cet outil peut utiliser des cookies (cookies tiers) pour collecter des informations de mani\u00e8re anonyme : des rapports de statistiques sont g\u00e9n\u00e9r\u00e9s sans que les internautes soient identifi\u00e9s de mani\u00e8re personnelle par Google. Certains cookies d\u2019audience peuvent permettre d\u2019identifier votre adresse IP (Internet Protocol) afin de conna\u00eetre votre origine g\u00e9ographique de connexion.<\/p>\n<h4>Cookies des r\u00e9seaux sociaux<\/h4>\n<p>Le site internet www.acxys.com\/fr peut utiliser des boutons des r\u00e9seaux sociaux (ex : Facebook, Twitter, Google+, LinkedIn, Pinterest \u2026) comme par exemple des boutons \u00ab J\u2019aime \u00bb, des boutons de partage de contenu\u2026<\/p>\n<p>Quand vous visitez une page internet sur laquelle se situe un de ces boutons, le r\u00e9seau social peut d\u00e9poser des cookies dans votre navigateur (cookies tiers dont AcXys Technologies n\u2019a pas la ma\u00eetrise), et ce m\u00eame si vous ne cliquez pas sur le bouton et m\u00eame si vous n\u2019\u00eates pas connect\u00e9 sur ce r\u00e9seau.<\/p>\n<p>Les r\u00e9seaux sociaux peuvent associer cette visualisation \u00e0 votre profil et ainsi vous proposer des publicit\u00e9s adapt\u00e9es en fonction de vos centres d\u2019int\u00e9r\u00eat. Nous vous invitons \u00e0 consulter les politiques de protection de la vie priv\u00e9e de chacun de ces r\u00e9seaux sociaux, afin de vous informer sur les finalit\u00e9s d\u2019utilisation des donn\u00e9es recueillies par ces r\u00e9seaux sociaux via les boutons pr\u00e9sents sur notre site internet. Vous avez par ailleurs la possibilit\u00e9 de vous opposer \u00e0 l\u2019installation de ces cookies, mais vous ne pourrez plus dans ce cas b\u00e9n\u00e9ficier des fonctionnalit\u00e9s des boutons des r\u00e9seaux sociaux.<\/p>\n<h4>Cookies publicitaires<\/h4>\n<p>Les cookies publicitaires, \u00e9mis principalement par des r\u00e9gies publicitaires (Adsense de Google \u2026), enregistrent des informations sur la navigation des internautes. Elles peuvent par ce biais conna\u00eetre les centres d\u2019int\u00e9r\u00eat des internautes et ainsi leur proposer des publicit\u00e9s cibl\u00e9es et personnalis\u00e9es, sur notre site ou en dehors de notre site lors de leur navigation sur Internet.<\/p>\n<p>La soci\u00e9t\u00e9 AcXys Technologies n\u2019a aucun contr\u00f4le sur ces cookies tiers (gestion, dur\u00e9e de vie des cookies \u2026) et ne peut pas lister de mani\u00e8re exhaustive les diff\u00e9rentes r\u00e9gies publicitaires qui peuvent d\u00e9poser des cookies publicitaires sur votre navigateur lors de votre navigation sur notre site. Elle vous invite \u00e0 prendre connaissance des politiques de protection de la vie priv\u00e9e de chacun de ces prestataires publicitaires.<\/p>\n<p>Vous pouvez refuser le d\u00e9p\u00f4t de ces cookies en <a href=\"#procedure\">configurant votre navigateur<\/a> de mani\u00e8re appropri\u00e9e. Le refus de ces cookies n\u2019aura pas d\u2019impact sur l\u2019utilisation de notre site et n\u2019emp\u00eachera pas que l\u2019on vous propose de la publicit\u00e9 sur notre site ou sur internet. Les publicit\u00e9s propos\u00e9es ne tiendront juste pas compte de vos centres d\u2019int\u00e9r\u00eat.<\/p>\n<h3><strong><i>Dur\u00e9e de validit\u00e9 de votre consentement et des cookies<\/i><\/strong><\/h3>\n<p>Le d\u00e9lai de validit\u00e9 du consentement au d\u00e9p\u00f4t des cookies est de 13 mois. Pass\u00e9 ce d\u00e9lai, votre accord vous sera de nouveau demand\u00e9. Les cookies seront automatiquement effac\u00e9s de votre terminal (PC ou appareil mobile) treize mois apr\u00e8s leur premier d\u00e9p\u00f4t : leur dur\u00e9e de vie ne doit pas \u00eatre prolong\u00e9e lors de nouvelles visites sur le site. Ils pourront n\u00e9anmoins \u00eatre r\u00e9install\u00e9s sit\u00f4t votre consentement redonn\u00e9.<\/p>\n<h3><strong><i>Proc\u00e9dure pour refuser l\u2019installation des cookies<a name=\"procedure\"><\/a> <\/i><\/strong><\/h3>\n<p>Vous pouvez vous opposer \u00e0 l&rsquo;enregistrement d&rsquo;un ou des cookies sur votre terminal, en configurant votre navigateur de mani\u00e8re appropri\u00e9e (voir proc\u00e9dure ci-dessous en fonction du navigateur utilis\u00e9). Il est \u00e0 noter que le refus d&rsquo;installer un ou des cookies peut entra\u00eener l&rsquo;impossibilit\u00e9 d&rsquo;acc\u00e9der \u00e0 certains services du site internet.<\/p>\n<p>Important : si votre terminal utilise plusieurs navigateurs, il est indispensable d\u2019effectuer les r\u00e9glages des cookies sur tous les navigateurs que vous utilisez pour acc\u00e9der \u00e0 notre site internet. De plus, si vous utilisez diff\u00e9rents terminaux pour acc\u00e9der \u00e0 notre site internet (PC, mobile \u2026), le r\u00e9glage de vos pr\u00e9f\u00e9rences en mati\u00e8re de cookies doit \u00eatre effectu\u00e9 sur chacun d\u2019eux.<\/p>\n<p><strong><i>Internet explorer<\/i><\/strong><br \/>\n1. Dans le menu Outils en haut \u00e0 droite de la barre de navigation, s\u00e9lectionnez Options Internet<br \/>\n2. Cliquez sur l\u2019onglet Confidentialit\u00e9<br \/>\n3. Vous pouvez param\u00e9trer vos choix concernant les cookies \u00e0 l\u2019aide d\u2019un curseur. Si vous cliquez sur Avanc\u00e9 vous pouvez faire une gestion manuelle et avanc\u00e9e des cookies<br \/>\n4. Sauvegardez vos pr\u00e9f\u00e9rences en cliquant sur OK.<\/p>\n<p><strong><i>Mozilla Firefox<\/i><\/strong><br \/>\n1. Cliquez sur le bouton de menu en haut \u00e0 droite de la barre de navigation et s\u00e9lectionnez Options<br \/>\n2. S\u00e9lectionnez le panneau Vie priv\u00e9e<br \/>\n3. Dans la zone Historique, pour l&rsquo;option R\u00e8gles de conservation, s\u00e9lectionnez utiliser les param\u00e8tres personnalis\u00e9s pour l&rsquo;historique<br \/>\n4. Les param\u00e8tres qui s\u2019affichent vous permettent de param\u00e9trer vos choix concernant les cookies et leur dur\u00e9e de conservation<br \/>\n5. Quitter la page pour sauvegarder vos choix.<\/p>\n<p><strong><i>Google Chrome<\/i><\/strong><br \/>\n1. Cliquez sur le bouton de menu en haut \u00e0 droite de la barre de navigation et s\u00e9lectionnez Param\u00e8tres<br \/>\n2. Cliquez sur Afficher les param\u00e8tres avanc\u00e9s<br \/>\n3. Dans la section Confidentialit\u00e9, cliquez sur le bouton Param\u00e8tres de contenu<br \/>\n4. Dans la section Cookies, vous pouvez param\u00e9trer vos choix concernant les cookies<br \/>\n5. Cliquez sur OK pour valider vos choix.<\/p>\n<p><strong><i>Safari<\/i><\/strong><br \/>\n1. Cliquez sur le bouton de menu en haut \u00e0 droite de la barre de navigation et s\u00e9lectionnez Pr\u00e9f\u00e9rences<br \/>\n2. S\u00e9lectionnez l\u2019ic\u00f4ne Confidentialit\u00e9<br \/>\n3. Param\u00e9trez vos choix concernant les cookies (Blocage des sites tiers)<br \/>\n4. Fermer la fen\u00eatre pour sauvegarder vos choix.<\/p>\n<p><strong><i>Op\u00e9ra<\/i><\/strong><br \/>\n1. Dans le menu principal, s\u00e9lectionnez R\u00e9glages<br \/>\n2. Cliquez sur Vie priv\u00e9e &amp; s\u00e9curit\u00e9 dans la barre lat\u00e9rale<br \/>\n3. Sous Cookies, s\u00e9lectionnez une des options disponibles<br \/>\n4. Cliquez sur le bouton G\u00e9rer les exceptions pour d\u00e9finir des pr\u00e9f\u00e9rences pour des sites en particulier<br \/>\n5. Quittez pour sauvegarder vos pr\u00e9f\u00e9rences.<\/p>\n<h2><strong>Propri\u00e9t\u00e9 intellectuelle<\/strong><\/h2>\n<p>En acc\u00e9dant au site www.acxys.com\/fr, vous acceptez de vous conformer au Code de la Propri\u00e9t\u00e9 Intellectuelle fran\u00e7ais. Tous les \u00e9l\u00e9ments du site www.acxys.com\/fr (contenus, images, vid\u00e9os, graphismes&#8230;) sont des \u0153uvres prot\u00e9g\u00e9es et sont la propri\u00e9t\u00e9 exclusive de AcXys Technologies, de ses partenaires ou des auteurs des images-vid\u00e9os &#8230; AcXys Technologies ne conc\u00e8de \u00e0 l&rsquo;utilisateur qu&rsquo;une autorisation de visualisation de son site internet \u00e0 titre personnel et priv\u00e9. Par cons\u00e9quent, il est strictement interdit, pour un usage autre que priv\u00e9, de t\u00e9l\u00e9charger, d&rsquo;utiliser, de reproduire, d&rsquo;exploiter partiellement ou totalement ou de modifier l&rsquo;ensemble des \u00e9l\u00e9ments du site internet (y compris pour les documents \u00e0 t\u00e9l\u00e9charger), par quelques proc\u00e9d\u00e9s que ce soit, et sur quelques supports que ce soit, sauf autorisation pr\u00e9alable \u00e9crite de AcXys Technologies. Toute utilisation, reproduction, exploitation ou modification non autoris\u00e9e du site ou d&rsquo;un des \u00e9l\u00e9ments qu&rsquo;il contient sera consid\u00e9r\u00e9e comme constitutive d&rsquo;un d\u00e9lit de contrefa\u00e7on passible de poursuites judiciaires, conform\u00e9ment \u00e0 l&rsquo;article L. 122-4 du Code de la propri\u00e9t\u00e9 intellectuelle.<\/p>\n<h2><strong>Signalement de contenus inappropri\u00e9s ou ill\u00e9gaux<\/strong><\/h2>\n<p>Si vous estimez qu&rsquo;un contenu pr\u00e9sent sur le site internet www.acxys.com\/fr contient un message inappropri\u00e9, injurieux ou diffamatoire, merci de nous le notifier imm\u00e9diatement par courrier \u00e9lectronique \u00e0 l&rsquo;adresse info@acxys.com, ou par courrier postal adress\u00e9 \u00e0 50 bis rue des Vingt Toises &#8211; 38950 Saint-Martin le Vinoux &#8211; FRANCE.<\/p>\n<h2><strong>Cr\u00e9dits photos<\/strong><\/h2>\n<p>Images AcXys Technologies.<br \/>\n\u00a9 puhhha &#8211; Fotolia.com.<br \/>\nImages pixabay.com :<br \/>\n<a href=\"https:\/\/pixabay.com\/fr\/users\/nuzree-27365\/?utm_source=link-attribution&amp;utm_medium=referral&amp;utm_campaign=image&amp;utm_content=183143\">Mohamed Nuzrath<\/a> de <a href=\"https:\/\/pixabay.com\/fr\/?utm_source=link-attribution&amp;utm_medium=referral&amp;utm_campaign=image&amp;utm_content=183143\">Pixabay<\/a>, <a href=\"https:\/\/pixabay.com\/fr\/users\/bottlein-3046615\/?utm_source=link-attribution&amp;utm_medium=referral&amp;utm_campaign=image&amp;utm_content=1670266\">bottlein<\/a> de <a href=\"https:\/\/pixabay.com\/fr\/?utm_source=link-attribution&amp;utm_medium=referral&amp;utm_campaign=image&amp;utm_content=1670266\">Pixabay<\/a>, <a href=\"https:\/\/pixabay.com\/fr\/users\/Free-Photos-242387\/?utm_source=link-attribution&amp;utm_medium=referral&amp;utm_campaign=image&amp;utm_content=918408\">Free-Photos<\/a> de <a href=\"https:\/\/pixabay.com\/fr\/?utm_source=link-attribution&amp;utm_medium=referral&amp;utm_campaign=image&amp;utm_content=918408\">Pixabay<\/a>, <a href=\"https:\/\/pixabay.com\/fr\/users\/jochenpippir-392262\/?utm_source=link-attribution&amp;utm_medium=referral&amp;utm_campaign=image&amp;utm_content=957260\">Jochen Pippir<\/a> de <a href=\"https:\/\/pixabay.com\/fr\/?utm_source=link-attribution&amp;utm_medium=referral&amp;utm_campaign=image&amp;utm_content=957260\">Pixabay<\/a>, <a href=\"https:\/\/pixabay.com\/fr\/users\/jarmoluk-143740\/?utm_source=link-attribution&amp;utm_medium=referral&amp;utm_campaign=image&amp;utm_content=1080584\">Michal Jarmoluk<\/a> de <a href=\"https:\/\/pixabay.com\/fr\/?utm_source=link-attribution&amp;utm_medium=referral&amp;utm_campaign=image&amp;utm_content=1080584\">Pixabay<\/a>, <a href=\"https:\/\/pixabay.com\/fr\/users\/Republica-24347\/?utm_source=link-attribution&amp;utm_medium=referral&amp;utm_campaign=image&amp;utm_content=606612\">Republica<\/a> de <a href=\"https:\/\/pixabay.com\/fr\/?utm_source=link-attribution&amp;utm_medium=referral&amp;utm_campaign=image&amp;utm_content=606612\">Pixabay<\/a>, <a href=\"https:\/\/pixabay.com\/fr\/users\/Engin_Akyurt-3656355\/?utm_source=link-attribution&amp;utm_medium=referral&amp;utm_campaign=image&amp;utm_content=1838210\">engin akyurt<\/a> de <a href=\"https:\/\/pixabay.com\/fr\/?utm_source=link-attribution&amp;utm_medium=referral&amp;utm_campaign=image&amp;utm_content=1838210\">Pixabay<\/a>.<\/p>\n","protected":false},"excerpt":{"rendered":"<p>Mentions L\u00e9gales Date de mise \u00e0 jour : 17\/07\/2019 Conform\u00e9ment \u00e0 la Loi pour la Confiance dans l&rsquo;Economie Num\u00e9rique (loi N\u00b02004-575 du 21\/06\/2004), nous portons \u00e0 la connaissance des utilisateurs du site www.acxys.com\/fr les informations suivantes : Concepteur du site internet D\u00e9nomination sociale : SARL La Dame du Web www.la-dame-du-web.com Si\u00e8ge social : 279 rue [&hellip;]<\/p>\n","protected":false},"author":1,"featured_media":0,"parent":0,"menu_order":0,"comment_status":"closed","ping_status":"closed","template":"","meta":{"_et_pb_use_builder":"","_et_pb_old_content":"","_et_gb_content_width":"","footnotes":""},"class_list":["post-1671","page","type-page","status-publish","hentry"],"_links":{"self":[{"href":"https:\/\/www.acxys.com\/fr\/wp-json\/wp\/v2\/pages\/1671","targetHints":{"allow":["GET"]}}],"collection":[{"href":"https:\/\/www.acxys.com\/fr\/wp-json\/wp\/v2\/pages"}],"about":[{"href":"https:\/\/www.acxys.com\/fr\/wp-json\/wp\/v2\/types\/page"}],"author":[{"embeddable":true,"href":"https:\/\/www.acxys.com\/fr\/wp-json\/wp\/v2\/users\/1"}],"replies":[{"embeddable":true,"href":"https:\/\/www.acxys.com\/fr\/wp-json\/wp\/v2\/comments?post=1671"}],"version-history":[{"count":2,"href":"https:\/\/www.acxys.com\/fr\/wp-json\/wp\/v2\/pages\/1671\/revisions"}],"predecessor-version":[{"id":5749,"href":"https:\/\/www.acxys.com\/fr\/wp-json\/wp\/v2\/pages\/1671\/revisions\/5749"}],"wp:attachment":[{"href":"https:\/\/www.acxys.com\/fr\/wp-json\/wp\/v2\/media?parent=1671"}],"curies":[{"name":"wp","href":"https:\/\/api.w.org\/{rel}","templated":true}]}}