{"id":2493,"date":"2021-01-20T12:37:30","date_gmt":"2021-01-20T11:37:30","guid":{"rendered":"https:\/\/www.acxys.com\/?page_id=2493"},"modified":"2024-03-09T10:56:20","modified_gmt":"2024-03-09T09:56:20","slug":"automobile_aerospatial_emballage_pliage-collage_electronique_medical_horlogerie","status":"publish","type":"page","link":"https:\/\/www.acxys.com\/fr\/technologie-plasma-atmospherique-pour-traitement-surface\/automobile_aerospatial_emballage_pliage-collage_electronique_medical_horlogerie\/","title":{"rendered":"Industries utilisant les plasmas d&rsquo;AcXys"},"content":{"rendered":"<p>[et_pb_section fb_built=\u00a0\u00bb1&Prime; module_class=\u00a0\u00bblddw-entete-responsive\u00a0\u00bb _builder_version=\u00a0\u00bb4.7.7&Prime; background_image=\u00a0\u00bbhttps:\/\/www.acxys.com\/wp-content\/uploads\/2021\/03\/P1020453-scaled.jpg\u00a0\u00bb custom_padding=\u00a0\u00bb1%||1%|\u00a0\u00bb z_index_tablet=\u00a0\u00bb500&Prime;][\/et_pb_section][et_pb_section fb_built=\u00a0\u00bb1&Prime; _builder_version=\u00a0\u00bb3.22&Prime; custom_padding=\u00a0\u00bb0px||0px|||\u00a0\u00bb][et_pb_row _builder_version=\u00a0\u00bb3.26.7&Prime; animation_style=\u00a0\u00bbslide\u00a0\u00bb][et_pb_column type=\u00a0\u00bb4_4&Prime; _builder_version=\u00a0\u00bb3.25&Prime; custom_padding=\u00a0\u00bb|||\u00a0\u00bb custom_padding__hover=\u00a0\u00bb|||\u00a0\u00bb][et_pb_text module_class=\u00a0\u00bblddw-landing-conteneur blue\u00a0\u00bb _builder_version=\u00a0\u00bb4.9.7&Prime; text_font=\u00a0\u00bb||||||||\u00a0\u00bb header_font=\u00a0\u00bb|600||on|||||\u00a0\u00bb header_text_color=\u00a0\u00bb#ffffff\u00a0\u00bb header_font_size=\u00a0\u00bb20px\u00a0\u00bb z_index_tablet=\u00a0\u00bb500&Prime;]<\/p>\n<h1 style=\"text-align: center;\">Les secteurs industriels ayant deja choisi le plasma atmospherique pour l&rsquo;activation des surfaces<\/h1>\n<p>[\/et_pb_text][\/et_pb_column][\/et_pb_row][\/et_pb_section][et_pb_section fb_built=\u00a0\u00bb1&Prime; _builder_version=\u00a0\u00bb3.22&Prime;][et_pb_row _builder_version=\u00a0\u00bb3.25&Prime; min_height=\u00a0\u00bb104px\u00a0\u00bb border_color_bottom=\u00a0\u00bb#2f68a3&Prime;][et_pb_column type=\u00a0\u00bb4_4&Prime; _builder_version=\u00a0\u00bb3.25&Prime; custom_padding=\u00a0\u00bb|||\u00a0\u00bb custom_padding__hover=\u00a0\u00bb|||\u00a0\u00bb][et_pb_text _builder_version=\u00a0\u00bb4.9.7&Prime; header_font=\u00a0\u00bb||||||||\u00a0\u00bb header_2_font=\u00a0\u00bb||||||||\u00a0\u00bb header_2_text_color=\u00a0\u00bb#499ef7&Prime; custom_padding=\u00a0\u00bb|||15px\u00a0\u00bb border_color_right=\u00a0\u00bb#e18e55&Prime; border_width_left=\u00a0\u00bb8px\u00a0\u00bb border_color_left=\u00a0\u00bb#e18e55&Prime;]<\/p>\n<h2>De nombreuses industries optent pour le plasma atmosph\u00e9rique pour des traitements de surface efficaces, \u00e9conomiques et respectueux de l&rsquo;environnement.<\/h2>\n<p>[\/et_pb_text][\/et_pb_column][\/et_pb_row][et_pb_row column_structure=\u00a0\u00bb3_5,2_5&Prime; _builder_version=\u00a0\u00bb3.25&Prime;][et_pb_column type=\u00a0\u00bb3_5&Prime; _builder_version=\u00a0\u00bb3.25&Prime; custom_padding=\u00a0\u00bb|||\u00a0\u00bb custom_padding__hover=\u00a0\u00bb|||\u00a0\u00bb][et_pb_text _builder_version=\u00a0\u00bb4.9.7&Prime;]<\/p>\n<p>Le plasma \u00e0 pression atmosph\u00e9rique est devenu un outil incontournable dans l\u2019industrie automobile actuelle.<br \/>Les pi\u00e8ces automobiles sont faites de polym\u00e8res, de verre, de m\u00e9taux ou m\u00eame des mat\u00e9riaux composites et elles n\u00e9cessitent \u00e0 un stade ou \u00e0 un autre de leur fabrication de bonnes propri\u00e9t\u00e9s d\u2019adh\u00e9sion ou de mouillabilit\u00e9.<\/p>\n<p class=\"mb-0\">Les exemples d\u2019utilisation d&rsquo;un <a href=\"https:\/\/www.acxys.com\/fr\/technologie-plasma-atmospherique-pour-traitement-surface\/activation-surface_nettoyage_depot-couches-minces\/\">traitement plasma<\/a> sur pi\u00e8ces automobiles sont multiples :<\/p>\n<ul>\n<li>Traitement de planche de bord<\/li>\n<li>Traitement de panneaux ext\u00e9rieures avant collage<\/li>\n<li>Peinture sur des pi\u00e8ces composites ou en plastique<\/li>\n<li>Traitement de profil\u00e9s en EPDM<\/li>\n<li>Activation de piste de collage avant mise sous presse<\/li>\n<\/ul>\n<p>[\/et_pb_text][\/et_pb_column][et_pb_column type=\u00a0\u00bb2_5&Prime; _builder_version=\u00a0\u00bb3.25&Prime; custom_padding=\u00a0\u00bb|||\u00a0\u00bb custom_padding__hover=\u00a0\u00bb|||\u00a0\u00bb][et_pb_text _builder_version=\u00a0\u00bb3.27.4&Prime;]<\/p>\n<h3 class=\"page-h3\">Industrie Automobile<\/h3>\n<p>[\/et_pb_text][et_pb_image src=\u00a0\u00bbhttps:\/\/www.acxys.com\/wp-content\/uploads\/2019\/07\/voiture.jpg\u00a0\u00bb align=\u00a0\u00bbcenter\u00a0\u00bb align_tablet=\u00a0\u00bbcenter\u00a0\u00bb align_phone=\u00a0\u00bb\u00a0\u00bb align_last_edited=\u00a0\u00bbon|desktop\u00a0\u00bb _builder_version=\u00a0\u00bb3.23&Prime; max_width=\u00a0\u00bb50%\u00a0\u00bb max_width_tablet=\u00a0\u00bb60%\u00a0\u00bb max_width_phone=\u00a0\u00bb60%\u00a0\u00bb max_width_last_edited=\u00a0\u00bbon|desktop\u00a0\u00bb module_alignment=\u00a0\u00bbcenter\u00a0\u00bb max_width__hover_enabled=\u00a0\u00bbon\u00a0\u00bb][\/et_pb_image][\/et_pb_column][\/et_pb_row][et_pb_row column_structure=\u00a0\u00bb2_5,3_5&Prime; _builder_version=\u00a0\u00bb3.25&Prime;][et_pb_column type=\u00a0\u00bb2_5&Prime; _builder_version=\u00a0\u00bb3.25&Prime; custom_padding=\u00a0\u00bb|||\u00a0\u00bb custom_padding__hover=\u00a0\u00bb|||\u00a0\u00bb][et_pb_text _builder_version=\u00a0\u00bb3.27.4&Prime;]<\/p>\n<h3 class=\"page-h3\">Industrie A\u00e9ronautique, Spatiale et de D\u00e9fense<\/h3>\n<p>[\/et_pb_text][et_pb_image src=\u00a0\u00bbhttps:\/\/www.acxys.com\/wp-content\/uploads\/2019\/07\/avion.jpg\u00a0\u00bb align=\u00a0\u00bbcenter\u00a0\u00bb align_tablet=\u00a0\u00bbcenter\u00a0\u00bb align_phone=\u00a0\u00bb\u00a0\u00bb align_last_edited=\u00a0\u00bbon|desktop\u00a0\u00bb _builder_version=\u00a0\u00bb3.23&Prime; max_width=\u00a0\u00bb50%\u00a0\u00bb max_width_tablet=\u00a0\u00bb60%\u00a0\u00bb max_width_phone=\u00a0\u00bb60%\u00a0\u00bb max_width_last_edited=\u00a0\u00bbon|desktop\u00a0\u00bb module_alignment=\u00a0\u00bbcenter\u00a0\u00bb max_width__hover_enabled=\u00a0\u00bbon\u00a0\u00bb][\/et_pb_image][\/et_pb_column][et_pb_column type=\u00a0\u00bb3_5&Prime; _builder_version=\u00a0\u00bb3.25&Prime; custom_padding=\u00a0\u00bb|||\u00a0\u00bb custom_padding__hover=\u00a0\u00bb|||\u00a0\u00bb][et_pb_text _builder_version=\u00a0\u00bb3.27.4&Prime;]<\/p>\n<p>Les industries a\u00e9ronautiques, spatiales et militaires utilisent beaucoup de mat\u00e9riaux hautes performances\u00a0: polym\u00e8res techniques, c\u00e9ramiques, m\u00e9taux, ou composites aux propri\u00e9t\u00e9s \u00e9lev\u00e9es\u2026<br \/>Tous ces mat\u00e9riaux demandent des traitements de surface pointus adapt\u00e9s \u00e0 chacun d&rsquo;eux. Le plasma \u00e0 pression atmosph\u00e9rique offre une alternative fiable et performante aux proc\u00e9d\u00e9s classiques, tout en permettant de r\u00e9duire consid\u00e9rablement l\u2019impact environnemental.<\/p>\n<p>[\/et_pb_text][\/et_pb_column][\/et_pb_row][et_pb_row column_structure=\u00a0\u00bb3_5,2_5&Prime; _builder_version=\u00a0\u00bb3.25&Prime;][et_pb_column type=\u00a0\u00bb3_5&Prime; _builder_version=\u00a0\u00bb3.25&Prime; custom_padding=\u00a0\u00bb|||\u00a0\u00bb custom_padding__hover=\u00a0\u00bb|||\u00a0\u00bb][et_pb_text _builder_version=\u00a0\u00bb3.27.4&Prime;]<\/p>\n<p>La fabrication d&#8217;emballage de toute nature exige des technologies compatibles avec de tr\u00e8s grands volumes de fabrication. Le collage, l&rsquo;impression ou le vernissage sont des \u00e9tapes cl\u00e9s qui exigent une excellente pr\u00e9paration de surface pour \u00eatre fiables, particuli\u00e8rement sur des mat\u00e9riaux tels que le papier, le carton, le verre et le plastique<br \/>Les technologies plasma atmosph\u00e9rique apportent des solutions productives, efficaces et respectueuses de l&rsquo;environnement.<\/p>\n<p class=\"mb-0\">Quelques exemples\u00a0:<\/p>\n<ul>\n<li>Traitement de carton avant pliage-collage<\/li>\n<li>Marquage de bouchons<\/li>\n<li>D\u00e9cor sur emballages aluminium ou polym\u00e8re<\/li>\n<\/ul>\n<p>[\/et_pb_text][\/et_pb_column][et_pb_column type=\u00a0\u00bb2_5&Prime; _builder_version=\u00a0\u00bb3.25&Prime; custom_padding=\u00a0\u00bb|||\u00a0\u00bb custom_padding__hover=\u00a0\u00bb|||\u00a0\u00bb][et_pb_text _builder_version=\u00a0\u00bb3.27.4&Prime;]<\/p>\n<h3 class=\"page-h3\">Industrie de l\u2019Emballage et du Packaging<\/h3>\n<p>[\/et_pb_text][et_pb_image src=\u00a0\u00bbhttps:\/\/www.acxys.com\/wp-content\/uploads\/2019\/07\/packaging.jpg\u00a0\u00bb align=\u00a0\u00bbcenter\u00a0\u00bb align_tablet=\u00a0\u00bbcenter\u00a0\u00bb align_phone=\u00a0\u00bb\u00a0\u00bb align_last_edited=\u00a0\u00bbon|desktop\u00a0\u00bb _builder_version=\u00a0\u00bb3.23&Prime; max_width=\u00a0\u00bb50%\u00a0\u00bb max_width_tablet=\u00a0\u00bb60%\u00a0\u00bb max_width_phone=\u00a0\u00bb60%\u00a0\u00bb max_width_last_edited=\u00a0\u00bbon|desktop\u00a0\u00bb module_alignment=\u00a0\u00bbcenter\u00a0\u00bb max_width__hover_enabled=\u00a0\u00bbon\u00a0\u00bb][\/et_pb_image][\/et_pb_column][\/et_pb_row][et_pb_row column_structure=\u00a0\u00bb2_5,3_5&Prime; _builder_version=\u00a0\u00bb3.25&Prime;][et_pb_column type=\u00a0\u00bb2_5&Prime; _builder_version=\u00a0\u00bb3.25&Prime; custom_padding=\u00a0\u00bb|||\u00a0\u00bb custom_padding__hover=\u00a0\u00bb|||\u00a0\u00bb][et_pb_text _builder_version=\u00a0\u00bb4.9.7&Prime;]<\/p>\n<h3 class=\"page-h3\">Industries Electroniques et Electriques<\/h3>\n<p>[\/et_pb_text][et_pb_image src=\u00a0\u00bbhttps:\/\/www.acxys.com\/wp-content\/uploads\/2019\/07\/cables.jpg\u00a0\u00bb align=\u00a0\u00bbcenter\u00a0\u00bb align_tablet=\u00a0\u00bbcenter\u00a0\u00bb align_phone=\u00a0\u00bb\u00a0\u00bb align_last_edited=\u00a0\u00bbon|desktop\u00a0\u00bb _builder_version=\u00a0\u00bb3.23&Prime; max_width=\u00a0\u00bb50%\u00a0\u00bb max_width_tablet=\u00a0\u00bb60%\u00a0\u00bb max_width_phone=\u00a0\u00bb60%\u00a0\u00bb max_width_last_edited=\u00a0\u00bbon|desktop\u00a0\u00bb module_alignment=\u00a0\u00bbcenter\u00a0\u00bb max_width__hover_enabled=\u00a0\u00bbon\u00a0\u00bb][\/et_pb_image][\/et_pb_column][et_pb_column type=\u00a0\u00bb3_5&Prime; _builder_version=\u00a0\u00bb3.25&Prime; custom_padding=\u00a0\u00bb|||\u00a0\u00bb custom_padding__hover=\u00a0\u00bb|||\u00a0\u00bb][et_pb_text _builder_version=\u00a0\u00bb3.27.4&Prime;]<\/p>\n<p>La protection des surfaces et la qualit\u00e9 des contacts est une pr\u00e9occupation majeure de tous les processus de fabrication des syst\u00e8mes \u00e9lectroniques ou des produits \u00e9lectriques.<\/p>\n<p class=\"mb-0\">Exemples d&rsquo;applications en micro-technologies :<\/p>\n<ul>\n<li>Nettoyage de circuit avant vernissage<\/li>\n<li>Traitement avant potting<\/li>\n<li>Application dans la fabrication de c\u00e2bles<\/li>\n<\/ul>\n<p>[\/et_pb_text][\/et_pb_column][\/et_pb_row][et_pb_row column_structure=\u00a0\u00bb3_5,2_5&Prime; _builder_version=\u00a0\u00bb3.25&Prime;][et_pb_column type=\u00a0\u00bb3_5&Prime; _builder_version=\u00a0\u00bb3.25&Prime; custom_padding=\u00a0\u00bb|||\u00a0\u00bb custom_padding__hover=\u00a0\u00bb|||\u00a0\u00bb][et_pb_text _builder_version=\u00a0\u00bb3.27.4&Prime;]<\/p>\n<p>Le traitement de surface \u00e0 plasma atmosph\u00e9rique est parfaitement adapt\u00e9 aux contraintes fortes de ces secteurs, au vu de la complexit\u00e9 des pi\u00e8ces, de leur miniaturisation, de la vari\u00e9t\u00e9 des mat\u00e9riaux employ\u00e9s et de la recherche de la meilleure qualit\u00e9 de fabrication possible.<\/p>\n<p class=\"mb-0\">Exemples :<\/p>\n<ul>\n<li>Traitement de pi\u00e8ces internes ou de cadrans de montre<\/li>\n<li>Traitement de plaque de verre<\/li>\n<li>Collage de pi\u00e8ces miniaturis\u00e9es<\/li>\n<li>Nettoyage de pr\u00e9cision<\/li>\n<\/ul>\n<p>[\/et_pb_text][\/et_pb_column][et_pb_column type=\u00a0\u00bb2_5&Prime; _builder_version=\u00a0\u00bb3.25&Prime; custom_padding=\u00a0\u00bb|||\u00a0\u00bb custom_padding__hover=\u00a0\u00bb|||\u00a0\u00bb][et_pb_text _builder_version=\u00a0\u00bb3.27.4&Prime;]<\/p>\n<h3 class=\"page-h3\">Industrie de pointe, Bijouterie &#038; Horlogerie<\/h3>\n<p>[\/et_pb_text][et_pb_image src=\u00a0\u00bbhttps:\/\/www.acxys.com\/wp-content\/uploads\/2019\/07\/montre.jpg\u00a0\u00bb align=\u00a0\u00bbcenter\u00a0\u00bb align_tablet=\u00a0\u00bbcenter\u00a0\u00bb align_phone=\u00a0\u00bb\u00a0\u00bb align_last_edited=\u00a0\u00bbon|desktop\u00a0\u00bb _builder_version=\u00a0\u00bb3.23&Prime; max_width=\u00a0\u00bb50%\u00a0\u00bb max_width_tablet=\u00a0\u00bb60%\u00a0\u00bb max_width_phone=\u00a0\u00bb60%\u00a0\u00bb max_width_last_edited=\u00a0\u00bbon|desktop\u00a0\u00bb module_alignment=\u00a0\u00bbcenter\u00a0\u00bb max_width__hover_enabled=\u00a0\u00bbon\u00a0\u00bb][\/et_pb_image][\/et_pb_column][\/et_pb_row][et_pb_row column_structure=\u00a0\u00bb2_5,3_5&Prime; _builder_version=\u00a0\u00bb3.25&Prime;][et_pb_column type=\u00a0\u00bb2_5&Prime; _builder_version=\u00a0\u00bb3.25&Prime; custom_padding=\u00a0\u00bb|||\u00a0\u00bb custom_padding__hover=\u00a0\u00bb|||\u00a0\u00bb][et_pb_text _builder_version=\u00a0\u00bb3.27.4&Prime;]<\/p>\n<h3 class=\"page-h3\">Industrie Pharmaceutique et M\u00e9dicale<\/h3>\n<p>[\/et_pb_text][et_pb_image src=\u00a0\u00bbhttps:\/\/www.acxys.com\/wp-content\/uploads\/2019\/07\/seringue.jpg\u00a0\u00bb align=\u00a0\u00bbcenter\u00a0\u00bb align_tablet=\u00a0\u00bbcenter\u00a0\u00bb align_phone=\u00a0\u00bb\u00a0\u00bb align_last_edited=\u00a0\u00bbon|desktop\u00a0\u00bb _builder_version=\u00a0\u00bb3.23&Prime; max_width=\u00a0\u00bb50%\u00a0\u00bb max_width_tablet=\u00a0\u00bb60%\u00a0\u00bb max_width_phone=\u00a0\u00bb60%\u00a0\u00bb max_width_last_edited=\u00a0\u00bbon|desktop\u00a0\u00bb module_alignment=\u00a0\u00bbcenter\u00a0\u00bb max_width__hover_enabled=\u00a0\u00bbon\u00a0\u00bb][\/et_pb_image][\/et_pb_column][et_pb_column type=\u00a0\u00bb3_5&Prime; _builder_version=\u00a0\u00bb3.25&Prime; custom_padding=\u00a0\u00bb|||\u00a0\u00bb custom_padding__hover=\u00a0\u00bb|||\u00a0\u00bb][et_pb_text _builder_version=\u00a0\u00bb3.27.4&Prime;]<\/p>\n<p>La fabrication de dispositifs pharmaceutiques et m\u00e9dicaux exige des solutions techniques performantes de nettoyage, d\u2019assemblage ou de marquage qui soient compatibles avec les exigences de tra\u00e7abilit\u00e9 des processus de fabrication de ces industries.<br \/>Les technologies de traitement de surface par plasma atmosph\u00e9rique, compatibles avec la majorit\u00e9 des mat\u00e9riaux et des formes rencontr\u00e9es dans ces secteurs industriels, r\u00e9pondent parfaitement \u00e0 ces n\u00e9cessit\u00e9s.<\/p>\n<p class=\"mb-0\">Exemples d&rsquo;applications :<\/p>\n<ul>\n<li>Traitement de seringues<\/li>\n<li>Traitement de verres ophtalmiques<\/li>\n<li>Traitement d\u2019implants<\/li>\n<li>Syst\u00e8mes micro-fluidiques<\/li>\n<li>Cath\u00e9ters<\/li>\n<li>&#8230;<\/li>\n<\/ul>\n<p>[\/et_pb_text][\/et_pb_column][\/et_pb_row][et_pb_row column_structure=\u00a0\u00bb3_5,2_5&Prime; _builder_version=\u00a0\u00bb3.25&Prime;][et_pb_column type=\u00a0\u00bb3_5&Prime; _builder_version=\u00a0\u00bb3.25&Prime; custom_padding=\u00a0\u00bb|||\u00a0\u00bb custom_padding__hover=\u00a0\u00bb|||\u00a0\u00bb][et_pb_text _builder_version=\u00a0\u00bb3.27.4&Prime;]Les textiles et films en polym\u00e8res et composites pr\u00e9sentent de nouvelles propri\u00e9t\u00e9s m\u00e9caniques telles que la r\u00e9sistance ou la souplesse et de nouvelles propri\u00e9t\u00e9s de surface telles que l&rsquo;hydrophobie ou l&rsquo;ol\u00e9ophobie. Cela contribue \u00e0 en faire des mat\u00e9riaux de choix pour r\u00e9pondre aux besoins de diverses industries tel que l&#8217;emballage, le m\u00e9dical ou les v\u00eatements techniques.<\/p>\n<p>Pour pr\u00e9parer ces nouveaux textiles avant teinture, impression ou collage, le traitement de surface par plasma atmosph\u00e9rique \u2013 r\u00e9alis\u00e9 par voie s\u00e8che \u2013 permet de remplacer les traitements par solvant.[\/et_pb_text][\/et_pb_column][et_pb_column type=\u00a0\u00bb2_5&Prime; _builder_version=\u00a0\u00bb3.25&Prime; custom_padding=\u00a0\u00bb|||\u00a0\u00bb custom_padding__hover=\u00a0\u00bb|||\u00a0\u00bb][et_pb_text _builder_version=\u00a0\u00bb3.27.4&Prime;]<\/p>\n<h3 class=\"page-h3\">Industrie Textile<\/h3>\n<p>[\/et_pb_text][et_pb_image src=\u00a0\u00bbhttps:\/\/www.acxys.com\/wp-content\/uploads\/2019\/07\/tissus.jpg\u00a0\u00bb align=\u00a0\u00bbcenter\u00a0\u00bb align_tablet=\u00a0\u00bbcenter\u00a0\u00bb align_phone=\u00a0\u00bb\u00a0\u00bb align_last_edited=\u00a0\u00bbon|desktop\u00a0\u00bb _builder_version=\u00a0\u00bb3.23&Prime; max_width=\u00a0\u00bb50%\u00a0\u00bb max_width_tablet=\u00a0\u00bb60%\u00a0\u00bb max_width_phone=\u00a0\u00bb60%\u00a0\u00bb max_width_last_edited=\u00a0\u00bbon|desktop\u00a0\u00bb module_alignment=\u00a0\u00bbcenter\u00a0\u00bb max_width__hover_enabled=\u00a0\u00bbon\u00a0\u00bb][\/et_pb_image][\/et_pb_column][\/et_pb_row][et_pb_row column_structure=\u00a0\u00bb2_5,3_5&Prime; _builder_version=\u00a0\u00bb3.25&Prime;][et_pb_column type=\u00a0\u00bb2_5&Prime; _builder_version=\u00a0\u00bb3.25&Prime; custom_padding=\u00a0\u00bb|||\u00a0\u00bb custom_padding__hover=\u00a0\u00bb|||\u00a0\u00bb][et_pb_text _builder_version=\u00a0\u00bb3.27.4&Prime;]<\/p>\n<h3 class=\"page-h3\">Laboratoires de Recherche<\/h3>\n<p>[\/et_pb_text][et_pb_image src=\u00a0\u00bbhttps:\/\/www.acxys.com\/wp-content\/uploads\/2019\/07\/fioles.jpg\u00a0\u00bb align=\u00a0\u00bbcenter\u00a0\u00bb align_tablet=\u00a0\u00bbcenter\u00a0\u00bb align_phone=\u00a0\u00bb\u00a0\u00bb align_last_edited=\u00a0\u00bbon|desktop\u00a0\u00bb _builder_version=\u00a0\u00bb3.23&Prime; max_width=\u00a0\u00bb50%\u00a0\u00bb max_width_tablet=\u00a0\u00bb60%\u00a0\u00bb max_width_phone=\u00a0\u00bb60%\u00a0\u00bb max_width_last_edited=\u00a0\u00bbon|desktop\u00a0\u00bb module_alignment=\u00a0\u00bbcenter\u00a0\u00bb max_width__hover_enabled=\u00a0\u00bbon\u00a0\u00bb][\/et_pb_image][\/et_pb_column][et_pb_column type=\u00a0\u00bb3_5&Prime; _builder_version=\u00a0\u00bb3.25&Prime; custom_padding=\u00a0\u00bb|||\u00a0\u00bb custom_padding__hover=\u00a0\u00bb|||\u00a0\u00bb][et_pb_text _builder_version=\u00a0\u00bb3.27.4&Prime;]La diffusion de la technologie de traitement de surface par plasma atmosph\u00e9rique est soutenue par son utilisation dans de tr\u00e8s nombreux laboratoires et instituts de recherche fondamentale ou appliqu\u00e9e. <\/p>\n<p>Compte tenu de l\u2019int\u00e9r\u00eat environnemental de la technologie, les projets de recherche appliqu\u00e9e entre universitaires et industriels portent sur des changements de proc\u00e9d\u00e9s pour les traitements de surface existants comme sur la mise au point de nouveaux mat\u00e9riaux et l\u2019analyse de leurs propri\u00e9t\u00e9s.[\/et_pb_text][\/et_pb_column][\/et_pb_row][\/et_pb_section]<\/p>\n","protected":false},"excerpt":{"rendered":"<p>[et_pb_section fb_built=\u00a0\u00bb1&Prime; module_class=\u00a0\u00bblddw-entete-responsive\u00a0\u00bb _builder_version=\u00a0\u00bb4.7.7&Prime; background_image=\u00a0\u00bbhttps:\/\/www.acxys.com\/wp-content\/uploads\/2021\/03\/P1020453-scaled.jpg\u00a0\u00bb custom_padding=\u00a0\u00bb1%||1%|\u00a0\u00bb z_index_tablet=\u00a0\u00bb500&Prime;][\/et_pb_section][et_pb_section fb_built=\u00a0\u00bb1&Prime; _builder_version=\u00a0\u00bb3.22&Prime; custom_padding=\u00a0\u00bb0px||0px|||\u00a0\u00bb][et_pb_row _builder_version=\u00a0\u00bb3.26.7&Prime; animation_style=\u00a0\u00bbslide\u00a0\u00bb][et_pb_column type=\u00a0\u00bb4_4&Prime; _builder_version=\u00a0\u00bb3.25&Prime; custom_padding=\u00a0\u00bb|||\u00a0\u00bb custom_padding__hover=\u00a0\u00bb|||\u00a0\u00bb][et_pb_text module_class=\u00a0\u00bblddw-landing-conteneur blue\u00a0\u00bb _builder_version=\u00a0\u00bb4.9.7&Prime; text_font=\u00a0\u00bb||||||||\u00a0\u00bb header_font=\u00a0\u00bb|600||on|||||\u00a0\u00bb header_text_color=\u00a0\u00bb#ffffff\u00a0\u00bb header_font_size=\u00a0\u00bb20px\u00a0\u00bb z_index_tablet=\u00a0\u00bb500&Prime;] Les secteurs industriels ayant deja choisi le plasma atmospherique pour l&rsquo;activation des surfaces [\/et_pb_text][\/et_pb_column][\/et_pb_row][\/et_pb_section][et_pb_section fb_built=\u00a0\u00bb1&Prime; _builder_version=\u00a0\u00bb3.22&Prime;][et_pb_row _builder_version=\u00a0\u00bb3.25&Prime; min_height=\u00a0\u00bb104px\u00a0\u00bb border_color_bottom=\u00a0\u00bb#2f68a3&Prime;][et_pb_column type=\u00a0\u00bb4_4&Prime; _builder_version=\u00a0\u00bb3.25&Prime; custom_padding=\u00a0\u00bb|||\u00a0\u00bb custom_padding__hover=\u00a0\u00bb|||\u00a0\u00bb][et_pb_text _builder_version=\u00a0\u00bb4.9.7&Prime; header_font=\u00a0\u00bb||||||||\u00a0\u00bb header_2_font=\u00a0\u00bb||||||||\u00a0\u00bb header_2_text_color=\u00a0\u00bb#499ef7&Prime; custom_padding=\u00a0\u00bb|||15px\u00a0\u00bb border_color_right=\u00a0\u00bb#e18e55&Prime; border_width_left=\u00a0\u00bb8px\u00a0\u00bb border_color_left=\u00a0\u00bb#e18e55&Prime;] [&hellip;]<\/p>\n","protected":false},"author":2,"featured_media":0,"parent":15,"menu_order":0,"comment_status":"closed","ping_status":"closed","template":"","meta":{"_et_pb_use_builder":"on","_et_pb_old_content":"","_et_gb_content_width":"","footnotes":""},"class_list":["post-2493","page","type-page","status-publish","hentry"],"_links":{"self":[{"href":"https:\/\/www.acxys.com\/fr\/wp-json\/wp\/v2\/pages\/2493","targetHints":{"allow":["GET"]}}],"collection":[{"href":"https:\/\/www.acxys.com\/fr\/wp-json\/wp\/v2\/pages"}],"about":[{"href":"https:\/\/www.acxys.com\/fr\/wp-json\/wp\/v2\/types\/page"}],"author":[{"embeddable":true,"href":"https:\/\/www.acxys.com\/fr\/wp-json\/wp\/v2\/users\/2"}],"replies":[{"embeddable":true,"href":"https:\/\/www.acxys.com\/fr\/wp-json\/wp\/v2\/comments?post=2493"}],"version-history":[{"count":22,"href":"https:\/\/www.acxys.com\/fr\/wp-json\/wp\/v2\/pages\/2493\/revisions"}],"predecessor-version":[{"id":5907,"href":"https:\/\/www.acxys.com\/fr\/wp-json\/wp\/v2\/pages\/2493\/revisions\/5907"}],"up":[{"embeddable":true,"href":"https:\/\/www.acxys.com\/fr\/wp-json\/wp\/v2\/pages\/15"}],"wp:attachment":[{"href":"https:\/\/www.acxys.com\/fr\/wp-json\/wp\/v2\/media?parent=2493"}],"curies":[{"name":"wp","href":"https:\/\/api.w.org\/{rel}","templated":true}]}}