{"id":276,"date":"2019-04-09T10:09:30","date_gmt":"2019-04-09T08:09:30","guid":{"rendered":"https:\/\/www.acxys.com\/?page_id=276"},"modified":"2023-10-12T11:58:50","modified_gmt":"2023-10-12T09:58:50","slug":"reseau-commercial","status":"publish","type":"page","link":"https:\/\/www.acxys.com\/fr\/plasma-atmospherique-entreprise\/reseau-commercial\/","title":{"rendered":"Notre r\u00e9seau commercial"},"content":{"rendered":"<p>[et_pb_section fb_built=\u00a0\u00bb1&Prime; module_class=\u00a0\u00bblddw-entete-responsive\u00a0\u00bb _builder_version=\u00a0\u00bb3.22&Prime; background_image=\u00a0\u00bbhttps:\/\/www.acxys.com\/wp-content\/uploads\/2019\/07\/bg-entete-reseau-1.jpg\u00a0\u00bb custom_padding=\u00a0\u00bb1%||1%|\u00a0\u00bb z_index_tablet=\u00a0\u00bb500&Prime;][et_pb_row _builder_version=\u00a0\u00bb3.25&Prime; background_size=\u00a0\u00bbinitial\u00a0\u00bb background_position=\u00a0\u00bbtop_left\u00a0\u00bb background_repeat=\u00a0\u00bbrepeat\u00a0\u00bb][\/et_pb_row][\/et_pb_section][et_pb_section fb_built=\u00a0\u00bb1&Prime; _builder_version=\u00a0\u00bb3.22&Prime; custom_padding=\u00a0\u00bb0px||\u00a0\u00bb][et_pb_row _builder_version=\u00a0\u00bb3.25&Prime; border_color_bottom=\u00a0\u00bb#2f68a3&Prime;][et_pb_column type=\u00a0\u00bb4_4&Prime; _builder_version=\u00a0\u00bb3.25&Prime; custom_padding=\u00a0\u00bb|||\u00a0\u00bb custom_padding__hover=\u00a0\u00bb|||\u00a0\u00bb][et_pb_text module_class=\u00a0\u00bblddw-landing-conteneur blue\u00a0\u00bb _builder_version=\u00a0\u00bb4.9.7&Prime; text_font=\u00a0\u00bb||||||||\u00a0\u00bb header_font=\u00a0\u00bb|600||on|||||\u00a0\u00bb header_text_color=\u00a0\u00bb#ffffff\u00a0\u00bb header_font_size=\u00a0\u00bb20px\u00a0\u00bb header_2_font=\u00a0\u00bb||||||||\u00a0\u00bb hover_enabled=\u00a0\u00bb0&Prime; z_index_tablet=\u00a0\u00bb500&Prime; sticky_enabled=\u00a0\u00bb0&Prime;]<\/p>\n<h1>Nos quipements de traitement de surface plasma sont disponibles dans le monde entier grace \u00e0 un reseau commercial etendu<\/h1>\n<p>[\/et_pb_text][et_pb_text _builder_version=\u00a0\u00bb3.27.4&Prime; z_index_tablet=\u00a0\u00bb500&Prime; text_text_shadow_horizontal_length_tablet=\u00a0\u00bb0px\u00a0\u00bb text_text_shadow_vertical_length_tablet=\u00a0\u00bb0px\u00a0\u00bb text_text_shadow_blur_strength_tablet=\u00a0\u00bb1px\u00a0\u00bb link_text_shadow_horizontal_length_tablet=\u00a0\u00bb0px\u00a0\u00bb link_text_shadow_vertical_length_tablet=\u00a0\u00bb0px\u00a0\u00bb link_text_shadow_blur_strength_tablet=\u00a0\u00bb1px\u00a0\u00bb ul_text_shadow_horizontal_length_tablet=\u00a0\u00bb0px\u00a0\u00bb ul_text_shadow_vertical_length_tablet=\u00a0\u00bb0px\u00a0\u00bb ul_text_shadow_blur_strength_tablet=\u00a0\u00bb1px\u00a0\u00bb ol_text_shadow_horizontal_length_tablet=\u00a0\u00bb0px\u00a0\u00bb ol_text_shadow_vertical_length_tablet=\u00a0\u00bb0px\u00a0\u00bb ol_text_shadow_blur_strength_tablet=\u00a0\u00bb1px\u00a0\u00bb quote_text_shadow_horizontal_length_tablet=\u00a0\u00bb0px\u00a0\u00bb quote_text_shadow_vertical_length_tablet=\u00a0\u00bb0px\u00a0\u00bb quote_text_shadow_blur_strength_tablet=\u00a0\u00bb1px\u00a0\u00bb header_text_shadow_horizontal_length_tablet=\u00a0\u00bb0px\u00a0\u00bb header_text_shadow_vertical_length_tablet=\u00a0\u00bb0px\u00a0\u00bb header_text_shadow_blur_strength_tablet=\u00a0\u00bb1px\u00a0\u00bb header_2_text_shadow_horizontal_length_tablet=\u00a0\u00bb0px\u00a0\u00bb header_2_text_shadow_vertical_length_tablet=\u00a0\u00bb0px\u00a0\u00bb header_2_text_shadow_blur_strength_tablet=\u00a0\u00bb1px\u00a0\u00bb header_3_text_shadow_horizontal_length_tablet=\u00a0\u00bb0px\u00a0\u00bb header_3_text_shadow_vertical_length_tablet=\u00a0\u00bb0px\u00a0\u00bb header_3_text_shadow_blur_strength_tablet=\u00a0\u00bb1px\u00a0\u00bb header_4_text_shadow_horizontal_length_tablet=\u00a0\u00bb0px\u00a0\u00bb header_4_text_shadow_vertical_length_tablet=\u00a0\u00bb0px\u00a0\u00bb header_4_text_shadow_blur_strength_tablet=\u00a0\u00bb1px\u00a0\u00bb header_5_text_shadow_horizontal_length_tablet=\u00a0\u00bb0px\u00a0\u00bb header_5_text_shadow_vertical_length_tablet=\u00a0\u00bb0px\u00a0\u00bb header_5_text_shadow_blur_strength_tablet=\u00a0\u00bb1px\u00a0\u00bb header_6_text_shadow_horizontal_length_tablet=\u00a0\u00bb0px\u00a0\u00bb header_6_text_shadow_vertical_length_tablet=\u00a0\u00bb0px\u00a0\u00bb header_6_text_shadow_blur_strength_tablet=\u00a0\u00bb1px\u00a0\u00bb box_shadow_horizontal_tablet=\u00a0\u00bb0px\u00a0\u00bb box_shadow_vertical_tablet=\u00a0\u00bb0px\u00a0\u00bb box_shadow_blur_tablet=\u00a0\u00bb40px\u00a0\u00bb box_shadow_spread_tablet=\u00a0\u00bb0px\u00a0\u00bb]<\/p>\n<p class=\"lddw\">Pour r\u00e9pondre aux probl\u00e9matiques industrielles de nos clients, r\u00e9aliser des solutions sur mesure, assurer un support commercial et technique dans le monde entier, AcXys Technologies s\u2019appuie \u00e9galement sur un r\u00e9seau d&rsquo;agents, de distributeurs ou d\u2019int\u00e9grateurs. Tous partagent la m\u00eame <strong>expertise pour les pr\u00e9parations de surface par plasma.<\/strong><\/p>\n<p>[\/et_pb_text][et_pb_text _builder_version=\u00a0\u00bb4.9.7&Prime; z_index_tablet=\u00a0\u00bb500&Prime; text_text_shadow_horizontal_length_tablet=\u00a0\u00bb0px\u00a0\u00bb text_text_shadow_vertical_length_tablet=\u00a0\u00bb0px\u00a0\u00bb text_text_shadow_blur_strength_tablet=\u00a0\u00bb1px\u00a0\u00bb link_text_shadow_horizontal_length_tablet=\u00a0\u00bb0px\u00a0\u00bb link_text_shadow_vertical_length_tablet=\u00a0\u00bb0px\u00a0\u00bb link_text_shadow_blur_strength_tablet=\u00a0\u00bb1px\u00a0\u00bb ul_text_shadow_horizontal_length_tablet=\u00a0\u00bb0px\u00a0\u00bb ul_text_shadow_vertical_length_tablet=\u00a0\u00bb0px\u00a0\u00bb ul_text_shadow_blur_strength_tablet=\u00a0\u00bb1px\u00a0\u00bb ol_text_shadow_horizontal_length_tablet=\u00a0\u00bb0px\u00a0\u00bb ol_text_shadow_vertical_length_tablet=\u00a0\u00bb0px\u00a0\u00bb ol_text_shadow_blur_strength_tablet=\u00a0\u00bb1px\u00a0\u00bb quote_text_shadow_horizontal_length_tablet=\u00a0\u00bb0px\u00a0\u00bb quote_text_shadow_vertical_length_tablet=\u00a0\u00bb0px\u00a0\u00bb quote_text_shadow_blur_strength_tablet=\u00a0\u00bb1px\u00a0\u00bb header_text_shadow_horizontal_length_tablet=\u00a0\u00bb0px\u00a0\u00bb header_text_shadow_vertical_length_tablet=\u00a0\u00bb0px\u00a0\u00bb header_text_shadow_blur_strength_tablet=\u00a0\u00bb1px\u00a0\u00bb header_2_text_shadow_horizontal_length_tablet=\u00a0\u00bb0px\u00a0\u00bb header_2_text_shadow_vertical_length_tablet=\u00a0\u00bb0px\u00a0\u00bb header_2_text_shadow_blur_strength_tablet=\u00a0\u00bb1px\u00a0\u00bb header_3_text_shadow_horizontal_length_tablet=\u00a0\u00bb0px\u00a0\u00bb header_3_text_shadow_vertical_length_tablet=\u00a0\u00bb0px\u00a0\u00bb header_3_text_shadow_blur_strength_tablet=\u00a0\u00bb1px\u00a0\u00bb header_4_text_shadow_horizontal_length_tablet=\u00a0\u00bb0px\u00a0\u00bb header_4_text_shadow_vertical_length_tablet=\u00a0\u00bb0px\u00a0\u00bb header_4_text_shadow_blur_strength_tablet=\u00a0\u00bb1px\u00a0\u00bb header_5_text_shadow_horizontal_length_tablet=\u00a0\u00bb0px\u00a0\u00bb header_5_text_shadow_vertical_length_tablet=\u00a0\u00bb0px\u00a0\u00bb header_5_text_shadow_blur_strength_tablet=\u00a0\u00bb1px\u00a0\u00bb header_6_text_shadow_horizontal_length_tablet=\u00a0\u00bb0px\u00a0\u00bb header_6_text_shadow_vertical_length_tablet=\u00a0\u00bb0px\u00a0\u00bb header_6_text_shadow_blur_strength_tablet=\u00a0\u00bb1px\u00a0\u00bb box_shadow_horizontal_tablet=\u00a0\u00bb0px\u00a0\u00bb box_shadow_vertical_tablet=\u00a0\u00bb0px\u00a0\u00bb box_shadow_blur_tablet=\u00a0\u00bb40px\u00a0\u00bb box_shadow_spread_tablet=\u00a0\u00bb0px\u00a0\u00bb]<\/p>\n<p>Pour accompagner la demande croissante pour les produits AcXys Technologies, <strong>nous cherchons \u00e0 \u00e9toffer notre r\u00e9seau d&rsquo;agents et de distributeurs. <\/strong>Les agents ou distributeurs doivent \u00eatre avoir une structure juridique avec des bureaux physiques, une \u00e9quipe commerciale, la capacit\u00e9 de ma\u00eetriser techniquement les produits d&rsquo;AcXys Technologies et un site internet. Si vous remplissez ces crit\u00e8res, merci de nous <a href=\"http:\/\/www.acxys.com\/fr\/contact\/\"><strong>contacter<\/strong><\/a>.<\/p>\n<p>[\/et_pb_text][\/et_pb_column][\/et_pb_row][et_pb_row column_structure=\u00a0\u00bb1_3,1_3,1_3&Prime; _builder_version=\u00a0\u00bb3.25&Prime; background_size=\u00a0\u00bbinitial\u00a0\u00bb background_position=\u00a0\u00bbtop_left\u00a0\u00bb background_repeat=\u00a0\u00bbrepeat\u00a0\u00bb][et_pb_column type=\u00a0\u00bb1_3&Prime; _builder_version=\u00a0\u00bb3.25&Prime; custom_padding=\u00a0\u00bb|||\u00a0\u00bb custom_padding__hover=\u00a0\u00bb|||\u00a0\u00bb][et_pb_text _builder_version=\u00a0\u00bb3.27.4&Prime; custom_margin=\u00a0\u00bb0px||||false|false\u00a0\u00bb custom_padding=\u00a0\u00bb0px||||false|false\u00a0\u00bb]<\/p>\n<p><strong>JAPAN<\/strong><br \/>K. BRASCH &amp; CO., Ltd<br \/>2-13, Tsukishima 1-chome,<br \/>Chuo-ku, Tokyo(J-104-0052)<br \/>Tel +81 3 5560 7591<br \/><u><a href=\"http:\/\/www.kbrasch.co.jp\/\"><strong>www.kbrasch.co.jp<\/strong><\/a><\/u><\/p>\n<p>[\/et_pb_text][et_pb_text _builder_version=\u00a0\u00bb3.27.4&Prime; custom_margin=\u00a0\u00bb0px||||false|false\u00a0\u00bb custom_padding=\u00a0\u00bb0px||||false|false\u00a0\u00bb]<\/p>\n<p><strong>ITALY<\/strong><br \/>In-Tech Srl<br \/>Via Q. Sella, 3<br \/>I -10093 Collegno (TO)<br \/>Tel\u00a0 +39 011 4153933<br \/><strong><u><a href=\"http:\/\/www.intech-srl.it\/\">www.intech-srl.it<\/a><\/u><\/strong><\/p>\n<p>[\/et_pb_text][\/et_pb_column][et_pb_column type=\u00a0\u00bb1_3&Prime; _builder_version=\u00a0\u00bb3.25&Prime; custom_padding=\u00a0\u00bb|||\u00a0\u00bb custom_padding__hover=\u00a0\u00bb|||\u00a0\u00bb][et_pb_text _builder_version=\u00a0\u00bb3.27.4&Prime;]<\/p>\n<p><strong>CHINA<\/strong><br \/>Beijing E-science Co.,Ltd<br \/>N\u00b09 Jiuxianqiao East Road, Chaoyang district, Beijing, 100015, China<br \/>Tel +86 10 58237766<br \/><strong><u><a href=\"http:\/\/www.beijingec.com\/\">www.beijingec.com<\/a><\/u><\/strong><\/p>\n<p>[\/et_pb_text][et_pb_text _builder_version=\u00a0\u00bb4.9.7&Prime;]<\/p>\n<p><strong>UK<\/strong><br \/>Active Surface Technology UK Ltd<br \/>Henton Lodge Farm<br \/>Oxfordshire OX39 4AE<br \/>Tel\u00a0 +44 1844 355221<br \/><u><a href=\"http:\/\/www.activesurfacetech.co.uk\/\"><strong>www.activesurfacetech.co.uk<\/strong><\/a><\/u><\/p>\n<p>[\/et_pb_text][et_pb_text _builder_version=\u00a0\u00bb3.27.4&Prime;]<\/p>\n<p><strong>USA<\/strong><br \/>Innolab LLC<br \/>3930 Rosewood road, Monrovia, MD 21770<br \/>Tel +1 301 865 4058<br \/><u><a href=\"mailto:joel.penelon@acxys.com\"><strong>joel.penelon@acxys.com<\/strong><\/a><\/u><\/p>\n<p>&nbsp;<\/p>\n<p>&nbsp;<\/p>\n<p>[\/et_pb_text][\/et_pb_column][et_pb_column type=\u00a0\u00bb1_3&Prime; _builder_version=\u00a0\u00bb3.25&Prime; custom_padding=\u00a0\u00bb|||\u00a0\u00bb custom_padding__hover=\u00a0\u00bb|||\u00a0\u00bb][et_pb_text _builder_version=\u00a0\u00bb3.27.4&Prime;]<\/p>\n<p><strong>INDIA<\/strong><br \/>Labline Scientific Instruments<br \/>C\/108, Maruti Darshan, Hanuman Chowk, L.T. Road, Mulund (East), Mumbai 400 081.<br \/>Tel\u00a0 +91 22 21633671<br \/><a href=\"http:\/\/www.labline.in\/\"><span style=\"text-decoration: underline;\"><strong>www.labline.in<\/strong><\/span><\/a><\/p>\n<p>[\/et_pb_text][et_pb_text _builder_version=\u00a0\u00bb4.9.7&Prime; text_line_height=\u00a0\u00bb1.5em\u00a0\u00bb]<strong>POLOGNE<\/strong><br \/>\nSYGNIS S.A.<br \/>\n\u017bwirki i Wigury 101 St.<br \/>\n02-089 Varsovie<br \/>\nTel\u00a0 +48 22 668 47 57<br \/>\n<strong><u><a title=\"https:\/\/sygnis.pl\/\" contenteditable=\"false\" href=\"https:\/\/sygnis.pl\/\">www.sygnis.pl<\/a><\/u><\/strong>[\/et_pb_text][\/et_pb_column][\/et_pb_row][\/et_pb_section]<\/p>\n","protected":false},"excerpt":{"rendered":"<p>[et_pb_section fb_built=\u00a0\u00bb1&Prime; module_class=\u00a0\u00bblddw-entete-responsive\u00a0\u00bb _builder_version=\u00a0\u00bb3.22&Prime; background_image=\u00a0\u00bbhttps:\/\/www.acxys.com\/wp-content\/uploads\/2019\/07\/bg-entete-reseau-1.jpg\u00a0\u00bb custom_padding=\u00a0\u00bb1%||1%|\u00a0\u00bb z_index_tablet=\u00a0\u00bb500&Prime;][et_pb_row _builder_version=\u00a0\u00bb3.25&Prime; background_size=\u00a0\u00bbinitial\u00a0\u00bb background_position=\u00a0\u00bbtop_left\u00a0\u00bb background_repeat=\u00a0\u00bbrepeat\u00a0\u00bb][\/et_pb_row][\/et_pb_section][et_pb_section fb_built=\u00a0\u00bb1&Prime; _builder_version=\u00a0\u00bb3.22&Prime; custom_padding=\u00a0\u00bb0px||\u00a0\u00bb][et_pb_row _builder_version=\u00a0\u00bb3.25&Prime; border_color_bottom=\u00a0\u00bb#2f68a3&Prime;][et_pb_column type=\u00a0\u00bb4_4&Prime; _builder_version=\u00a0\u00bb3.25&Prime; custom_padding=\u00a0\u00bb|||\u00a0\u00bb custom_padding__hover=\u00a0\u00bb|||\u00a0\u00bb][et_pb_text module_class=\u00a0\u00bblddw-landing-conteneur blue\u00a0\u00bb _builder_version=\u00a0\u00bb4.9.7&Prime; text_font=\u00a0\u00bb||||||||\u00a0\u00bb header_font=\u00a0\u00bb|600||on|||||\u00a0\u00bb header_text_color=\u00a0\u00bb#ffffff\u00a0\u00bb header_font_size=\u00a0\u00bb20px\u00a0\u00bb header_2_font=\u00a0\u00bb||||||||\u00a0\u00bb hover_enabled=\u00a0\u00bb0&Prime; z_index_tablet=\u00a0\u00bb500&Prime; sticky_enabled=\u00a0\u00bb0&Prime;] Nos quipements de traitement de surface plasma sont disponibles dans le monde entier grace \u00e0 un reseau commercial etendu [\/et_pb_text][et_pb_text _builder_version=\u00a0\u00bb3.27.4&Prime; z_index_tablet=\u00a0\u00bb500&Prime; text_text_shadow_horizontal_length_tablet=\u00a0\u00bb0px\u00a0\u00bb text_text_shadow_vertical_length_tablet=\u00a0\u00bb0px\u00a0\u00bb [&hellip;]<\/p>\n","protected":false},"author":1,"featured_media":0,"parent":13,"menu_order":0,"comment_status":"closed","ping_status":"closed","template":"","meta":{"_et_pb_use_builder":"on","_et_pb_old_content":"","_et_gb_content_width":"","footnotes":""},"class_list":["post-276","page","type-page","status-publish","hentry"],"_links":{"self":[{"href":"https:\/\/www.acxys.com\/fr\/wp-json\/wp\/v2\/pages\/276","targetHints":{"allow":["GET"]}}],"collection":[{"href":"https:\/\/www.acxys.com\/fr\/wp-json\/wp\/v2\/pages"}],"about":[{"href":"https:\/\/www.acxys.com\/fr\/wp-json\/wp\/v2\/types\/page"}],"author":[{"embeddable":true,"href":"https:\/\/www.acxys.com\/fr\/wp-json\/wp\/v2\/users\/1"}],"replies":[{"embeddable":true,"href":"https:\/\/www.acxys.com\/fr\/wp-json\/wp\/v2\/comments?post=276"}],"version-history":[{"count":45,"href":"https:\/\/www.acxys.com\/fr\/wp-json\/wp\/v2\/pages\/276\/revisions"}],"predecessor-version":[{"id":5655,"href":"https:\/\/www.acxys.com\/fr\/wp-json\/wp\/v2\/pages\/276\/revisions\/5655"}],"up":[{"embeddable":true,"href":"https:\/\/www.acxys.com\/fr\/wp-json\/wp\/v2\/pages\/13"}],"wp:attachment":[{"href":"https:\/\/www.acxys.com\/fr\/wp-json\/wp\/v2\/media?parent=276"}],"curies":[{"name":"wp","href":"https:\/\/api.w.org\/{rel}","templated":true}]}}