{"id":506,"date":"2019-05-03T08:19:07","date_gmt":"2019-05-03T06:19:07","guid":{"rendered":"https:\/\/www.acxys.com\/?page_id=506"},"modified":"2023-10-12T12:15:45","modified_gmt":"2023-10-12T10:15:45","slug":"modules-depots-plasma-cvd-ulc","status":"publish","type":"page","link":"https:\/\/www.acxys.com\/fr\/equipements-plasma-traitement-surface\/modules-depots-plasma-cvd-ulc\/","title":{"rendered":"ULCoat"},"content":{"rendered":"<p>[et_pb_section fb_built=\u00a0\u00bb1&Prime; module_class=\u00a0\u00bblddw-entete-responsive\u00a0\u00bb _builder_version=\u00a0\u00bb4.7.7&Prime; background_image=\u00a0\u00bbhttps:\/\/www.acxys.com\/wp-content\/uploads\/2021\/02\/gros-plan-ULcoat-compressee-scaled.jpg\u00a0\u00bb custom_padding=\u00a0\u00bb1%||1%|\u00a0\u00bb z_index_tablet=\u00a0\u00bb500&Prime;][\/et_pb_section][et_pb_section fb_built=\u00a0\u00bb1&Prime; _builder_version=\u00a0\u00bb3.22&Prime; custom_padding=\u00a0\u00bb0px||\u00a0\u00bb][et_pb_row _builder_version=\u00a0\u00bb3.25&Prime; animation_style=\u00a0\u00bbslide\u00a0\u00bb animation_direction=\u00a0\u00bbleft\u00a0\u00bb animation_intensity_slide=\u00a0\u00bb10%\u00a0\u00bb][et_pb_column type=\u00a0\u00bb4_4&Prime; _builder_version=\u00a0\u00bb3.25&Prime; custom_padding=\u00a0\u00bb|||\u00a0\u00bb custom_padding__hover=\u00a0\u00bb|||\u00a0\u00bb][et_pb_text module_class=\u00a0\u00bblddw-landing-conteneur blue\u00a0\u00bb _builder_version=\u00a0\u00bb4.9.7&Prime; text_font=\u00a0\u00bb||||||||\u00a0\u00bb header_font=\u00a0\u00bb|600||on|||||\u00a0\u00bb header_text_color=\u00a0\u00bb#ffffff\u00a0\u00bb header_font_size=\u00a0\u00bb20px\u00a0\u00bb z_index_tablet=\u00a0\u00bb500&Prime;]<\/p>\n<h1>Decouvrez l\u2019ULCoat mis au point par acxys technologies : la simplicite du depot de couches minces pour de nombreuses applications<\/h1>\n<p>[\/et_pb_text][et_pb_text _builder_version=\u00a0\u00bb4.9.7&Prime;]<\/p>\n<h2 class=\"page-h2\">L&rsquo;ULCoat<\/h2>\n<p class=\"lddw\"><strong>Avec l\u2019injection d\u2019un pr\u00e9curseur dans le plasma en post-d\u00e9charge, l\u2019ULCoat permet le d\u00e9p\u00f4t de couches minces sur la surface trait\u00e9e.<\/strong><\/p>\n<p class=\"lddw\">L\u2019ULCoat est un syst\u00e8me vaporisant et injectant un pr\u00e9curseur sous la buse plasma. <strong>L\u2019ULCoat s\u2019utilise coupl\u00e9 avec un g\u00e9n\u00e9rateur ULS OMEGA.<\/strong><br \/>Le module standard est con\u00e7u pour le d\u00e9p\u00f4t d\u2019oxydes de silicium (SiOx) en utilisant un pr\u00e9curseur organom\u00e9tallique. Mais d\u2019autres compositions de films peuvent \u00eatre \u00e9tudi\u00e9es.<br \/>Le laboratoire de d\u00e9veloppement de proc\u00e9d\u00e9s d\u2019AcXys Technologies est \u00e0 votre service pour mettre au point l\u2019application qui r\u00e9ponde \u00e0 vos besoins dans le cadre d\u2019un contrat de R&amp;D.<\/p>\n<p>[\/et_pb_text][et_pb_image src=\u00a0\u00bbhttps:\/\/www.acxys.com\/wp-content\/uploads\/2019\/05\/ul-coat.jpg\u00a0\u00bb align=\u00a0\u00bbcenter\u00a0\u00bb align_tablet=\u00a0\u00bbcenter\u00a0\u00bb align_phone=\u00a0\u00bb\u00a0\u00bb align_last_edited=\u00a0\u00bbon|desktop\u00a0\u00bb _builder_version=\u00a0\u00bb3.23&Prime;][\/et_pb_image][et_pb_text _builder_version=\u00a0\u00bb4.9.7&Prime;]<\/p>\n<p>L\u2019ULCoat est disponible en module autonome ou en version int\u00e9grable dans d\u2019autres \u00e9quipements <strong>(version OEM)<\/strong>.<\/p>\n<p>[\/et_pb_text][\/et_pb_column][\/et_pb_row][et_pb_row _builder_version=\u00a0\u00bb3.25&Prime; animation_style=\u00a0\u00bbslide\u00a0\u00bb animation_direction=\u00a0\u00bbtop\u00a0\u00bb animation_intensity_slide=\u00a0\u00bb10%\u00a0\u00bb][et_pb_column type=\u00a0\u00bb4_4&Prime; _builder_version=\u00a0\u00bb3.25&Prime; custom_padding=\u00a0\u00bb|||\u00a0\u00bb custom_padding__hover=\u00a0\u00bb|||\u00a0\u00bb][et_pb_text _builder_version=\u00a0\u00bb4.9.7&Prime;]<\/p>\n<h2 class=\"page-h2 hz\">La technologie ULCoat<\/h2>\n<ul class=\"unstyled flex-parent flex-columns-2 flex-wrap-wrap\">\n<li>&#8211; S\u2019utilise avec un module ULS OMEGA<\/li>\n<li>&#8211; D\u00e9p\u00f4t de couches minces<\/li>\n<li>&#8211; Epaisseur ajustable de 50 \u00e0 1000 nanom\u00e8tres<\/li>\n<li>&#8211; Uniformit\u00e9 sup\u00e9rieure +\/- 2%<\/li>\n<li>&#8211; Vitesse de traitement moyenne \u00e0 haute jusqu\u2019\u00e0 200 nm.cm2 \/ s<\/li>\n<li>&#8211; Version standard optimis\u00e9e pour le d\u00e9p\u00f4t d\u2019oxydes de silicium (SiOx)<\/li>\n<\/ul>\n<p>[\/et_pb_text][\/et_pb_column][\/et_pb_row][et_pb_row column_structure=\u00a0\u00bb1_2,1_2&Prime; _builder_version=\u00a0\u00bb3.25&Prime; animation_style=\u00a0\u00bbslide\u00a0\u00bb animation_direction=\u00a0\u00bbtop\u00a0\u00bb animation_intensity_slide=\u00a0\u00bb10%\u00a0\u00bb][et_pb_column type=\u00a0\u00bb1_2&Prime; _builder_version=\u00a0\u00bb3.25&Prime; custom_padding=\u00a0\u00bb|||\u00a0\u00bb custom_padding__hover=\u00a0\u00bb|||\u00a0\u00bb][et_pb_image src=\u00a0\u00bbhttps:\/\/www.acxys.com\/wp-content\/uploads\/2019\/05\/ulc-buse.jpg\u00a0\u00bb align=\u00a0\u00bbcenter\u00a0\u00bb align_tablet=\u00a0\u00bbcenter\u00a0\u00bb align_phone=\u00a0\u00bb\u00a0\u00bb align_last_edited=\u00a0\u00bbon|desktop\u00a0\u00bb _builder_version=\u00a0\u00bb3.23&Prime; max_width=\u00a0\u00bb80%\u00a0\u00bb animation_style=\u00a0\u00bbslide\u00a0\u00bb animation_direction=\u00a0\u00bbtop\u00a0\u00bb animation_intensity_slide=\u00a0\u00bb10%\u00a0\u00bb][\/et_pb_image][\/et_pb_column][et_pb_column type=\u00a0\u00bb1_2&Prime; _builder_version=\u00a0\u00bb3.25&Prime; custom_padding=\u00a0\u00bb|||\u00a0\u00bb custom_padding__hover=\u00a0\u00bb|||\u00a0\u00bb][et_pb_text _builder_version=\u00a0\u00bb3.27.4&Prime; text_font=\u00a0\u00bb||||||||\u00a0\u00bb]<\/p>\n<h2 class=\"page-h2 hz\">La buse d&rsquo;injection<\/h2>\n<p class=\"lddw\">Le d\u00e9bit de pr\u00e9curseur liquide est contr\u00f4l\u00e9 avant l\u2019injection dans le plasma. Ce module est constitu\u00e9 de plusieurs composants :<\/p>\n<ul class=\"unstyled flex-parent flex-columns-2 flex-wrap-wrap\">\n<li>&#8211; R\u00e9servoir de pr\u00e9curseur<\/li>\n<li>&#8211; Contr\u00f4le de flux de pr\u00e9curseur<\/li>\n<li>&#8211; Contr\u00f4le de d\u00e9bit de gaz<\/li>\n<li>&#8211; Module de chauffage (facultatif)<\/li>\n<\/ul>\n<p>[\/et_pb_text][\/et_pb_column][\/et_pb_row][et_pb_row _builder_version=\u00a0\u00bb3.25&Prime;][et_pb_column type=\u00a0\u00bb4_4&Prime; _builder_version=\u00a0\u00bb3.25&Prime; custom_padding=\u00a0\u00bb|||\u00a0\u00bb custom_padding__hover=\u00a0\u00bb|||\u00a0\u00bb][et_pb_text _builder_version=\u00a0\u00bb4.9.7&Prime; animation_style=\u00a0\u00bbslide\u00a0\u00bb animation_direction=\u00a0\u00bbleft\u00a0\u00bb animation_intensity_slide=\u00a0\u00bb10%\u00a0\u00bb hover_enabled=\u00a0\u00bb0&Prime; sticky_enabled=\u00a0\u00bb0&Prime;]<\/p>\n<h2 class=\"page-h2 hz\">Interface tactile ergonomique<\/h2>\n<ul class=\"unstyled flex-parent flex-columns-2 flex-wrap-wrap\">\n<li>&#8211; Ecran tactile int\u00e9gr\u00e9 (ou d\u00e9port\u00e9 si version OEM)<\/li>\n<li>&#8211; Pilotage intuitif<\/li>\n<li>&#8211; Interface multilingue<\/li>\n<li>&#8211; D\u00e9tection et diagnostic des d\u00e9fauts<\/li>\n<li>&#8211; Lecture et affichage des consignes en temps r\u00e9el<\/li>\n<\/ul>\n<p>[\/et_pb_text][\/et_pb_column][\/et_pb_row][et_pb_row _builder_version=\u00a0\u00bb3.25&Prime;][et_pb_column type=\u00a0\u00bb4_4&Prime; _builder_version=\u00a0\u00bb3.25&Prime; custom_padding=\u00a0\u00bb|||\u00a0\u00bb custom_padding__hover=\u00a0\u00bb|||\u00a0\u00bb][et_pb_text _builder_version=\u00a0\u00bb3.27.4&Prime; text_font=\u00a0\u00bb||||||||\u00a0\u00bb header_font=\u00a0\u00bb||||||||\u00a0\u00bb animation_style=\u00a0\u00bbslide\u00a0\u00bb animation_direction=\u00a0\u00bbright\u00a0\u00bb animation_intensity_slide=\u00a0\u00bb10%\u00a0\u00bb]<\/p>\n<h2 class=\"page-h2 hz\">Les gaz compatibles<\/h2>\n<ul class=\"unstyled flex-parent flex-columns-2 flex-wrap-wrap\">\n<li>&#8211; Air<\/li>\n<li>&#8211; Azote<\/li>\n<li>&#8211; Autre m\u00e9lange de gaz<\/li>\n<\/ul>\n<p>[\/et_pb_text][\/et_pb_column][\/et_pb_row][et_pb_row _builder_version=\u00a0\u00bb3.25&Prime;][et_pb_column type=\u00a0\u00bb4_4&Prime; _builder_version=\u00a0\u00bb3.25&Prime; custom_padding=\u00a0\u00bb|||\u00a0\u00bb custom_padding__hover=\u00a0\u00bb|||\u00a0\u00bb][et_pb_text _builder_version=\u00a0\u00bb3.27.4&Prime; text_font=\u00a0\u00bb||||||||\u00a0\u00bb animation_style=\u00a0\u00bbslide\u00a0\u00bb animation_direction=\u00a0\u00bbleft\u00a0\u00bb animation_intensity_slide=\u00a0\u00bb10%\u00a0\u00bb]<\/p>\n<h2 class=\"page-h2 hz\">Avantages de la technologie ULCoat<\/h2>\n<ul class=\"unstyled flex-parent flex-columns-2 flex-wrap-wrap\">\n<li>&#8211; Basse temp\u00e9rature<\/li>\n<li>&#8211; Uniformit\u00e9 en \u00e9paisseur + ou \u2013 2 %<\/li>\n<li>&#8211; D\u2019autres types de d\u00e9p\u00f4t peuvent \u00eatre \u00e9tudi\u00e9s<\/li>\n<li>&#8211; Existe en version OpenFlow pour le d\u00e9veloppement de nouveaux proc\u00e9d\u00e9s de d\u00e9p\u00f4t<\/li>\n<\/ul>\n<p>[\/et_pb_text][\/et_pb_column][\/et_pb_row][\/et_pb_section]<\/p>\n","protected":false},"excerpt":{"rendered":"<p>[et_pb_section fb_built=\u00a0\u00bb1&Prime; module_class=\u00a0\u00bblddw-entete-responsive\u00a0\u00bb _builder_version=\u00a0\u00bb4.7.7&Prime; background_image=\u00a0\u00bbhttps:\/\/www.acxys.com\/wp-content\/uploads\/2021\/02\/gros-plan-ULcoat-compressee-scaled.jpg\u00a0\u00bb custom_padding=\u00a0\u00bb1%||1%|\u00a0\u00bb z_index_tablet=\u00a0\u00bb500&Prime;][\/et_pb_section][et_pb_section fb_built=\u00a0\u00bb1&Prime; _builder_version=\u00a0\u00bb3.22&Prime; custom_padding=\u00a0\u00bb0px||\u00a0\u00bb][et_pb_row _builder_version=\u00a0\u00bb3.25&Prime; animation_style=\u00a0\u00bbslide\u00a0\u00bb animation_direction=\u00a0\u00bbleft\u00a0\u00bb animation_intensity_slide=\u00a0\u00bb10%\u00a0\u00bb][et_pb_column type=\u00a0\u00bb4_4&Prime; _builder_version=\u00a0\u00bb3.25&Prime; custom_padding=\u00a0\u00bb|||\u00a0\u00bb custom_padding__hover=\u00a0\u00bb|||\u00a0\u00bb][et_pb_text module_class=\u00a0\u00bblddw-landing-conteneur blue\u00a0\u00bb _builder_version=\u00a0\u00bb4.9.7&Prime; text_font=\u00a0\u00bb||||||||\u00a0\u00bb header_font=\u00a0\u00bb|600||on|||||\u00a0\u00bb header_text_color=\u00a0\u00bb#ffffff\u00a0\u00bb header_font_size=\u00a0\u00bb20px\u00a0\u00bb z_index_tablet=\u00a0\u00bb500&Prime;] Decouvrez l\u2019ULCoat mis au point par acxys technologies : la simplicite du depot de couches minces pour de nombreuses applications [\/et_pb_text][et_pb_text _builder_version=\u00a0\u00bb4.9.7&Prime;] L&rsquo;ULCoat Avec l\u2019injection d\u2019un pr\u00e9curseur dans le [&hellip;]<\/p>\n","protected":false},"author":1,"featured_media":0,"parent":17,"menu_order":0,"comment_status":"closed","ping_status":"closed","template":"","meta":{"_et_pb_use_builder":"on","_et_pb_old_content":"","_et_gb_content_width":"","footnotes":""},"class_list":["post-506","page","type-page","status-publish","hentry"],"_links":{"self":[{"href":"https:\/\/www.acxys.com\/fr\/wp-json\/wp\/v2\/pages\/506","targetHints":{"allow":["GET"]}}],"collection":[{"href":"https:\/\/www.acxys.com\/fr\/wp-json\/wp\/v2\/pages"}],"about":[{"href":"https:\/\/www.acxys.com\/fr\/wp-json\/wp\/v2\/types\/page"}],"author":[{"embeddable":true,"href":"https:\/\/www.acxys.com\/fr\/wp-json\/wp\/v2\/users\/1"}],"replies":[{"embeddable":true,"href":"https:\/\/www.acxys.com\/fr\/wp-json\/wp\/v2\/comments?post=506"}],"version-history":[{"count":31,"href":"https:\/\/www.acxys.com\/fr\/wp-json\/wp\/v2\/pages\/506\/revisions"}],"predecessor-version":[{"id":5678,"href":"https:\/\/www.acxys.com\/fr\/wp-json\/wp\/v2\/pages\/506\/revisions\/5678"}],"up":[{"embeddable":true,"href":"https:\/\/www.acxys.com\/fr\/wp-json\/wp\/v2\/pages\/17"}],"wp:attachment":[{"href":"https:\/\/www.acxys.com\/fr\/wp-json\/wp\/v2\/media?parent=506"}],"curies":[{"name":"wp","href":"https:\/\/api.w.org\/{rel}","templated":true}]}}