{"id":5869,"date":"2024-03-08T16:45:27","date_gmt":"2024-03-08T15:45:27","guid":{"rendered":"https:\/\/www.acxys.com\/?page_id=5869"},"modified":"2024-03-13T10:16:30","modified_gmt":"2024-03-13T09:16:30","slug":"procede-plasma","status":"publish","type":"page","link":"https:\/\/www.acxys.com\/fr\/procede-plasma\/","title":{"rendered":"Proc\u00e9d\u00e9 Plasma"},"content":{"rendered":"<p>[et_pb_section fb_built=\u00a0\u00bb1&Prime; module_class=\u00a0\u00bblddw-entete-responsive\u00a0\u00bb _builder_version=\u00a0\u00bb4.9.2&Prime; background_image=\u00a0\u00bbhttps:\/\/www.acxys.com\/wp-content\/uploads\/2021\/03\/P10301403-2-scaled.jpg\u00a0\u00bb background_position=\u00a0\u00bbbottom_center\u00a0\u00bb custom_padding=\u00a0\u00bb1%||1%|\u00a0\u00bb z_index_tablet=\u00a0\u00bb500&Prime;][\/et_pb_section][et_pb_section fb_built=\u00a0\u00bb1&Prime; _builder_version=\u00a0\u00bb3.22&Prime; custom_padding=\u00a0\u00bb0px||\u00a0\u00bb][et_pb_row _builder_version=\u00a0\u00bb3.26.7&Prime; min_height=\u00a0\u00bb94.5px\u00a0\u00bb animation_style=\u00a0\u00bbslide\u00a0\u00bb][et_pb_column type=\u00a0\u00bb4_4&Prime; _builder_version=\u00a0\u00bb3.25&Prime; custom_padding=\u00a0\u00bb|||\u00a0\u00bb custom_padding__hover=\u00a0\u00bb|||\u00a0\u00bb][et_pb_text module_class=\u00a0\u00bblddw-landing-conteneur blue\u00a0\u00bb _builder_version=\u00a0\u00bb4.9.7&Prime; text_font=\u00a0\u00bb||||||||\u00a0\u00bb header_font=\u00a0\u00bb|600||on|||||\u00a0\u00bb header_text_color=\u00a0\u00bb#ffffff\u00a0\u00bb header_font_size=\u00a0\u00bb20px\u00a0\u00bb min_height=\u00a0\u00bb98px\u00a0\u00bb z_index_tablet=\u00a0\u00bb500&Prime;]<\/p>\n<h1 style=\"text-align: center;\">LES proc\u00e9d\u00e9S PLASMA<\/h1>\n<ul><\/ul>\n<ul><\/ul>\n<p>[\/et_pb_text][\/et_pb_column][\/et_pb_row][et_pb_row _builder_version=\u00a0\u00bb4.9.7&Prime; _module_preset=\u00a0\u00bbdefault\u00a0\u00bb][et_pb_column type=\u00a0\u00bb4_4&Prime; _builder_version=\u00a0\u00bb4.9.7&Prime; _module_preset=\u00a0\u00bbdefault\u00a0\u00bb][et_pb_text _builder_version=\u00a0\u00bb4.9.7&Prime; _module_preset=\u00a0\u00bbdefault\u00a0\u00bb]<\/p>\n<p>Les proc\u00e9d\u00e9s plasma exploitent la capacit\u00e9 de transf\u00e9rer de l\u2019\u00e9nergie \u00e9lectrique dans un gaz par l\u2019interm\u00e9diaire d\u2019une d\u00e9charge \u00e9lectrique. Gr\u00e2ce au plasma, le gaz devient porteur d\u2019une \u00e9nergie chimique important capable d\u2019interagir avec la surface de mat\u00e9riaux, la modifiant de fa\u00e7on significative. Par exemple un traitement plasma peut faire passer une surface d&rsquo;hydrophobe \u00e0 hydrophile. Cela s\u2019applique sur des surfaces solides ou avec des poudres.<\/p>\n<p>En changent la mouillabilit\u00e9 ou la capacit\u00e9 d\u2019adh\u00e9sion d\u2019une surface, les proc\u00e9d\u00e9s plasma rendent possible le remplacement de nombreux proc\u00e9d\u00e9s chimiques par voie liquide qui sont polluants et couteux. En r\u00e8gle g\u00e9n\u00e9rale, les proc\u00e9d\u00e9s plasma n\u2019utilisent pas de solvants (COV) et ne produisent que de tr\u00e8s faibles \u00e9missions de CO2.<\/p>\n<h2><strong>Proc\u00e9d\u00e9s permis par le plasma<\/strong><\/h2>\n<p>Cette modification des surfaces par le plasma permet 3 types d\u2019applications diff\u00e9rentes :<\/p>\n<p>[\/et_pb_text][\/et_pb_column][\/et_pb_row][et_pb_row column_structure=\u00a0\u00bb1_3,1_3,1_3&Prime; _builder_version=\u00a0\u00bb4.9.7&Prime; _module_preset=\u00a0\u00bbdefault\u00a0\u00bb][et_pb_column type=\u00a0\u00bb1_3&Prime; _builder_version=\u00a0\u00bb4.9.7&Prime; _module_preset=\u00a0\u00bbdefault\u00a0\u00bb][et_pb_button button_url=\u00a0\u00bbhttps:\/\/www.acxys.com\/fr\/procede-plasma\/nettoyage-de-finition\/\u00a0\u00bb button_text=\u00a0\u00bbLe nettoyage de finition\u00a0\u00bb button_alignment=\u00a0\u00bbcenter\u00a0\u00bb _builder_version=\u00a0\u00bb4.9.7&Prime; _module_preset=\u00a0\u00bbdefault\u00a0\u00bb][\/et_pb_button][et_pb_text _builder_version=\u00a0\u00bb4.9.7&Prime; _module_preset=\u00a0\u00bbdefault\u00a0\u00bb]<\/p>\n<p style=\"text-align: center;\">Le nettoyage de finition par plasma permet d&rsquo;\u00e9liminer les contaminations pr\u00e9sentes en surface. En compl\u00e9ment d\u2019une gamme de nettoyage traditionnelle, le nettoyage de finition par plasma permet d\u2019obtenir des surfaces parfaitement propres pour un traitement ult\u00e9rieur.<\/p>\n<p>[\/et_pb_text][\/et_pb_column][et_pb_column type=\u00a0\u00bb1_3&Prime; _builder_version=\u00a0\u00bb4.9.7&Prime; _module_preset=\u00a0\u00bbdefault\u00a0\u00bb][et_pb_button button_url=\u00a0\u00bbhttps:\/\/www.acxys.com\/fr\/procede-plasma\/activation-de-surface-par-plasma\/\u00a0\u00bb button_text=\u00a0\u00bbL&rsquo;activation de surface\u00a0\u00bb button_alignment=\u00a0\u00bbcenter\u00a0\u00bb _builder_version=\u00a0\u00bb4.9.7&Prime; _module_preset=\u00a0\u00bbdefault\u00a0\u00bb hover_enabled=\u00a0\u00bb0&Prime; sticky_enabled=\u00a0\u00bb0&Prime;][\/et_pb_button][et_pb_text _builder_version=\u00a0\u00bb4.9.7&Prime; _module_preset=\u00a0\u00bbdefault\u00a0\u00bb hover_enabled=\u00a0\u00bb0&Prime; sticky_enabled=\u00a0\u00bb0&Prime;]<\/p>\n<p style=\"text-align: center;\">L\u2019activation de surface par plasma pr\u00e9c\u00e8de le plus souvent des op\u00e9rations de collage, d\u2019assemblage ou marquage. Beaucoup employ\u00e9 sur les mati\u00e8res plastiques, le traitement d\u2019activation par plasma modifie les surfaces par greffages de radicaux polaires ou apolaires.<\/p>\n<p>[\/et_pb_text][\/et_pb_column][et_pb_column type=\u00a0\u00bb1_3&Prime; _builder_version=\u00a0\u00bb4.9.7&Prime; _module_preset=\u00a0\u00bbdefault\u00a0\u00bb][et_pb_button button_url=\u00a0\u00bbhttps:\/\/www.acxys.com\/fr\/procede-plasma\/depot-de-couches-minces\/\u00a0\u00bb button_text=\u00a0\u00bbLe d\u00e9p\u00f4t de couches minces\u00a0\u00bb button_alignment=\u00a0\u00bbcenter\u00a0\u00bb _builder_version=\u00a0\u00bb4.9.7&Prime; _module_preset=\u00a0\u00bbdefault\u00a0\u00bb][\/et_pb_button][et_pb_text _builder_version=\u00a0\u00bb4.9.7&Prime; _module_preset=\u00a0\u00bbdefault\u00a0\u00bb]<\/p>\n<p style=\"text-align: center;\">Le d\u00e9p\u00f4t de couche mince par plasma est un proc\u00e9d\u00e9 ouvrant la voie \u00e0 de nombreuses applications industrielles. Cela fonctionne en injectant un pr\u00e9curseur chimique dans la post-d\u00e9charge du plasma.<\/p>\n<p>[\/et_pb_text][\/et_pb_column][\/et_pb_row][\/et_pb_section][et_pb_section fb_built=\u00a0\u00bb1&Prime; _builder_version=\u00a0\u00bb4.9.7&Prime; _module_preset=\u00a0\u00bbdefault\u00a0\u00bb][\/et_pb_section]<\/p>\n","protected":false},"excerpt":{"rendered":"<p>[et_pb_section fb_built=\u00a0\u00bb1&Prime; module_class=\u00a0\u00bblddw-entete-responsive\u00a0\u00bb _builder_version=\u00a0\u00bb4.9.2&Prime; background_image=\u00a0\u00bbhttps:\/\/www.acxys.com\/wp-content\/uploads\/2021\/03\/P10301403-2-scaled.jpg\u00a0\u00bb background_position=\u00a0\u00bbbottom_center\u00a0\u00bb custom_padding=\u00a0\u00bb1%||1%|\u00a0\u00bb z_index_tablet=\u00a0\u00bb500&Prime;][\/et_pb_section][et_pb_section fb_built=\u00a0\u00bb1&Prime; _builder_version=\u00a0\u00bb3.22&Prime; custom_padding=\u00a0\u00bb0px||\u00a0\u00bb][et_pb_row _builder_version=\u00a0\u00bb3.26.7&Prime; min_height=\u00a0\u00bb94.5px\u00a0\u00bb animation_style=\u00a0\u00bbslide\u00a0\u00bb][et_pb_column type=\u00a0\u00bb4_4&Prime; _builder_version=\u00a0\u00bb3.25&Prime; custom_padding=\u00a0\u00bb|||\u00a0\u00bb custom_padding__hover=\u00a0\u00bb|||\u00a0\u00bb][et_pb_text module_class=\u00a0\u00bblddw-landing-conteneur blue\u00a0\u00bb _builder_version=\u00a0\u00bb4.9.7&Prime; text_font=\u00a0\u00bb||||||||\u00a0\u00bb header_font=\u00a0\u00bb|600||on|||||\u00a0\u00bb header_text_color=\u00a0\u00bb#ffffff\u00a0\u00bb header_font_size=\u00a0\u00bb20px\u00a0\u00bb min_height=\u00a0\u00bb98px\u00a0\u00bb z_index_tablet=\u00a0\u00bb500&Prime;] LES proc\u00e9d\u00e9S PLASMA [\/et_pb_text][\/et_pb_column][\/et_pb_row][et_pb_row _builder_version=\u00a0\u00bb4.9.7&Prime; _module_preset=\u00a0\u00bbdefault\u00a0\u00bb][et_pb_column type=\u00a0\u00bb4_4&Prime; _builder_version=\u00a0\u00bb4.9.7&Prime; _module_preset=\u00a0\u00bbdefault\u00a0\u00bb][et_pb_text _builder_version=\u00a0\u00bb4.9.7&Prime; _module_preset=\u00a0\u00bbdefault\u00a0\u00bb] Les proc\u00e9d\u00e9s plasma exploitent la capacit\u00e9 de transf\u00e9rer de l\u2019\u00e9nergie \u00e9lectrique dans un gaz par l\u2019interm\u00e9diaire d\u2019une [&hellip;]<\/p>\n","protected":false},"author":2,"featured_media":0,"parent":0,"menu_order":0,"comment_status":"closed","ping_status":"closed","template":"","meta":{"_et_pb_use_builder":"on","_et_pb_old_content":"","_et_gb_content_width":"","footnotes":""},"class_list":["post-5869","page","type-page","status-publish","hentry"],"_links":{"self":[{"href":"https:\/\/www.acxys.com\/fr\/wp-json\/wp\/v2\/pages\/5869","targetHints":{"allow":["GET"]}}],"collection":[{"href":"https:\/\/www.acxys.com\/fr\/wp-json\/wp\/v2\/pages"}],"about":[{"href":"https:\/\/www.acxys.com\/fr\/wp-json\/wp\/v2\/types\/page"}],"author":[{"embeddable":true,"href":"https:\/\/www.acxys.com\/fr\/wp-json\/wp\/v2\/users\/2"}],"replies":[{"embeddable":true,"href":"https:\/\/www.acxys.com\/fr\/wp-json\/wp\/v2\/comments?post=5869"}],"version-history":[{"count":11,"href":"https:\/\/www.acxys.com\/fr\/wp-json\/wp\/v2\/pages\/5869\/revisions"}],"predecessor-version":[{"id":5964,"href":"https:\/\/www.acxys.com\/fr\/wp-json\/wp\/v2\/pages\/5869\/revisions\/5964"}],"wp:attachment":[{"href":"https:\/\/www.acxys.com\/fr\/wp-json\/wp\/v2\/media?parent=5869"}],"curies":[{"name":"wp","href":"https:\/\/api.w.org\/{rel}","templated":true}]}}