{"id":626,"date":"2019-05-24T08:48:31","date_gmt":"2019-05-24T06:48:31","guid":{"rendered":"https:\/\/www.acxys.com\/?page_id=626"},"modified":"2023-10-16T10:19:01","modified_gmt":"2023-10-16T08:19:01","slug":"activation-surface_nettoyage_depot-couches-minces","status":"publish","type":"page","link":"https:\/\/www.acxys.com\/fr\/technologie-plasma-atmospherique-pour-traitement-surface\/activation-surface_nettoyage_depot-couches-minces\/","title":{"rendered":"Fonctionnement des plasmas d\u2019AcXys"},"content":{"rendered":"<p>[et_pb_section fb_built=\u00a0\u00bb1&Prime; module_class=\u00a0\u00bblddw-entete-responsive\u00a0\u00bb _builder_version=\u00a0\u00bb4.9.2&Prime; background_image=\u00a0\u00bbhttps:\/\/www.acxys.com\/wp-content\/uploads\/2021\/03\/P10301403-2-scaled.jpg\u00a0\u00bb background_position=\u00a0\u00bbbottom_center\u00a0\u00bb custom_padding=\u00a0\u00bb1%||1%|\u00a0\u00bb z_index_tablet=\u00a0\u00bb500&Prime;][\/et_pb_section][et_pb_section fb_built=\u00a0\u00bb1&Prime; _builder_version=\u00a0\u00bb3.22&Prime; custom_padding=\u00a0\u00bb0px||\u00a0\u00bb][et_pb_row _builder_version=\u00a0\u00bb3.26.7&Prime; animation_style=\u00a0\u00bbslide\u00a0\u00bb][et_pb_column type=\u00a0\u00bb4_4&Prime; _builder_version=\u00a0\u00bb3.25&Prime; custom_padding=\u00a0\u00bb|||\u00a0\u00bb custom_padding__hover=\u00a0\u00bb|||\u00a0\u00bb][et_pb_text module_class=\u00a0\u00bblddw-landing-conteneur blue\u00a0\u00bb _builder_version=\u00a0\u00bb3.27.4&Prime; text_font=\u00a0\u00bb||||||||\u00a0\u00bb header_font=\u00a0\u00bb|600||on|||||\u00a0\u00bb header_text_color=\u00a0\u00bb#ffffff\u00a0\u00bb header_font_size=\u00a0\u00bb20px\u00a0\u00bb z_index_tablet=\u00a0\u00bb500&Prime;]<\/p>\n<h1 style=\"text-align: center;\">Principe des technologies plasma d\u2019AcXys Technologies<\/h1>\n<p>[\/et_pb_text][\/et_pb_column][\/et_pb_row][et_pb_row column_structure=\u00a0\u00bb1_2,1_2&Prime; _builder_version=\u00a0\u00bb4.9.7&Prime; custom_padding=\u00a0\u00bb38px|||||\u00a0\u00bb][et_pb_column type=\u00a0\u00bb1_2&Prime; _builder_version=\u00a0\u00bb3.25&Prime; custom_padding=\u00a0\u00bb|||\u00a0\u00bb custom_padding__hover=\u00a0\u00bb|||\u00a0\u00bb][et_pb_text _builder_version=\u00a0\u00bb4.9.7&Prime;]<\/p>\n<p><strong><\/strong><\/p>\n<p><strong><\/strong><\/p>\n<p>Le traitement de surface est aujourd\u2019hui une \u00e9tape primordiale dans de nombreuses industries ; automobile, \u00e9lectronique, emballage, m\u00e9dical \u2026. Le plasma atmosph\u00e9rique constitue une technologie de pointe pour r\u00e9aliser des traitements de surface efficaces et respecteux de l\u2019environnement.<\/p>\n<p><strong>AcXys Technologies a d\u00e9velopp\u00e9 l\u2019int\u00e9gralit\u00e9 de ses technologies plasma<\/strong>, en mettant au point l\u2019\u00e9lectronique de puissance int\u00e9gr\u00e9e dans ses g\u00e9n\u00e9rateurs et en d\u00e9veloppant des sources plasma extr\u00eamement performantes.<\/p>\n<p>Ces technologies plasma permettent d\u2019offrir une vitesse de traitement \u00e9lev\u00e9e, compatible avec des applications industrielles sur de nombreux mat\u00e9riaux.<\/p>\n<p>[\/et_pb_text][\/et_pb_column][et_pb_column type=\u00a0\u00bb1_2&Prime; _builder_version=\u00a0\u00bb3.25&Prime; custom_padding=\u00a0\u00bb|||\u00a0\u00bb custom_padding__hover=\u00a0\u00bb|||\u00a0\u00bb][et_pb_text _builder_version=\u00a0\u00bb4.9.7&Prime; hover_enabled=\u00a0\u00bb0&Prime; sticky_enabled=\u00a0\u00bb0&Prime;]<\/p>\n<p><iframe src=\"https:\/\/www.youtube.com\/embed\/94H3za-kXyw?rel=0\" frameborder=\"0\" allowfullscreen=\"allowfullscreen\"><\/iframe><\/p>\n<p>[\/et_pb_text][\/et_pb_column][\/et_pb_row][et_pb_row column_structure=\u00a0\u00bb3_4,1_4&Prime; _builder_version=\u00a0\u00bb4.9.7&Prime; border_color_bottom=\u00a0\u00bb#2f68a3&Prime;][et_pb_column type=\u00a0\u00bb3_4&Prime; _builder_version=\u00a0\u00bb3.25&Prime; custom_padding=\u00a0\u00bb|||\u00a0\u00bb custom_padding__hover=\u00a0\u00bb|||\u00a0\u00bb][et_pb_text _builder_version=\u00a0\u00bb4.9.7&Prime;]<\/p>\n<p>Le <strong>traitement de surface<\/strong> repr\u00e9sente un ensemble de proc\u00e9d\u00e9s appliqu\u00e9s aux mat\u00e9riaux pour modifier leurs propri\u00e9t\u00e9s superficielles. Il intervient en r\u00e9ponse \u00e0 diff\u00e9rentes probl\u00e9matiques :<\/p>\n<p>\u2022 Am\u00e9liorer la mouillabilit\u00e9 des surfaces pour faciliter les op\u00e9rations de collage ou d\u2019impression tout en garantissant une bonne adh\u00e9sion.<br \/>\u2022 Permettre l\u2019application de rev\u00eatements ou coating avec une excellente adh\u00e9rence.<br \/>\u2022 Assurer un nettoyage de pr\u00e9cision sur surfaces.<\/p>\n<p>Parmi les techniques les plus r\u00e9pandues figurent le traitement par voie chimique (exemple : application de primaires chimiques), le flammage, le traitement m\u00e9canique (par exemple : sablage). Toutefois, ces m\u00e9thodes pr\u00e9sentent des contraintes environnementales et de co\u00fbts importants, sans oublier les risques pour la s\u00e9curit\u00e9. Pour en avoir plus, <a href=\"https:\/\/www.acxys.com\/fr\/technologie-plasma-atmospherique-pour-traitement-surface\/plasma-vs-corona\/\">cliquez ici.<\/a><\/p>\n<p>[\/et_pb_text][\/et_pb_column][et_pb_column type=\u00a0\u00bb1_4&Prime; _builder_version=\u00a0\u00bb3.25&Prime; custom_padding=\u00a0\u00bb|||\u00a0\u00bb custom_padding__hover=\u00a0\u00bb|||\u00a0\u00bb][et_pb_text _builder_version=\u00a0\u00bb3.27.4&Prime; header_font=\u00a0\u00bb||||||||\u00a0\u00bb header_2_font=\u00a0\u00bb||||||||\u00a0\u00bb header_2_text_color=\u00a0\u00bb#499ef7&Prime; custom_padding=\u00a0\u00bb|||15px\u00a0\u00bb border_color_right=\u00a0\u00bb#e18e55&Prime; border_width_left=\u00a0\u00bb8px\u00a0\u00bb border_color_left=\u00a0\u00bb#e18e55&Prime;]<\/p>\n<h2>Qu\u2019est-ce que le traitement de surface ?<\/h2>\n<p>[\/et_pb_text][\/et_pb_column][\/et_pb_row][et_pb_row column_structure=\u00a0\u00bb1_4,3_4&Prime; _builder_version=\u00a0\u00bb3.25&Prime; border_color_bottom=\u00a0\u00bb#2f68a3&Prime;][et_pb_column type=\u00a0\u00bb1_4&Prime; _builder_version=\u00a0\u00bb3.25&Prime; custom_padding=\u00a0\u00bb|||\u00a0\u00bb custom_padding__hover=\u00a0\u00bb|||\u00a0\u00bb][et_pb_text _builder_version=\u00a0\u00bb4.9.7&Prime; header_font=\u00a0\u00bb||||||||\u00a0\u00bb header_2_font=\u00a0\u00bb||||||||\u00a0\u00bb header_2_text_color=\u00a0\u00bb#499ef7&Prime; custom_padding=\u00a0\u00bb|||15px\u00a0\u00bb border_color_right=\u00a0\u00bb#e18e55&Prime; border_width_left=\u00a0\u00bb8px\u00a0\u00bb border_color_left=\u00a0\u00bb#e18e55&Prime;]<\/p>\n<h2>Quels sont les effets produits sur les surfaces lors d\u2019un traitement plasma ?<\/h2>\n<p>[\/et_pb_text][\/et_pb_column][et_pb_column type=\u00a0\u00bb3_4&Prime; _builder_version=\u00a0\u00bb3.25&Prime; custom_padding=\u00a0\u00bb|||\u00a0\u00bb custom_padding__hover=\u00a0\u00bb|||\u00a0\u00bb][et_pb_text _builder_version=\u00a0\u00bb3.27.4&Prime;]<\/p>\n<p>L\u2019\u00e9tat plasma \u00e9tant porteur d\u2019une r\u00e9activit\u00e9 chimique importante, il peut \u00eatre utilis\u00e9 pour modifier la surface de beaucoup de mat\u00e9riaux. Pour obtenir ce r\u00e9sultat, il suffit de diriger le flux gazeux d\u2019esp\u00e8ces r\u00e9actives vers la surface \u00e0 traiter.<\/p>\n<p>Il en r\u00e9sulte <strong>3 grands types de r\u00e9action chimique<\/strong> utile pour le traitement de surface.<\/p>\n<p>[\/et_pb_text][\/et_pb_column][\/et_pb_row][et_pb_row column_structure=\u00a0\u00bb2_5,3_5&Prime; _builder_version=\u00a0\u00bb3.25&Prime;][et_pb_column type=\u00a0\u00bb2_5&Prime; _builder_version=\u00a0\u00bb3.25&Prime; custom_padding=\u00a0\u00bb|||\u00a0\u00bb custom_padding__hover=\u00a0\u00bb|||\u00a0\u00bb][et_pb_text _builder_version=\u00a0\u00bb3.27.4&Prime;]<\/p>\n<h3 class=\"page-h3\">LE NETTOYAGE ET LA DECONTAMINATION<\/h3>\n<p>[\/et_pb_text][\/et_pb_column][et_pb_column type=\u00a0\u00bb3_5&Prime; _builder_version=\u00a0\u00bb3.25&Prime; custom_padding=\u00a0\u00bb|||\u00a0\u00bb custom_padding__hover=\u00a0\u00bb|||\u00a0\u00bb][et_pb_text _builder_version=\u00a0\u00bb3.27.4&Prime;]Les technologies plasma sont capables de retirer des couches extr\u00eamement fines de contaminations superficielles, qu\u2019elles soient de nature organique ou hydrocarbure.<\/p>\n<p>Dans certaines applications, elles interviennent souvent en compl\u00e9ment des technologies de nettoyage par voie liquide.[\/et_pb_text][\/et_pb_column][\/et_pb_row][et_pb_row column_structure=\u00a0\u00bb2_5,3_5&Prime; _builder_version=\u00a0\u00bb3.25&Prime;][et_pb_column type=\u00a0\u00bb2_5&Prime; _builder_version=\u00a0\u00bb3.25&Prime; custom_padding=\u00a0\u00bb|||\u00a0\u00bb custom_padding__hover=\u00a0\u00bb|||\u00a0\u00bb][et_pb_text _builder_version=\u00a0\u00bb3.27.4&Prime;]<\/p>\n<h3 class=\"page-h3\">L\u2019ACTIVATION DE SURFACE<\/h3>\n<p>[\/et_pb_text][\/et_pb_column][et_pb_column type=\u00a0\u00bb3_5&Prime; _builder_version=\u00a0\u00bb3.25&Prime; custom_padding=\u00a0\u00bb|||\u00a0\u00bb custom_padding__hover=\u00a0\u00bb|||\u00a0\u00bb][et_pb_text _builder_version=\u00a0\u00bb3.27.4&Prime;]<\/p>\n<p>L\u2019activation de surface est un proc\u00e9d\u00e9 visant \u00e0 modifier superficiellement la nature de la surface d\u2019un mat\u00e9riau, en y ajoutant des atomes ou des mol\u00e9cules.<\/p>\n<p>C\u2019est un proc\u00e9d\u00e9 simple qui se retrouve dans un grand nombre d\u2019applications industrielles, en particulier lorsqu\u2019il s\u2019agit d\u2019accro\u00eetre l\u2019adh\u00e9rence d\u2019une colle, d\u2019une encre, d\u2019une peinture ou d\u2019un vernis.<\/p>\n<p>[\/et_pb_text][et_pb_text _builder_version=\u00a0\u00bb4.9.7&Prime;]<\/p>\n<p><iframe src=\"https:\/\/www.youtube.com\/embed\/74BM_SW5ZHg?rel=0\" frameborder=\"0\" allowfullscreen=\"allowfullscreen\"><\/iframe><\/p>\n<p>[\/et_pb_text][et_pb_text _builder_version=\u00a0\u00bb3.27.4&Prime;]<\/p>\n<p>Pour mettre en pratique cette technologie, <strong>AcXys Technologies<\/strong> a d\u00e9velopp\u00e9 ses gammes d\u2019<strong><a href=\"\/fr\/equipements-plasma-traitement-surface\/modules-plasma-spot-uls\/\">\u00e9quipements ULS<\/a><\/strong> et d\u2019<a href=\"\/fr\/equipements-plasma-traitement-surface\/modules-rideau-plasma-uld\/\"><strong>\u00e9quipements ULD<\/strong><\/a>.<\/p>\n<p>[\/et_pb_text][\/et_pb_column][\/et_pb_row][et_pb_row column_structure=\u00a0\u00bb2_5,3_5&Prime; _builder_version=\u00a0\u00bb3.25&Prime;][et_pb_column type=\u00a0\u00bb2_5&Prime; _builder_version=\u00a0\u00bb3.25&Prime; custom_padding=\u00a0\u00bb|||\u00a0\u00bb custom_padding__hover=\u00a0\u00bb|||\u00a0\u00bb][et_pb_text _builder_version=\u00a0\u00bb4.9.7&Prime;]<\/p>\n<h3 class=\"page-h3\">DEPOT DE COUCHES MINCES<\/h3>\n<p>[\/et_pb_text][\/et_pb_column][et_pb_column type=\u00a0\u00bb3_5&Prime; _builder_version=\u00a0\u00bb3.25&Prime; custom_padding=\u00a0\u00bb|||\u00a0\u00bb custom_padding__hover=\u00a0\u00bb|||\u00a0\u00bb][et_pb_text _builder_version=\u00a0\u00bb3.27.4&Prime;]Les technologies plasma sont aussi utilis\u00e9es dans les proc\u00e9d\u00e9s de d\u00e9p\u00f4t de couches minces de mat\u00e9riaux sur les surfaces \u00e0 modifier.<\/p>\n<p>Pour cela, il suffit d\u2019injecter des produits chimiques (pr\u00e9curseurs) liquides ou gazeux dans le plasma afin de r\u00e9aliser des d\u00e9p\u00f4ts de couches minces.[\/et_pb_text][et_pb_text _builder_version=\u00a0\u00bb4.9.7&Prime;]<\/p>\n<p><iframe src=\"https:\/\/www.youtube.com\/embed\/JigKMeeHMac?rel=0\" frameborder=\"0\" allowfullscreen=\"allowfullscreen\"><\/iframe><\/p>\n<p>[\/et_pb_text][et_pb_text _builder_version=\u00a0\u00bb4.9.7&Prime;]<\/p>\n<p><strong>AcXys Technologies<\/strong> a d\u00e9velopp\u00e9 pour cela les <strong><a href=\"\/fr\/equipements-plasma-traitement-surface\/modules-depots-plasma-cvd-ulc\/\">\u00e9quipements ULCoat<\/a><\/strong> pour le d\u00e9p\u00f4t de couches de SiO2.<\/p>\n<p>[\/et_pb_text][\/et_pb_column][\/et_pb_row][et_pb_row column_structure=\u00a0\u00bb3_4,1_4&Prime; _builder_version=\u00a0\u00bb4.9.7&Prime; border_color_bottom=\u00a0\u00bb#2f68a3&Prime;][et_pb_column type=\u00a0\u00bb3_4&Prime; _builder_version=\u00a0\u00bb3.25&Prime; custom_padding=\u00a0\u00bb|||\u00a0\u00bb custom_padding__hover=\u00a0\u00bb|||\u00a0\u00bb][et_pb_text _builder_version=\u00a0\u00bb4.9.7&Prime;]<\/p>\n<p>L\u2019utilisation des \u00e9quipements propos\u00e9s par AcXys Technologies offre diff\u00e9rents avantages pour les industriels:<\/p>\n<p><strong>1. Efficacit\u00e9<\/strong> : gr\u00e2ce \u00e0 des proc\u00e9d\u00e9s performants valid\u00e9s par des ann\u00e9es d&rsquo;exp\u00e9rience et d&rsquo;innovation;<br \/><strong>2. \u00c9conomie :<\/strong> une technologie qui permet d&rsquo;abaisser les co\u00fbts d&rsquo;exploitation et la consommation \u00e9nerg\u00e9tique gr\u00e2ce \u00e0 ses faibles besoins en entretien et son absence de consommables;<br \/><strong>3. Respect de l&rsquo;environnement :<\/strong> un traitement non polluant ;<br \/><strong>4. S\u00e9curit\u00e9 :<\/strong> un processus industriel s\u00e9curis\u00e9.<\/p>\n<p>De plus, le<em> traitement de surface par plasma atmosph\u00e9rique<\/em> convient \u00e0 une large gamme de mat\u00e9riaux, tels que le m\u00e9tal, le verre, les mati\u00e8res plastiques, les composites\u2026 , permettant ainsi une utilisation dans de nombreux domaines industriels. Pour en savoir plus, <a href=\"https:\/\/www.acxys.com\/fr\/technologie-plasma-atmospherique-pour-traitement-surface\/automobile_aerospatial_emballage_pliage-collage_electronique_medical_horlogerie\/)\">cliquez ici.<\/a><\/p>\n<p>[\/et_pb_text][\/et_pb_column][et_pb_column type=\u00a0\u00bb1_4&Prime; _builder_version=\u00a0\u00bb3.25&Prime; custom_padding=\u00a0\u00bb|||\u00a0\u00bb custom_padding__hover=\u00a0\u00bb|||\u00a0\u00bb][et_pb_text _builder_version=\u00a0\u00bb3.27.4&Prime; header_font=\u00a0\u00bb||||||||\u00a0\u00bb header_2_font=\u00a0\u00bb||||||||\u00a0\u00bb header_2_text_color=\u00a0\u00bb#499ef7&Prime; custom_padding=\u00a0\u00bb|||15px\u00a0\u00bb border_color_right=\u00a0\u00bb#e18e55&Prime; border_width_left=\u00a0\u00bb8px\u00a0\u00bb border_color_left=\u00a0\u00bb#e18e55&Prime;]<\/p>\n<h2>Quels sont les pricipaux domaines d\u2019application du traitement de surface par plasma ?<\/h2>\n<p>[\/et_pb_text][\/et_pb_column][\/et_pb_row][\/et_pb_section]<\/p>\n","protected":false},"excerpt":{"rendered":"<p>[et_pb_section fb_built=\u00a0\u00bb1&Prime; module_class=\u00a0\u00bblddw-entete-responsive\u00a0\u00bb _builder_version=\u00a0\u00bb4.9.2&Prime; background_image=\u00a0\u00bbhttps:\/\/www.acxys.com\/wp-content\/uploads\/2021\/03\/P10301403-2-scaled.jpg\u00a0\u00bb background_position=\u00a0\u00bbbottom_center\u00a0\u00bb custom_padding=\u00a0\u00bb1%||1%|\u00a0\u00bb z_index_tablet=\u00a0\u00bb500&Prime;][\/et_pb_section][et_pb_section fb_built=\u00a0\u00bb1&Prime; _builder_version=\u00a0\u00bb3.22&Prime; custom_padding=\u00a0\u00bb0px||\u00a0\u00bb][et_pb_row _builder_version=\u00a0\u00bb3.26.7&Prime; animation_style=\u00a0\u00bbslide\u00a0\u00bb][et_pb_column type=\u00a0\u00bb4_4&Prime; _builder_version=\u00a0\u00bb3.25&Prime; custom_padding=\u00a0\u00bb|||\u00a0\u00bb custom_padding__hover=\u00a0\u00bb|||\u00a0\u00bb][et_pb_text module_class=\u00a0\u00bblddw-landing-conteneur blue\u00a0\u00bb _builder_version=\u00a0\u00bb3.27.4&Prime; text_font=\u00a0\u00bb||||||||\u00a0\u00bb header_font=\u00a0\u00bb|600||on|||||\u00a0\u00bb header_text_color=\u00a0\u00bb#ffffff\u00a0\u00bb header_font_size=\u00a0\u00bb20px\u00a0\u00bb z_index_tablet=\u00a0\u00bb500&Prime;] Principe des technologies plasma d\u2019AcXys Technologies [\/et_pb_text][\/et_pb_column][\/et_pb_row][et_pb_row column_structure=\u00a0\u00bb1_2,1_2&Prime; _builder_version=\u00a0\u00bb4.9.7&Prime; custom_padding=\u00a0\u00bb38px|||||\u00a0\u00bb][et_pb_column type=\u00a0\u00bb1_2&Prime; _builder_version=\u00a0\u00bb3.25&Prime; custom_padding=\u00a0\u00bb|||\u00a0\u00bb custom_padding__hover=\u00a0\u00bb|||\u00a0\u00bb][et_pb_text _builder_version=\u00a0\u00bb4.9.7&Prime;] Le traitement de surface est aujourd\u2019hui une \u00e9tape primordiale dans de nombreuses industries ; automobile, [&hellip;]<\/p>\n","protected":false},"author":1,"featured_media":0,"parent":15,"menu_order":0,"comment_status":"closed","ping_status":"closed","template":"","meta":{"_et_pb_use_builder":"on","_et_pb_old_content":"","_et_gb_content_width":"","footnotes":""},"class_list":["post-626","page","type-page","status-publish","hentry"],"_links":{"self":[{"href":"https:\/\/www.acxys.com\/fr\/wp-json\/wp\/v2\/pages\/626","targetHints":{"allow":["GET"]}}],"collection":[{"href":"https:\/\/www.acxys.com\/fr\/wp-json\/wp\/v2\/pages"}],"about":[{"href":"https:\/\/www.acxys.com\/fr\/wp-json\/wp\/v2\/types\/page"}],"author":[{"embeddable":true,"href":"https:\/\/www.acxys.com\/fr\/wp-json\/wp\/v2\/users\/1"}],"replies":[{"embeddable":true,"href":"https:\/\/www.acxys.com\/fr\/wp-json\/wp\/v2\/comments?post=626"}],"version-history":[{"count":67,"href":"https:\/\/www.acxys.com\/fr\/wp-json\/wp\/v2\/pages\/626\/revisions"}],"predecessor-version":[{"id":5726,"href":"https:\/\/www.acxys.com\/fr\/wp-json\/wp\/v2\/pages\/626\/revisions\/5726"}],"up":[{"embeddable":true,"href":"https:\/\/www.acxys.com\/fr\/wp-json\/wp\/v2\/pages\/15"}],"wp:attachment":[{"href":"https:\/\/www.acxys.com\/fr\/wp-json\/wp\/v2\/media?parent=626"}],"curies":[{"name":"wp","href":"https:\/\/api.w.org\/{rel}","templated":true}]}}