{"id":630,"date":"2019-05-24T08:49:41","date_gmt":"2019-05-24T06:49:41","guid":{"rendered":"https:\/\/www.acxys.com\/?page_id=630"},"modified":"2024-03-09T10:57:02","modified_gmt":"2024-03-09T09:57:02","slug":"plasma-vs-corona","status":"publish","type":"page","link":"https:\/\/www.acxys.com\/fr\/technologie-plasma-atmospherique-pour-traitement-surface\/plasma-vs-corona\/","title":{"rendered":"Plasma versus autres technologies"},"content":{"rendered":"<p>[et_pb_section fb_built=\u00a0\u00bb1&Prime; module_class=\u00a0\u00bblddw-entete-responsive\u00a0\u00bb _builder_version=\u00a0\u00bb4.7.7&Prime; background_image=\u00a0\u00bbhttps:\/\/www.acxys.com\/wp-content\/uploads\/2021\/02\/P10206363-scaled.jpg\u00a0\u00bb background_position=\u00a0\u00bbtop_center\u00a0\u00bb custom_padding=\u00a0\u00bb1%||1%|\u00a0\u00bb z_index_tablet=\u00a0\u00bb500&Prime;][\/et_pb_section][et_pb_section fb_built=\u00a0\u00bb1&Prime; _builder_version=\u00a0\u00bb3.22&Prime; custom_padding=\u00a0\u00bb0px||\u00a0\u00bb][et_pb_row _builder_version=\u00a0\u00bb3.26.7&Prime; animation_style=\u00a0\u00bbslide\u00a0\u00bb][et_pb_column type=\u00a0\u00bb4_4&Prime; _builder_version=\u00a0\u00bb3.25&Prime; custom_padding=\u00a0\u00bb|||\u00a0\u00bb custom_padding__hover=\u00a0\u00bb|||\u00a0\u00bb][et_pb_text module_class=\u00a0\u00bblddw-landing-conteneur blue\u00a0\u00bb _builder_version=\u00a0\u00bb4.9.7&Prime; text_font=\u00a0\u00bb||||||||\u00a0\u00bb header_font=\u00a0\u00bb|600||on|||||\u00a0\u00bb header_text_color=\u00a0\u00bb#ffffff\u00a0\u00bb header_font_size=\u00a0\u00bb20px\u00a0\u00bb z_index_tablet=\u00a0\u00bb500&Prime;]<\/p>\n<h1>La technologie plasma se compare avantageusement aux autres techniques traditionnelles pour preparer efficacement les surfaces<\/h1>\n<p>[\/et_pb_text][\/et_pb_column][\/et_pb_row][et_pb_row column_structure=\u00a0\u00bb1_4,3_4&Prime; _builder_version=\u00a0\u00bb3.26.7&Prime; animation_style=\u00a0\u00bbslide\u00a0\u00bb animation_direction=\u00a0\u00bbleft\u00a0\u00bb border_color_bottom=\u00a0\u00bb#2f68a3&Prime;][et_pb_column type=\u00a0\u00bb1_4&Prime; _builder_version=\u00a0\u00bb3.25&Prime; custom_padding=\u00a0\u00bb|||\u00a0\u00bb custom_padding__hover=\u00a0\u00bb|||\u00a0\u00bb][et_pb_text _builder_version=\u00a0\u00bb3.27.4&Prime; header_font=\u00a0\u00bb||||||||\u00a0\u00bb header_2_font=\u00a0\u00bb||||||||\u00a0\u00bb header_2_text_color=\u00a0\u00bb#499ef7&Prime; custom_padding=\u00a0\u00bb|||15px\u00a0\u00bb border_color_right=\u00a0\u00bb#e18e55&Prime; border_width_left=\u00a0\u00bb8px\u00a0\u00bb border_color_left=\u00a0\u00bb#e18e55&Prime;]<\/p>\n<h2>Plasma versus Corona<\/h2>\n<p>[\/et_pb_text][\/et_pb_column][et_pb_column type=\u00a0\u00bb3_4&Prime; _builder_version=\u00a0\u00bb3.25&Prime; custom_padding=\u00a0\u00bb|||\u00a0\u00bb custom_padding__hover=\u00a0\u00bb|||\u00a0\u00bb][et_pb_text _builder_version=\u00a0\u00bb3.27.4&Prime;]<\/p>\n<p><strong>Quelle est la diff\u00e9rence entre le plasma et le corona\u00a0?<\/strong> Quels sont leurs avantages et leurs inconv\u00e9nients respectifs\u00a0?<br \/>Pour apporter une r\u00e9ponse claire, il faut diff\u00e9rencier l\u2019utilisation de ces mots selon qu\u2019ils d\u00e9crivent un ph\u00e9nom\u00e8ne physique ou une technologie.<\/p>\n<p>[\/et_pb_text][\/et_pb_column][\/et_pb_row][et_pb_row column_structure=\u00a0\u00bb2_5,3_5&Prime; _builder_version=\u00a0\u00bb3.25&Prime;][et_pb_column type=\u00a0\u00bb2_5&Prime; _builder_version=\u00a0\u00bb3.25&Prime; custom_padding=\u00a0\u00bb|||\u00a0\u00bb custom_padding__hover=\u00a0\u00bb|||\u00a0\u00bb][et_pb_text _builder_version=\u00a0\u00bb3.27.4&Prime;]<\/p>\n<h3 class=\"page-h3\">Le plasma et le corona au sens physique<\/h3>\n<p>[\/et_pb_text][et_pb_image src=\u00a0\u00bbhttps:\/\/www.acxys.com\/wp-content\/uploads\/2019\/05\/foudre.jpg\u00a0\u00bb align=\u00a0\u00bbcenter\u00a0\u00bb align_tablet=\u00a0\u00bbcenter\u00a0\u00bb align_phone=\u00a0\u00bb\u00a0\u00bb align_last_edited=\u00a0\u00bbon|desktop\u00a0\u00bb _builder_version=\u00a0\u00bb3.23&Prime; max_width=\u00a0\u00bb80%\u00a0\u00bb max_width_tablet=\u00a0\u00bb80%\u00a0\u00bb max_width_phone=\u00a0\u00bb100%\u00a0\u00bb max_width_last_edited=\u00a0\u00bbon|phone\u00a0\u00bb module_alignment=\u00a0\u00bbcenter\u00a0\u00bb][\/et_pb_image][\/et_pb_column][et_pb_column type=\u00a0\u00bb3_5&Prime; _builder_version=\u00a0\u00bb3.25&Prime; custom_padding=\u00a0\u00bb|||\u00a0\u00bb custom_padding__hover=\u00a0\u00bb|||\u00a0\u00bb][et_pb_text _builder_version=\u00a0\u00bb3.27.4&Prime;]<\/p>\n<p><strong>Dans sa d\u00e9finition physique, le plasma est un gaz qui, en subissant un apport d\u2019\u00e9nergie, est devenu un milieu ionis\u00e9<\/strong>.<br \/>Cela signifie qu&rsquo;une partie des atomes ou des mol\u00e9cules ont une charge \u00e9lectrique non nulle, soit suite \u00e0 l&rsquo;arrachement d&rsquo;un ou plusieurs \u00e9lectrons (qui deviennent alors des \u00e9lectrons libres), soit suite \u00e0 l&rsquo;absorption d&rsquo;un \u00e9lectron. Le plasma contient ainsi de nombreuses esp\u00e8ces\u00a0: \u00e9lectrons libres, ions positifs ou n\u00e9gatifs, radicaux, m\u00e9tastables. <strong>Ce sont les propri\u00e9t\u00e9s de ces esp\u00e8ces, ainsi que les rayonnements \u00e9lectromagn\u00e9tiques associ\u00e9s, qui sont ensuite exploit\u00e9es lors de l&rsquo;utilisation technologique du plasma.<\/strong><\/p>\n<p><strong>L\u2019effet corona<\/strong> en physique est un ph\u00e9nom\u00e8ne produit dans un plasma cr\u00e9\u00e9 \u00e0 partir d\u2019une d\u00e9charge r\u00e9alis\u00e9e entre 2 \u00e9lectrodes asym\u00e9triques, avec l&rsquo;une en forme de pointe. Le champ \u00e9lectrique est alors plus intense du c\u00f4t\u00e9 de la pointe. Le plasma ne peut alors s\u2019allumer qu\u2019autour de l\u2019\u00e9lectrode pointue, cr\u00e9ant de petits arcs cr\u00e9pitant, appel\u00e9 effet corona.<br \/>Cette propri\u00e9t\u00e9 s\u2019illustre par un ph\u00e9nom\u00e8ne connu des navigateurs sous le nom de \u00ab\u00a0feu de Saint-Elme\u00a0\u00bb. Par temps orageux, un bateau isol\u00e9 peut voir les extr\u00e9mit\u00e9s de ses m\u00e2ts parsem\u00e9s de micro-arcs. Le m\u00e2t du bateau repr\u00e9sente l&rsquo;\u00e9lectrode pointue, l&rsquo;autre \u00e9lectrode \u00e9tant les nuages charg\u00e9s \u00e9lectriquement dans le ciel orageux. Ce ph\u00e9nom\u00e8ne peut aussi s\u2019observer sur les ailes des avions.<\/p>\n<p>[\/et_pb_text][\/et_pb_column][\/et_pb_row][et_pb_row column_structure=\u00a0\u00bb2_5,3_5&Prime; _builder_version=\u00a0\u00bb3.25&Prime;][et_pb_column type=\u00a0\u00bb2_5&Prime; _builder_version=\u00a0\u00bb3.25&Prime; custom_padding=\u00a0\u00bb|||\u00a0\u00bb custom_padding__hover=\u00a0\u00bb|||\u00a0\u00bb][et_pb_text _builder_version=\u00a0\u00bb4.9.7&Prime;]<\/p>\n<h3 class=\"page-h3\">Le plasma et le corona au sens technologique<\/h3>\n<p>[\/et_pb_text][\/et_pb_column][et_pb_column type=\u00a0\u00bb3_5&Prime; _builder_version=\u00a0\u00bb3.25&Prime; custom_padding=\u00a0\u00bb|||\u00a0\u00bb custom_padding__hover=\u00a0\u00bb|||\u00a0\u00bb][et_pb_text _builder_version=\u00a0\u00bb3.27.4&Prime;]<\/p>\n<p><strong>Le traitement corona<\/strong> est une technologie utilis\u00e9e pour traiter des films plastiques sur des grandes largeurs (plusieurs m\u00e8tres) et \u00e0 grande vitesse (plusieurs centaines de m\u00e8tres \/ minute).<\/p>\n<p>Le film plastique est maintenu par un rouleau support qui est reli\u00e9 \u00e0 la terre. Une \u00e9lectrode est plac\u00e9e en vis-\u00e0-vis du rouleau, g\u00e9n\u00e9ralement avec une forme pointue, permettant d&rsquo;amorcer la d\u00e9charge \u00e9lectrique dans l&rsquo;air facilement. C&rsquo;est cette similitude qui explique le choix du terme \u00ab\u00a0corona\u00a0\u00bb pour d\u00e9signer la technologie. Cependant, la similitude s&rsquo;arr\u00eate l\u00e0\u00a0!<\/p>\n<p><strong>La technologie du plasma froid \u00e0 pression atmosph\u00e9rique<\/strong> utilise aussi le principe du plasma physique.<br \/>Il s&rsquo;agit d&rsquo;une d\u00e9charge \u00e9lectrique cr\u00e9\u00e9e dans un gaz \u00e0 pression atmosph\u00e9rique, avec un courant \u00e9lectrique faible, dont le produit est projet\u00e9 sur une surface \u00e0 traiter. Les gaz principalement utilis\u00e9s sont : l&rsquo;air, l&rsquo;azote, l&rsquo;h\u00e9lium, l&rsquo;argon, et parfois des m\u00e9langes de ces gaz.<\/p>\n<p>L&rsquo;intensit\u00e9 \u00e9lectrique du plasma est de l&rsquo;ordre de 1 Amp\u00e8re. Ainsi, m\u00eame si la temp\u00e9rature peut atteindre plusieurs centaines de \u00b0C dans le plasma, il est qualifi\u00e9 de plasma froid, en opposition aux plasma thermiques utilis\u00e9s pour la d\u00e9coupe ou la projection, qui atteignent plusieurs milliers de \u00b0C.<\/p>\n<p>Les esp\u00e8ces cr\u00e9\u00e9es lors de la d\u00e9charge plasma sont projet\u00e9es hors de la zone de d\u00e9charge, le gaz s&rsquo;\u00e9coulant de mani\u00e8re continue, afin de rencontrer la surface \u00e0 traiter. On dissocie ainsi la cr\u00e9ation des esp\u00e8ces (la d\u00e9charge \u00e9lectrique), de leur r\u00e9action avec la surface (le traitement). On parle de plasma d\u00e9port\u00e9 ou de plasma souffl\u00e9. <strong>Contrairement au corona souffl\u00e9, le plasma souffl\u00e9 est tr\u00e8s homog\u00e8ne et a l&rsquo;apparence d&rsquo;une flamme.<\/strong><\/p>\n<p>[\/et_pb_text][\/et_pb_column][\/et_pb_row][et_pb_row column_structure=\u00a0\u00bb2_5,3_5&Prime; _builder_version=\u00a0\u00bb3.25&Prime;][et_pb_column type=\u00a0\u00bb2_5&Prime; _builder_version=\u00a0\u00bb3.25&Prime; custom_padding=\u00a0\u00bb|||\u00a0\u00bb custom_padding__hover=\u00a0\u00bb|||\u00a0\u00bb][et_pb_text _builder_version=\u00a0\u00bb4.9.7&Prime;]<\/p>\n<h3 class=\"page-h3\">Plasma vs Corona : comment choisir ?<\/h3>\n<p>[\/et_pb_text][\/et_pb_column][et_pb_column type=\u00a0\u00bb3_5&Prime; _builder_version=\u00a0\u00bb3.25&Prime; custom_padding=\u00a0\u00bb|||\u00a0\u00bb custom_padding__hover=\u00a0\u00bb|||\u00a0\u00bb][et_pb_text _builder_version=\u00a0\u00bb4.9.7&Prime;]<\/p>\n<p>Le traitement corona est apparu dans l&rsquo;industrie bien avant le plasma atmosph\u00e9rique. C\u2019est une technologie qui n\u00e9cessite un investissement r\u00e9duit, ce qui le rend attractif. Cette technologie a cependant de nombreuses limitations\u00a0:<\/p>\n<ul>\n<li>traitement inhomog\u00e8ne<\/li>\n<li>traitement pouvant alt\u00e9rer les surfaces (traces de traitement, points d&rsquo;impacts)<\/li>\n<li>traitement pouvant percer les films ou traiter les faces arri\u00e8res de mani\u00e8re non contr\u00f4l\u00e9e<\/li>\n<li>pr\u00e9sence de haute-tension \u00e0 l&rsquo;air libre\u00a0: risque de rayonnement \u00e9lectromagn\u00e9tique<\/li>\n<li>difficult\u00e9 pour traiter des mat\u00e9riaux conducteurs (besoin d&rsquo;adapter les \u00e9lectrodes)<\/li>\n<li>faible efficacit\u00e9 de traitement<\/li>\n<\/ul>\n<p>Gr\u00e2ce \u00e0 une s\u00e9paration propre entre la d\u00e9charge \u00e9lectrique et le traitement de la surface, <strong>le plasma s&rsquo;affranchit de tous ces inconv\u00e9nients et apporte une solution \u00e0 valeur ajout\u00e9e, facile \u00e0 int\u00e9grer sur les cha\u00eenes de production<\/strong>.<br \/>Par cons\u00e9quent, <strong>le corona est de plus en plus remplac\u00e9 par le plasma dans l&rsquo;industrie.<\/strong> Il reste essentiellement pr\u00e9sent pour le traitement de films \u00e0 basse ou moyenne valeur ajout\u00e9, n\u00e9cessitant des traitements larges (plusieurs m\u00e8tres) \u00e0 haute vitesse (&gt; 100 m\/min).<\/p>\n<p>[\/et_pb_text][\/et_pb_column][\/et_pb_row][\/et_pb_section][et_pb_section fb_built=\u00a0\u00bb1&Prime; _builder_version=\u00a0\u00bb3.22&Prime;][et_pb_row column_structure=\u00a0\u00bb1_4,3_4&Prime; _builder_version=\u00a0\u00bb3.25&Prime; border_color_bottom=\u00a0\u00bb#2f68a3&Prime;][et_pb_column type=\u00a0\u00bb1_4&Prime; _builder_version=\u00a0\u00bb3.25&Prime; custom_padding=\u00a0\u00bb|||\u00a0\u00bb custom_padding__hover=\u00a0\u00bb|||\u00a0\u00bb][et_pb_text _builder_version=\u00a0\u00bb4.9.7&Prime; header_font=\u00a0\u00bb||||||||\u00a0\u00bb header_2_font=\u00a0\u00bb||||||||\u00a0\u00bb header_2_text_color=\u00a0\u00bb#499ef7&Prime; custom_padding=\u00a0\u00bb|||15px\u00a0\u00bb border_color_right=\u00a0\u00bb#e18e55&Prime; border_width_left=\u00a0\u00bb8px\u00a0\u00bb border_color_left=\u00a0\u00bb#e18e55&Prime;]<\/p>\n<h2>Plasma versus Primaires d\u2019adh\u00e9sion<\/h2>\n<p>[\/et_pb_text][\/et_pb_column][et_pb_column type=\u00a0\u00bb3_4&Prime; _builder_version=\u00a0\u00bb3.25&Prime; custom_padding=\u00a0\u00bb|||\u00a0\u00bb custom_padding__hover=\u00a0\u00bb|||\u00a0\u00bb][et_pb_text _builder_version=\u00a0\u00bb3.27.4&Prime;]Utilisant essentiellement de l\u2019air et de l\u2019azote, le traitement de surface par plasma atmosph\u00e9rique est une technologie propre et respectueuse de l\u2019environnement. Sauf pour de quelques applications sp\u00e9cifiques, il n\u2019y a pas besoin de produits chimiques et le traitement ne produit pas d\u2019effluents toxiques. Il suffit d\u2019une ventilation correcte de la zone de traitement pour l\u2019installation industrielle.<\/p>\n<p>Le plasma atmosph\u00e9rique offre la m\u00eame efficacit\u00e9 que les produits chimiques pour pr\u00e9parer un collage pr\u00e9sentant une adh\u00e9sion forte et durable. Avec \u00e9galement une tr\u00e8s bonne reproductibilit\u00e9, il offre une alternative int\u00e9ressante aux produits chimiques soumis \u00e0 une r\u00e9glementation environnementale de plus en plus exigeante.[\/et_pb_text][\/et_pb_column][\/et_pb_row][\/et_pb_section][et_pb_section fb_built=\u00a0\u00bb1&Prime; _builder_version=\u00a0\u00bb3.22&Prime;][et_pb_row column_structure=\u00a0\u00bb1_4,3_4&Prime; _builder_version=\u00a0\u00bb3.25&Prime; border_color_bottom=\u00a0\u00bb#2f68a3&Prime;][et_pb_column type=\u00a0\u00bb1_4&Prime; _builder_version=\u00a0\u00bb3.25&Prime; custom_padding=\u00a0\u00bb|||\u00a0\u00bb custom_padding__hover=\u00a0\u00bb|||\u00a0\u00bb][et_pb_text _builder_version=\u00a0\u00bb3.27.4&Prime; header_font=\u00a0\u00bb||||||||\u00a0\u00bb header_2_font=\u00a0\u00bb||||||||\u00a0\u00bb header_2_text_color=\u00a0\u00bb#499ef7&Prime; custom_padding=\u00a0\u00bb|||15px\u00a0\u00bb border_color_right=\u00a0\u00bb#e18e55&Prime; border_width_left=\u00a0\u00bb8px\u00a0\u00bb border_color_left=\u00a0\u00bb#e18e55&Prime;]<\/p>\n<h2>Plasma versus Flammage<\/h2>\n<p>[\/et_pb_text][\/et_pb_column][et_pb_column type=\u00a0\u00bb3_4&Prime; _builder_version=\u00a0\u00bb3.25&Prime; custom_padding=\u00a0\u00bb|||\u00a0\u00bb custom_padding__hover=\u00a0\u00bb|||\u00a0\u00bb][et_pb_text _builder_version=\u00a0\u00bb4.9.7&Prime;]<\/p>\n<p>Compar\u00e9 au flammage, le traitement par plasma atmosph\u00e9rique est consid\u00e9r\u00e9 comme une technologie \u00e0 tr\u00e8s basse temp\u00e9rature. Pourtant, le traitement plasma permet d\u2019obtenir les m\u00eames capacit\u00e9s d\u2019adh\u00e9sion et de collage performant sur tous les mat\u00e9riaux plastiques que le flammage mais sans impact thermique.<\/p>\n<p>En plus de la pr\u00e9servation de la mati\u00e8re trait\u00e9e, le traitement plasma r\u00e9duit quasiment \u00e0 n\u00e9ant les risques d\u2019incendie. C\u2019est un aspect cl\u00e9 pour la s\u00e9curit\u00e9 du personnel et des \u00e9quipements, sp\u00e9cialement dans les environnements industriels traitant des produits inflammables (colles, peintures, vernis, \u2026).<\/p>\n<p>Le flammage donne \u00e9galement des traitements moins r\u00e9guliers et difficiles \u00e0 contr\u00f4ler, donc plus difficiles \u00e0 reproduire \u00e0 l\u2019identique.<\/p>\n<p>La seule contrainte du <a href=\"https:\/\/www.acxys.com\/fr\/technologie-plasma-atmospherique-pour-traitement-surface\/activation-surface_nettoyage_depot-couches-minces\/\">traitement plasma<\/a> est la distance maximale de quelques centim\u00e8tres \u00e0 laquelle le jet de plasma doit \u00eatre plac\u00e9 par rapport aux surfaces \u00e0 traiter. Pour les distances beaucoup plus grandes, le flammage reste une solution.<\/p>\n<p>[\/et_pb_text][\/et_pb_column][\/et_pb_row][\/et_pb_section]<\/p>\n","protected":false},"excerpt":{"rendered":"<p>[et_pb_section fb_built=\u00a0\u00bb1&Prime; module_class=\u00a0\u00bblddw-entete-responsive\u00a0\u00bb _builder_version=\u00a0\u00bb4.7.7&Prime; background_image=\u00a0\u00bbhttps:\/\/www.acxys.com\/wp-content\/uploads\/2021\/02\/P10206363-scaled.jpg\u00a0\u00bb background_position=\u00a0\u00bbtop_center\u00a0\u00bb custom_padding=\u00a0\u00bb1%||1%|\u00a0\u00bb z_index_tablet=\u00a0\u00bb500&Prime;][\/et_pb_section][et_pb_section fb_built=\u00a0\u00bb1&Prime; _builder_version=\u00a0\u00bb3.22&Prime; custom_padding=\u00a0\u00bb0px||\u00a0\u00bb][et_pb_row _builder_version=\u00a0\u00bb3.26.7&Prime; animation_style=\u00a0\u00bbslide\u00a0\u00bb][et_pb_column type=\u00a0\u00bb4_4&Prime; _builder_version=\u00a0\u00bb3.25&Prime; custom_padding=\u00a0\u00bb|||\u00a0\u00bb custom_padding__hover=\u00a0\u00bb|||\u00a0\u00bb][et_pb_text module_class=\u00a0\u00bblddw-landing-conteneur blue\u00a0\u00bb _builder_version=\u00a0\u00bb4.9.7&Prime; text_font=\u00a0\u00bb||||||||\u00a0\u00bb header_font=\u00a0\u00bb|600||on|||||\u00a0\u00bb header_text_color=\u00a0\u00bb#ffffff\u00a0\u00bb header_font_size=\u00a0\u00bb20px\u00a0\u00bb z_index_tablet=\u00a0\u00bb500&Prime;] La technologie plasma se compare avantageusement aux autres techniques traditionnelles pour preparer efficacement les surfaces [\/et_pb_text][\/et_pb_column][\/et_pb_row][et_pb_row column_structure=\u00a0\u00bb1_4,3_4&Prime; _builder_version=\u00a0\u00bb3.26.7&Prime; animation_style=\u00a0\u00bbslide\u00a0\u00bb animation_direction=\u00a0\u00bbleft\u00a0\u00bb border_color_bottom=\u00a0\u00bb#2f68a3&Prime;][et_pb_column type=\u00a0\u00bb1_4&Prime; _builder_version=\u00a0\u00bb3.25&Prime; custom_padding=\u00a0\u00bb|||\u00a0\u00bb custom_padding__hover=\u00a0\u00bb|||\u00a0\u00bb][et_pb_text _builder_version=\u00a0\u00bb3.27.4&Prime; header_font=\u00a0\u00bb||||||||\u00a0\u00bb header_2_font=\u00a0\u00bb||||||||\u00a0\u00bb header_2_text_color=\u00a0\u00bb#499ef7&Prime; custom_padding=\u00a0\u00bb|||15px\u00a0\u00bb [&hellip;]<\/p>\n","protected":false},"author":1,"featured_media":0,"parent":15,"menu_order":0,"comment_status":"closed","ping_status":"closed","template":"","meta":{"_et_pb_use_builder":"on","_et_pb_old_content":"","_et_gb_content_width":"","footnotes":""},"class_list":["post-630","page","type-page","status-publish","hentry"],"_links":{"self":[{"href":"https:\/\/www.acxys.com\/fr\/wp-json\/wp\/v2\/pages\/630","targetHints":{"allow":["GET"]}}],"collection":[{"href":"https:\/\/www.acxys.com\/fr\/wp-json\/wp\/v2\/pages"}],"about":[{"href":"https:\/\/www.acxys.com\/fr\/wp-json\/wp\/v2\/types\/page"}],"author":[{"embeddable":true,"href":"https:\/\/www.acxys.com\/fr\/wp-json\/wp\/v2\/users\/1"}],"replies":[{"embeddable":true,"href":"https:\/\/www.acxys.com\/fr\/wp-json\/wp\/v2\/comments?post=630"}],"version-history":[{"count":21,"href":"https:\/\/www.acxys.com\/fr\/wp-json\/wp\/v2\/pages\/630\/revisions"}],"predecessor-version":[{"id":5908,"href":"https:\/\/www.acxys.com\/fr\/wp-json\/wp\/v2\/pages\/630\/revisions\/5908"}],"up":[{"embeddable":true,"href":"https:\/\/www.acxys.com\/fr\/wp-json\/wp\/v2\/pages\/15"}],"wp:attachment":[{"href":"https:\/\/www.acxys.com\/fr\/wp-json\/wp\/v2\/media?parent=630"}],"curies":[{"name":"wp","href":"https:\/\/api.w.org\/{rel}","templated":true}]}}