{"id":798,"date":"2019-05-24T15:56:54","date_gmt":"2019-05-24T13:56:54","guid":{"rendered":"https:\/\/www.acxys.com\/?page_id=798"},"modified":"2021-01-07T11:31:24","modified_gmt":"2021-01-07T10:31:24","slug":"paas","status":"publish","type":"page","link":"https:\/\/www.acxys.com\/fr\/services\/paas\/","title":{"rendered":"Plasma as a Service"},"content":{"rendered":"<p>[et_pb_section fb_built=\u00a0\u00bb1&Prime; module_class=\u00a0\u00bblddw-entete-responsive\u00a0\u00bb _builder_version=\u00a0\u00bb3.26.7&Prime; background_image=\u00a0\u00bbhttps:\/\/www.acxys.com\/wp-content\/uploads\/2019\/07\/bg-entreprise.jpg\u00a0\u00bb background_position=\u00a0\u00bbbottom_center\u00a0\u00bb custom_padding=\u00a0\u00bb1%||1%|\u00a0\u00bb z_index_tablet=\u00a0\u00bb500&Prime;][\/et_pb_section][et_pb_section fb_built=\u00a0\u00bb1&Prime; _builder_version=\u00a0\u00bb3.22&Prime; custom_padding=\u00a0\u00bb0px||0px||true\u00a0\u00bb][et_pb_row _builder_version=\u00a0\u00bb3.25&Prime; border_color_bottom=\u00a0\u00bb#2f68a3&Prime;][et_pb_column type=\u00a0\u00bb4_4&Prime; _builder_version=\u00a0\u00bb3.25&Prime; custom_padding=\u00a0\u00bb|||\u00a0\u00bb custom_padding__hover=\u00a0\u00bb|||\u00a0\u00bb][et_pb_text module_class=\u00a0\u00bblddw-landing-conteneur blue\u00a0\u00bb _builder_version=\u00a0\u00bb3.27.4&Prime; text_font=\u00a0\u00bb||||||||\u00a0\u00bb header_font=\u00a0\u00bb|600||on|||||\u00a0\u00bb header_text_color=\u00a0\u00bb#ffffff\u00a0\u00bb header_font_size=\u00a0\u00bb20px\u00a0\u00bb z_index_tablet=\u00a0\u00bb500&Prime;]<\/p>\n<h1>Service de sous-traitance PAaS : \u00ab\u00a0Plasma as a Service\u00a0\u00bb<\/h1>\n<p>[\/et_pb_text][et_pb_text _builder_version=\u00a0\u00bb3.27.4&Prime; header_font=\u00a0\u00bb||||||||\u00a0\u00bb header_2_font=\u00a0\u00bb||||||||\u00a0\u00bb header_2_text_color=\u00a0\u00bb#499ef7&Prime; custom_padding=\u00a0\u00bb|||\u00a0\u00bb border_color_right=\u00a0\u00bb#e18e55&Prime; border_color_left=\u00a0\u00bb#e18e55&Prime;]<\/p>\n<p class=\"lddw\"><img loading=\"lazy\" decoding=\"async\" src=\"\/wp-content\/uploads\/2019\/05\/plasma-as-a-service.jpg\" width=\"500\" height=\"333\" alt=\"\" class=\"wp-image-796 alignright size-full\" srcset=\"https:\/\/www.acxys.com\/wp-content\/uploads\/2019\/05\/plasma-as-a-service.jpg 500w, https:\/\/www.acxys.com\/wp-content\/uploads\/2019\/05\/plasma-as-a-service-300x200.jpg 300w\" sizes=\"auto, (max-width: 500px) 100vw, 500px\" \/>AcXys Technologies, industriel mondialement reconnu dans les solutions plasma \u00e0 pression atmosph\u00e9rique pour les pr\u00e9parations de surfaces, et ECP, leader du service de nettoyage ultra-propre pour la micro-\u00e9lectronique, le m\u00e9dical, l\u2019industrie pharmaceutique et l\u2019industrie, unissent leurs efforts pour offrir la solution \u00ab Plasma As A Service \u00bb (PAAS), vous permettant <strong>d\u2019externaliser vos traitements de surface<\/strong>.<\/p>\n<p class=\"lddw\">Ensemble, les deux partenaires proposent un service innovant de pr\u00e9paration de surface par plasma, sous la forme d\u2019un service de sous-traitance. \u00ab Le plasma \u00e0 pression atmosph\u00e9rique est une technologie en forte croissance dans l\u2019industrie depuis une vingtaine d\u2019ann\u00e9es.<br \/>\nCette technologie permet de pr\u00e9parer des mat\u00e9riaux avant des op\u00e9rations de collage, peinture, impression, vernissage, ou tout autre proc\u00e9d\u00e9 n\u00e9cessitant une am\u00e9lioration des propri\u00e9t\u00e9s de surface. \u00bb, explique Mathieu Thomachot, Directeur d\u2019AcXys Technologies. AcXys Technologies et ECP offrent d\u00e9sormais, sous la forme de service, la pr\u00e9paration par plasma en mode PASS (Plasma AS a Service), proposant ainsi une nouvelle forme de pratique aux march\u00e9s industriels.<\/p>\n<p class=\"lddw\">L\u2019entreprise ECP, bas\u00e9e \u00e0 Montpellier et en r\u00e9gion grenobloise, est sp\u00e9cialiste du nettoyage et du conditionnement de pi\u00e8ces en environnement ultra-propre. Disposant de plus de 1000 m2 de salle blanche, et traitant des dizaines de millions de pi\u00e8ces par an, ECP dispose de tout le savoir-faire n\u00e9cessaire pour r\u00e9aliser des op\u00e9rations de sous- traitance.<\/p>\n<p class=\"lddw\">\u00ab Nous nettoyons chaque jour des milliers de pi\u00e8ces pour nos clients \u00bb, confie Olivier Prioux, Directeur d\u2019ECP.<br \/>\n\u00ab Ces pi\u00e8ces sont destin\u00e9es \u00e0 des secteurs parmi les plus exigeants de l\u2019industrie : m\u00e9dical, micro-\u00e9lectronique, pharmaceutique, a\u00e9ronautique, spatial, automobile. Aucune erreur n\u2019est permise. \u00bb L\u2019entreprise utilise de nombreux proc\u00e9d\u00e9s de nettoyage et de traitement de pi\u00e8ces : ultrasons, spray, solvants, sablage, s\u00e9chage, \u00e9tuvage, nettoyage cryog\u00e9nique. Les pi\u00e8ces trait\u00e9es sont ensuite reconditionn\u00e9es dans des emballages garantissant leur propret\u00e9. Il est \u00e9galement possible de r\u00e9aliser des op\u00e9rations de transformation comme le remplissage de flacons aseptique ou encore le nettoyage de flacons apyrog\u00e8ne. \u00ab En combinant le plasma \u00e0 pression atmosph\u00e9rique \u00e0 nos proc\u00e9d\u00e9s actuels, de nouvelles possibilit\u00e9s s\u2019offrent \u00e0 nos clients\u00bb, ajoute Olivier Prioux. \u00ab Au-del\u00e0 du nettoyage, nous sommes d\u00e9sormais capables de rendre les mat\u00e9riaux trait\u00e9s plus performants.\u00bb<\/p>\n<p>[\/et_pb_text][\/et_pb_column][\/et_pb_row][\/et_pb_section]<\/p>\n","protected":false},"excerpt":{"rendered":"<p>[et_pb_section fb_built=\u00a0\u00bb1&Prime; module_class=\u00a0\u00bblddw-entete-responsive\u00a0\u00bb _builder_version=\u00a0\u00bb3.26.7&Prime; background_image=\u00a0\u00bbhttps:\/\/www.acxys.com\/wp-content\/uploads\/2019\/07\/bg-entreprise.jpg\u00a0\u00bb background_position=\u00a0\u00bbbottom_center\u00a0\u00bb custom_padding=\u00a0\u00bb1%||1%|\u00a0\u00bb z_index_tablet=\u00a0\u00bb500&Prime;][\/et_pb_section][et_pb_section fb_built=\u00a0\u00bb1&Prime; _builder_version=\u00a0\u00bb3.22&Prime; custom_padding=\u00a0\u00bb0px||0px||true\u00a0\u00bb][et_pb_row _builder_version=\u00a0\u00bb3.25&Prime; border_color_bottom=\u00a0\u00bb#2f68a3&Prime;][et_pb_column type=\u00a0\u00bb4_4&Prime; _builder_version=\u00a0\u00bb3.25&Prime; custom_padding=\u00a0\u00bb|||\u00a0\u00bb custom_padding__hover=\u00a0\u00bb|||\u00a0\u00bb][et_pb_text module_class=\u00a0\u00bblddw-landing-conteneur blue\u00a0\u00bb _builder_version=\u00a0\u00bb3.27.4&Prime; text_font=\u00a0\u00bb||||||||\u00a0\u00bb header_font=\u00a0\u00bb|600||on|||||\u00a0\u00bb header_text_color=\u00a0\u00bb#ffffff\u00a0\u00bb header_font_size=\u00a0\u00bb20px\u00a0\u00bb z_index_tablet=\u00a0\u00bb500&Prime;] Service de sous-traitance PAaS : \u00ab\u00a0Plasma as a Service\u00a0\u00bb [\/et_pb_text][et_pb_text _builder_version=\u00a0\u00bb3.27.4&Prime; header_font=\u00a0\u00bb||||||||\u00a0\u00bb header_2_font=\u00a0\u00bb||||||||\u00a0\u00bb header_2_text_color=\u00a0\u00bb#499ef7&Prime; custom_padding=\u00a0\u00bb|||\u00a0\u00bb border_color_right=\u00a0\u00bb#e18e55&Prime; border_color_left=\u00a0\u00bb#e18e55&Prime;] AcXys Technologies, industriel mondialement reconnu dans les solutions plasma \u00e0 pression atmosph\u00e9rique pour [&hellip;]<\/p>\n","protected":false},"author":1,"featured_media":0,"parent":21,"menu_order":0,"comment_status":"closed","ping_status":"closed","template":"","meta":{"_et_pb_use_builder":"on","_et_pb_old_content":"","_et_gb_content_width":"","footnotes":""},"class_list":["post-798","page","type-page","status-publish","hentry"],"_links":{"self":[{"href":"https:\/\/www.acxys.com\/fr\/wp-json\/wp\/v2\/pages\/798","targetHints":{"allow":["GET"]}}],"collection":[{"href":"https:\/\/www.acxys.com\/fr\/wp-json\/wp\/v2\/pages"}],"about":[{"href":"https:\/\/www.acxys.com\/fr\/wp-json\/wp\/v2\/types\/page"}],"author":[{"embeddable":true,"href":"https:\/\/www.acxys.com\/fr\/wp-json\/wp\/v2\/users\/1"}],"replies":[{"embeddable":true,"href":"https:\/\/www.acxys.com\/fr\/wp-json\/wp\/v2\/comments?post=798"}],"version-history":[{"count":11,"href":"https:\/\/www.acxys.com\/fr\/wp-json\/wp\/v2\/pages\/798\/revisions"}],"predecessor-version":[{"id":2315,"href":"https:\/\/www.acxys.com\/fr\/wp-json\/wp\/v2\/pages\/798\/revisions\/2315"}],"up":[{"embeddable":true,"href":"https:\/\/www.acxys.com\/fr\/wp-json\/wp\/v2\/pages\/21"}],"wp:attachment":[{"href":"https:\/\/www.acxys.com\/fr\/wp-json\/wp\/v2\/media?parent=798"}],"curies":[{"name":"wp","href":"https:\/\/api.w.org\/{rel}","templated":true}]}}