{"id":3144,"date":"2021-03-16T17:04:05","date_gmt":"2021-03-16T16:04:05","guid":{"rendered":"https:\/\/www.acxys.com\/?page_id=3144"},"modified":"2025-03-13T14:47:35","modified_gmt":"2025-03-13T13:47:35","slug":"accueil","status":"publish","type":"page","link":"https:\/\/www.acxys.com\/it\/","title":{"rendered":"Pagina principale"},"content":{"rendered":"<p>[et_pb_section fb_built=&#8221;1&#8243; _builder_version=&#8221;4.7.7&#8243; background_image=&#8221;https:\/\/www.acxys.com\/wp-content\/uploads\/2019\/06\/bg-entete.jpg&#8221; background_position=&#8221;bottom_center&#8221; custom_padding=&#8221;1%||1%|&#8221; z_index_tablet=&#8221;500&#8243;][et_pb_row column_structure=&#8221;1_2,1_2&#8243; module_class=&#8221; et_pb_row_fullwidth&#8221; _builder_version=&#8221;3.25&#8243; width=&#8221;89%&#8221; width_tablet=&#8221;80%&#8221; width_phone=&#8221;&#8221; width_last_edited=&#8221;on|desktop&#8221; max_width=&#8221;89%&#8221; max_width_tablet=&#8221;80%&#8221; max_width_phone=&#8221;&#8221; max_width_last_edited=&#8221;on|desktop&#8221; custom_padding=&#8221;0px||0px|&#8221; animation_style=&#8221;slide&#8221; animation_direction=&#8221;left&#8221; animation_intensity_slide=&#8221;10%&#8221; z_index_tablet=&#8221;500&#8243; make_fullwidth=&#8221;on&#8221;][et_pb_column type=&#8221;1_2&#8243; _builder_version=&#8221;3.25&#8243; custom_padding=&#8221;|||&#8221; custom_padding__hover=&#8221;|||&#8221;][et_pb_text _builder_version=&#8221;4.7.7&#8243; header_font=&#8221;|600||on|||||&#8221; header_text_color=&#8221;#ffffff&#8221; header_font_size=&#8221;20px&#8221; custom_padding=&#8221;0px||0px|&#8221; z_index_tablet=&#8221;500&#8243;]<\/p>\n<h1>\nIl trattamento al plasma atmosferico ideale per la preparazione superficiale di tutti i vostri materiali <\/h1>\n<p>[\/et_pb_text][\/et_pb_column][et_pb_column type=&#8221;1_2&#8243; _builder_version=&#8221;3.25&#8243; custom_padding=&#8221;|||&#8221; custom_padding__hover=&#8221;|||&#8221;][\/et_pb_column][\/et_pb_row][et_pb_row column_structure=&#8221;1_2,1_2&#8243; module_class=&#8221; et_pb_row_fullwidth&#8221; _builder_version=&#8221;3.25&#8243; width=&#8221;89%&#8221; width_tablet=&#8221;80%&#8221; width_phone=&#8221;&#8221; width_last_edited=&#8221;on|desktop&#8221; max_width=&#8221;89%&#8221; max_width_tablet=&#8221;80%&#8221; max_width_phone=&#8221;&#8221; max_width_last_edited=&#8221;on|desktop&#8221; animation_style=&#8221;slide&#8221; animation_direction=&#8221;right&#8221; animation_intensity_slide=&#8221;10%&#8221; z_index_tablet=&#8221;500&#8243; make_fullwidth=&#8221;on&#8221;][et_pb_column type=&#8221;1_2&#8243; _builder_version=&#8221;3.25&#8243; custom_padding=&#8221;|||&#8221; custom_padding_tablet=&#8221;&#8221; custom_padding_phone=&#8221;&#8221; custom_padding_last_edited=&#8221;on|desktop&#8221; custom_padding__hover=&#8221;|||&#8221;][\/et_pb_column][et_pb_column type=&#8221;1_2&#8243; _builder_version=&#8221;3.25&#8243; custom_padding=&#8221;|0px||70px&#8221; custom_padding_tablet=&#8221;|0px||0px&#8221; custom_padding_phone=&#8221;|0px||0px&#8221; custom_padding_last_edited=&#8221;on|desktop&#8221; custom_padding__hover=&#8221;|||&#8221;][et_pb_text module_class=&#8221;lddw-landing-conteneur&#8221; _builder_version=&#8221;3.27.4&#8243; header_2_font=&#8221;|700|||||||&#8221; custom_margin=&#8221;0px||0px|&#8221; animation_style=&#8221;slide&#8221; animation_direction=&#8221;right&#8221; z_index_tablet=&#8221;500&#8243; text_text_shadow_horizontal_length_tablet=&#8221;0px&#8221; text_text_shadow_vertical_length_tablet=&#8221;0px&#8221; text_text_shadow_blur_strength_tablet=&#8221;1px&#8221; link_text_shadow_horizontal_length_tablet=&#8221;0px&#8221; link_text_shadow_vertical_length_tablet=&#8221;0px&#8221; link_text_shadow_blur_strength_tablet=&#8221;1px&#8221; ul_text_shadow_horizontal_length_tablet=&#8221;0px&#8221; ul_text_shadow_vertical_length_tablet=&#8221;0px&#8221; ul_text_shadow_blur_strength_tablet=&#8221;1px&#8221; ol_text_shadow_horizontal_length_tablet=&#8221;0px&#8221; ol_text_shadow_vertical_length_tablet=&#8221;0px&#8221; ol_text_shadow_blur_strength_tablet=&#8221;1px&#8221; quote_text_shadow_horizontal_length_tablet=&#8221;0px&#8221; quote_text_shadow_vertical_length_tablet=&#8221;0px&#8221; quote_text_shadow_blur_strength_tablet=&#8221;1px&#8221; header_text_shadow_horizontal_length_tablet=&#8221;0px&#8221; header_text_shadow_vertical_length_tablet=&#8221;0px&#8221; header_text_shadow_blur_strength_tablet=&#8221;1px&#8221; header_2_text_shadow_horizontal_length_tablet=&#8221;0px&#8221; header_2_text_shadow_vertical_length_tablet=&#8221;0px&#8221; header_2_text_shadow_blur_strength_tablet=&#8221;1px&#8221; header_3_text_shadow_horizontal_length_tablet=&#8221;0px&#8221; header_3_text_shadow_vertical_length_tablet=&#8221;0px&#8221; header_3_text_shadow_blur_strength_tablet=&#8221;1px&#8221; header_4_text_shadow_horizontal_length_tablet=&#8221;0px&#8221; header_4_text_shadow_vertical_length_tablet=&#8221;0px&#8221; header_4_text_shadow_blur_strength_tablet=&#8221;1px&#8221; header_5_text_shadow_horizontal_length_tablet=&#8221;0px&#8221; header_5_text_shadow_vertical_length_tablet=&#8221;0px&#8221; header_5_text_shadow_blur_strength_tablet=&#8221;1px&#8221; header_6_text_shadow_horizontal_length_tablet=&#8221;0px&#8221; header_6_text_shadow_vertical_length_tablet=&#8221;0px&#8221; header_6_text_shadow_blur_strength_tablet=&#8221;1px&#8221; box_shadow_horizontal_tablet=&#8221;0px&#8221; box_shadow_vertical_tablet=&#8221;0px&#8221; box_shadow_blur_tablet=&#8221;40px&#8221; box_shadow_spread_tablet=&#8221;0px&#8221;]<\/p>\n<h2>AcXys Technologies, una societ\u00e0 focalizzata esclusivamente sulle tecnologie del plasma a pressione atmosferica<\/h2>\n<p class=\"lddw\"><strong>Essendo un produttore riconosciuto di apparecchiature al plasma per il trattamento delle superfici<\/strong>, AcXys Technologies supporta i suoi numerosi clienti in tutto il mondo e fornisce i loro processi di trattamento al plasma pi\u00f9 efficienti.<\/p>\n<p>[\/et_pb_text][et_pb_button button_url=&#8221;https:\/\/www.acxys.com\/it\/lazienda\/&#8221; button_text=&#8221;Conoscere AcXys&#8221; _builder_version=&#8221;4.9.7&#8243; custom_button=&#8221;on&#8221; button_text_color=&#8221;#ffffff&#8221; button_bg_color=&#8221;#e18e55&#8243; button_border_color=&#8221;#e18e55&#8243; button_border_radius=&#8221;0px&#8221; button_use_icon=&#8221;off&#8221; vertical_offset_tablet=&#8221;0&#8243; horizontal_offset_tablet=&#8221;0&#8243; animation_direction=&#8221;right&#8221; z_index_tablet=&#8221;500&#8243; button_text_shadow_horizontal_length_tablet=&#8221;0px&#8221; button_text_shadow_vertical_length_tablet=&#8221;0px&#8221; button_text_shadow_blur_strength_tablet=&#8221;1px&#8221; box_shadow_horizontal_tablet=&#8221;0px&#8221; box_shadow_vertical_tablet=&#8221;0px&#8221; box_shadow_blur_tablet=&#8221;40px&#8221; box_shadow_spread_tablet=&#8221;0px&#8221;]<br \/>\n[\/et_pb_button][\/et_pb_column][\/et_pb_row][et_pb_row column_structure=&#8221;1_2,1_2&#8243; padding_left_right_link_1=&#8221;false&#8221; module_class=&#8221; et_pb_row_fullwidth&#8221; _builder_version=&#8221;3.25&#8243; width=&#8221;89%&#8221; width_tablet=&#8221;80%&#8221; width_phone=&#8221;&#8221; width_last_edited=&#8221;on|desktop&#8221; max_width=&#8221;89%&#8221; max_width_tablet=&#8221;80%&#8221; max_width_phone=&#8221;&#8221; max_width_last_edited=&#8221;on|desktop&#8221; animation_style=&#8221;slide&#8221; animation_direction=&#8221;left&#8221; animation_intensity_slide=&#8221;10%&#8221; z_index_tablet=&#8221;500&#8243; make_fullwidth=&#8221;on&#8221;][et_pb_column type=&#8221;1_2&#8243; _builder_version=&#8221;3.25&#8243; custom_padding=&#8221;|70px||0px&#8221; custom_padding_tablet=&#8221;|0px||0px&#8221; custom_padding_phone=&#8221;|0px||0px&#8221; custom_padding_last_edited=&#8221;on|desktop&#8221; custom_padding__hover=&#8221;|||&#8221;][et_pb_text module_class=&#8221;lddw-landing-conteneur&#8221; _builder_version=&#8221;3.27.4&#8243; text_font=&#8221;||||||||&#8221; header_font=&#8221;||||||||&#8221; header_2_font=&#8221;|700|||||||&#8221; custom_margin=&#8221;0px||0px|&#8221; animation_direction=&#8221;left&#8221; z_index_tablet=&#8221;500&#8243;]<\/p>\n<h2>Vantaggi del plasma a pressione atmosferica<\/h2>\n<p class=\"lddw\">Le tecnologie del plasma a pressione atmosferica sono facili da automatizzare e consentono <strong>processi di produzione rapidi, economici ed ecologici<\/strong> per soddisfare le <strong>crescenti esigenze del settore.<\/strong><\/p>\n<p>[\/et_pb_text][et_pb_button button_url=&#8221;https:\/\/www.acxys.com\/it\/technologies-plasma\/&#8221; button_text=&#8221;Scoprire le tecnologie del plasma&#8221; _builder_version=&#8221;4.9.7&#8243; custom_button=&#8221;on&#8221; button_text_color=&#8221;#ffffff&#8221; button_bg_color=&#8221;#e18e55&#8243; button_border_color=&#8221;#e18e55&#8243; button_border_radius=&#8221;0px&#8221; button_use_icon=&#8221;off&#8221; vertical_offset_tablet=&#8221;0&#8243; horizontal_offset_tablet=&#8221;0&#8243; animation_direction=&#8221;left&#8221; z_index_tablet=&#8221;500&#8243; button_text_shadow_horizontal_length_tablet=&#8221;0px&#8221; button_text_shadow_vertical_length_tablet=&#8221;0px&#8221; button_text_shadow_blur_strength_tablet=&#8221;1px&#8221; box_shadow_horizontal_tablet=&#8221;0px&#8221; box_shadow_vertical_tablet=&#8221;0px&#8221; box_shadow_blur_tablet=&#8221;40px&#8221; box_shadow_spread_tablet=&#8221;0px&#8221;]<br \/>\n[\/et_pb_button][\/et_pb_column][et_pb_column type=&#8221;1_2&#8243; _builder_version=&#8221;3.25&#8243; custom_padding=&#8221;|||&#8221; custom_padding__hover=&#8221;|||&#8221;][\/et_pb_column][\/et_pb_row][\/et_pb_section][et_pb_section fb_built=&#8221;1&#8243; _builder_version=&#8221;3.26.7&#8243; animation_style=&#8221;slide&#8221; animation_direction=&#8221;right&#8221; z_index_tablet=&#8221;500&#8243; box_shadow_horizontal_tablet=&#8221;0px&#8221; box_shadow_vertical_tablet=&#8221;0px&#8221; box_shadow_blur_tablet=&#8221;40px&#8221; box_shadow_spread_tablet=&#8221;0px&#8221;][et_pb_row column_structure=&#8221;1_3,1_3,1_3&#8243; _builder_version=&#8221;3.26.7&#8243; background_size=&#8221;initial&#8221; background_position=&#8221;top_left&#8221; background_repeat=&#8221;repeat&#8221; width=&#8221;70%&#8221; max_width_tablet=&#8221;2560%&#8221; max_width_phone=&#8221;&#8221; max_width_last_edited=&#8221;on|phone&#8221; custom_padding=&#8221;0px|||0px&#8221; animation_direction=&#8221;left&#8221; z_index_tablet=&#8221;500&#8243; box_shadow_horizontal_tablet=&#8221;0px&#8221; box_shadow_vertical_tablet=&#8221;0px&#8221; box_shadow_blur_tablet=&#8221;40px&#8221; box_shadow_spread_tablet=&#8221;0px&#8221;][et_pb_column type=&#8221;1_3&#8243; _builder_version=&#8221;3.25&#8243; custom_padding=&#8221;|||&#8221; custom_padding__hover=&#8221;|||&#8221;][et_pb_text module_class=&#8221;lddw-mini-thumb&#8221; _builder_version=&#8221;3.27.4&#8243; custom_padding=&#8221;||0px|||&#8221; z_index_tablet=&#8221;500&#8243; text_text_shadow_horizontal_length_tablet=&#8221;0px&#8221; text_text_shadow_vertical_length_tablet=&#8221;0px&#8221; text_text_shadow_blur_strength_tablet=&#8221;1px&#8221; link_text_shadow_horizontal_length_tablet=&#8221;0px&#8221; link_text_shadow_vertical_length_tablet=&#8221;0px&#8221; link_text_shadow_blur_strength_tablet=&#8221;1px&#8221; ul_text_shadow_horizontal_length_tablet=&#8221;0px&#8221; ul_text_shadow_vertical_length_tablet=&#8221;0px&#8221; ul_text_shadow_blur_strength_tablet=&#8221;1px&#8221; ol_text_shadow_horizontal_length_tablet=&#8221;0px&#8221; ol_text_shadow_vertical_length_tablet=&#8221;0px&#8221; ol_text_shadow_blur_strength_tablet=&#8221;1px&#8221; quote_text_shadow_horizontal_length_tablet=&#8221;0px&#8221; quote_text_shadow_vertical_length_tablet=&#8221;0px&#8221; quote_text_shadow_blur_strength_tablet=&#8221;1px&#8221; header_text_shadow_horizontal_length_tablet=&#8221;0px&#8221; header_text_shadow_vertical_length_tablet=&#8221;0px&#8221; header_text_shadow_blur_strength_tablet=&#8221;1px&#8221; header_2_text_shadow_horizontal_length_tablet=&#8221;0px&#8221; header_2_text_shadow_vertical_length_tablet=&#8221;0px&#8221; header_2_text_shadow_blur_strength_tablet=&#8221;1px&#8221; header_3_text_shadow_horizontal_length_tablet=&#8221;0px&#8221; header_3_text_shadow_vertical_length_tablet=&#8221;0px&#8221; header_3_text_shadow_blur_strength_tablet=&#8221;1px&#8221; header_4_text_shadow_horizontal_length_tablet=&#8221;0px&#8221; header_4_text_shadow_vertical_length_tablet=&#8221;0px&#8221; header_4_text_shadow_blur_strength_tablet=&#8221;1px&#8221; header_5_text_shadow_horizontal_length_tablet=&#8221;0px&#8221; header_5_text_shadow_vertical_length_tablet=&#8221;0px&#8221; header_5_text_shadow_blur_strength_tablet=&#8221;1px&#8221; header_6_text_shadow_horizontal_length_tablet=&#8221;0px&#8221; header_6_text_shadow_vertical_length_tablet=&#8221;0px&#8221; header_6_text_shadow_blur_strength_tablet=&#8221;1px&#8221; box_shadow_horizontal_tablet=&#8221;0px&#8221; box_shadow_vertical_tablet=&#8221;0px&#8221; box_shadow_blur_tablet=&#8221;40px&#8221; box_shadow_spread_tablet=&#8221;0px&#8221;]<\/p>\n<h2>La nostra gamma di apparecchiature al plasma<\/h2>\n<p class=\"lddw\">AcXys Technologies ha sviluppato una gamma di <strong>apparecchiature al plasma<\/strong> standard per il trattamento della superficie, nonch\u00e9 <strong>soluzioni<\/strong> altamente <strong>efficienti, automatizzate e integrate.<\/strong><\/p>\n<p><img loading=\"lazy\" decoding=\"async\" src=\"https:\/\/www.acxys.com\/wp-content\/uploads\/2019\/07\/ACCUEIL_Gamme-\u00e9quipement-plasma-300x200.jpg\" alt=\"Buse qui traite une plaque d'inox\" class=\"wp-image-1549 alignnone size-medium\" width=\"300\" height=\"200\" align=\"middle\" srcset=\"https:\/\/www.acxys.com\/wp-content\/uploads\/2019\/07\/ACCUEIL_Gamme-\u00e9quipement-plasma-300x200.jpg 300w, https:\/\/www.acxys.com\/wp-content\/uploads\/2019\/07\/ACCUEIL_Gamme-\u00e9quipement-plasma.jpg 424w\" sizes=\"auto, (max-width: 300px) 100vw, 300px\" \/><\/p>\n<p>[\/et_pb_text][\/et_pb_column][et_pb_column type=&#8221;1_3&#8243; _builder_version=&#8221;3.25&#8243; custom_padding=&#8221;|||&#8221; custom_padding__hover=&#8221;|||&#8221;][et_pb_text module_class=&#8221;lddw-mini-thumb&#8221; _builder_version=&#8221;3.27.4&#8243; min_height=&#8221;458px&#8221; custom_margin=&#8221;||3px|||&#8221; custom_padding=&#8221;||0px|||&#8221; z_index_tablet=&#8221;500&#8243;]<\/p>\n<h2>Inchiostri di prova<\/h2>\n<p class=\"lddw\">La nostra gamma di inchiostri e penne di prova misura<strong> la tensione superficiale<\/strong> per analizzare la malleabilit\u00e0 e monitorare l\u2019efficacia dei <strong>trattamenti al plasma.<\/strong><\/p>\n<p><img loading=\"lazy\" decoding=\"async\" src=\"https:\/\/www.acxys.com\/wp-content\/uploads\/2019\/07\/ACCUEIL_Encre_et_feutre_test-300x200.jpg\" alt=\"Encre sur un bouchon, la moiti\u00e9 \u00e9tant trait\u00e9e et l'autre non\" class=\"wp-image-1553 alignnone size-medium\" width=\"300\" height=\"200\" align=\"middle\" srcset=\"https:\/\/www.acxys.com\/wp-content\/uploads\/2019\/07\/ACCUEIL_Encre_et_feutre_test-300x200.jpg 300w, https:\/\/www.acxys.com\/wp-content\/uploads\/2019\/07\/ACCUEIL_Encre_et_feutre_test.jpg 424w\" sizes=\"auto, (max-width: 300px) 100vw, 300px\" \/><\/p>\n<p>[\/et_pb_text][\/et_pb_column][et_pb_column type=&#8221;1_3&#8243; _builder_version=&#8221;3.25&#8243; custom_padding=&#8221;|||&#8221; custom_padding__hover=&#8221;|||&#8221;][et_pb_text module_class=&#8221;lddw-mini-thumb&#8221; _builder_version=&#8221;3.27.4&#8243; min_height=&#8221;492px&#8221; custom_margin=&#8221;||-68px|||&#8221; custom_padding=&#8221;||0px|||&#8221; z_index_tablet=&#8221;500&#8243;]<\/p>\n<h2>Supporto AcXys<\/h2>\n<p class=\"lddw\">Dallo sviluppo dei <strong>processi di trattamento di superficie al plasma<\/strong> all\u2019industrializzazione, AcXys offre una gamma completa di <strong>servizi<\/strong>, supportati da un servizio post-vendita reattivo.<\/p>\n<p><img loading=\"lazy\" decoding=\"async\" src=\"https:\/\/www.acxys.com\/wp-content\/uploads\/2019\/07\/poignee-de-main-300x200.jpg\" alt=\"Poign\u00e9e de main entre deux hommes\" class=\"wp-image-1409 alignnone size-medium\" width=\"300\" height=\"200\" align=\"middle\" srcset=\"https:\/\/www.acxys.com\/wp-content\/uploads\/2019\/07\/poignee-de-main-300x200.jpg 300w, https:\/\/www.acxys.com\/wp-content\/uploads\/2019\/07\/poignee-de-main.jpg 424w\" sizes=\"auto, (max-width: 300px) 100vw, 300px\" \/><\/p>\n<p>[\/et_pb_text][\/et_pb_column][\/et_pb_row][\/et_pb_section][et_pb_section fb_built=&#8221;1&#8243; admin_label=&#8221;Blog Section&#8221; module_class=&#8221;lddw-blog-section&#8221; _builder_version=&#8221;3.22&#8243; custom_padding=&#8221;0px||0px|&#8221; z_index_tablet=&#8221;500&#8243;][et_pb_row make_equal=&#8221;on&#8221; _builder_version=&#8221;3.25&#8243; custom_padding=&#8221;0px||0px&#8221; z_index_tablet=&#8221;500&#8243;][et_pb_column type=&#8221;4_4&#8243; _builder_version=&#8221;3.25&#8243; custom_padding=&#8221;|||&#8221; custom_padding__hover=&#8221;|||&#8221;][et_pb_text module_class=&#8221;lddw-blog-post&#8221; _builder_version=&#8221;4.9.7&#8243; hover_enabled=&#8221;0&#8243; z_index_tablet=&#8221;500&#8243; sticky_enabled=&#8221;0&#8243;]<\/p>\n<div class=\"lddw-recent-posts-results\"><div class=\"lddw-recent-posts-wrapper\">\n    <div class=\"lddw-recent-posts-result\">\n        <div class=\"entry-image lddw-recent-post-image\">\n            <img decoding=\"async\" src=\"https:\/\/www.acxys.com\/wp-content\/uploads\/2026\/03\/FIP-2026-WEB-EN.png\" alt=\"\" \/>\n        <\/div>\n        <h2 class=\"entry-title lddw-recent-post-title \"><a href=\"https:\/\/www.acxys.com\/it\/fip-2026-the-leading-trade-show-for-the-plastics-composites-and-rubber-industry\/\">FIP 2026 &#8211; The leading trade show for the plastics, composites and rubber industry<\/a><\/h2>\n       \n\n\n        <div class=\"entry-utility\"><\/div>\n    <\/div>\n<\/div><div class=\"lddw-recent-posts-wrapper\">\n    <div class=\"lddw-recent-posts-result\">\n        <div class=\"entry-image lddw-recent-post-image\">\n            <img decoding=\"async\" src=\"https:\/\/www.acxys.com\/wp-content\/uploads\/2026\/02\/Site-WEB-JEC-2025.png\" alt=\"\" \/>\n        <\/div>\n        <h2 class=\"entry-title lddw-recent-post-title \"><a href=\"https:\/\/www.acxys.com\/it\/acxys-technologies-jec-2026\/\">AcXys Technologies will exhibit at JEC 2026 in Paris.<\/a><\/h2>\n       \n\n\n        <div class=\"entry-utility\"><\/div>\n    <\/div>\n<\/div><div class=\"lddw-recent-posts-wrapper\">\n    <div class=\"lddw-recent-posts-result\">\n        <div class=\"entry-image lddw-recent-post-image\">\n            <img decoding=\"async\" src=\"https:\/\/www.acxys.com\/wp-content\/uploads\/2025\/03\/EN-P-MIX-Site-Web.png\" alt=\"\" \/>\n        <\/div>\n        <h2 class=\"entry-title lddw-recent-post-title \"><a href=\"https:\/\/www.acxys.com\/it\/powder-activation-using-atmospheric-plasma\/\">Powder activation using atmospheric plasma<\/a><\/h2>\n       \n\n\n        <div class=\"entry-utility\"><\/div>\n    <\/div>\n<\/div><div class=\"lddw-recent-posts-wrapper\">\n    <div class=\"lddw-recent-posts-result\">\n        <div class=\"entry-image lddw-recent-post-image\">\n            <img decoding=\"async\" src=\"https:\/\/www.acxys.com\/wp-content\/uploads\/2025\/03\/Site-web-K-2025.png\" alt=\"\" \/>\n        <\/div>\n        <h2 class=\"entry-title lddw-recent-post-title \"><a href=\"https:\/\/www.acxys.com\/it\/k2025-the-worlds-no-1-trade-fair-for-plastics-and-rubber\/\">Let\u2019s meet at the K, the World&#8217;s No.1 Trade Fair for Plastics and Rubber, 8-15 October 2025<\/a><\/h2>\n       \n\n\n        <div class=\"entry-utility\"><\/div>\n    <\/div>\n<\/div><div class=\"lddw-recent-posts-wrapper\">\n    <div class=\"lddw-recent-posts-result\">\n        <div class=\"entry-image lddw-recent-post-image\">\n            <img decoding=\"async\" src=\"https:\/\/www.acxys.com\/wp-content\/uploads\/2025\/03\/EN-V2-Buse-Rotative.png\" alt=\"\" \/>\n        <\/div>\n        <h2 class=\"entry-title lddw-recent-post-title \"><a href=\"https:\/\/www.acxys.com\/it\/rotary-nozzle-plasma\/\">AcXys Technologies presents its new rotary nozzle<\/a><\/h2>\n       \n\n\n        <div class=\"entry-utility\"><\/div>\n    <\/div>\n<\/div><div class=\"lddw-recent-posts-wrapper\">\n    <div class=\"lddw-recent-posts-result\">\n        <div class=\"entry-image lddw-recent-post-image\">\n            <img decoding=\"async\" src=\"https:\/\/www.acxys.com\/wp-content\/uploads\/2023\/06\/AM-4-AM-SITE-INTERNET-1-1.png\" alt=\"\" \/>\n        <\/div>\n        <h2 class=\"entry-title lddw-recent-post-title \"><a href=\"https:\/\/www.acxys.com\/it\/atmospheric-plasma-supporting-industry-4-0\/\">Atmospheric plasma supporting Industry 4.0<\/a><\/h2>\n       \n\n\n        <div class=\"entry-utility\"><\/div>\n    <\/div>\n<\/div><div class=\"lddw-recent-posts-arrows\">\n    <div class=\"right\">\n        <span>5<\/span>\n    <\/div>\n    <div class=\"left\">\n        <span>4<\/span>\n    <\/div>\n<\/div><\/div><script type=\"text\/javascript\">\n    jQuery(function() {\n        'use strict';\n    \n        var $ = jQuery;\n    \n        \/\/ CAROUSEL\n    \n        var carousel_index = 0, \/\/ start index\n            carousel_visible = 3, \/\/ objects in a row\n            carousel_transition_duration = 500, \/\/ transition duration in ms\n            carousel_step_width,\n            carousel_width,\n            running = false;\n    \n        \/\/ Store carousel elements in variables\n        var $carousel = $('.lddw-recent-posts-results'),\n            $items = $carousel.find('.lddw-recent-posts-wrapper'),\n            $right_arrow = $carousel.find('.lddw-recent-posts-arrows > .right').first(),\n            $left_arrow = $carousel.find('.lddw-recent-posts-arrows > .left').first();\n    \n        \/\/ Compute variables what depends of window with\n        carousel_set_variables();\n    \n        \/\/ Events on arrows\n        $right_arrow.click(function() {\n            carousel_next_slide($items);\n        });\n        $left_arrow.click(function() {\n            carousel_previous_slide($items);\n        });\n    \n        function carousel_set_variables() {\n            if(!$items.length) {\n                return;\n            }\n    \n            carousel_width = jQuery(document).width();\n    \n            if(carousel_width < 981) {\n                carousel_visible = 1;\n            } else {\n                carousel_visible = 3;\n            }\n    \n            \/\/ Width of one element\n            carousel_step_width = $items.first().outerWidth(true);\n    \n            \/\/ Init (usefull on resize)\n            carousel_first_slide($items);\n        }\n    \n        function carousel_next_slide(items) {\n    \n            \/\/ Check if we reached ends or not\n            if(carousel_index + 1 > (items.length - carousel_visible)) {\n                return;\n            }\n            \n            \/\/ Prevent spam on click\n            if(running) return;\n            running = true;\n            \n            var translatex = parseInt((carousel_index + 1) * carousel_step_width);\n            items.css({'transform': 'translateX(-' + translatex + 'px)'});\n    \n            carousel_index++;\n    \n            setTimeout(function() {\n                running = false;\n            }, carousel_transition_duration);\n        }\n    \n        function carousel_previous_slide(items) {\n            \/\/ Check if we reached start or not\n            if(carousel_index <= 0) {\n                return;\n            }\n    \n            \/\/ Prevent spam on click\n            if(running) return;\n            running = true;\n    \n            var translatex = parseInt((carousel_index-1) * carousel_step_width);\n            items.css({'transform': 'translateX(-' + translatex + 'px)'});\n            carousel_index--;\n    \n            setTimeout(function() {\n                running = false;\n            }, carousel_transition_duration);\n        }\n    \n        function carousel_first_slide(items) {\n            \/\/ Check if we reached start or not\n            carousel_index = 0;\n            items.css({'transform': 'translateX(0)'});\n        }\n    });\n<\/script>\n<p>[\/et_pb_text][\/et_pb_column][\/et_pb_row][\/et_pb_section]<\/p>\n","protected":false},"excerpt":{"rendered":"<p>[et_pb_section fb_built=&#8221;1&#8243; _builder_version=&#8221;4.7.7&#8243; background_image=&#8221;https:\/\/www.acxys.com\/wp-content\/uploads\/2019\/06\/bg-entete.jpg&#8221; background_position=&#8221;bottom_center&#8221; custom_padding=&#8221;1%||1%|&#8221; z_index_tablet=&#8221;500&#8243;][et_pb_row column_structure=&#8221;1_2,1_2&#8243; module_class=&#8221; et_pb_row_fullwidth&#8221; _builder_version=&#8221;3.25&#8243; width=&#8221;89%&#8221; width_tablet=&#8221;80%&#8221; width_phone=&#8221;&#8221; width_last_edited=&#8221;on|desktop&#8221; max_width=&#8221;89%&#8221; max_width_tablet=&#8221;80%&#8221; max_width_phone=&#8221;&#8221; max_width_last_edited=&#8221;on|desktop&#8221; custom_padding=&#8221;0px||0px|&#8221; animation_style=&#8221;slide&#8221; animation_direction=&#8221;left&#8221; animation_intensity_slide=&#8221;10%&#8221; z_index_tablet=&#8221;500&#8243; make_fullwidth=&#8221;on&#8221;][et_pb_column type=&#8221;1_2&#8243; _builder_version=&#8221;3.25&#8243; custom_padding=&#8221;|||&#8221; custom_padding__hover=&#8221;|||&#8221;][et_pb_text _builder_version=&#8221;4.7.7&#8243; header_font=&#8221;|600||on|||||&#8221; header_text_color=&#8221;#ffffff&#8221; header_font_size=&#8221;20px&#8221; custom_padding=&#8221;0px||0px|&#8221; z_index_tablet=&#8221;500&#8243;] Il trattamento al plasma atmosferico ideale per la preparazione superficiale di tutti i vostri materiali [\/et_pb_text][\/et_pb_column][et_pb_column type=&#8221;1_2&#8243; _builder_version=&#8221;3.25&#8243; custom_padding=&#8221;|||&#8221; custom_padding__hover=&#8221;|||&#8221;][\/et_pb_column][\/et_pb_row][et_pb_row [&hellip;]<\/p>\n","protected":false},"author":2,"featured_media":0,"parent":0,"menu_order":0,"comment_status":"closed","ping_status":"closed","template":"","meta":{"_et_pb_use_builder":"on","_et_pb_old_content":"","_et_gb_content_width":"","footnotes":""},"class_list":["post-3144","page","type-page","status-publish","hentry"],"_links":{"self":[{"href":"https:\/\/www.acxys.com\/it\/wp-json\/wp\/v2\/pages\/3144","targetHints":{"allow":["GET"]}}],"collection":[{"href":"https:\/\/www.acxys.com\/it\/wp-json\/wp\/v2\/pages"}],"about":[{"href":"https:\/\/www.acxys.com\/it\/wp-json\/wp\/v2\/types\/page"}],"author":[{"embeddable":true,"href":"https:\/\/www.acxys.com\/it\/wp-json\/wp\/v2\/users\/2"}],"replies":[{"embeddable":true,"href":"https:\/\/www.acxys.com\/it\/wp-json\/wp\/v2\/comments?post=3144"}],"version-history":[{"count":9,"href":"https:\/\/www.acxys.com\/it\/wp-json\/wp\/v2\/pages\/3144\/revisions"}],"predecessor-version":[{"id":6390,"href":"https:\/\/www.acxys.com\/it\/wp-json\/wp\/v2\/pages\/3144\/revisions\/6390"}],"wp:attachment":[{"href":"https:\/\/www.acxys.com\/it\/wp-json\/wp\/v2\/media?parent=3144"}],"curies":[{"name":"wp","href":"https:\/\/api.w.org\/{rel}","templated":true}]}}