{"id":3183,"date":"2021-03-17T16:43:21","date_gmt":"2021-03-17T15:43:21","guid":{"rendered":"https:\/\/www.acxys.com\/?page_id=3183"},"modified":"2021-03-17T16:49:05","modified_gmt":"2021-03-17T15:49:05","slug":"nous-connaitre","status":"publish","type":"page","link":"https:\/\/www.acxys.com\/it\/lazienda\/nous-connaitre\/","title":{"rendered":"Chi siamo"},"content":{"rendered":"<p>[et_pb_section fb_built=&#8221;1&#8243; module_class=&#8221;lddw-entete-responsive&#8221; _builder_version=&#8221;3.22&#8243; background_image=&#8221;https:\/\/www.acxys.com\/wp-content\/uploads\/2019\/07\/bg-entete-nous-connaitre.jpg&#8221; background_position=&#8221;bottom_center&#8221; z_index_tablet=&#8221;500&#8243;][\/et_pb_section][et_pb_section fb_built=&#8221;1&#8243; _builder_version=&#8221;3.22&#8243; custom_padding=&#8221;0px||&#8221;][et_pb_row _builder_version=&#8221;3.26.7&#8243; animation_style=&#8221;slide&#8221;][et_pb_column type=&#8221;4_4&#8243; _builder_version=&#8221;3.25&#8243; custom_padding=&#8221;|||&#8221; custom_padding__hover=&#8221;|||&#8221;][et_pb_text module_class=&#8221;lddw-landing-conteneur blue&#8221; _builder_version=&#8221;4.7.7&#8243; text_font=&#8221;||||||||&#8221; header_font=&#8221;|600||on|||||&#8221; header_text_color=&#8221;#ffffff&#8221; header_font_size=&#8221;20px&#8221; header_2_font=&#8221;||||||||&#8221; hover_enabled=&#8221;0&#8243; z_index_tablet=&#8221;500&#8243; sticky_enabled=&#8221;0&#8243;]<\/p>\n<h1>\nLa nostra apparecchiatura per il trattamento della superficie al plasma \u00e8 completamente progettata e prodotta nelle nostre strutture.<br \/>\n<\/h1>\n<p>[\/et_pb_text][\/et_pb_column][\/et_pb_row][et_pb_row column_structure=&#8221;2_3,1_3&#8243; _builder_version=&#8221;3.26.7&#8243; animation_style=&#8221;slide&#8221; animation_direction=&#8221;right&#8221; border_width_bottom=&#8221;2px&#8221; border_color_bottom=&#8221;#2f68a3&#8243;][et_pb_column type=&#8221;2_3&#8243; _builder_version=&#8221;3.25&#8243; custom_padding=&#8221;|||&#8221; custom_padding__hover=&#8221;|||&#8221;][et_pb_text _builder_version=&#8221;3.27.4&#8243;]<\/p>\n<p class=\"lddw\">Per raggiungere questi obiettivi, i nostri principi sono:<\/p>\n<ul>\n<li>fornire un controllo generale e totale del prodotto<\/li>\n<li>scegliere i migliori componenti<\/li>\n<li>fabricare, verificare e testare internamente tutte le nostre apparecchiature<\/li>\n<li>avere uno staff flessibile, talentuoso e versatile<\/li>\n<\/ul>\n<p class=\"lddw\">In AcXys Technologies, la nostra attrezzatura \u00e8 completamente progettata dal nostro reparto di progettazione e assemblata dai nostri installatori. Solo alcuni componenti base vengono acquistati o esternalizzati.<\/p>\n<p>[\/et_pb_text][\/et_pb_column][et_pb_column type=&#8221;1_3&#8243; _builder_version=&#8221;3.25&#8243; custom_padding=&#8221;|||&#8221; custom_padding__hover=&#8221;|||&#8221;][et_pb_text _builder_version=&#8221;3.27.4&#8243; header_font=&#8221;||||||||&#8221; header_2_font=&#8221;||||||||&#8221; header_2_text_color=&#8221;#499ef7&#8243; custom_padding=&#8221;|15px||&#8221; border_width_right=&#8221;8px&#8221; border_color_right=&#8221;#e18e55&#8243;]<\/p>\n<h2>In AcXys Technologies, il nostro obiettivo \u00e8 offrire <strong>soluzioni altamente efficienti ed economiche che coprano un&#8217;ampia gamma di settori.<\/strong><\/h2>\n<p>[\/et_pb_text][\/et_pb_column][\/et_pb_row][et_pb_row column_structure=&#8221;1_3,2_3&#8243; _builder_version=&#8221;3.26.7&#8243; animation_style=&#8221;slide&#8221; animation_direction=&#8221;left&#8221; border_width_bottom=&#8221;2px&#8221; border_color_bottom=&#8221;#2f68a3&#8243; custom_margin=&#8221;2px|auto||auto||&#8221;][et_pb_column type=&#8221;1_3&#8243; _builder_version=&#8221;3.25&#8243; custom_padding=&#8221;|||&#8221; custom_padding__hover=&#8221;|||&#8221;][et_pb_text _builder_version=&#8221;3.27.4&#8243; header_font=&#8221;||||||||&#8221; header_text_color=&#8221;#499ef7&#8243; header_2_font=&#8221;||||||||&#8221; header_2_text_color=&#8221;#499ef7&#8243; custom_padding=&#8221;|||15px&#8221; border_width_left=&#8221;8px&#8221; border_color_left=&#8221;#e18e55&#8243;]<\/p>\n<h2><strong>La storia di AcXys Technologies<\/strong> \u00e8 quella di un&#8217;azienda dinamica e innovativa, nata da un&#8217;idea originale che cercava di trovare un modo per applicare industrialmente la tecnologia al plasma.<\/h2>\n<p>[\/et_pb_text][\/et_pb_column][et_pb_column type=&#8221;2_3&#8243; _builder_version=&#8221;3.25&#8243; custom_padding=&#8221;|||&#8221; custom_padding__hover=&#8221;|||&#8221;][et_pb_text _builder_version=&#8221;3.27.4&#8243;]<\/p>\n<p>Nata dallo spirito innovativo di uno specialista di ricerca e sviluppo industriale, AcXys Technologies \u00e8 stata fondata all&#8217;inizio degli anni 2000 e stabilita nella regione di Grenoble, un luogo elevato di innovazione e alta tecnologia.<br \/>Supportata da una tecnologia brevettata, l&#8217;azienda sta rapidamente sviluppando una gamma di soluzioni industriali dedicate al plasma a pressione atmosferica per il trattamento delle superfici. Fin dal suo inizio, AcXys Technologies \u00e8 stata adottata da leader del settore e specialisti di ricerca in molti paesi.<\/p>\n<p>Il 2016 ha segnato una pietra miliare in quanto l&#8217;azienda si \u00e8 trasferita in nuovi stabilimenti ampliati, raddoppiando la superficie e la capacit\u00e0 produttiva, migliorando cos\u00ec la propria produttivit\u00e0 per far fronte alle crescenti richieste dei clienti.<\/p>\n<p>[\/et_pb_text][\/et_pb_column][\/et_pb_row][et_pb_row _builder_version=&#8221;3.25&#8243;][et_pb_column type=&#8221;4_4&#8243; _builder_version=&#8221;3.25&#8243; custom_padding=&#8221;|||&#8221; custom_padding__hover=&#8221;|||&#8221;][et_pb_team_member name=&#8221;Thierry SINDZINGRE&#8221; position=&#8221;PDG d\u2019AcXys Technologies&#8221; image_url=&#8221;https:\/\/www.acxys.com\/wp-content\/uploads\/2019\/04\/portrait-anonyme.png&#8221; icon_color=&#8221;#193452&#8243; module_class=&#8221;lddw-hidden&#8221; _builder_version=&#8221;3.21.1&#8243;]<\/p>\n<p>Lorem ipsum dolor sit amet, consectetur adipiscing elit. Curabitur non hendrerit urna. Quisque faucibus rhoncus volutpat. Nullam tempor, dolor id porttitor consectetur, massa urna pharetra orci, vitae maximus nunc est et erat. Morbi volutpat, nulla at tincidunt cursus, enim ligula commodo sapien, dapibus venenatis dui lectus eu arcu. Integer venenatis ex non facilisis lacinia. Proin volutpat fermentum nisl, at eleifend nisl efficitur dictum. Nulla id sapien urna. Nulla tempus finibus ante, quis consectetur lectus condimentum tincidunt. Sed efficitur vehicula elit in hendrerit. Curabitur vel ex a urna hendrerit posuere sodales id metus. Sed id hendrerit neque. Nam quis feugiat erat, at sagittis lacus.<\/p>\n<p>Mauris consectetur nunc sed condimentum accumsan. Pellentesque venenatis leo eu ligula porttitor pretium. Duis aliquam ligula non tellus sagittis, vel lobortis neque ultricies. Cras pretium efficitur ligula, eget vestibulum lectus tincidunt ut. Phasellus mattis ante volutpat accumsan sollicitudin. Sed sed congue nunc, iaculis porttitor nulla. Aliquam eget mollis urna, eleifend lobortis purus. Duis tristique justo quis quam consequat, vel dignissim massa bibendum. Aliquam tortor libero, facilisis vitae sagittis id, ullamcorper non magna. Curabitur sollicitudin sed urna a fermentum. Aenean libero elit, pellentesque non vehicula nec, consequat at ligula. Cras imperdiet gravida risus, aliquet volutpat nulla suscipit et. Donec facilisis sapien fringilla diam egestas, et sodales lacus viverra.<\/p>\n<p>[\/et_pb_team_member][\/et_pb_column][\/et_pb_row][\/et_pb_section]<\/p>\n","protected":false},"excerpt":{"rendered":"<p>[et_pb_section fb_built=&#8221;1&#8243; module_class=&#8221;lddw-entete-responsive&#8221; _builder_version=&#8221;3.22&#8243; background_image=&#8221;https:\/\/www.acxys.com\/wp-content\/uploads\/2019\/07\/bg-entete-nous-connaitre.jpg&#8221; background_position=&#8221;bottom_center&#8221; z_index_tablet=&#8221;500&#8243;][\/et_pb_section][et_pb_section fb_built=&#8221;1&#8243; _builder_version=&#8221;3.22&#8243; custom_padding=&#8221;0px||&#8221;][et_pb_row _builder_version=&#8221;3.26.7&#8243; animation_style=&#8221;slide&#8221;][et_pb_column type=&#8221;4_4&#8243; _builder_version=&#8221;3.25&#8243; custom_padding=&#8221;|||&#8221; custom_padding__hover=&#8221;|||&#8221;][et_pb_text module_class=&#8221;lddw-landing-conteneur blue&#8221; _builder_version=&#8221;4.7.7&#8243; text_font=&#8221;||||||||&#8221; header_font=&#8221;|600||on|||||&#8221; header_text_color=&#8221;#ffffff&#8221; header_font_size=&#8221;20px&#8221; header_2_font=&#8221;||||||||&#8221; hover_enabled=&#8221;0&#8243; z_index_tablet=&#8221;500&#8243; sticky_enabled=&#8221;0&#8243;] La nostra apparecchiatura per il trattamento della superficie al plasma \u00e8 completamente progettata e prodotta nelle nostre strutture. [\/et_pb_text][\/et_pb_column][\/et_pb_row][et_pb_row column_structure=&#8221;2_3,1_3&#8243; _builder_version=&#8221;3.26.7&#8243; animation_style=&#8221;slide&#8221; animation_direction=&#8221;right&#8221; border_width_bottom=&#8221;2px&#8221; border_color_bottom=&#8221;#2f68a3&#8243;][et_pb_column type=&#8221;2_3&#8243; _builder_version=&#8221;3.25&#8243; custom_padding=&#8221;|||&#8221; [&hellip;]<\/p>\n","protected":false},"author":2,"featured_media":0,"parent":3157,"menu_order":0,"comment_status":"closed","ping_status":"closed","template":"","meta":{"_et_pb_use_builder":"on","_et_pb_old_content":"","_et_gb_content_width":"","footnotes":""},"class_list":["post-3183","page","type-page","status-publish","hentry"],"_links":{"self":[{"href":"https:\/\/www.acxys.com\/it\/wp-json\/wp\/v2\/pages\/3183","targetHints":{"allow":["GET"]}}],"collection":[{"href":"https:\/\/www.acxys.com\/it\/wp-json\/wp\/v2\/pages"}],"about":[{"href":"https:\/\/www.acxys.com\/it\/wp-json\/wp\/v2\/types\/page"}],"author":[{"embeddable":true,"href":"https:\/\/www.acxys.com\/it\/wp-json\/wp\/v2\/users\/2"}],"replies":[{"embeddable":true,"href":"https:\/\/www.acxys.com\/it\/wp-json\/wp\/v2\/comments?post=3183"}],"version-history":[{"count":6,"href":"https:\/\/www.acxys.com\/it\/wp-json\/wp\/v2\/pages\/3183\/revisions"}],"predecessor-version":[{"id":3191,"href":"https:\/\/www.acxys.com\/it\/wp-json\/wp\/v2\/pages\/3183\/revisions\/3191"}],"up":[{"embeddable":true,"href":"https:\/\/www.acxys.com\/it\/wp-json\/wp\/v2\/pages\/3157"}],"wp:attachment":[{"href":"https:\/\/www.acxys.com\/it\/wp-json\/wp\/v2\/media?parent=3183"}],"curies":[{"name":"wp","href":"https:\/\/api.w.org\/{rel}","templated":true}]}}