{"id":3209,"date":"2021-03-17T17:05:57","date_gmt":"2021-03-17T16:05:57","guid":{"rendered":"https:\/\/www.acxys.com\/?page_id=3209"},"modified":"2021-03-26T16:56:14","modified_gmt":"2021-03-26T15:56:14","slug":"funzionamento-della-nostra-tecnologia","status":"publish","type":"page","link":"https:\/\/www.acxys.com\/it\/technologies-plasma\/funzionamento-della-nostra-tecnologia\/","title":{"rendered":"Funzionamento della nostra tecnologia"},"content":{"rendered":"<p>[et_pb_section fb_built=&#8221;1&#8243; module_class=&#8221;lddw-entete-responsive&#8221; _builder_version=&#8221;4.9.2&#8243; background_image=&#8221;https:\/\/www.acxys.com\/wp-content\/uploads\/2021\/03\/P10301403-2-scaled.jpg&#8221; background_position=&#8221;bottom_center&#8221; custom_padding=&#8221;1%||1%|&#8221; hover_enabled=&#8221;0&#8243; z_index_tablet=&#8221;500&#8243; alt=&#8221;close-up look at the 3 nozzles of an ULD module&#8221; title_text=&#8221;P10301403&#8243; sticky_enabled=&#8221;0&#8243;][\/et_pb_section][et_pb_section fb_built=&#8221;1&#8243; _builder_version=&#8221;3.22&#8243; custom_padding=&#8221;0px||&#8221;][et_pb_row _builder_version=&#8221;3.26.7&#8243; animation_style=&#8221;slide&#8221;][et_pb_column type=&#8221;4_4&#8243; _builder_version=&#8221;3.25&#8243; custom_padding=&#8221;|||&#8221; custom_padding__hover=&#8221;|||&#8221;][et_pb_text module_class=&#8221;lddw-landing-conteneur blue&#8221; _builder_version=&#8221;4.7.7&#8243; text_font=&#8221;||||||||&#8221; header_font=&#8221;|600||on|||||&#8221; header_text_color=&#8221;#ffffff&#8221; header_font_size=&#8221;20px&#8221; z_index_tablet=&#8221;500&#8243;]<\/p>\n<h1 style=\"text-align: center;\">Principio delle tecnologie al plasma di AcXys Technologies<br \/>\n<\/h1>\n<p>[\/et_pb_text][\/et_pb_column][\/et_pb_row][et_pb_row column_structure=&#8221;1_2,1_2&#8243; _builder_version=&#8221;3.25&#8243;][et_pb_column type=&#8221;1_2&#8243; _builder_version=&#8221;3.25&#8243; custom_padding=&#8221;|||&#8221; custom_padding__hover=&#8221;|||&#8221;][et_pb_text _builder_version=&#8221;3.27.4&#8243;]<\/p>\n<p><strong>AcXys Technologies ha sviluppato tutte le sue tecnologie al plasma<\/strong>, perfezionando l&#8217;elettronica di potenza incorporata nei suoi generatori e sviluppando sorgenti al plasma ad altissime prestazioni.<\/p>\n<p>Queste tecnologie al plasma consentono di offrire un&#8217;elevata velocit\u00e0 di lavorazione, compatibile con applicazioni industriali in un&#8217;ampia variet\u00e0 di materiali.<\/p>\n<p>[\/et_pb_text][\/et_pb_column][et_pb_column type=&#8221;1_2&#8243; _builder_version=&#8221;3.25&#8243; custom_padding=&#8221;|||&#8221; custom_padding__hover=&#8221;|||&#8221;][et_pb_text _builder_version=&#8221;3.27.4&#8243;]<iframe src=\"https:\/\/www.youtube.com\/embed\/94H3za-kXyw?rel=0\" frameborder=\"0\" allow=\"accelerometer; autoplay; encrypted-media; gyroscope; picture-in-picture\" allowfullscreen><\/iframe>[\/et_pb_text][\/et_pb_column][\/et_pb_row][et_pb_row column_structure=&#8221;1_4,3_4&#8243; _builder_version=&#8221;3.25&#8243; border_color_bottom=&#8221;#2f68a3&#8243;][et_pb_column type=&#8221;1_4&#8243; _builder_version=&#8221;3.25&#8243; custom_padding=&#8221;|||&#8221; custom_padding__hover=&#8221;|||&#8221;][et_pb_text _builder_version=&#8221;3.27.4&#8243; header_font=&#8221;||||||||&#8221; header_2_font=&#8221;||||||||&#8221; header_2_text_color=&#8221;#499ef7&#8243; custom_padding=&#8221;|||15px&#8221; border_color_right=&#8221;#e18e55&#8243; border_width_left=&#8221;8px&#8221; border_color_left=&#8221;#e18e55&#8243;]<\/p>\n<h2>L&#8217;impatto del trattamento al plasma sulle superfici<\/h2>\n<p>[\/et_pb_text][\/et_pb_column][et_pb_column type=&#8221;3_4&#8243; _builder_version=&#8221;3.25&#8243; custom_padding=&#8221;|||&#8221; custom_padding__hover=&#8221;|||&#8221;][et_pb_text _builder_version=&#8221;3.27.4&#8243;]<\/p>\n<p>Poich\u00e9 lo stato del plasma ha una reattivit\u00e0 chimica significativa, pu\u00f2 essere utilizzato per modificare la superficie estrema di molti materiali. Per ottenere questo risultato \u00e8 sufficiente dirigere il flusso di specie gassose reattive verso la superficie da trattare.<\/p>\n<p>Ci\u00f2 si traduce in <strong>3 tipi principali di reazioni chimiche<\/strong> utili per il trattamento superficiale.<\/p>\n<p>[\/et_pb_text][\/et_pb_column][\/et_pb_row][et_pb_row column_structure=&#8221;2_5,3_5&#8243; _builder_version=&#8221;3.25&#8243;][et_pb_column type=&#8221;2_5&#8243; _builder_version=&#8221;3.25&#8243; custom_padding=&#8221;|||&#8221; custom_padding__hover=&#8221;|||&#8221;][et_pb_text _builder_version=&#8221;4.7.7&#8243;]<\/p>\n<h3 class=\"page-h3\">PULIZIA E DECONTAMINAZIONE<\/h3>\n<p>[\/et_pb_text][\/et_pb_column][et_pb_column type=&#8221;3_5&#8243; _builder_version=&#8221;3.25&#8243; custom_padding=&#8221;|||&#8221; custom_padding__hover=&#8221;|||&#8221;][et_pb_text _builder_version=&#8221;3.27.4&#8243;]<\/p>\n<p>Le tecnologie al plasma sono in grado di rimuovere strati estremamente sottili di contaminazione superficiale, sia essa di natura organica o idrocarburica.<\/p>\n<p>In alcune applicazioni, vengono spesso utilizzati in aggiunta alle tecnologie di pulizia con liquidi.<\/p>\n<p>[\/et_pb_text][\/et_pb_column][\/et_pb_row][et_pb_row column_structure=&#8221;2_5,3_5&#8243; _builder_version=&#8221;3.25&#8243;][et_pb_column type=&#8221;2_5&#8243; _builder_version=&#8221;3.25&#8243; custom_padding=&#8221;|||&#8221; custom_padding__hover=&#8221;|||&#8221;][et_pb_text _builder_version=&#8221;4.7.7&#8243;]<\/p>\n<h3 class=\"page-h3\">ATTIVAZIONE DI SUPERFICIE<\/h3>\n<p>[\/et_pb_text][\/et_pb_column][et_pb_column type=&#8221;3_5&#8243; _builder_version=&#8221;3.25&#8243; custom_padding=&#8221;|||&#8221; custom_padding__hover=&#8221;|||&#8221;][et_pb_text _builder_version=&#8221;3.27.4&#8243;]<\/p>\n<p>L&#8217;attivazione della superficie mira a modificare la superficie superiore di un materiale, aggiungendo atomi o molecole.<\/p>\n<p>Questo semplice processo \u00e8 ampiamente utilizzato nell&#8217;industria, specialmente per applicazioni progettate per aumentare la capacit\u00e0 di adesione di una colla, inchiostro, pittura o vernice.<\/p>\n<p>[\/et_pb_text][et_pb_text _builder_version=&#8221;3.27.4&#8243;]<iframe src=\"https:\/\/www.youtube.com\/embed\/74BM_SW5ZHg?rel=0\" frameborder=\"0\" allow=\"accelerometer; autoplay; encrypted-media; gyroscope; picture-in-picture\" allowfullscreen><\/iframe>[\/et_pb_text][et_pb_text _builder_version=&#8221;3.27.4&#8243;]<\/p>\n<p>Per l&#8217;attivazione della superficie o la pulizia della finitura, <strong>AcXys Technologies<\/strong> ha sviluppato gamme di prodotti <strong>ULS<\/strong> e <strong>ULD<\/strong>.<\/p>\n<p>[\/et_pb_text][\/et_pb_column][\/et_pb_row][et_pb_row column_structure=&#8221;2_5,3_5&#8243; _builder_version=&#8221;3.25&#8243;][et_pb_column type=&#8221;2_5&#8243; _builder_version=&#8221;3.25&#8243; custom_padding=&#8221;|||&#8221; custom_padding__hover=&#8221;|||&#8221;][et_pb_text _builder_version=&#8221;4.7.7&#8243;]<\/p>\n<h3 class=\"page-h3\">DEPOSITO DI FILM SOTTIE<\/h3>\n<p>[\/et_pb_text][\/et_pb_column][et_pb_column type=&#8221;3_5&#8243; _builder_version=&#8221;3.25&#8243; custom_padding=&#8221;|||&#8221; custom_padding__hover=&#8221;|||&#8221;][et_pb_text _builder_version=&#8221;3.27.4&#8243;]<\/p>\n<p>Le tecnologie al plasma sono utilizzate anche nel processo di deposizione di strati sottili di materiali con propriet\u00e0 specifiche sulle superfici da modificare.<\/p>\n<p>Per fare ci\u00f2, \u00e8 sufficiente iniettare sostanze chimiche liquide o gassose (precursori) nel plasma per depositare strati sottili.<\/p>\n<p>[\/et_pb_text][et_pb_text _builder_version=&#8221;3.27.4&#8243;]<iframe src=\"https:\/\/www.youtube.com\/embed\/JigKMeeHMac?rel=0\" frameborder=\"0\" allow=\"accelerometer; autoplay; encrypted-media; gyroscope; picture-in-picture\" allowfullscreen><\/iframe>[\/et_pb_text][et_pb_text _builder_version=&#8221;3.27.4&#8243;]<\/p>\n<p><strong>AcXys Technologies<\/strong> ha sviluppato <strong>l&#8217;attrezzatura ULCoat<\/strong> per il reparto film SiO2.<\/p>\n<p>[\/et_pb_text][\/et_pb_column][\/et_pb_row][\/et_pb_section]<\/p>\n","protected":false},"excerpt":{"rendered":"<p>[et_pb_section fb_built=&#8221;1&#8243; module_class=&#8221;lddw-entete-responsive&#8221; _builder_version=&#8221;4.9.2&#8243; background_image=&#8221;https:\/\/www.acxys.com\/wp-content\/uploads\/2021\/03\/P10301403-2-scaled.jpg&#8221; background_position=&#8221;bottom_center&#8221; custom_padding=&#8221;1%||1%|&#8221; hover_enabled=&#8221;0&#8243; z_index_tablet=&#8221;500&#8243; alt=&#8221;close-up look at the 3 nozzles of an ULD module&#8221; title_text=&#8221;P10301403&#8243; sticky_enabled=&#8221;0&#8243;][\/et_pb_section][et_pb_section fb_built=&#8221;1&#8243; _builder_version=&#8221;3.22&#8243; custom_padding=&#8221;0px||&#8221;][et_pb_row _builder_version=&#8221;3.26.7&#8243; animation_style=&#8221;slide&#8221;][et_pb_column type=&#8221;4_4&#8243; _builder_version=&#8221;3.25&#8243; custom_padding=&#8221;|||&#8221; custom_padding__hover=&#8221;|||&#8221;][et_pb_text module_class=&#8221;lddw-landing-conteneur blue&#8221; _builder_version=&#8221;4.7.7&#8243; text_font=&#8221;||||||||&#8221; header_font=&#8221;|600||on|||||&#8221; header_text_color=&#8221;#ffffff&#8221; header_font_size=&#8221;20px&#8221; z_index_tablet=&#8221;500&#8243;] Principio delle tecnologie al plasma di AcXys Technologies [\/et_pb_text][\/et_pb_column][\/et_pb_row][et_pb_row column_structure=&#8221;1_2,1_2&#8243; _builder_version=&#8221;3.25&#8243;][et_pb_column type=&#8221;1_2&#8243; _builder_version=&#8221;3.25&#8243; custom_padding=&#8221;|||&#8221; custom_padding__hover=&#8221;|||&#8221;][et_pb_text _builder_version=&#8221;3.27.4&#8243;] AcXys [&hellip;]<\/p>\n","protected":false},"author":2,"featured_media":0,"parent":3200,"menu_order":0,"comment_status":"closed","ping_status":"closed","template":"","meta":{"_et_pb_use_builder":"on","_et_pb_old_content":"","_et_gb_content_width":"","footnotes":""},"class_list":["post-3209","page","type-page","status-publish","hentry"],"_links":{"self":[{"href":"https:\/\/www.acxys.com\/it\/wp-json\/wp\/v2\/pages\/3209","targetHints":{"allow":["GET"]}}],"collection":[{"href":"https:\/\/www.acxys.com\/it\/wp-json\/wp\/v2\/pages"}],"about":[{"href":"https:\/\/www.acxys.com\/it\/wp-json\/wp\/v2\/types\/page"}],"author":[{"embeddable":true,"href":"https:\/\/www.acxys.com\/it\/wp-json\/wp\/v2\/users\/2"}],"replies":[{"embeddable":true,"href":"https:\/\/www.acxys.com\/it\/wp-json\/wp\/v2\/comments?post=3209"}],"version-history":[{"count":6,"href":"https:\/\/www.acxys.com\/it\/wp-json\/wp\/v2\/pages\/3209\/revisions"}],"predecessor-version":[{"id":3559,"href":"https:\/\/www.acxys.com\/it\/wp-json\/wp\/v2\/pages\/3209\/revisions\/3559"}],"up":[{"embeddable":true,"href":"https:\/\/www.acxys.com\/it\/wp-json\/wp\/v2\/pages\/3200"}],"wp:attachment":[{"href":"https:\/\/www.acxys.com\/it\/wp-json\/wp\/v2\/media?parent=3209"}],"curies":[{"name":"wp","href":"https:\/\/api.w.org\/{rel}","templated":true}]}}