{"id":3220,"date":"2021-03-17T17:22:19","date_gmt":"2021-03-17T16:22:19","guid":{"rendered":"https:\/\/www.acxys.com\/?page_id=3220"},"modified":"2021-03-17T17:44:32","modified_gmt":"2021-03-17T16:44:32","slug":"procedes-plasma","status":"publish","type":"page","link":"https:\/\/www.acxys.com\/it\/technologies-plasma\/procedes-plasma\/","title":{"rendered":"Processi al plasma e loro applicazioni"},"content":{"rendered":"<p>[et_pb_section fb_built=&#8221;1&#8243; module_class=&#8221;lddw-entete-responsive&#8221; _builder_version=&#8221;3.22&#8243; background_image=&#8221;https:\/\/www.acxys.com\/wp-content\/uploads\/2019\/07\/bg-entete-procede.jpg&#8221; background_position=&#8221;bottom_center&#8221; custom_padding=&#8221;1%||1%|&#8221; z_index_tablet=&#8221;500&#8243;][\/et_pb_section][et_pb_section fb_built=&#8221;1&#8243; _builder_version=&#8221;3.22&#8243; custom_padding=&#8221;0px||&#8221;][et_pb_row _builder_version=&#8221;3.26.7&#8243; custom_padding=&#8221;|||84px||&#8221; animation_style=&#8221;slide&#8221;][et_pb_column type=&#8221;4_4&#8243; _builder_version=&#8221;3.25&#8243; custom_padding=&#8221;|||&#8221; custom_padding__hover=&#8221;|||&#8221;][et_pb_text module_class=&#8221;lddw-landing-conteneur blue&#8221; _builder_version=&#8221;4.7.7&#8243; text_font=&#8221;||||||||&#8221; header_font=&#8221;|600||on|||||&#8221; header_text_color=&#8221;#ffffff&#8221; header_font_size=&#8221;20px&#8221; width=&#8221;100%&#8221; custom_margin=&#8221;|84px||-42px||&#8221; custom_padding=&#8221;|0px|33px|||&#8221; hover_enabled=&#8221;0&#8243; z_index_tablet=&#8221;500&#8243; sticky_enabled=&#8221;0&#8243;]<\/p>\n<h1 style=\"text-align: center;\">Le tecnologie al plasma hanno molti usi<\/h1>\n<p>[\/et_pb_text][\/et_pb_column][\/et_pb_row][et_pb_row _builder_version=&#8221;3.26.7&#8243; animation_style=&#8221;slide&#8221; animation_direction=&#8221;left&#8221;][et_pb_column type=&#8221;4_4&#8243; _builder_version=&#8221;3.25&#8243; custom_padding=&#8221;|||&#8221; custom_padding__hover=&#8221;|||&#8221;][et_pb_text _builder_version=&#8221;3.27.4&#8243;]<\/p>\n<p>Con il trattamento al plasma a pressione atmosferica si ottimizza la preparazione delle superfici nel mondo industriale per migliorare le operazioni di incollaggio, verniciatura, pulitura, ecc. La conseguenza \u00e8 una rapida diffusione in tutti i settori industriali.<\/p>\n<p>Scopri qui alcuni esempi e non esitare a contattarci indipendentemente dai materiali o dalle operazioni industriali richieste.<\/p>\n<p>La competenza e l&#8217;esperienza di AcXys Technologies ci consentono di fornirti soluzioni che possono essere facilmente integrate nelle tue linee di produzione per soddisfare le tue esigenze specifiche.<\/p>\n<p>[\/et_pb_text][\/et_pb_column][\/et_pb_row][et_pb_row column_structure=&#8221;1_4,3_4&#8243; _builder_version=&#8221;3.25&#8243; border_color_bottom=&#8221;#2f68a3&#8243;][et_pb_column type=&#8221;1_4&#8243; _builder_version=&#8221;3.25&#8243; custom_padding=&#8221;|||&#8221; custom_padding__hover=&#8221;|||&#8221;][et_pb_text _builder_version=&#8221;4.7.7&#8243; header_font=&#8221;||||||||&#8221; header_2_font=&#8221;||||||||&#8221; header_2_text_color=&#8221;#499ef7&#8243; custom_padding=&#8221;|||15px&#8221; hover_enabled=&#8221;0&#8243; border_color_right=&#8221;#e18e55&#8243; border_width_left=&#8221;8px&#8221; border_color_left=&#8221;#e18e55&#8243; sticky_enabled=&#8221;0&#8243;]<\/p>\n<h2>Principali applicazioni per il trattamento al plasma a pressione atmosferica<br \/>\n<\/h2>\n<p>[\/et_pb_text][\/et_pb_column][et_pb_column type=&#8221;3_4&#8243; _builder_version=&#8221;3.25&#8243; custom_padding=&#8221;|||&#8221; custom_padding__hover=&#8221;|||&#8221;][et_pb_text _builder_version=&#8221;3.27.4&#8243;]<\/p>\n<p>Il trattamento al plasma non solo rimuover\u00e0 i contaminanti organici presenti sulla superficie, ma aggiunger\u00e0 anche nuove funzioni chimiche che aumenteranno <strong>notevolmente la malleabilit\u00e0 delle superfici e favoriranno l&#8217;adesione di colle, inchiostri, pitture e vernici. Consente inoltre di ridurre l&#8217;utilizzo di prodotti chimici spesso dannosi per l&#8217;ambiente, come i solventi, e di abbattere le emissioni di prodotti inquinanti (COV).<\/strong><\/p>\n<p><strong>I materiali<\/strong> che possono essere trattati efficacemente dal plasma atmosferico sono numerosi: <strong>metalli, vetro, carta, cartone, polimeri (polipropilene, policarbonato, polietilene, PVC, &#8230;), materiali compositi (compositi) &#8230;<\/strong><\/p>\n<p>[\/et_pb_text][\/et_pb_column][\/et_pb_row][et_pb_row column_structure=&#8221;2_5,3_5&#8243; _builder_version=&#8221;3.25&#8243;][et_pb_column type=&#8221;2_5&#8243; _builder_version=&#8221;3.25&#8243; custom_padding=&#8221;|||&#8221; custom_padding__hover=&#8221;|||&#8221;][et_pb_text _builder_version=&#8221;3.27.4&#8243;]<\/p>\n<h3 class=\"page-h3\">Pulizia e decontaminazione delle superfici<\/h3>\n<p>[\/et_pb_text][\/et_pb_column][et_pb_column type=&#8221;3_5&#8243; _builder_version=&#8221;3.25&#8243; custom_padding=&#8221;|||&#8221; custom_padding__hover=&#8221;|||&#8221;][et_pb_text _builder_version=&#8221;3.27.4&#8243;]<\/p>\n<p>Il trattamento al plasma atmosferico \u00e8 efficace per l&#8217;ultima fase della pulizia della superficie perch\u00e9 rimuove gli strati sottili di molecole organiche o idrocarburi che sono ancora presenti su un materiale.<\/p>\n<p>Ad esempio, i residui di olio solubile in acqua sulle superfici in alluminio possono essere rimossi in pochi secondi con la pulizia al plasma. Pertanto, le parti lavorate saranno rapidamente disponibili per le fasi successive del processo.<\/p>\n<p>[\/et_pb_text][et_pb_image src=&#8221;https:\/\/www.acxys.com\/wp-content\/uploads\/2019\/05\/reduction-oxyde-cuivre.jpg&#8221; align=&#8221;center&#8221; align_tablet=&#8221;center&#8221; align_phone=&#8221;&#8221; align_last_edited=&#8221;on|desktop&#8221; _builder_version=&#8221;3.23&#8243; max_width=&#8221;80%&#8221; max_width_tablet=&#8221;80%&#8221; max_width_phone=&#8221;100%&#8221; max_width_last_edited=&#8221;on|phone&#8221; module_alignment=&#8221;center&#8221;][\/et_pb_image][et_pb_text module_class=&#8221;lddw-hidden&#8221; _builder_version=&#8221;3.27.4&#8243;]<\/p>\n<p style=\"text-align: center;\"><em>R\u00e9duction d\u2019oxyde de cuivre<\/em><\/p>\n<p>[\/et_pb_text][\/et_pb_column][\/et_pb_row][et_pb_row column_structure=&#8221;2_5,3_5&#8243; _builder_version=&#8221;3.25&#8243;][et_pb_column type=&#8221;2_5&#8243; _builder_version=&#8221;3.25&#8243; custom_padding=&#8221;|||&#8221; custom_padding__hover=&#8221;|||&#8221;][et_pb_text _builder_version=&#8221;4.7.7&#8243; hover_enabled=&#8221;0&#8243; sticky_enabled=&#8221;0&#8243;]<\/p>\n<h3 class=\"page-h3\">Attivazione con plasma prima dell&#8217;applicazione di una colla<br \/>\n<\/h3>\n<p>[\/et_pb_text][\/et_pb_column][et_pb_column type=&#8221;3_5&#8243; _builder_version=&#8221;3.25&#8243; custom_padding=&#8221;|||&#8221; custom_padding__hover=&#8221;|||&#8221;][et_pb_text _builder_version=&#8221;3.27.4&#8243;]<\/p>\n<p>Il trattamento al plasma consente di migliorare notevolmente il processo di applicazione di colle per soddisfare le esigenze industriali, <strong>senza l&#8217;uso di primer.<\/strong><\/p>\n<p>Grazie a questo tipo di trattamento superficiale \u00e8 possibile ottenere una rottura coesiva invece di una rottura adesiva e ottenere forze di rottura molto elevate. Ci\u00f2 si traduce in qualit\u00e0 di adesione insuperabili.<\/p>\n<p>[\/et_pb_text][et_pb_image src=&#8221;https:\/\/www.acxys.com\/wp-content\/uploads\/2019\/05\/rupture-adhesive.jpg&#8221; align=&#8221;center&#8221; align_tablet=&#8221;center&#8221; align_phone=&#8221;&#8221; align_last_edited=&#8221;on|desktop&#8221; _builder_version=&#8221;3.23&#8243; max_width=&#8221;70%&#8221; module_alignment=&#8221;center&#8221;][\/et_pb_image][et_pb_text _builder_version=&#8221;3.27.4&#8243; hover_enabled=&#8221;0&#8243; sticky_enabled=&#8221;0&#8243;]<\/p>\n<p style=\"text-align: center;\"><em><\/em><em>Facile rottura dell&#8217;adesivo (sinistra)<br \/>Rottura coesiva (destra)<\/em><\/p>\n<p>[\/et_pb_text][\/et_pb_column][\/et_pb_row][et_pb_row column_structure=&#8221;2_5,3_5&#8243; _builder_version=&#8221;3.25&#8243;][et_pb_column type=&#8221;2_5&#8243; _builder_version=&#8221;3.25&#8243; custom_padding=&#8221;|||&#8221; custom_padding__hover=&#8221;|||&#8221;][et_pb_text _builder_version=&#8221;4.7.7&#8243; hover_enabled=&#8221;0&#8243; sticky_enabled=&#8221;0&#8243;]<\/p>\n<h3 class=\"page-h3\">Attivazione del plasma prima del sovrastampaggio<br \/>\n<\/h3>\n<p>[\/et_pb_text][\/et_pb_column][et_pb_column type=&#8221;3_5&#8243; _builder_version=&#8221;3.25&#8243; custom_padding=&#8221;|||&#8221; custom_padding__hover=&#8221;|||&#8221;][et_pb_text _builder_version=&#8221;3.27.4&#8243;]<\/p>\n<p>Per raggiungere pienamente i suoi obiettivi tecnici, il sovrastampaggio di un materiale \u00e8 un&#8217;operazione che richiede un&#8217;ottima adesione del materiale sovrastampato al pezzo.<\/p>\n<p>In virt\u00f9 della sua capacit\u00e0 di processare svariati materiali e forme, il trattamento al plasma a pressione atmosferica fornisce una soluzione molto semplice, di facile implementazione e compatibile con i flussi produttivi delle operazioni di sovrastampaggio.<\/p>\n<p>[\/et_pb_text][et_pb_image src=&#8221;https:\/\/www.acxys.com\/wp-content\/uploads\/2019\/05\/activation-plasma-surmoulage.jpg&#8221; align=&#8221;center&#8221; align_tablet=&#8221;center&#8221; align_phone=&#8221;&#8221; align_last_edited=&#8221;on|desktop&#8221; _builder_version=&#8221;3.23&#8243; max_width=&#8221;80%&#8221; module_alignment=&#8221;center&#8221;][\/et_pb_image][et_pb_text _builder_version=&#8221;4.7.7&#8243; hover_enabled=&#8221;0&#8243; sticky_enabled=&#8221;0&#8243;]<\/p>\n<p style=\"text-align: center;\"><em>Attivazione al plasma ULD in alluminio prima della procedura di sovrastampaggio.<br \/>\n<\/em><\/p>\n<p>[\/et_pb_text][\/et_pb_column][\/et_pb_row][et_pb_row column_structure=&#8221;2_5,3_5&#8243; _builder_version=&#8221;3.25&#8243;][et_pb_column type=&#8221;2_5&#8243; _builder_version=&#8221;3.25&#8243; custom_padding=&#8221;|||&#8221; custom_padding__hover=&#8221;|||&#8221;][et_pb_text _builder_version=&#8221;3.27.4&#8243;]<\/p>\n<h3 class=\"page-h3\">Attivazione di una superficie mediante plasma prima delle fasi di marcatura e decorazione<\/h3>\n<p>[\/et_pb_text][\/et_pb_column][et_pb_column type=&#8221;3_5&#8243; _builder_version=&#8221;3.25&#8243; custom_padding=&#8221;|||&#8221; custom_padding__hover=&#8221;|||&#8221;][et_pb_text _builder_version=&#8221;3.27.4&#8243;]<\/p>\n<p>Regolando propriet\u00e0 come malleabilit\u00e0 e favorendo l&#8217;adesione, il trattamento al plasma fornisce, oltre ad un grande miglioramento della qualit\u00e0 di stampa, la possibilit\u00e0 di ridurre il consumo di inchiostri e prodotti decorativi su vetro o su polimeri.<\/p>\n<p>[\/et_pb_text][et_pb_image src=&#8221;https:\/\/www.acxys.com\/wp-content\/uploads\/2019\/05\/activation-plasma-avant-marquage.jpg&#8221; align=&#8221;center&#8221; align_tablet=&#8221;center&#8221; align_phone=&#8221;&#8221; align_last_edited=&#8221;on|desktop&#8221; module_class=&#8221;lddw-hidden&#8221; _builder_version=&#8221;3.23&#8243; max_width=&#8221;80%&#8221; module_alignment=&#8221;center&#8221;][\/et_pb_image][et_pb_text module_class=&#8221;lddw-hidden&#8221; _builder_version=&#8221;3.27.4&#8243;]<\/p>\n<p style=\"text-align: center;\"><em>Vue de microscope d&#8217;une goutte sur le papier avant et apr\u00e8s le traitement plasma<\/em><\/p>\n<p>[\/et_pb_text][\/et_pb_column][\/et_pb_row][et_pb_row column_structure=&#8221;2_5,3_5&#8243; _builder_version=&#8221;3.25&#8243;][et_pb_column type=&#8221;2_5&#8243; _builder_version=&#8221;3.25&#8243; custom_padding=&#8221;|||&#8221; custom_padding__hover=&#8221;|||&#8221;][et_pb_text _builder_version=&#8221;4.7.7&#8243; hover_enabled=&#8221;0&#8243; sticky_enabled=&#8221;0&#8243;]<\/p>\n<h3 class=\"page-h3\">Trattamento al plasma prima delle operazioni di verniciatura o pittura<br \/>\n<\/h3>\n<p>[\/et_pb_text][\/et_pb_column][et_pb_column type=&#8221;3_5&#8243; _builder_version=&#8221;3.25&#8243; custom_padding=&#8221;|||&#8221; custom_padding__hover=&#8221;|||&#8221;][et_pb_text _builder_version=&#8221;3.27.4&#8243;]<\/p>\n<p>Modificando la superficie dei materiali da verniciare o pitturare, il trattamento al plasma non solo aumenta l&#8217;aderenza dei prodotti applicati ma gioca anche un ruolo molto favorevole nella loro finitura finale.<\/p>\n<p>[\/et_pb_text][et_pb_image src=&#8221;https:\/\/www.acxys.com\/wp-content\/uploads\/2019\/05\/activation-plasma-avant-vernis.jpg&#8221; align=&#8221;center&#8221; align_tablet=&#8221;center&#8221; align_phone=&#8221;&#8221; align_last_edited=&#8221;on|desktop&#8221; module_class=&#8221;lddw-hidden&#8221; _builder_version=&#8221;3.23&#8243; max_width=&#8221;50%&#8221; max_width_tablet=&#8221;60%&#8221; max_width_phone=&#8221;&#8221; max_width_last_edited=&#8221;on|desktop&#8221; module_alignment=&#8221;center&#8221;][\/et_pb_image][et_pb_text module_class=&#8221;lddw-hidden&#8221; _builder_version=&#8221;3.27.4&#8243;]<\/p>\n<p style=\"text-align: center;\"><em>Variation de l&#8217;angle de contact d&#8217;une goutte sur poly\u00e9thyl\u00e8ne avant et apr\u00e8s traitement<\/em><\/p>\n<p>[\/et_pb_text][\/et_pb_column][\/et_pb_row][et_pb_row column_structure=&#8221;2_5,3_5&#8243; _builder_version=&#8221;3.25&#8243;][et_pb_column type=&#8221;2_5&#8243; _builder_version=&#8221;3.25&#8243; custom_padding=&#8221;|||&#8221; custom_padding__hover=&#8221;|||&#8221;][et_pb_text _builder_version=&#8221;4.7.7&#8243; hover_enabled=&#8221;0&#8243; sticky_enabled=&#8221;0&#8243;]<\/p>\n<h3 class=\"page-h3\">Rivestimento con film o strati sottili<br \/>\n<\/h3>\n<p>[\/et_pb_text][\/et_pb_column][et_pb_column type=&#8221;3_5&#8243; _builder_version=&#8221;3.25&#8243; custom_padding=&#8221;|||&#8221; custom_padding__hover=&#8221;|||&#8221;][et_pb_text _builder_version=&#8221;3.27.4&#8243;]<\/p>\n<p>L&#8217;iniezione nel plasma di un precursore chimico accuratamente selezionato porta alla formazione di uno strato sottile omogeneo che si deposita sulle superfici trattate.<\/p>\n<p>A pressione atmosferica, questa reazione CVD (chemical vapor deposition) pu\u00f2 avvenire a bassa temperatura, o anche a temperatura ambiente, su qualsiasi tipo di superficie. Grazie al processo al plasma atmosferico \u00e8 possibile depositare materiali su plastica, compositi, metallo o vetro.<\/p>\n<p>Le applicazioni di questa tecnica sono numerose e addirittura inesplorate. Questo tipo di strato fornisce nuove funzionalit\u00e0 ai materiali rivestiti.<br \/>I rivestimenti in silicio (SiOx) sono ora un processo ben noto. Grazie a questa tecnologia \u00e8 possibile:<\/p>\n<ul>\n<li>Creare uno strato adesivo a base di ammine (NH2)<\/li>\n<li>Fornire funzioni ottiche a una superficie.<\/li>\n<li>Applicare uno strato anticorrosione su alcuni tipi di superfici metalliche.<\/li>\n<\/ul>\n<p>[\/et_pb_text][et_pb_image src=&#8221;https:\/\/www.acxys.com\/wp-content\/uploads\/2019\/05\/depot-couche-mince.jpg&#8221; align=&#8221;center&#8221; align_tablet=&#8221;center&#8221; align_phone=&#8221;&#8221; align_last_edited=&#8221;on|desktop&#8221; _builder_version=&#8221;3.23&#8243; max_width=&#8221;60%&#8221; max_width_tablet=&#8221;75%&#8221; max_width_phone=&#8221;&#8221; max_width_last_edited=&#8221;on|phone&#8221; module_alignment=&#8221;center&#8221;][\/et_pb_image][\/et_pb_column][\/et_pb_row][\/et_pb_section]<\/p>\n","protected":false},"excerpt":{"rendered":"<p>[et_pb_section fb_built=&#8221;1&#8243; module_class=&#8221;lddw-entete-responsive&#8221; _builder_version=&#8221;3.22&#8243; background_image=&#8221;https:\/\/www.acxys.com\/wp-content\/uploads\/2019\/07\/bg-entete-procede.jpg&#8221; background_position=&#8221;bottom_center&#8221; custom_padding=&#8221;1%||1%|&#8221; z_index_tablet=&#8221;500&#8243;][\/et_pb_section][et_pb_section fb_built=&#8221;1&#8243; _builder_version=&#8221;3.22&#8243; custom_padding=&#8221;0px||&#8221;][et_pb_row _builder_version=&#8221;3.26.7&#8243; custom_padding=&#8221;|||84px||&#8221; animation_style=&#8221;slide&#8221;][et_pb_column type=&#8221;4_4&#8243; _builder_version=&#8221;3.25&#8243; custom_padding=&#8221;|||&#8221; custom_padding__hover=&#8221;|||&#8221;][et_pb_text module_class=&#8221;lddw-landing-conteneur blue&#8221; _builder_version=&#8221;4.7.7&#8243; text_font=&#8221;||||||||&#8221; header_font=&#8221;|600||on|||||&#8221; header_text_color=&#8221;#ffffff&#8221; header_font_size=&#8221;20px&#8221; width=&#8221;100%&#8221; custom_margin=&#8221;|84px||-42px||&#8221; custom_padding=&#8221;|0px|33px|||&#8221; hover_enabled=&#8221;0&#8243; z_index_tablet=&#8221;500&#8243; sticky_enabled=&#8221;0&#8243;] Le tecnologie al plasma hanno molti usi [\/et_pb_text][\/et_pb_column][\/et_pb_row][et_pb_row _builder_version=&#8221;3.26.7&#8243; animation_style=&#8221;slide&#8221; animation_direction=&#8221;left&#8221;][et_pb_column type=&#8221;4_4&#8243; _builder_version=&#8221;3.25&#8243; custom_padding=&#8221;|||&#8221; custom_padding__hover=&#8221;|||&#8221;][et_pb_text _builder_version=&#8221;3.27.4&#8243;] Con il trattamento al plasma a pressione atmosferica [&hellip;]<\/p>\n","protected":false},"author":2,"featured_media":0,"parent":3200,"menu_order":0,"comment_status":"closed","ping_status":"closed","template":"","meta":{"_et_pb_use_builder":"on","_et_pb_old_content":"","_et_gb_content_width":"","footnotes":""},"class_list":["post-3220","page","type-page","status-publish","hentry"],"_links":{"self":[{"href":"https:\/\/www.acxys.com\/it\/wp-json\/wp\/v2\/pages\/3220","targetHints":{"allow":["GET"]}}],"collection":[{"href":"https:\/\/www.acxys.com\/it\/wp-json\/wp\/v2\/pages"}],"about":[{"href":"https:\/\/www.acxys.com\/it\/wp-json\/wp\/v2\/types\/page"}],"author":[{"embeddable":true,"href":"https:\/\/www.acxys.com\/it\/wp-json\/wp\/v2\/users\/2"}],"replies":[{"embeddable":true,"href":"https:\/\/www.acxys.com\/it\/wp-json\/wp\/v2\/comments?post=3220"}],"version-history":[{"count":11,"href":"https:\/\/www.acxys.com\/it\/wp-json\/wp\/v2\/pages\/3220\/revisions"}],"predecessor-version":[{"id":3238,"href":"https:\/\/www.acxys.com\/it\/wp-json\/wp\/v2\/pages\/3220\/revisions\/3238"}],"up":[{"embeddable":true,"href":"https:\/\/www.acxys.com\/it\/wp-json\/wp\/v2\/pages\/3200"}],"wp:attachment":[{"href":"https:\/\/www.acxys.com\/it\/wp-json\/wp\/v2\/media?parent=3220"}],"curies":[{"name":"wp","href":"https:\/\/api.w.org\/{rel}","templated":true}]}}