{"id":3274,"date":"2021-03-18T15:10:29","date_gmt":"2021-03-18T14:10:29","guid":{"rendered":"https:\/\/www.acxys.com\/?page_id=3274"},"modified":"2021-03-23T16:26:23","modified_gmt":"2021-03-23T15:26:23","slug":"application-industrielle-du-plasma","status":"publish","type":"page","link":"https:\/\/www.acxys.com\/it\/technologies-plasma\/application-industrielle-du-plasma\/","title":{"rendered":"Applicazione industriale del plasma"},"content":{"rendered":"<p>[et_pb_section fb_built=&#8221;1&#8243; module_class=&#8221;lddw-entete-responsive&#8221; _builder_version=&#8221;4.7.7&#8243; background_image=&#8221;https:\/\/www.acxys.com\/wp-content\/uploads\/2021\/03\/P1020453-scaled.jpg&#8221; custom_padding=&#8221;1%||1%|&#8221; z_index_tablet=&#8221;500&#8243;][\/et_pb_section][et_pb_section fb_built=&#8221;1&#8243; _builder_version=&#8221;3.22&#8243; custom_padding=&#8221;0px||0px|||&#8221;][et_pb_row _builder_version=&#8221;3.26.7&#8243; animation_style=&#8221;slide&#8221;][et_pb_column type=&#8221;4_4&#8243; _builder_version=&#8221;3.25&#8243; custom_padding=&#8221;|||&#8221; custom_padding__hover=&#8221;|||&#8221;][et_pb_text module_class=&#8221;lddw-landing-conteneur blue&#8221; _builder_version=&#8221;4.7.7&#8243; text_font=&#8221;||||||||&#8221; header_font=&#8221;|600||on|||||&#8221; header_text_color=&#8221;#ffffff&#8221; header_font_size=&#8221;20px&#8221; z_index_tablet=&#8221;500&#8243;]<\/p>\n<h1 style=\"text-align: center;\">L&#8217;attivazione delle superfici con la tecnologia al plasma permette la realizzazione di molte operazioni industriali<\/h1>\n<p>[\/et_pb_text][\/et_pb_column][\/et_pb_row][\/et_pb_section][et_pb_section fb_built=&#8221;1&#8243; _builder_version=&#8221;3.22&#8243;][et_pb_row _builder_version=&#8221;3.25&#8243; min_height=&#8221;104px&#8221; border_color_bottom=&#8221;#2f68a3&#8243;][et_pb_column type=&#8221;4_4&#8243; _builder_version=&#8221;3.25&#8243; custom_padding=&#8221;|||&#8221; custom_padding__hover=&#8221;|||&#8221;][et_pb_text _builder_version=&#8221;4.7.7&#8243; header_font=&#8221;||||||||&#8221; header_2_font=&#8221;||||||||&#8221; header_2_text_color=&#8221;#499ef7&#8243; custom_padding=&#8221;|||15px&#8221; border_color_right=&#8221;#e18e55&#8243; border_width_left=&#8221;8px&#8221; border_color_left=&#8221;#e18e55&#8243;]<\/p>\n<h2>Settori industriali che hanno gi\u00e0 optato per il plasma atmosferico<br \/>\n<\/h2>\n<p>[\/et_pb_text][\/et_pb_column][\/et_pb_row][et_pb_row column_structure=&#8221;3_5,2_5&#8243; _builder_version=&#8221;3.25&#8243;][et_pb_column type=&#8221;3_5&#8243; _builder_version=&#8221;3.25&#8243; custom_padding=&#8221;|||&#8221; custom_padding__hover=&#8221;|||&#8221;][et_pb_text _builder_version=&#8221;3.27.4&#8243;]<\/p>\n<p>Il plasma a pressione atmosferica \u00e8 diventato vitale per l&#8217;industria automobilistica odierna.<br \/>Le componenti automobilistiche sono realizzate con polimeri, vetro, metalli o persino compositi o compositi che, a un certo punto del processo di produzione, devono avere eccellenti capacit\u00e0 di adesione o malleabilit\u00e0 per essere assemblati.<\/p>\n<p>L&#8217;uso del plasma nei ricambi auto sta diventando sempre pi\u00f9 diffuso. Di seguito elenchiamo solo alcuni esempi:<\/p>\n<ul>\n<li>Trattamento del telaio<\/li>\n<li>Trattamento dei pannelli esterni prima dell&#8217;incollaggio<\/li>\n<li>Pittura su pezzi in composito o plastica<\/li>\n<li>Trattamento di profili in EPDM<\/li>\n<li>Attivazione della pista di incollaggio prima di andare in pressa<\/li>\n<\/ul>\n<p>[\/et_pb_text][\/et_pb_column][et_pb_column type=&#8221;2_5&#8243; _builder_version=&#8221;3.25&#8243; custom_padding=&#8221;|||&#8221; custom_padding__hover=&#8221;|||&#8221;][et_pb_text _builder_version=&#8221;4.7.7&#8243;]<\/p>\n<h3 class=\"page-h3\">Industria automobilistica<br \/>\n<\/h3>\n<p>[\/et_pb_text][et_pb_image src=&#8221;https:\/\/www.acxys.com\/wp-content\/uploads\/2019\/07\/voiture.jpg&#8221; align=&#8221;center&#8221; align_tablet=&#8221;center&#8221; align_phone=&#8221;&#8221; align_last_edited=&#8221;on|desktop&#8221; _builder_version=&#8221;3.23&#8243; max_width=&#8221;50%&#8221; max_width_tablet=&#8221;60%&#8221; max_width_phone=&#8221;60%&#8221; max_width_last_edited=&#8221;on|desktop&#8221; module_alignment=&#8221;center&#8221; max_width__hover_enabled=&#8221;on&#8221;][\/et_pb_image][\/et_pb_column][\/et_pb_row][et_pb_row column_structure=&#8221;2_5,3_5&#8243; _builder_version=&#8221;3.25&#8243;][et_pb_column type=&#8221;2_5&#8243; _builder_version=&#8221;3.25&#8243; custom_padding=&#8221;|||&#8221; custom_padding__hover=&#8221;|||&#8221;][et_pb_text _builder_version=&#8221;3.27.4&#8243;]<\/p>\n<h3 class=\"page-h3\">Industria aeronautica, spaziale e della difesa<\/h3>\n<p>[\/et_pb_text][et_pb_image src=&#8221;https:\/\/www.acxys.com\/wp-content\/uploads\/2019\/07\/avion.jpg&#8221; align=&#8221;center&#8221; align_tablet=&#8221;center&#8221; align_phone=&#8221;&#8221; align_last_edited=&#8221;on|desktop&#8221; _builder_version=&#8221;3.23&#8243; max_width=&#8221;50%&#8221; max_width_tablet=&#8221;60%&#8221; max_width_phone=&#8221;60%&#8221; max_width_last_edited=&#8221;on|desktop&#8221; module_alignment=&#8221;center&#8221; max_width__hover_enabled=&#8221;on&#8221;][\/et_pb_image][\/et_pb_column][et_pb_column type=&#8221;3_5&#8243; _builder_version=&#8221;3.25&#8243; custom_padding=&#8221;|||&#8221; custom_padding__hover=&#8221;|||&#8221;][et_pb_text _builder_version=&#8221;3.27.4&#8243;]<\/p>\n<p>L&#8217;industria aeronautica, spaziale e militare utilizza un gran numero di materiali ad alte prestazioni come polimeri tecnici, ceramiche, metalli o compositi con elevate propriet\u00e0 &#8230;<\/p>\n<p>Tutti questi materiali richiedono trattamenti superficiali avanzati adattati a ciascuno di essi. Il plasma a pressione atmosferica offre un&#8217;alternativa affidabile ed efficiente ai processi convenzionali, riducendo notevolmente l&#8217;impatto ambientale.<\/p>\n<p>[\/et_pb_text][\/et_pb_column][\/et_pb_row][et_pb_row column_structure=&#8221;3_5,2_5&#8243; _builder_version=&#8221;3.25&#8243;][et_pb_column type=&#8221;3_5&#8243; _builder_version=&#8221;3.25&#8243; custom_padding=&#8221;|||&#8221; custom_padding__hover=&#8221;|||&#8221;][et_pb_text _builder_version=&#8221;3.27.4&#8243;]<\/p>\n<p>La produzione di vari tipi di articoli da imballaggio richiede tecnologie che possano essere adattate alla produzione su larga scala. Incollaggio, stampa, verniciatura o laminazione sono passaggi cruciali e impegnativi: richiedono un&#8217;eccellente preparazione della superficie per garantire una resa affidabile del prodotto &#8211; questo vale soprattutto per carta, cartone, vetro o plastica.<br \/>Le tecnologie del plasma atmosferico forniscono soluzioni altamente efficaci in termini di produttivit\u00e0, efficienza e rispetto dell&#8217;ambiente.<\/p>\n<p>Alcuni esempi :<\/p>\n<ul>\n<li>Trattamento del cartone prima della piegatura e della laminazione<\/li>\n<li>Marcatura del sughero o dei tappi<\/li>\n<li>Decorazione di contenitori in polimero o alluminio<\/li>\n<\/ul>\n<p>[\/et_pb_text][\/et_pb_column][et_pb_column type=&#8221;2_5&#8243; _builder_version=&#8221;3.25&#8243; custom_padding=&#8221;|||&#8221; custom_padding__hover=&#8221;|||&#8221;][et_pb_text _builder_version=&#8221;3.27.4&#8243;]<\/p>\n<h3 class=\"page-h3\">Industria di imballaggio<\/h3>\n<p>[\/et_pb_text][et_pb_image src=&#8221;https:\/\/www.acxys.com\/wp-content\/uploads\/2019\/07\/packaging.jpg&#8221; align=&#8221;center&#8221; align_tablet=&#8221;center&#8221; align_phone=&#8221;&#8221; align_last_edited=&#8221;on|desktop&#8221; _builder_version=&#8221;3.23&#8243; max_width=&#8221;50%&#8221; max_width_tablet=&#8221;60%&#8221; max_width_phone=&#8221;60%&#8221; max_width_last_edited=&#8221;on|desktop&#8221; module_alignment=&#8221;center&#8221; max_width__hover_enabled=&#8221;on&#8221;][\/et_pb_image][\/et_pb_column][\/et_pb_row][et_pb_row column_structure=&#8221;2_5,3_5&#8243; _builder_version=&#8221;3.25&#8243;][et_pb_column type=&#8221;2_5&#8243; _builder_version=&#8221;3.25&#8243; custom_padding=&#8221;|||&#8221; custom_padding__hover=&#8221;|||&#8221;][et_pb_text _builder_version=&#8221;4.7.7&#8243;]<\/p>\n<h3 class=\"page-h3\">Industrie elettriche ed elettroniche<br \/>\n<\/h3>\n<p>[\/et_pb_text][et_pb_image src=&#8221;https:\/\/www.acxys.com\/wp-content\/uploads\/2019\/07\/cables.jpg&#8221; align=&#8221;center&#8221; align_tablet=&#8221;center&#8221; align_phone=&#8221;&#8221; align_last_edited=&#8221;on|desktop&#8221; _builder_version=&#8221;3.23&#8243; max_width=&#8221;50%&#8221; max_width_tablet=&#8221;60%&#8221; max_width_phone=&#8221;60%&#8221; max_width_last_edited=&#8221;on|desktop&#8221; module_alignment=&#8221;center&#8221; max_width__hover_enabled=&#8221;on&#8221;][\/et_pb_image][\/et_pb_column][et_pb_column type=&#8221;3_5&#8243; _builder_version=&#8221;3.25&#8243; custom_padding=&#8221;|||&#8221; custom_padding__hover=&#8221;|||&#8221;][et_pb_text _builder_version=&#8221;3.27.4&#8243;]<\/p>\n<p>La protezione delle superfici e la garanzia di connessioni di alta qualit\u00e0 \u00e8 un aspetto importante per i processi di produzione elettrica o elettronica.<\/p>\n<p class=\"mb-0\">Le applicazioni delle micro-tecnologie includono:<\/p>\n<ul>\n<li>Pulizia del circuito prima del rivestimento<\/li>\n<li>Trattamento prima dell&#8217;incapsulamento<\/li>\n<li>Applicazioni per la produzione di cavi<\/li>\n<\/ul>\n<p>[\/et_pb_text][\/et_pb_column][\/et_pb_row][et_pb_row column_structure=&#8221;3_5,2_5&#8243; _builder_version=&#8221;3.25&#8243;][et_pb_column type=&#8221;3_5&#8243; _builder_version=&#8221;3.25&#8243; custom_padding=&#8221;|||&#8221; custom_padding__hover=&#8221;|||&#8221;][et_pb_text _builder_version=&#8221;3.27.4&#8243;]<\/p>\n<p>Il trattamento superficiale con plasma atmosferico si adatta perfettamente ai forti limiti di questi settori, data la complessit\u00e0 dei pezzi, la loro miniaturizzazione, la variet\u00e0 dei materiali utilizzati e la ricerca della migliore qualit\u00e0 realizzativa possibile.<\/p>\n<p class=\"mb-0\">Esempi:<\/p>\n<ul>\n<li>Trattamento di parti interne o quadranti di orologio<\/li>\n<li>Trattamento lastra di vetro<\/li>\n<li>Incollaggio di parti miniaturizzate<\/li>\n<li>Pulizia di precisione<\/li>\n<\/ul>\n<p>[\/et_pb_text][\/et_pb_column][et_pb_column type=&#8221;2_5&#8243; _builder_version=&#8221;3.25&#8243; custom_padding=&#8221;|||&#8221; custom_padding__hover=&#8221;|||&#8221;][et_pb_text _builder_version=&#8221;3.27.4&#8243;]<\/p>\n<h3 class=\"page-h3\">Industria high-tech, gioielli e orologi<\/h3>\n<p>[\/et_pb_text][et_pb_image src=&#8221;https:\/\/www.acxys.com\/wp-content\/uploads\/2019\/07\/montre.jpg&#8221; align=&#8221;center&#8221; align_tablet=&#8221;center&#8221; align_phone=&#8221;&#8221; align_last_edited=&#8221;on|desktop&#8221; _builder_version=&#8221;3.23&#8243; max_width=&#8221;50%&#8221; max_width_tablet=&#8221;60%&#8221; max_width_phone=&#8221;60%&#8221; max_width_last_edited=&#8221;on|desktop&#8221; module_alignment=&#8221;center&#8221; max_width__hover_enabled=&#8221;on&#8221;][\/et_pb_image][\/et_pb_column][\/et_pb_row][et_pb_row column_structure=&#8221;2_5,3_5&#8243; _builder_version=&#8221;3.25&#8243;][et_pb_column type=&#8221;2_5&#8243; _builder_version=&#8221;3.25&#8243; custom_padding=&#8221;|||&#8221; custom_padding__hover=&#8221;|||&#8221;][et_pb_text _builder_version=&#8221;4.9.2&#8243; hover_enabled=&#8221;0&#8243; sticky_enabled=&#8221;0&#8243;]<\/p>\n<h3 class=\"page-h3\">Industria farmaceutica e medica<br \/>\n<\/h3>\n<p>[\/et_pb_text][et_pb_image src=&#8221;https:\/\/www.acxys.com\/wp-content\/uploads\/2019\/07\/seringue.jpg&#8221; align=&#8221;center&#8221; align_tablet=&#8221;center&#8221; align_phone=&#8221;&#8221; align_last_edited=&#8221;on|desktop&#8221; _builder_version=&#8221;3.23&#8243; max_width=&#8221;50%&#8221; max_width_tablet=&#8221;60%&#8221; max_width_phone=&#8221;60%&#8221; max_width_last_edited=&#8221;on|desktop&#8221; module_alignment=&#8221;center&#8221; max_width__hover_enabled=&#8221;on&#8221;][\/et_pb_image][\/et_pb_column][et_pb_column type=&#8221;3_5&#8243; _builder_version=&#8221;3.25&#8243; custom_padding=&#8221;|||&#8221; custom_padding__hover=&#8221;|||&#8221;][et_pb_text _builder_version=&#8221;3.27.4&#8243;]<\/p>\n<p>La produzione di dispositivi medici e farmaceutici richiede soluzioni tecniche di pulizia, montaggio o marcatura efficienti e compatibili con i requisiti di tracciabilit\u00e0 dei processi di produzione di queste industrie.<br \/>Le tecnologie di trattamento superficiale al plasma atmosferico, compatibili con la maggior parte dei materiali e delle forme presenti in questi settori industriali, rispondono perfettamente a questi requisiti.<\/p>\n<p>Esempi applicativi:<\/p>\n<ul>\n<li>Trattamento con siringa<\/li>\n<li>Trattamento delle lenti oftalmiche<\/li>\n<li>Trattamento implantare<\/li>\n<li>Sistemi microfluidici<\/li>\n<li>Cateteri<\/li>\n<li>&#8230;<\/li>\n<\/ul>\n<p>[\/et_pb_text][\/et_pb_column][\/et_pb_row][et_pb_row column_structure=&#8221;3_5,2_5&#8243; _builder_version=&#8221;3.25&#8243;][et_pb_column type=&#8221;3_5&#8243; _builder_version=&#8221;3.25&#8243; custom_padding=&#8221;|||&#8221; custom_padding__hover=&#8221;|||&#8221;][et_pb_text _builder_version=&#8221;3.27.4&#8243;]<\/p>\n<p>I fogli tessili e polimerici o compositi presentano nuove propriet\u00e0 meccaniche come una migliore resistenza meccanica, una maggiore flessibilit\u00e0 o altri tipi di caratteristiche superficiali come la capacit\u00e0 di respingere l&#8217;acqua o l&#8217;olio. Queste caratteristiche sono eccellenti per soddisfare le esigenze di settori specifici, come imballaggi, abbigliamento medico o tecnico.<\/p>\n<p>Per la preparazione di questi nuovi tessuti, il trattamento superficiale al plasma atmosferico &#8211; effettuato con un processo a secco &#8211; consente di sostituire i trattamenti a solvente nelle fasi precedenti alla tintura, alla stampa o all&#8217;incollaggio.<\/p>\n<p>[\/et_pb_text][\/et_pb_column][et_pb_column type=&#8221;2_5&#8243; _builder_version=&#8221;3.25&#8243; custom_padding=&#8221;|||&#8221; custom_padding__hover=&#8221;|||&#8221;][et_pb_text _builder_version=&#8221;4.9.2&#8243; hover_enabled=&#8221;0&#8243; sticky_enabled=&#8221;0&#8243;]<\/p>\n<h3 class=\"page-h3\">Industria tessile[\/et_pb_text][et_pb_image src=&#8221;https:\/\/www.acxys.com\/wp-content\/uploads\/2019\/07\/tissus.jpg&#8221; align=&#8221;center&#8221; align_tablet=&#8221;center&#8221; align_phone=&#8221;&#8221; align_last_edited=&#8221;on|desktop&#8221; _builder_version=&#8221;3.23&#8243; max_width=&#8221;50%&#8221; max_width_tablet=&#8221;60%&#8221; max_width_phone=&#8221;60%&#8221; max_width_last_edited=&#8221;on|desktop&#8221; module_alignment=&#8221;center&#8221; max_width__hover_enabled=&#8221;on&#8221;][\/et_pb_image][\/et_pb_column][\/et_pb_row][et_pb_row column_structure=&#8221;2_5,3_5&#8243; _builder_version=&#8221;3.25&#8243;][et_pb_column type=&#8221;2_5&#8243; _builder_version=&#8221;3.25&#8243; custom_padding=&#8221;|||&#8221; custom_padding__hover=&#8221;|||&#8221;][et_pb_text _builder_version=&#8221;4.9.2&#8243; hover_enabled=&#8221;0&#8243; sticky_enabled=&#8221;0&#8243;]<\/p>\n<h3 class=\"page-h3\">Laboratori di ricerca<br \/>\n<\/h3>\n<p>[\/et_pb_text][et_pb_image src=&#8221;https:\/\/www.acxys.com\/wp-content\/uploads\/2019\/07\/fioles.jpg&#8221; align=&#8221;center&#8221; align_tablet=&#8221;center&#8221; align_phone=&#8221;&#8221; align_last_edited=&#8221;on|desktop&#8221; _builder_version=&#8221;3.23&#8243; max_width=&#8221;50%&#8221; max_width_tablet=&#8221;60%&#8221; max_width_phone=&#8221;60%&#8221; max_width_last_edited=&#8221;on|desktop&#8221; module_alignment=&#8221;center&#8221; max_width__hover_enabled=&#8221;on&#8221;][\/et_pb_image][\/et_pb_column][et_pb_column type=&#8221;3_5&#8243; _builder_version=&#8221;3.25&#8243; custom_padding=&#8221;|||&#8221; custom_padding__hover=&#8221;|||&#8221;][et_pb_text _builder_version=&#8221;3.27.4&#8243;]<\/p>\n<p>La diffusione della tecnologia del trattamento superficiale al plasma atmosferico \u00e8 supportata dal suo utilizzo in un gran numero di laboratori e istituti di ricerca fondamentale o applicata.<\/p>\n<p>Dato l&#8217;interesse ambientale della tecnologia, i progetti di ricerca applicata tra accademici e industria si concentrano sia sulla rivalutazione dei trattamenti superficiali esistenti, sia sullo sviluppo di nuovi materiali e sull&#8217;analisi delle loro propriet\u00e0.<\/p>\n<p>[\/et_pb_text][\/et_pb_column][\/et_pb_row][\/et_pb_section]<\/p>\n","protected":false},"excerpt":{"rendered":"<p>[et_pb_section fb_built=&#8221;1&#8243; module_class=&#8221;lddw-entete-responsive&#8221; _builder_version=&#8221;4.7.7&#8243; background_image=&#8221;https:\/\/www.acxys.com\/wp-content\/uploads\/2021\/03\/P1020453-scaled.jpg&#8221; custom_padding=&#8221;1%||1%|&#8221; z_index_tablet=&#8221;500&#8243;][\/et_pb_section][et_pb_section fb_built=&#8221;1&#8243; _builder_version=&#8221;3.22&#8243; custom_padding=&#8221;0px||0px|||&#8221;][et_pb_row _builder_version=&#8221;3.26.7&#8243; animation_style=&#8221;slide&#8221;][et_pb_column type=&#8221;4_4&#8243; _builder_version=&#8221;3.25&#8243; custom_padding=&#8221;|||&#8221; custom_padding__hover=&#8221;|||&#8221;][et_pb_text module_class=&#8221;lddw-landing-conteneur blue&#8221; _builder_version=&#8221;4.7.7&#8243; text_font=&#8221;||||||||&#8221; header_font=&#8221;|600||on|||||&#8221; header_text_color=&#8221;#ffffff&#8221; header_font_size=&#8221;20px&#8221; z_index_tablet=&#8221;500&#8243;] L&#8217;attivazione delle superfici con la tecnologia al plasma permette la realizzazione di molte operazioni industriali [\/et_pb_text][\/et_pb_column][\/et_pb_row][\/et_pb_section][et_pb_section fb_built=&#8221;1&#8243; _builder_version=&#8221;3.22&#8243;][et_pb_row _builder_version=&#8221;3.25&#8243; min_height=&#8221;104px&#8221; border_color_bottom=&#8221;#2f68a3&#8243;][et_pb_column type=&#8221;4_4&#8243; _builder_version=&#8221;3.25&#8243; custom_padding=&#8221;|||&#8221; custom_padding__hover=&#8221;|||&#8221;][et_pb_text _builder_version=&#8221;4.7.7&#8243; header_font=&#8221;||||||||&#8221; header_2_font=&#8221;||||||||&#8221; header_2_text_color=&#8221;#499ef7&#8243; custom_padding=&#8221;|||15px&#8221; border_color_right=&#8221;#e18e55&#8243; [&hellip;]<\/p>\n","protected":false},"author":2,"featured_media":0,"parent":3200,"menu_order":0,"comment_status":"closed","ping_status":"closed","template":"","meta":{"_et_pb_use_builder":"on","_et_pb_old_content":"","_et_gb_content_width":"","footnotes":""},"class_list":["post-3274","page","type-page","status-publish","hentry"],"_links":{"self":[{"href":"https:\/\/www.acxys.com\/it\/wp-json\/wp\/v2\/pages\/3274","targetHints":{"allow":["GET"]}}],"collection":[{"href":"https:\/\/www.acxys.com\/it\/wp-json\/wp\/v2\/pages"}],"about":[{"href":"https:\/\/www.acxys.com\/it\/wp-json\/wp\/v2\/types\/page"}],"author":[{"embeddable":true,"href":"https:\/\/www.acxys.com\/it\/wp-json\/wp\/v2\/users\/2"}],"replies":[{"embeddable":true,"href":"https:\/\/www.acxys.com\/it\/wp-json\/wp\/v2\/comments?post=3274"}],"version-history":[{"count":14,"href":"https:\/\/www.acxys.com\/it\/wp-json\/wp\/v2\/pages\/3274\/revisions"}],"predecessor-version":[{"id":3389,"href":"https:\/\/www.acxys.com\/it\/wp-json\/wp\/v2\/pages\/3274\/revisions\/3389"}],"up":[{"embeddable":true,"href":"https:\/\/www.acxys.com\/it\/wp-json\/wp\/v2\/pages\/3200"}],"wp:attachment":[{"href":"https:\/\/www.acxys.com\/it\/wp-json\/wp\/v2\/media?parent=3274"}],"curies":[{"name":"wp","href":"https:\/\/api.w.org\/{rel}","templated":true}]}}