{"id":3390,"date":"2021-03-23T16:27:20","date_gmt":"2021-03-23T15:27:20","guid":{"rendered":"https:\/\/www.acxys.com\/?page_id=3390"},"modified":"2021-03-23T16:44:15","modified_gmt":"2021-03-23T15:44:15","slug":"plasma-versus-autres-technologies","status":"publish","type":"page","link":"https:\/\/www.acxys.com\/it\/technologies-plasma\/plasma-versus-autres-technologies\/","title":{"rendered":"Plasma vs. altre tecnologie"},"content":{"rendered":"<p>[et_pb_section fb_built=&#8221;1&#8243; module_class=&#8221;lddw-entete-responsive&#8221; _builder_version=&#8221;4.7.7&#8243; background_image=&#8221;https:\/\/www.acxys.com\/wp-content\/uploads\/2021\/02\/P10206363-scaled.jpg&#8221; background_position=&#8221;top_center&#8221; custom_padding=&#8221;1%||1%|&#8221; z_index_tablet=&#8221;500&#8243;][\/et_pb_section][et_pb_section fb_built=&#8221;1&#8243; _builder_version=&#8221;3.22&#8243; custom_padding=&#8221;0px||&#8221;][et_pb_row _builder_version=&#8221;3.26.7&#8243; animation_style=&#8221;slide&#8221;][et_pb_column type=&#8221;4_4&#8243; _builder_version=&#8221;3.25&#8243; custom_padding=&#8221;|||&#8221; custom_padding__hover=&#8221;|||&#8221;][et_pb_text module_class=&#8221;lddw-landing-conteneur blue&#8221; _builder_version=&#8221;4.9.2&#8243; text_font=&#8221;||||||||&#8221; header_font=&#8221;|600||on|||||&#8221; header_text_color=&#8221;#ffffff&#8221; header_font_size=&#8221;20px&#8221; hover_enabled=&#8221;0&#8243; z_index_tablet=&#8221;500&#8243; sticky_enabled=&#8221;0&#8243;]<\/p>\n<h1>\nLa tecnologia al plasma offre maggiori vantaggi rispetto a tecniche tradizionali per una preparazione efficiente della superficie. <\/h1>\n<p>[\/et_pb_text][\/et_pb_column][\/et_pb_row][et_pb_row column_structure=&#8221;1_4,3_4&#8243; _builder_version=&#8221;3.26.7&#8243; animation_style=&#8221;slide&#8221; animation_direction=&#8221;left&#8221; border_color_bottom=&#8221;#2f68a3&#8243;][et_pb_column type=&#8221;1_4&#8243; _builder_version=&#8221;3.25&#8243; custom_padding=&#8221;|||&#8221; custom_padding__hover=&#8221;|||&#8221;][et_pb_text _builder_version=&#8221;3.27.4&#8243; header_font=&#8221;||||||||&#8221; header_2_font=&#8221;||||||||&#8221; header_2_text_color=&#8221;#499ef7&#8243; custom_padding=&#8221;|||15px&#8221; border_color_right=&#8221;#e18e55&#8243; border_width_left=&#8221;8px&#8221; border_color_left=&#8221;#e18e55&#8243;]<\/p>\n<h2>Plasma versus Corona<\/h2>\n<p>[\/et_pb_text][\/et_pb_column][et_pb_column type=&#8221;3_4&#8243; _builder_version=&#8221;3.25&#8243; custom_padding=&#8221;|||&#8221; custom_padding__hover=&#8221;|||&#8221;][et_pb_text _builder_version=&#8221;3.27.4&#8243;]<\/p>\n<p><strong>Qual&#8217;\u00e8 la differenza tra plasma e corona?<\/strong> Quali sono i rispettivi vantaggi e svantaggi?<br \/>Una risposta chiara richiede di distinguere tra la descrizione di un fenomeno fisico e una tecnologia.<\/p>\n<p>[\/et_pb_text][\/et_pb_column][\/et_pb_row][et_pb_row column_structure=&#8221;2_5,3_5&#8243; _builder_version=&#8221;3.25&#8243;][et_pb_column type=&#8221;2_5&#8243; _builder_version=&#8221;3.25&#8243; custom_padding=&#8221;|||&#8221; custom_padding__hover=&#8221;|||&#8221;][et_pb_text _builder_version=&#8221;3.27.4&#8243;]<\/p>\n<h3 class=\"page-h3\">Plasma e corona come concetti fisici<\/h3>\n<p>[\/et_pb_text][et_pb_image src=&#8221;https:\/\/www.acxys.com\/wp-content\/uploads\/2019\/05\/foudre.jpg&#8221; align=&#8221;center&#8221; align_tablet=&#8221;center&#8221; align_phone=&#8221;&#8221; align_last_edited=&#8221;on|desktop&#8221; _builder_version=&#8221;3.23&#8243; max_width=&#8221;80%&#8221; max_width_tablet=&#8221;80%&#8221; max_width_phone=&#8221;100%&#8221; max_width_last_edited=&#8221;on|phone&#8221; module_alignment=&#8221;center&#8221;][\/et_pb_image][\/et_pb_column][et_pb_column type=&#8221;3_5&#8243; _builder_version=&#8221;3.25&#8243; custom_padding=&#8221;|||&#8221; custom_padding__hover=&#8221;|||&#8221;][et_pb_text _builder_version=&#8221;3.27.4&#8243;]<\/p>\n<p><strong>Nella sua definizione fisica, il plasma \u00e8 un gas che, dopo aver ricevuto energia, diventa un mezzo ionizzato.<\/strong><br \/>Ci\u00f2 significa che alcuni degli atomi o delle molecole hanno una carica elettrica diversa da zero, dopo la perdita di uno o pi\u00f9 elettroni (che poi diventano elettroni liberi) o dopo l&#8217;assorbimento di un elettrone. Pertanto, il plasma contiene molte specie: elettroni liberi, ioni positivi o negativi, radicali o sostanze metastabili. <strong>Sono le propriet\u00e0 di queste specie, cos\u00ec come la radiazione elettromagnetica associata, che vengono poi sfruttate durante l&#8217;uso tecnologico del plasma.<\/strong><\/p>\n<p>In Fisica, <strong>l&#8217;effetto Corona<\/strong> \u00e8 un fenomeno che si ottiene in un plasma; quest&#8217;ultimo \u00e8 realizzato con una scarica generata tra 2 elettrodi asimmetrici, di cui uno a punta. Il campo elettrico \u00e8 in realt\u00e0 pi\u00f9 alto sul lato del picco, dove il plasma verr\u00e0 generato con piccoli archi scoppiettanti: questo \u00e8 l&#8217;effetto Corona.<br \/>Questa propriet\u00e0 \u00e8 illustrata da un fenomeno noto ai marinai come &#8220;il fuoco di San Telmo&#8221;. In caso di tempesta, una nave isolata pu\u00f2 vedere le estremit\u00e0 dei suoi alberi punteggiate da micro-archi. L&#8217;albero della nave rappresenta l&#8217;elettrodo appuntito, l&#8217;altro elettrodo sono le nuvole caricate elettricamente nel cielo tempestoso. Questo fenomeno pu\u00f2 essere visto anche sulle ali degli aeroplani.<\/p>\n<p>[\/et_pb_text][\/et_pb_column][\/et_pb_row][et_pb_row column_structure=&#8221;2_5,3_5&#8243; _builder_version=&#8221;3.25&#8243;][et_pb_column type=&#8221;2_5&#8243; _builder_version=&#8221;3.25&#8243; custom_padding=&#8221;|||&#8221; custom_padding__hover=&#8221;|||&#8221;][et_pb_text _builder_version=&#8221;3.27.4&#8243;]<\/p>\n<h3 class=\"page-h3\">Plasma e corona in senso tecnologico<\/h3>\n<p>[\/et_pb_text][\/et_pb_column][et_pb_column type=&#8221;3_5&#8243; _builder_version=&#8221;3.25&#8243; custom_padding=&#8221;|||&#8221; custom_padding__hover=&#8221;|||&#8221;][et_pb_text _builder_version=&#8221;3.27.4&#8243;]<\/p>\n<p>Il <strong>trattamento corona<\/strong> \u00e8 una tecnologia utilizzata per trattare film plastici di grandi larghezze (diversi metri) e ad alta velocit\u00e0 (diverse centinaia di metri \/ minuto).<\/p>\n<p>La pellicola di plastica \u00e8 trattenuta da un rullo di supporto che viene messo a terra. Davanti al rullo \u00e8 posto un elettrodo, generalmente di forma appuntita, che permette di avviare facilmente la scarica elettrica in aria. \u00c8 questa somiglianza che spiega la scelta del termine &#8220;corona&#8221; per designare la tecnologia. Tuttavia, la somiglianza finisce qui!<\/p>\n<p>&nbsp;<\/p>\n<p>Anche<strong> la tecnologia del plasma freddo a pressione atmosferica<\/strong> utilizza il principio del plasma fisico.<br \/>\u00c8 una scarica elettrica che si crea in un gas a pressione atmosferica, con una debole corrente elettrica, il cui prodotto viene proiettato sulla superficie da trattare. I principali gas utilizzati sono: aria, azoto, elio, argon e, a volte, miscele di questi gas.<\/p>\n<p>L&#8217;intensit\u00e0 elettrica del plasma \u00e8 di circa 1 Amp\u00e8re. Quando la temperatura raggiunge diverse centinaia di gradi \u00b0 C all&#8217;interno del plasma, viene chiamato plasma &#8220;freddo&#8221;. Al contrario, in situazioni in cui il plasma raggiunge un massimo di diverse migliaia di \u00b0 C si usa il termine plasma &#8220;termico&#8221;, utilizzato per tagliare o spingere.<\/p>\n<p>Le specie generate durante la scarica di plasma vengono espulse dalla zona di scarica e il gas continua a fluire regolarmente per raggiungere la superficie bersaglio. Si possono quindi distinguere due stadi: il primo stadio di creazione delle specie grazie alla scarica elettrica e il secondo stadio corrispondente al trattamento superficiale che corrisponde alla reazione di queste specie con la superficie. In questo senso si parla di plasma deportato o plasma soffiato. <strong>A differenza della corona soffiata, il plasma soffiato \u00e8 molto omogeneo e ha l&#8217;aspetto di una fiamma.<\/strong><\/p>\n<p>&nbsp;<\/p>\n<p>[\/et_pb_text][\/et_pb_column][\/et_pb_row][et_pb_row column_structure=&#8221;2_5,3_5&#8243; _builder_version=&#8221;3.25&#8243;][et_pb_column type=&#8221;2_5&#8243; _builder_version=&#8221;3.25&#8243; custom_padding=&#8221;|||&#8221; custom_padding__hover=&#8221;|||&#8221;][et_pb_text _builder_version=&#8221;4.9.2&#8243; hover_enabled=&#8221;0&#8243; sticky_enabled=&#8221;0&#8243;]<\/p>\n<h3 class=\"page-h3\">Plasma vs. corona: come scegliere?<br \/>\n<\/h3>\n<p>[\/et_pb_text][\/et_pb_column][et_pb_column type=&#8221;3_5&#8243; _builder_version=&#8221;3.25&#8243; custom_padding=&#8221;|||&#8221; custom_padding__hover=&#8221;|||&#8221;][et_pb_text _builder_version=&#8221;3.27.4&#8243;]<\/p>\n<p>Il trattamento corona \u00e8 apparso nell&#8217;industria molto prima del plasma atmosferico. \u00c8 una tecnologia che richiede un basso investimento, il che la rende attrattiva. <br \/>Tuttavia, ha molte limitazioni:<\/p>\n<ul>\n<li>Trattamento non omogeneo<\/li>\n<li>Trattamento che pu\u00f2 alterare le superfici (segni di trattamento, punti di impatto)<\/li>\n<li>Trattamento che pu\u00f2 forare le pellicole o trattare la faccia posteriore in modo incontrollato<\/li>\n<li>Presenza di alta tensione all&#8217;esterno: rischio di radiazioni elettromagnetiche<\/li>\n<li>Difficolt\u00e0 nella lavorazione di materiali conduttivi (necessit\u00e0 di adattare gli elettrodi)<\/li>\n<li>Bassa efficacia del trattamento<\/li>\n<\/ul>\n<p>Grazie ad una netta separazione tra scarica elettrica e trattamento superficiale,<strong> il plasma a pressione atmosferica supera tutti questi inconvenienti e fornisce una soluzione a valore aggiunto, facilmente integrabile nelle catene di produzione.<\/strong><br \/>Di conseguenza, il plasma sostituisce gradualmente il trattamento corona nel settore industriale. Tuttavia, questo \u00e8 ancora rilevante nel trattamento di lastre di basso e medio valore, queste ultime richiedono un trattamento di grande larghezza (diversi metri) e alta velocit\u00e0 (&gt; 100 m \/ min).<\/p>\n<p>[\/et_pb_text][\/et_pb_column][\/et_pb_row][\/et_pb_section][et_pb_section fb_built=&#8221;1&#8243; _builder_version=&#8221;3.22&#8243;][et_pb_row column_structure=&#8221;1_4,3_4&#8243; _builder_version=&#8221;3.25&#8243; border_color_bottom=&#8221;#2f68a3&#8243;][et_pb_column type=&#8221;1_4&#8243; _builder_version=&#8221;3.25&#8243; custom_padding=&#8221;|||&#8221; custom_padding__hover=&#8221;|||&#8221;][et_pb_text _builder_version=&#8221;4.9.2&#8243; header_font=&#8221;||||||||&#8221; header_2_font=&#8221;||||||||&#8221; header_2_text_color=&#8221;#499ef7&#8243; custom_padding=&#8221;|||15px&#8221; hover_enabled=&#8221;0&#8243; border_color_right=&#8221;#e18e55&#8243; border_width_left=&#8221;8px&#8221; border_color_left=&#8221;#e18e55&#8243; sticky_enabled=&#8221;0&#8243;]<\/p>\n<h2>Plasma vs. Primers di adesione<br \/>\n<\/h2>\n<p>[\/et_pb_text][\/et_pb_column][et_pb_column type=&#8221;3_4&#8243; _builder_version=&#8221;3.25&#8243; custom_padding=&#8221;|||&#8221; custom_padding__hover=&#8221;|||&#8221;][et_pb_text _builder_version=&#8221;3.27.4&#8243;]<\/p>\n<p>Utilizzando principalmente aria e azoto, il trattamento superficiale al plasma atmosferico \u00e8 una tecnologia pulita e rispettosa dell&#8217;ambiente. Ad eccezione di alcune applicazioni specifiche, non sono necessari prodotti chimici e il trattamento non produce effluenti tossici. Una corretta ventilazione dell&#8217;area di lavorazione \u00e8 sufficiente per l&#8217;installazione industriale.<br \/>Il plasma atmosferico \u00e8 efficace quanto i prodotti chimici nel preparare un legame con un&#8217;adesione forte e duratura. Con anche un&#8217;ottima riproducibilit\u00e0, offre un&#8217;interessante alternativa ai prodotti chimici soggetti a normative ambientali sempre pi\u00f9 stringenti.<\/p>\n<p>[\/et_pb_text][\/et_pb_column][\/et_pb_row][\/et_pb_section][et_pb_section fb_built=&#8221;1&#8243; _builder_version=&#8221;3.22&#8243;][et_pb_row column_structure=&#8221;1_4,3_4&#8243; _builder_version=&#8221;3.25&#8243; border_color_bottom=&#8221;#2f68a3&#8243;][et_pb_column type=&#8221;1_4&#8243; _builder_version=&#8221;3.25&#8243; custom_padding=&#8221;|||&#8221; custom_padding__hover=&#8221;|||&#8221;][et_pb_text _builder_version=&#8221;4.9.2&#8243; header_font=&#8221;||||||||&#8221; header_2_font=&#8221;||||||||&#8221; header_2_text_color=&#8221;#499ef7&#8243; custom_padding=&#8221;|||15px&#8221; hover_enabled=&#8221;0&#8243; border_color_right=&#8221;#e18e55&#8243; border_width_left=&#8221;8px&#8221; border_color_left=&#8221;#e18e55&#8243; sticky_enabled=&#8221;0&#8243;]<\/p>\n<h2>Plasma vs. trattamento alla fiamma<br \/>\n<\/h2>\n<p>[\/et_pb_text][\/et_pb_column][et_pb_column type=&#8221;3_4&#8243; _builder_version=&#8221;3.25&#8243; custom_padding=&#8221;|||&#8221; custom_padding__hover=&#8221;|||&#8221;][et_pb_text _builder_version=&#8221;3.27.4&#8243;]<\/p>\n<p>Rispetto al trattamento alla fiamma, il trattamento al plasma a pressione atmosferica \u00e8 considerato una tecnologia a temperatura molto bassa. Tuttavia, il trattamento al plasma consente di ottenere su tutti i materiali plastici le stesse capacit\u00e0 di incollaggio e adesione ad alte prestazioni del trattamento con fiamma, ma senza shock termico.<\/p>\n<p>Oltre a preservare il materiale trattato, il trattamento al plasma elimina virtualmente il rischio di incendio. Questo \u00e8 un aspetto fondamentale per la sicurezza del personale e delle attrezzature, soprattutto negli ambienti industriali che trattano prodotti infiammabili (colle, pitture, vernici, ecc.).<\/p>\n<p>Il trattamento a fiamma fornisce anche trattamenti meno regolari e difficili da controllare e quindi pi\u00f9 difficili da riprodurre in modo identico.<\/p>\n<p>Bisogna per\u00f2 tenere presente che per eseguire un trattamento al plasma la distanza massima dall\u2019ugello alla parte di interesse deve essere di pochi centimetri. Per distanze molto pi\u00f9 lunghe, il fuoco \u00e8 ancora una soluzione.<\/p>\n<p>[\/et_pb_text][\/et_pb_column][\/et_pb_row][\/et_pb_section]<\/p>\n","protected":false},"excerpt":{"rendered":"<p>[et_pb_section fb_built=&#8221;1&#8243; module_class=&#8221;lddw-entete-responsive&#8221; _builder_version=&#8221;4.7.7&#8243; background_image=&#8221;https:\/\/www.acxys.com\/wp-content\/uploads\/2021\/02\/P10206363-scaled.jpg&#8221; background_position=&#8221;top_center&#8221; custom_padding=&#8221;1%||1%|&#8221; z_index_tablet=&#8221;500&#8243;][\/et_pb_section][et_pb_section fb_built=&#8221;1&#8243; _builder_version=&#8221;3.22&#8243; custom_padding=&#8221;0px||&#8221;][et_pb_row _builder_version=&#8221;3.26.7&#8243; animation_style=&#8221;slide&#8221;][et_pb_column type=&#8221;4_4&#8243; _builder_version=&#8221;3.25&#8243; custom_padding=&#8221;|||&#8221; custom_padding__hover=&#8221;|||&#8221;][et_pb_text module_class=&#8221;lddw-landing-conteneur blue&#8221; _builder_version=&#8221;4.9.2&#8243; text_font=&#8221;||||||||&#8221; header_font=&#8221;|600||on|||||&#8221; header_text_color=&#8221;#ffffff&#8221; header_font_size=&#8221;20px&#8221; hover_enabled=&#8221;0&#8243; z_index_tablet=&#8221;500&#8243; sticky_enabled=&#8221;0&#8243;] La tecnologia al plasma offre maggiori vantaggi rispetto a tecniche tradizionali per una preparazione efficiente della superficie. [\/et_pb_text][\/et_pb_column][\/et_pb_row][et_pb_row column_structure=&#8221;1_4,3_4&#8243; _builder_version=&#8221;3.26.7&#8243; animation_style=&#8221;slide&#8221; animation_direction=&#8221;left&#8221; border_color_bottom=&#8221;#2f68a3&#8243;][et_pb_column type=&#8221;1_4&#8243; _builder_version=&#8221;3.25&#8243; custom_padding=&#8221;|||&#8221; custom_padding__hover=&#8221;|||&#8221;][et_pb_text _builder_version=&#8221;3.27.4&#8243; [&hellip;]<\/p>\n","protected":false},"author":2,"featured_media":0,"parent":3200,"menu_order":0,"comment_status":"closed","ping_status":"closed","template":"","meta":{"_et_pb_use_builder":"on","_et_pb_old_content":"","_et_gb_content_width":"","footnotes":""},"class_list":["post-3390","page","type-page","status-publish","hentry"],"_links":{"self":[{"href":"https:\/\/www.acxys.com\/it\/wp-json\/wp\/v2\/pages\/3390","targetHints":{"allow":["GET"]}}],"collection":[{"href":"https:\/\/www.acxys.com\/it\/wp-json\/wp\/v2\/pages"}],"about":[{"href":"https:\/\/www.acxys.com\/it\/wp-json\/wp\/v2\/types\/page"}],"author":[{"embeddable":true,"href":"https:\/\/www.acxys.com\/it\/wp-json\/wp\/v2\/users\/2"}],"replies":[{"embeddable":true,"href":"https:\/\/www.acxys.com\/it\/wp-json\/wp\/v2\/comments?post=3390"}],"version-history":[{"count":8,"href":"https:\/\/www.acxys.com\/it\/wp-json\/wp\/v2\/pages\/3390\/revisions"}],"predecessor-version":[{"id":3403,"href":"https:\/\/www.acxys.com\/it\/wp-json\/wp\/v2\/pages\/3390\/revisions\/3403"}],"up":[{"embeddable":true,"href":"https:\/\/www.acxys.com\/it\/wp-json\/wp\/v2\/pages\/3200"}],"wp:attachment":[{"href":"https:\/\/www.acxys.com\/it\/wp-json\/wp\/v2\/media?parent=3390"}],"curies":[{"name":"wp","href":"https:\/\/api.w.org\/{rel}","templated":true}]}}