{"id":3595,"date":"2021-06-14T17:56:15","date_gmt":"2021-06-14T15:56:15","guid":{"rendered":"https:\/\/www.acxys.com\/?page_id=3595"},"modified":"2021-06-22T15:42:36","modified_gmt":"2021-06-22T13:42:36","slug":"pretreatment-surface-plasma","status":"publish","type":"page","link":"https:\/\/www.acxys.com\/zh-hans\/pretreatment-surface-plasma\/","title":{"rendered":"L&#8217;entreprise-CN"},"content":{"rendered":"<p>[et_pb_section fb_built=&#8221;1&#8243; module_class=&#8221;lddw-entete-responsive&#8221; _builder_version=&#8221;3.22&#8243; background_image=&#8221;https:\/\/www.acxys.com\/wp-content\/uploads\/2019\/07\/bg-entreprise.jpg&#8221; background_position=&#8221;bottom_center&#8221; custom_padding=&#8221;1%||1%|&#8221; z_index_tablet=&#8221;500&#8243;][\/et_pb_section][et_pb_section fb_built=&#8221;1&#8243; _builder_version=&#8221;3.22&#8243; custom_margin=&#8221;0px||&#8221; custom_padding=&#8221;0px||&#8221;][et_pb_row _builder_version=&#8221;3.26.7&#8243; animation_style=&#8221;slide&#8221; animation_direction=&#8221;left&#8221;][et_pb_column type=&#8221;4_4&#8243; _builder_version=&#8221;3.25&#8243; custom_padding=&#8221;|||&#8221; custom_padding__hover=&#8221;|||&#8221;][et_pb_text module_class=&#8221;lddw-landing-conteneur blue&#8221; _builder_version=&#8221;4.9.2&#8243; text_font=&#8221;||||||||&#8221; header_font=&#8221;|600||on|||||&#8221; header_text_color=&#8221;#ffffff&#8221; header_font_size=&#8221;20px&#8221; z_index_tablet=&#8221;500&#8243;]<\/p>\n<h1>\u5e38\u538b\u7b49\u79bb\u5b50\u4f53\u8868\u9762\u5904\u7406\u4e13\u5bb6<\/h1>\n<p>[\/et_pb_text][et_pb_text module_class=&#8221;lddw-landing-conteneur&#8221; _builder_version=&#8221;4.9.2&#8243; text_font=&#8221;||||||||&#8221; header_font=&#8221;||||||||&#8221; header_2_font=&#8221;|700|||||||&#8221; custom_margin=&#8221;0px||0px|&#8221; z_index_tablet=&#8221;500&#8243;]<\/p>\n<p class=\"lddw\">AcXys Technologies\u662f\u4e00\u4e2a\u5145\u6ee1\u6d3b\u529b\u7684\u56e2\u961f\uff0c\u6211\u4eec\u6301\u7eed\u4e0d\u65ad\u5730\u5bfb\u6c42\u521b\u65b0\u3002\u540c\u6211\u4eec\u4e00\u9053\u4e86\u89e3\u8fd9\u5bb6\u516c\u53f8\u72ec\u7279\u7684DNA\uff01<\/p>\n<p>[\/et_pb_text][\/et_pb_column][\/et_pb_row][et_pb_row column_structure=&#8221;1_3,2_3&#8243; _builder_version=&#8221;3.26.7&#8243; animation_style=&#8221;slide&#8221; animation_direction=&#8221;right&#8221; animation_delay=&#8221;550ms&#8221; animation_delay_tablet=&#8221;200ms&#8221; animation_delay_phone=&#8221;100ms&#8221; animation_delay_last_edited=&#8221;on|phone&#8221;][et_pb_column type=&#8221;1_3&#8243; _builder_version=&#8221;3.25&#8243; custom_padding=&#8221;|||&#8221; custom_padding__hover=&#8221;|||&#8221;][et_pb_button button_url=&#8221;\/zh-hans\/pretreatment-surface-plasma\/company\/&#8221; button_text=&#8221;\u6838\u5fc3\u4f18\u52bf&#8221; button_alignment=&#8221;center&#8221; module_class=&#8221;lddw-block-button&#8221; _builder_version=&#8221;4.9.2&#8243; custom_button=&#8221;on&#8221; button_text_color=&#8221;#ffffff&#8221; button_bg_color=&#8221;#2f68a3&#8243; button_border_color=&#8221;#2f68a3&#8243; button_border_radius=&#8221;0&#8243; button_font=&#8221;||||||||&#8221; button_use_icon=&#8221;off&#8221; hover_enabled=&#8221;0&#8243; z_index_tablet=&#8221;500&#8243; sticky_enabled=&#8221;0&#8243;][\/et_pb_button][\/et_pb_column][et_pb_column type=&#8221;2_3&#8243; _builder_version=&#8221;3.25&#8243; custom_padding=&#8221;|||&#8221; custom_padding__hover=&#8221;|||&#8221;][et_pb_text _builder_version=&#8221;4.9.2&#8243; header_font=&#8221;||||||||&#8221; header_text_color=&#8221;#193452&#8243; header_2_font=&#8221;|300|||||||&#8221; header_2_text_color=&#8221;#193452&#8243; header_2_font_size=&#8221;18px&#8221;]<\/p>\n<h2><strong>AcXys Technologies<\/strong>, \u662f\u4e00\u5bb6\u4e13\u6ce8\u4e8e<strong>\u5e38\u538b\u7b49\u79bb\u5b50\u4f53\u6280\u672f<\/strong>\u7684\u516c\u53f8\u3002<\/h2>\n<p>[\/et_pb_text][\/et_pb_column][\/et_pb_row][et_pb_row column_structure=&#8221;1_3,2_3&#8243; _builder_version=&#8221;3.26.7&#8243; animation_style=&#8221;slide&#8221; animation_direction=&#8221;right&#8221; animation_delay=&#8221;1500ms&#8221; animation_delay_tablet=&#8221;400ms&#8221; animation_delay_phone=&#8221;200ms&#8221; animation_delay_last_edited=&#8221;on|phone&#8221;][et_pb_column type=&#8221;1_3&#8243; _builder_version=&#8221;3.25&#8243; custom_padding=&#8221;|||&#8221; custom_padding__hover=&#8221;|||&#8221;][et_pb_button button_url=&#8221;\/zh-hans\/pretreatment-surface-plasma\/equipment\/&#8221; button_text=&#8221;\u516c\u53f8\u7b80\u4ecb&#8221; button_alignment=&#8221;center&#8221; module_class=&#8221;lddw-block-button&#8221; _builder_version=&#8221;4.9.2&#8243; custom_button=&#8221;on&#8221; button_text_color=&#8221;#ffffff&#8221; button_bg_color=&#8221;#2f68a3&#8243; button_border_color=&#8221;#2f68a3&#8243; button_border_radius=&#8221;0&#8243; button_font=&#8221;||||||||&#8221; button_use_icon=&#8221;off&#8221; hover_enabled=&#8221;0&#8243; z_index_tablet=&#8221;500&#8243; sticky_enabled=&#8221;0&#8243;][\/et_pb_button][\/et_pb_column][et_pb_column type=&#8221;2_3&#8243; _builder_version=&#8221;3.25&#8243; custom_padding=&#8221;|||&#8221; custom_padding__hover=&#8221;|||&#8221;][et_pb_text _builder_version=&#8221;4.9.2&#8243; header_font=&#8221;||||||||&#8221; header_2_font=&#8221;|300|||||||&#8221; header_2_text_color=&#8221;#193452&#8243; header_2_font_size=&#8221;18px&#8221;]<\/p>\n<h2><strong>\u4e86\u89e3AcXys Technologies\u80cc\u540e\u7684\u6545\u4e8b\u53ca\u5176\u5bcc\u6709\u6fc0\u60c5\u7684\u56e2\u961f<\/strong>\uff0c\u70ed\u8877\u4e8e\u4e3a\u6240\u6709\u5de5\u4e1a\u8868\u9762\u5904\u7406\u5f00\u53d1\u5148\u8fdb\u7684\u7b49\u79bb\u5b50\u4f53\u6280\u672f\u3002<\/h2>\n<p>[\/et_pb_text][\/et_pb_column][\/et_pb_row][et_pb_row column_structure=&#8221;1_3,2_3&#8243; _builder_version=&#8221;3.26.7&#8243; animation_style=&#8221;slide&#8221; animation_direction=&#8221;right&#8221; animation_delay=&#8221;1350ms&#8221; animation_delay_tablet=&#8221;600ms&#8221; animation_delay_phone=&#8221;300ms&#8221; animation_delay_last_edited=&#8221;on|tablet&#8221;][et_pb_column type=&#8221;1_3&#8243; _builder_version=&#8221;3.25&#8243; custom_padding=&#8221;|||&#8221; custom_padding__hover=&#8221;|||&#8221;][et_pb_button button_url=&#8221;\/zh-hans\/pretreatment-surface-plasma\/sales\/&#8221; button_text=&#8221;\u5408\u4f5c\u4f19\u4f34&#8221; button_alignment=&#8221;center&#8221; module_class=&#8221;lddw-block-button&#8221; _builder_version=&#8221;4.9.2&#8243; custom_button=&#8221;on&#8221; button_text_color=&#8221;#ffffff&#8221; button_bg_color=&#8221;#2f68a3&#8243; button_border_color=&#8221;#2f68a3&#8243; button_border_radius=&#8221;0&#8243; button_font=&#8221;||||||||&#8221; button_use_icon=&#8221;off&#8221; hover_enabled=&#8221;0&#8243; z_index_tablet=&#8221;500&#8243; sticky_enabled=&#8221;0&#8243;][\/et_pb_button][\/et_pb_column][et_pb_column type=&#8221;2_3&#8243; _builder_version=&#8221;3.25&#8243; custom_padding=&#8221;|||&#8221; custom_padding__hover=&#8221;|||&#8221;][et_pb_text _builder_version=&#8221;4.9.2&#8243; header_font=&#8221;|300|||||||&#8221; header_text_color=&#8221;#193452&#8243; header_2_font=&#8221;|300|||||||&#8221; header_2_text_color=&#8221;#193452&#8243; header_2_font_size=&#8221;18px&#8221;]<\/p>\n<h2><strong>AcXys Technologies<\/strong>, \u5728\u5168\u7403\u90e8\u7f72\u4e86\u4e00\u4e2a\u7531<strong>\u4ee3\u7406\u5546\u3001\u5206\u9500\u5546\u6216OEM\u5382\u5546\u7ec4\u6210\u7684\u5408\u4f5c\u7f51\u7edc<\/strong>\uff0c\u5728\u5e38\u538b\u7b49\u79bb\u5b50\u4f53\u8868\u9762\u5904\u7406\u65b9\u9762\u6709\u7740\u5171\u540c\u7684\u76ee\u6807\u3002<\/h2>\n<p>[\/et_pb_text][\/et_pb_column][\/et_pb_row][\/et_pb_section]<\/p>\n","protected":false},"excerpt":{"rendered":"<p>[et_pb_section fb_built=&#8221;1&#8243; module_class=&#038;# [&hellip;]<\/p>\n","protected":false},"author":1,"featured_media":0,"parent":0,"menu_order":0,"comment_status":"closed","ping_status":"closed","template":"","meta":{"_et_pb_use_builder":"on","_et_pb_old_content":"[et_pb_section fb_built=\"1\" module_class=\"lddw-entete-responsive\" _builder_version=\"3.22\" background_image=\"https:\/\/www.acxys.com\/wp-content\/uploads\/2019\/07\/bg-entreprise.jpg\" background_position=\"bottom_center\" custom_padding=\"1%||1%|\" z_index_tablet=\"500\"][\/et_pb_section][et_pb_section fb_built=\"1\" _builder_version=\"3.22\" custom_margin=\"0px||\" custom_padding=\"0px||\"][et_pb_row _builder_version=\"3.26.7\" animation_style=\"slide\" animation_direction=\"left\"][et_pb_column type=\"4_4\" _builder_version=\"3.25\" custom_padding=\"|||\" custom_padding__hover=\"|||\"][et_pb_text module_class=\"lddw-landing-conteneur blue\" _builder_version=\"3.21.1\" text_font=\"||||||||\" header_font=\"|600||on|||||\" header_text_color=\"#ffffff\" header_font_size=\"20px\" z_index_tablet=\"500\"]<h1>Un expert du traitement par plasma \u00e0 pression atmosph\u00e9rique<\/h1>\r\n[\/et_pb_text][et_pb_text module_class=\"lddw-landing-conteneur\" _builder_version=\"3.21.1\" text_font=\"||||||||\" header_font=\"||||||||\" header_2_font=\"|700|||||||\" custom_margin=\"0px||0px|\" z_index_tablet=\"500\"]<p class=\"lddw\">AcXys Technologies, c'est une \u00e9quipe dynamique en qu\u00eate permanente d'innovation. D\u00e9couvrez l'ADN qui fait d'AcXys une entreprise unique\u00a0!<\/p>\r\n[\/et_pb_text][\/et_pb_column][\/et_pb_row][et_pb_row column_structure=\"1_3,2_3\" _builder_version=\"3.26.7\" hover_enabled=\"0\" animation_style=\"slide\" animation_direction=\"right\" animation_delay=\"550ms\" animation_delay_last_edited=\"on|phone\" animation_delay_tablet=\"200ms\" animation_delay_phone=\"100ms\"][et_pb_column type=\"1_3\" _builder_version=\"3.25\" custom_padding=\"|||\" custom_padding__hover=\"|||\"][et_pb_button button_url=\"?p=141\" button_text=\"Notre m\u00e9tier\" button_alignment=\"center\" module_class=\"lddw-block-button\" _builder_version=\"3.21.1\" custom_button=\"on\" button_text_color=\"#ffffff\" button_bg_color=\"#2f68a3\" button_border_color=\"#2f68a3\" button_border_radius=\"0\" button_font=\"||||||||\" button_use_icon=\"off\" z_index_tablet=\"500\"][\/et_pb_button][\/et_pb_column][et_pb_column type=\"2_3\" _builder_version=\"3.25\" custom_padding=\"|||\" custom_padding__hover=\"|||\"][et_pb_text _builder_version=\"3.21.1\" header_font=\"||||||||\" header_text_color=\"#193452\" header_2_font=\"|300|||||||\" header_2_text_color=\"#193452\" header_2_font_size=\"18px\"]<h2><strong>AcXys Technologies<\/strong>, une entreprise focalis\u00e9e exclusivement sur <strong>les technologies plasma \u00e0 pression atmosph\u00e9rique.<\/strong><\/h2>\r\n[\/et_pb_text][\/et_pb_column][\/et_pb_row][et_pb_row column_structure=\"1_3,2_3\" _builder_version=\"3.26.7\" hover_enabled=\"0\" animation_style=\"slide\" animation_direction=\"right\" animation_delay=\"1500ms\" animation_delay_last_edited=\"on|phone\" animation_delay_tablet=\"400ms\" animation_delay_phone=\"200ms\"][et_pb_column type=\"1_3\" _builder_version=\"3.25\" custom_padding=\"|||\" custom_padding__hover=\"|||\"][et_pb_button button_url=\"?p=190\" button_text=\"Nous conna\u00eetre\" button_alignment=\"center\" module_class=\"lddw-block-button\" _builder_version=\"3.21.1\" custom_button=\"on\" button_text_color=\"#ffffff\" button_bg_color=\"#2f68a3\" button_border_color=\"#2f68a3\" button_border_radius=\"0\" button_font=\"||||||||\" button_use_icon=\"off\" z_index_tablet=\"500\"][\/et_pb_button][\/et_pb_column][et_pb_column type=\"2_3\" _builder_version=\"3.25\" custom_padding=\"|||\" custom_padding__hover=\"|||\"][et_pb_text _builder_version=\"3.21.1\" header_font=\"||||||||\" header_2_font=\"|300|||||||\" header_2_text_color=\"#193452\" header_2_font_size=\"18px\"]<h2><strong>D\u00e9couvrez l\u2019histoire d\u2019AcXys Technologies et son \u00e9quipe<\/strong>, passionn\u00e9e par le d\u00e9veloppement des technologies plasma pour tous les traitements de surface industriels.<\/h2>\r\n[\/et_pb_text][\/et_pb_column][\/et_pb_row][et_pb_row column_structure=\"1_3,2_3\" _builder_version=\"3.26.7\" hover_enabled=\"0\" animation_style=\"slide\" animation_direction=\"right\" animation_delay=\"1350ms\" animation_delay_last_edited=\"on|tablet\" animation_delay_tablet=\"600ms\" animation_delay_phone=\"300ms\"][et_pb_column type=\"1_3\" _builder_version=\"3.25\" custom_padding=\"|||\" custom_padding__hover=\"|||\"][et_pb_button button_url=\"?p=276\" button_text=\"Notre r\u00e9seau commercial\" button_alignment=\"center\" module_class=\"lddw-block-button\" _builder_version=\"3.21.1\" custom_button=\"on\" button_text_color=\"#ffffff\" button_bg_color=\"#2f68a3\" button_border_color=\"#2f68a3\" button_border_radius=\"0\" button_font=\"||||||||\" button_use_icon=\"off\" z_index_tablet=\"500\"][\/et_pb_button][\/et_pb_column][et_pb_column type=\"2_3\" _builder_version=\"3.25\" custom_padding=\"|||\" custom_padding__hover=\"|||\"][et_pb_text _builder_version=\"3.21.1\" header_font=\"|300|||||||\" header_text_color=\"#193452\" header_2_font=\"|300|||||||\" header_2_text_color=\"#193452\" header_2_font_size=\"18px\"]<h2><strong>AcXys Technologies<\/strong>, c\u2019est aussi un <strong>r\u00e9seau d'agents, distributeurs ou int\u00e9grateurs<\/strong>, pr\u00e9sents dans le monde entier et partageant la m\u00eame ambition pour les pr\u00e9parations de surface par plasma atmosph\u00e9rique.<\/h2>\r\n[\/et_pb_text][\/et_pb_column][\/et_pb_row][\/et_pb_section]","_et_gb_content_width":"","footnotes":""},"class_list":["post-3595","page","type-page","status-publish","hentry"],"_links":{"self":[{"href":"https:\/\/www.acxys.com\/zh-hans\/wp-json\/wp\/v2\/pages\/3595","targetHints":{"allow":["GET"]}}],"collection":[{"href":"https:\/\/www.acxys.com\/zh-hans\/wp-json\/wp\/v2\/pages"}],"about":[{"href":"https:\/\/www.acxys.com\/zh-hans\/wp-json\/wp\/v2\/types\/page"}],"author":[{"embeddable":true,"href":"https:\/\/www.acxys.com\/zh-hans\/wp-json\/wp\/v2\/users\/1"}],"replies":[{"embeddable":true,"href":"https:\/\/www.acxys.com\/zh-hans\/wp-json\/wp\/v2\/comments?post=3595"}],"version-history":[{"count":8,"href":"https:\/\/www.acxys.com\/zh-hans\/wp-json\/wp\/v2\/pages\/3595\/revisions"}],"predecessor-version":[{"id":3801,"href":"https:\/\/www.acxys.com\/zh-hans\/wp-json\/wp\/v2\/pages\/3595\/revisions\/3801"}],"wp:attachment":[{"href":"https:\/\/www.acxys.com\/zh-hans\/wp-json\/wp\/v2\/media?parent=3595"}],"curies":[{"name":"wp","href":"https:\/\/api.w.org\/{rel}","templated":true}]}}