{"id":3610,"date":"2021-06-14T18:29:19","date_gmt":"2021-06-14T16:29:19","guid":{"rendered":"https:\/\/www.acxys.com\/?page_id=3610"},"modified":"2021-07-07T10:03:11","modified_gmt":"2021-07-07T08:03:11","slug":"company","status":"publish","type":"page","link":"https:\/\/www.acxys.com\/zh-hans\/pretreatment-surface-plasma\/company\/","title":{"rendered":"Notre m\u00e9tier-CN"},"content":{"rendered":"<p>[et_pb_section fb_built=&#8221;1&#8243; module_class=&#8221;lddw-entete-responsive&#8221; _builder_version=&#8221;4.7.7&#8243; background_image=&#8221;https:\/\/www.acxys.com\/wp-content\/uploads\/2021\/02\/P10203873-scaled.jpg&#8221; custom_padding=&#8221;1%||1%|&#8221; z_index_tablet=&#8221;500&#8243;][\/et_pb_section][et_pb_section fb_built=&#8221;1&#8243; _builder_version=&#8221;3.22&#8243; custom_margin=&#8221;0px||&#8221; custom_padding=&#8221;0px||&#8221;][et_pb_row _builder_version=&#8221;3.26.7&#8243; animation_style=&#8221;slide&#8221;][et_pb_column type=&#8221;4_4&#8243; _builder_version=&#8221;3.25&#8243; custom_padding=&#8221;|||&#8221; custom_padding__hover=&#8221;|||&#8221;][et_pb_text module_class=&#8221;lddw-landing-conteneur blue&#8221; _builder_version=&#8221;4.9.7&#8243; text_font=&#8221;||||||||&#8221; header_font=&#8221;|600||on|||||&#8221; header_text_color=&#8221;#ffffff&#8221; header_font_size=&#8221;20px&#8221; hover_enabled=&#8221;0&#8243; z_index_tablet=&#8221;500&#8243; sticky_enabled=&#8221;0&#8243;]<\/p>\n<h1>\u6211\u4eec\u4f1a\u534f\u52a9\u60a8\u5728\u5de5\u4e1a\u751f\u4ea7\u4e2d\u5229\u7528\u5e38\u538b\u7b49\u79bb\u5b50\u4f53\u6280\u672f\u4e3a\u6750\u6599\u7684\u8868\u9762\u5904\u7406\u62d3\u5c55\u66f4\u591a\u7684\u53ef\u80fd\u6027\u3002<\/h1>\n<p>[\/et_pb_text][\/et_pb_column][\/et_pb_row][et_pb_row column_structure=&#8221;2_3,1_3&#8243; module_class=&#8221;inverse-order&#8221; _builder_version=&#8221;3.26.7&#8243; animation_style=&#8221;slide&#8221; animation_direction=&#8221;right&#8221; border_width_bottom=&#8221;2px&#8221; border_color_bottom=&#8221;#2f68a3&#8243;][et_pb_column type=&#8221;2_3&#8243; _builder_version=&#8221;3.25&#8243; custom_padding=&#8221;|||&#8221; custom_padding__hover=&#8221;|||&#8221;][et_pb_text _builder_version=&#8221;4.9.7&#8243;]<\/p>\n<p class=\"lddw\"><strong>\u4f5c\u4e3a\u5e38\u538b\u7b49\u79bb\u5b50\u4f53\u8868\u9762\u5904\u7406\u7684\u4e13\u5bb6<\/strong>\uff0c\u6211\u4eec\u4f1a\u5728\u60a8\u9879\u76ee\u7684\u5404\u4e2a\u9636\u6bb5\uff0c<strong>\u4ece\u8bbe\u8ba1\u5230\u73b0\u573a\u670d\u52a1<\/strong>\uff0c\u59cb\u7ec8\u966a\u4f34\u60a8\uff1a<\/p>\n<ul class=\"unstyled flex-parent flex-columns-2 flex-wrap-wrap\">\n<li>&#8211; \u53ef\u884c\u6027\u4e0e\u5de5\u827a\u5f00\u53d1<\/li>\n<li>&#8211; \u8bbe\u5907\u8bbe\u8ba1<\/li>\n<li>&#8211; \u4ea4\u8d27\u4e0e\u5b89\u88c5<\/li>\n<li>&#8211; \u56e2\u961f\u57f9\u8bad<\/li>\n<li>&#8211; \u7ef4\u62a4\u548c\u4fdd\u517b<\/li>\n<li>&#8211; \u8bbe\u5907\u79df\u8d41<\/li>\n<li>&#8211; \u73b0\u573a\u6d4b\u8bd5<\/li>\n<li>&#8211; \u7814\u7a76\u4e0e\u5f00\u53d1<\/li>\n<\/ul>\n<p>[\/et_pb_text][\/et_pb_column][et_pb_column type=&#8221;1_3&#8243; _builder_version=&#8221;3.25&#8243; custom_padding=&#8221;|||&#8221; custom_padding__hover=&#8221;|||&#8221;][et_pb_text _builder_version=&#8221;4.9.7&#8243; header_font=&#8221;||||||||&#8221; header_2_font=&#8221;||||||||&#8221; header_2_text_color=&#8221;#499ef7&#8243; custom_padding=&#8221;|15px||&#8221; hover_enabled=&#8221;0&#8243; border_width_right=&#8221;8px&#8221; border_color_right=&#8221;#e18e55&#8243; sticky_enabled=&#8221;0&#8243;]<\/p>\n<h2>\u56f4\u7ed5\u7740\u5e38\u538b\u7b49\u79bb\u5b50\u4f53\uff0cAcXys Technologies\u53ec\u96c6\u4e86\u5404\u9886\u57df\u7684\u4e13\u5bb6\u3001<strong>\u5de5\u7a0b\u5e08\uff0c\u4ee5\u5b8c\u7f8e\u638c\u63e1\u8868\u9762\u5904\u7406\u8bbe\u5907\u7684\u76f8\u5173\u6280\u672f\u53ca\u5176\u4f7f\u7528\u3002<\/strong><\/h2>\n<p>[\/et_pb_text][\/et_pb_column][\/et_pb_row][et_pb_row column_structure=&#8221;1_3,2_3&#8243; _builder_version=&#8221;3.26.7&#8243; animation_style=&#8221;slide&#8221; animation_direction=&#8221;left&#8221; border_width_bottom=&#8221;2px&#8221; border_color_bottom=&#8221;#2f68a3&#8243;][et_pb_column type=&#8221;1_3&#8243; _builder_version=&#8221;3.25&#8243; custom_padding=&#8221;|||&#8221; custom_padding__hover=&#8221;|||&#8221;][et_pb_text _builder_version=&#8221;4.9.2&#8243; header_font=&#8221;||||||||&#8221; header_2_font=&#8221;||||||||&#8221; header_2_text_color=&#8221;#499ef7&#8243; custom_padding=&#8221;|||15px&#8221; border_width_left=&#8221;8px&#8221; border_color_left=&#8221;#e18e55&#8243;]<\/p>\n<h2><strong>\u7814\u7a76\u4e0e\u5f00\u53d1\u662fAcXys Technologies\u7684\u652f\u67f1<\/strong>\uff0c\u5b83\u9a71\u4f7f\u6211\u4eec\u51ed\u501f\u7b49\u79bb\u5b50\u4f53\u6280\u672f\u4e3a\u8868\u9762\u5904\u7406\u5f00\u8f9f\u66f4\u591a\u7684\u53ef\u80fd\u6027\u3002<\/h2>\n<p>[\/et_pb_text][\/et_pb_column][et_pb_column type=&#8221;2_3&#8243; _builder_version=&#8221;3.25&#8243; custom_padding=&#8221;|||&#8221; custom_padding__hover=&#8221;|||&#8221;][et_pb_text _builder_version=&#8221;4.9.7&#8243;]<\/p>\n<p class=\"lddw\"><strong>\u7814\u7a76\u4e0e\u5f00\u53d1\u4e00\u76f4\u6d41\u6dcc\u5728 <\/strong><strong>AcXys Technologies \u8fd9\u5bb6\u516c\u53f8\u7684\u8840\u6db2\u4e2d<\/strong>\u3002\u5728\u4e0d\u65ad\u8ffd\u6c42\u521b\u65b0\u7684\u8fc7\u7a0b\u4e2d\uff0c\u516c\u53f8\u5c06\u76f8\u5f53\u4e00\u90e8\u5206\u9884\u7b97\u548c\u4eba\u5458\u5206\u914d\u7ed9\u7814\u53d1\u3002\u516c\u53f8\u575a\u4fe1\uff0c\u53ea\u6709\u6a2a\u5411\u3001\u8de8\u90e8\u95e8\u7684\u7814\u53d1\u624d\u662f\u9ad8\u6548\u7684\uff0c\u56e0\u6b64\uff0c\u516c\u53f8\u4ee5\u9879\u76ee\u4e3a\u5bfc\u5411\uff0c\u8ba9\u5305\u62ec\u751f\u4ea7\u5728\u5185\u7684\u6240\u6709\u56e2\u961f\u6210\u5458\u90fd\u53c2\u4e0e\u8fdb\u6765\u3002<br \/>\u7814\u53d1\u540c\u6837\u4e8b\u5173 <strong>\u5408\u4f5c\u9879\u76ee\u548c\u4f19\u4f34\u5173\u7cfb<\/strong>\u3002AcXys Technologies<strong>\u4e0e\u6cd5\u56fd\u548c\u4e16\u754c\u5404\u5730\u7684\u5927\u5b66\uff0c\u5236\u9020\u5546\u548cOEM\u5382\u5546\u5408\u4f5c\u5f00\u53d1\u4e86\u8bb8\u591a\u521b\u65b0\u4ea7\u54c1\u3002<\/strong><\/p>\n<p>[\/et_pb_text][\/et_pb_column][\/et_pb_row][et_pb_row column_structure=&#8221;2_3,1_3&#8243; module_class=&#8221;inverse-order&#8221; _builder_version=&#8221;3.26.7&#8243; animation_style=&#8221;slide&#8221; animation_direction=&#8221;right&#8221;][et_pb_column type=&#8221;2_3&#8243; _builder_version=&#8221;3.25&#8243; custom_padding=&#8221;|||&#8221; custom_padding__hover=&#8221;|||&#8221;][et_pb_text _builder_version=&#8221;4.9.7&#8243;]<\/p>\n<p class=\"lddw\">AcXys\u7684DNA\u91cc\u6709\u6d3b\u529b\u3001\u521b\u65b0\u548c\u53cd\u5e94\u80fd\u529b\u3002<\/p>\n<p class=\"lddw\">\u4e3a\u4e86\u63d0\u4f9b\u4f18\u5316\u7684\u4ea7\u54c1\u548c\u670d\u52a1\uff0c<strong>\u6211\u4eec\u5728\u5185\u90e8\u6574\u5408\u4e86\u6240\u6709\u9700\u8981\u7684\u6280\u80fd<\/strong>\u3002\u56e0\u6b64\uff0c\u6211\u4eec\u7684\u591a\u5b66\u79d1\u56e2\u961f\u5728\u8bb8\u591a\u9886\u57df\u90fd\u62e5\u6709\u4e13\u4e1a\u6280\u80fd\uff1a<\/p>\n<ul class=\"unstyled flex-parent flex-columns-2 flex-wrap-wrap\">\n<li>&#8211; \u7535\u5b50\u6280\u672f<\/li>\n<li>&#8211; \u81ea\u52a8\u5316<\/li>\n<li>-\u5de5\u4e1a\u6570\u636e\u5904\u7406<\/li>\n<li>&#8211; \u7535\u529b\u5b66<\/li>\n<li>&#8211; \u673a\u68b0\u5de5\u7a0b<\/li>\n<li>&#8211; \u7b49\u79bb\u5b50\u4f53\u5de5\u827a<\/li>\n<li>&#8211; \u5316\u5b66<\/li>\n<li>&#8211; \u6750\u6599\u5b66<\/li>\n<\/ul>\n<p>\u4eca\u5929\uff0c\u5728\u5168\u9762\u6269\u5f20\u9636\u6bb5\uff0cAcXys Technologies\u4fdd\u8bc1\u4e0e\u5ba2\u6237\u548c\u5408\u4f5c\u4f19\u4f34\u4fdd\u6301\u7d27\u5bc6\u8054\u7cfb\u3002<strong>\u6211\u4eec\u7684\u4e13\u5bb6\u56e2\u961f\u662f\u6210\u529f\u7684\u5173\u952e\u4e4b\u4e00\uff0c\u4e3a\u591a\u6837\u7684\u5de5\u4e1a\u9700\u6c42\u521b\u9020\u548c\u8c03\u6574\u89e3\u51b3\u65b9\u6848\u3002<\/strong>\u5ba2\u6237\u7684\u671f\u671b\u88ab\u6ee1\u8db3\uff0c\u5373\u662f\u6211\u4eec\u7684\u76ee\u6807\u4e0e\u8ffd\u6c42\u3002<\/p>\n<p>[\/et_pb_text][\/et_pb_column][et_pb_column type=&#8221;1_3&#8243; _builder_version=&#8221;3.25&#8243; custom_padding=&#8221;|||&#8221; custom_padding__hover=&#8221;|||&#8221;][et_pb_text _builder_version=&#8221;4.9.7&#8243; header_font=&#8221;||||||||&#8221; header_text_color=&#8221;#499ef7&#8243; header_2_font=&#8221;||||||||&#8221; header_2_text_color=&#8221;#499ef7&#8243; custom_padding=&#8221;|15px||&#8221; border_width_right=&#8221;8px&#8221; border_color_right=&#8221;#e18e55&#8243;]<\/p>\n<h2>AcXys Technologies\u6709\u7740\u4e00\u652f<strong>\u6db5\u76d6\u591a\u5b66\u79d1\u3001\u5145\u6ee1\u6d3b\u529b\u7684\u56e2\u961f\u3002<\/strong>\u5927\u5bb6\u6765\u81ea\u4e0d\u540c\u7684\u9886\u57df\uff0c\u4e14\u4eab\u6709\u540c\u6837\u7684\u6fc0\u60c5\u3002<\/h2>\n<p>[\/et_pb_text][\/et_pb_column][\/et_pb_row][\/et_pb_section]<\/p>\n","protected":false},"excerpt":{"rendered":"<p>[et_pb_section fb_built=&#8221;1&#8243; module_class=&#038;# [&hellip;]<\/p>\n","protected":false},"author":1,"featured_media":0,"parent":3595,"menu_order":0,"comment_status":"closed","ping_status":"closed","template":"","meta":{"_et_pb_use_builder":"on","_et_pb_old_content":"[et_pb_section fb_built=\"1\" module_class=\"lddw-entete-responsive\" _builder_version=\"4.7.7\" background_image=\"https:\/\/www.acxys.com\/wp-content\/uploads\/2021\/02\/P10203873-scaled.jpg\" custom_padding=\"1%||1%|\" hover_enabled=\"0\" z_index_tablet=\"500\" sticky_enabled=\"0\"][\/et_pb_section][et_pb_section fb_built=\"1\" _builder_version=\"3.22\" custom_margin=\"0px||\" custom_padding=\"0px||\"][et_pb_row _builder_version=\"3.26.7\" animation_style=\"slide\"][et_pb_column type=\"4_4\" _builder_version=\"3.25\" custom_padding=\"|||\" custom_padding__hover=\"|||\"][et_pb_text module_class=\"lddw-landing-conteneur blue\" _builder_version=\"3.27.4\" text_font=\"||||||||\" header_font=\"|600||on|||||\" header_text_color=\"#ffffff\" header_font_size=\"20px\" z_index_tablet=\"500\"]<h1>Notre m\u00e9tier\u00a0: vous permettre d\u2019exploiter industriellement les multiples possibilit\u00e9s offertes par la technologie plasma \u00e0 pression atmosph\u00e9rique pour la pr\u00e9paration de surface<\/h1>[\/et_pb_text][\/et_pb_column][\/et_pb_row][et_pb_row column_structure=\"2_3,1_3\" module_class=\"inverse-order\" _builder_version=\"3.26.7\" animation_style=\"slide\" animation_direction=\"right\" border_width_bottom=\"2px\" border_color_bottom=\"#2f68a3\"][et_pb_column type=\"2_3\" _builder_version=\"3.25\" custom_padding=\"|||\" custom_padding__hover=\"|||\"][et_pb_text _builder_version=\"3.27.4\"]<p class=\"lddw\"><strong>Sp\u00e9cialistes de la pr\u00e9paration de surface par plasma atmosph\u00e9rique<\/strong>, nous accompagnons vos projets \u00e0 toutes les \u00e9tapes, allant <strong>de la conception jusqu'\u00e0 l'exploitation sur site <\/strong>:<\/p>\r\n<ul class=\"unstyled flex-parent flex-columns-2 flex-wrap-wrap\">\r\n<li>- Faisabilit\u00e9 et mise au point de proc\u00e9d\u00e9s<\/li>\r\n<li>- Conception d'\u00e9quipements<\/li>\r\n<li>- Livraison et installation<\/li>\r\n<li>- Formation<\/li>\r\n<li>- Maintenance<\/li>\r\n<li>- Location d'\u00e9quipements<\/li>\r\n<li>- Essais sur site<\/li>\r\n<li>- Etudes R&D<\/li>\r\n<\/ul>[\/et_pb_text][\/et_pb_column][et_pb_column type=\"1_3\" _builder_version=\"3.25\" custom_padding=\"|||\" custom_padding__hover=\"|||\"][et_pb_text _builder_version=\"3.27.4\" header_font=\"||||||||\" header_2_font=\"||||||||\" header_2_text_color=\"#499ef7\" custom_padding=\"|15px||\" border_width_right=\"8px\" border_color_right=\"#e18e55\"]<h2>Autour du plasma atmosph\u00e9rique, AcXys Technologies rassemble tous les m\u00e9tiers pour <strong>une parfaite ma\u00eetrise des \u00e9quipements de traitement de surface et de leur utilisation<\/strong>.<\/h2>[\/et_pb_text][\/et_pb_column][\/et_pb_row][et_pb_row column_structure=\"1_3,2_3\" _builder_version=\"3.26.7\" animation_style=\"slide\" animation_direction=\"left\" border_width_bottom=\"2px\" border_color_bottom=\"#2f68a3\"][et_pb_column type=\"1_3\" _builder_version=\"3.25\" custom_padding=\"|||\" custom_padding__hover=\"|||\"][et_pb_text _builder_version=\"3.27.4\" header_font=\"||||||||\" header_2_font=\"||||||||\" header_2_text_color=\"#499ef7\" custom_padding=\"|||15px\" border_width_left=\"8px\" border_color_left=\"#e18e55\"]<h2><strong>La R&D, un pilier d'AcXys Technologies<\/strong>, pour aller toujours plus loin dans les possibilit\u00e9s de traitement de surface avec la technologie plasma.<\/h2>[\/et_pb_text][\/et_pb_column][et_pb_column type=\"2_3\" _builder_version=\"3.25\" custom_padding=\"|||\" custom_padding__hover=\"|||\"][et_pb_text _builder_version=\"3.27.4\"]<p class=\"lddw\"><strong>La R&D fait partie de l'ADN d'AcXys Technologies<\/strong>. En qu\u00eate permanente d'innovation, l'entreprise alloue une part cons\u00e9quente de son budget et de son personnel dans l'effort de R&D. Etant convaincue qu'une R&D n'est efficace que si elle est transversale, l'entreprise pilote son innovation sous forme de projets pouvant impliquer des membres de toutes les \u00e9quipes, y compris de production.<br \/>La R&D, ce sont aussi <strong>des projets collaboratifs et des partenariats<\/strong>. AcXys Technologies d\u00e9veloppe ainsi de <strong>nombreuses innovations avec des universit\u00e9s, des industriels et des int\u00e9grateurs, en France et dans le monde<\/strong>.<\/p>[\/et_pb_text][\/et_pb_column][\/et_pb_row][et_pb_row column_structure=\"2_3,1_3\" module_class=\"inverse-order\" _builder_version=\"3.26.7\" animation_style=\"slide\" animation_direction=\"right\"][et_pb_column type=\"2_3\" _builder_version=\"3.25\" custom_padding=\"|||\" custom_padding__hover=\"|||\"][et_pb_text _builder_version=\"3.27.4\"]<p class=\"lddw\">L'ADN d'AcXys, c'est le dynamisme, l'innovation, la r\u00e9activit\u00e9. Afin de proposer des produits et des services optimis\u00e9s, <strong>nous int\u00e9grons toutes les comp\u00e9tences dont nous avons besoin en interne<\/strong>. Ainsi, notre \u00e9quipe pluridisciplinaire poss\u00e8de une expertise dans de nombreux domaines\u00a0:<\/p>\r\n<ul class=\"unstyled flex-parent flex-columns-2 flex-wrap-wrap\">\r\n<li>- \u00e9lectronique<\/li>\r\n<li>- automatisme<\/li>\r\n<li>- informatique industrielle<\/li>\r\n<li>- \u00e9lectricit\u00e9<\/li>\r\n<li>- m\u00e9canique<\/li>\r\n<li>- proc\u00e9d\u00e9s plasma<\/li>\r\n<li>- chimie<\/li>\r\n<li>- mat\u00e9riaux<\/li>\r\n<\/ul>\r\n<p class=\"lddw\">Aujourd'hui en pleine phase d\u2019expansion, AcXys Technologies garantit une forte proximit\u00e9 avec ses clients et partenaires. <strong>Notre \u00e9quipe d'experts est une des cl\u00e9s du succ\u00e8s dans la cr\u00e9ation et l'adaptation de solutions \u00e0 un large \u00e9ventail de besoins industriels<\/strong>. Nous mettons d'ailleurs un point d'honneur \u00e0 r\u00e9pondre aux diff\u00e9rentes attentes de nos clients.<\/p>[\/et_pb_text][\/et_pb_column][et_pb_column type=\"1_3\" _builder_version=\"3.25\" custom_padding=\"|||\" custom_padding__hover=\"|||\"][et_pb_text _builder_version=\"3.27.4\" header_font=\"||||||||\" header_text_color=\"#499ef7\" header_2_font=\"||||||||\" header_2_text_color=\"#499ef7\" custom_padding=\"|15px||\" border_width_right=\"8px\" border_color_right=\"#e18e55\"]<h2>AcXys Technologies, c'est une <strong>\u00e9quipe pluridisciplinaire et dynamique<\/strong>. Des talents venus de tous les horizons, partageant la m\u00eame passion.<\/h2>[\/et_pb_text][\/et_pb_column][\/et_pb_row][\/et_pb_section]","_et_gb_content_width":"","footnotes":""},"class_list":["post-3610","page","type-page","status-publish","hentry"],"_links":{"self":[{"href":"https:\/\/www.acxys.com\/zh-hans\/wp-json\/wp\/v2\/pages\/3610","targetHints":{"allow":["GET"]}}],"collection":[{"href":"https:\/\/www.acxys.com\/zh-hans\/wp-json\/wp\/v2\/pages"}],"about":[{"href":"https:\/\/www.acxys.com\/zh-hans\/wp-json\/wp\/v2\/types\/page"}],"author":[{"embeddable":true,"href":"https:\/\/www.acxys.com\/zh-hans\/wp-json\/wp\/v2\/users\/1"}],"replies":[{"embeddable":true,"href":"https:\/\/www.acxys.com\/zh-hans\/wp-json\/wp\/v2\/comments?post=3610"}],"version-history":[{"count":18,"href":"https:\/\/www.acxys.com\/zh-hans\/wp-json\/wp\/v2\/pages\/3610\/revisions"}],"predecessor-version":[{"id":3969,"href":"https:\/\/www.acxys.com\/zh-hans\/wp-json\/wp\/v2\/pages\/3610\/revisions\/3969"}],"up":[{"embeddable":true,"href":"https:\/\/www.acxys.com\/zh-hans\/wp-json\/wp\/v2\/pages\/3595"}],"wp:attachment":[{"href":"https:\/\/www.acxys.com\/zh-hans\/wp-json\/wp\/v2\/media?parent=3610"}],"curies":[{"name":"wp","href":"https:\/\/api.w.org\/{rel}","templated":true}]}}