{"id":3627,"date":"2021-06-16T15:32:43","date_gmt":"2021-06-16T13:32:43","guid":{"rendered":"https:\/\/www.acxys.com\/?page_id=3627"},"modified":"2022-09-27T14:31:05","modified_gmt":"2022-09-27T12:31:05","slug":"sales","status":"publish","type":"page","link":"https:\/\/www.acxys.com\/zh-hans\/pretreatment-surface-plasma\/sales\/","title":{"rendered":"Notre r\u00e9seau commercial &#8211; CN"},"content":{"rendered":"<p>[et_pb_section fb_built=&#8221;1&#8243; module_class=&#8221;lddw-entete-responsive&#8221; _builder_version=&#8221;3.22&#8243; background_image=&#8221;https:\/\/www.acxys.com\/wp-content\/uploads\/2019\/07\/bg-entete-reseau-1.jpg&#8221; custom_padding=&#8221;1%||1%|&#8221; z_index_tablet=&#8221;500&#8243;][et_pb_row _builder_version=&#8221;4.9.2&#8243; background_size=&#8221;initial&#8221; background_position=&#8221;top_left&#8221; background_repeat=&#8221;repeat&#8221;][\/et_pb_row][\/et_pb_section][et_pb_section fb_built=&#8221;1&#8243; _builder_version=&#8221;3.22&#8243; custom_padding=&#8221;0px||&#8221;][et_pb_row _builder_version=&#8221;3.25&#8243; border_color_bottom=&#8221;#2f68a3&#8243;][et_pb_column type=&#8221;4_4&#8243; _builder_version=&#8221;3.25&#8243; custom_padding=&#8221;|||&#8221; custom_padding__hover=&#8221;|||&#8221;][et_pb_text module_class=&#8221;lddw-landing-conteneur blue&#8221; _builder_version=&#8221;4.9.2&#8243; text_font=&#8221;||||||||&#8221; header_font=&#8221;|600||on|||||&#8221; header_text_color=&#8221;#ffffff&#8221; header_font_size=&#8221;20px&#8221; header_2_font=&#8221;||||||||&#8221; z_index_tablet=&#8221;500&#8243;]<\/p>\n<h1>\u6211\u4eec\u7684\u7b49\u79bb\u5b50\u4f53\u8868\u9762\u5904\u7406\u8bbe\u5907\u901a\u8fc7\u5e7f\u5e03\u7684\u9500\u552e\u7f51\u7edc\u9500\u5f80\u4e16\u754c\u5404\u5730\u3002<\/h1>\n<p>[\/et_pb_text][et_pb_text _builder_version=&#8221;4.9.7&#8243; z_index_tablet=&#8221;500&#8243; text_text_shadow_horizontal_length_tablet=&#8221;0px&#8221; text_text_shadow_vertical_length_tablet=&#8221;0px&#8221; text_text_shadow_blur_strength_tablet=&#8221;1px&#8221; link_text_shadow_horizontal_length_tablet=&#8221;0px&#8221; link_text_shadow_vertical_length_tablet=&#8221;0px&#8221; link_text_shadow_blur_strength_tablet=&#8221;1px&#8221; ul_text_shadow_horizontal_length_tablet=&#8221;0px&#8221; ul_text_shadow_vertical_length_tablet=&#8221;0px&#8221; ul_text_shadow_blur_strength_tablet=&#8221;1px&#8221; ol_text_shadow_horizontal_length_tablet=&#8221;0px&#8221; ol_text_shadow_vertical_length_tablet=&#8221;0px&#8221; ol_text_shadow_blur_strength_tablet=&#8221;1px&#8221; quote_text_shadow_horizontal_length_tablet=&#8221;0px&#8221; quote_text_shadow_vertical_length_tablet=&#8221;0px&#8221; quote_text_shadow_blur_strength_tablet=&#8221;1px&#8221; header_text_shadow_horizontal_length_tablet=&#8221;0px&#8221; header_text_shadow_vertical_length_tablet=&#8221;0px&#8221; header_text_shadow_blur_strength_tablet=&#8221;1px&#8221; header_2_text_shadow_horizontal_length_tablet=&#8221;0px&#8221; header_2_text_shadow_vertical_length_tablet=&#8221;0px&#8221; header_2_text_shadow_blur_strength_tablet=&#8221;1px&#8221; header_3_text_shadow_horizontal_length_tablet=&#8221;0px&#8221; header_3_text_shadow_vertical_length_tablet=&#8221;0px&#8221; header_3_text_shadow_blur_strength_tablet=&#8221;1px&#8221; header_4_text_shadow_horizontal_length_tablet=&#8221;0px&#8221; header_4_text_shadow_vertical_length_tablet=&#8221;0px&#8221; header_4_text_shadow_blur_strength_tablet=&#8221;1px&#8221; header_5_text_shadow_horizontal_length_tablet=&#8221;0px&#8221; header_5_text_shadow_vertical_length_tablet=&#8221;0px&#8221; header_5_text_shadow_blur_strength_tablet=&#8221;1px&#8221; header_6_text_shadow_horizontal_length_tablet=&#8221;0px&#8221; header_6_text_shadow_vertical_length_tablet=&#8221;0px&#8221; header_6_text_shadow_blur_strength_tablet=&#8221;1px&#8221; box_shadow_horizontal_tablet=&#8221;0px&#8221; box_shadow_vertical_tablet=&#8221;0px&#8221; box_shadow_blur_tablet=&#8221;40px&#8221; box_shadow_spread_tablet=&#8221;0px&#8221;]<\/p>\n<p>\u4e3a\u4e86\u80fd\u591f\u79ef\u6781\u89e3\u7b54\u5ba2\u6237\u9762\u4e34\u7684\u5de5\u4e1a\u95ee\u9898\uff0c\u5b9e\u73b0\u5ba2\u5236\u5316\u89e3\u51b3\u65b9\u6848\uff0cAcXys Technologies\u4f1a\u4f9d\u9760\u4ee3\u7406\u3001\u5206\u9500\u5546\u6216OEM\u5382\u5546\u7ec4\u6210\u7684\u7f51\u7edc\uff0c\u5171\u540c\u786e\u4fdd\u5728\u4e16\u754c\u5404\u5730\u7684\u5546\u52a1\u4ea4\u6d41\u5e76\u63d0\u4f9b\u6280\u672f\u652f\u6301\u3002\u6240\u6709\u8fd9\u4e9b\u4eba\u90fd\u5177\u5907<strong>\u7b49\u79bb\u5b50\u4f53\u8868\u9762\u5904\u7406\u65b9\u9762\u7684\u4e13\u4e1a\u77e5\u8bc6\u548c\u6280\u80fd<\/strong>\u3002<\/p>\n<p>[\/et_pb_text][et_pb_text _builder_version=&#8221;4.9.7&#8243; z_index_tablet=&#8221;500&#8243; text_text_shadow_horizontal_length_tablet=&#8221;0px&#8221; text_text_shadow_vertical_length_tablet=&#8221;0px&#8221; text_text_shadow_blur_strength_tablet=&#8221;1px&#8221; link_text_shadow_horizontal_length_tablet=&#8221;0px&#8221; link_text_shadow_vertical_length_tablet=&#8221;0px&#8221; link_text_shadow_blur_strength_tablet=&#8221;1px&#8221; ul_text_shadow_horizontal_length_tablet=&#8221;0px&#8221; ul_text_shadow_vertical_length_tablet=&#8221;0px&#8221; ul_text_shadow_blur_strength_tablet=&#8221;1px&#8221; ol_text_shadow_horizontal_length_tablet=&#8221;0px&#8221; ol_text_shadow_vertical_length_tablet=&#8221;0px&#8221; ol_text_shadow_blur_strength_tablet=&#8221;1px&#8221; quote_text_shadow_horizontal_length_tablet=&#8221;0px&#8221; quote_text_shadow_vertical_length_tablet=&#8221;0px&#8221; quote_text_shadow_blur_strength_tablet=&#8221;1px&#8221; header_text_shadow_horizontal_length_tablet=&#8221;0px&#8221; header_text_shadow_vertical_length_tablet=&#8221;0px&#8221; header_text_shadow_blur_strength_tablet=&#8221;1px&#8221; header_2_text_shadow_horizontal_length_tablet=&#8221;0px&#8221; header_2_text_shadow_vertical_length_tablet=&#8221;0px&#8221; header_2_text_shadow_blur_strength_tablet=&#8221;1px&#8221; header_3_text_shadow_horizontal_length_tablet=&#8221;0px&#8221; header_3_text_shadow_vertical_length_tablet=&#8221;0px&#8221; header_3_text_shadow_blur_strength_tablet=&#8221;1px&#8221; header_4_text_shadow_horizontal_length_tablet=&#8221;0px&#8221; header_4_text_shadow_vertical_length_tablet=&#8221;0px&#8221; header_4_text_shadow_blur_strength_tablet=&#8221;1px&#8221; header_5_text_shadow_horizontal_length_tablet=&#8221;0px&#8221; header_5_text_shadow_vertical_length_tablet=&#8221;0px&#8221; header_5_text_shadow_blur_strength_tablet=&#8221;1px&#8221; header_6_text_shadow_horizontal_length_tablet=&#8221;0px&#8221; header_6_text_shadow_vertical_length_tablet=&#8221;0px&#8221; header_6_text_shadow_blur_strength_tablet=&#8221;1px&#8221; box_shadow_horizontal_tablet=&#8221;0px&#8221; box_shadow_vertical_tablet=&#8221;0px&#8221; box_shadow_blur_tablet=&#8221;40px&#8221; box_shadow_spread_tablet=&#8221;0px&#8221;][\/et_pb_text][\/et_pb_column][\/et_pb_row][et_pb_row column_structure=&#8221;1_3,1_3,1_3&#8243; _builder_version=&#8221;3.25&#8243; background_size=&#8221;initial&#8221; background_position=&#8221;top_left&#8221; background_repeat=&#8221;repeat&#8221;][et_pb_column type=&#8221;1_3&#8243; _builder_version=&#8221;3.25&#8243; custom_padding=&#8221;|||&#8221; custom_padding__hover=&#8221;|||&#8221;][et_pb_text _builder_version=&#8221;4.9.2&#8243; custom_margin=&#8221;0px||||false|false&#8221; custom_padding=&#8221;0px||||false|false&#8221;]<\/p>\n<p><strong>JAPAN<\/strong><br \/>K. BRASCH &amp; CO., Ltd<br \/>2-13, Tsukishima 1-chome,<br \/>Chuo-ku, Tokyo(J-104-0052)<br \/>Tel +81 3 5560 7591<br \/><u><a href=\"http:\/\/www.kbrasch.co.jp\/\"><strong>www.kbrasch.co.jp<\/strong><\/a><\/u><\/p>\n<p>[\/et_pb_text][et_pb_text _builder_version=&#8221;3.27.4&#8243; custom_margin=&#8221;0px||||false|false&#8221; custom_padding=&#8221;0px||||false|false&#8221;]<\/p>\n<p><strong>ITALY<\/strong><br \/>In-Tech Srl<br \/>Via Q. Sella, 3<br \/>I -10093 Collegno (TO)<br \/>Tel\u00a0 +39 011 4153933<br \/><strong><u><a href=\"http:\/\/www.intech-srl.it\/\">www.intech-srl.it<\/a><\/u><\/strong><\/p>\n<p>[\/et_pb_text][\/et_pb_column][et_pb_column type=&#8221;1_3&#8243; _builder_version=&#8221;3.25&#8243; custom_padding=&#8221;|||&#8221; custom_padding__hover=&#8221;|||&#8221;][et_pb_text _builder_version=&#8221;3.27.4&#8243;]<\/p>\n<p><strong>CHINA<\/strong><br \/>Beijing E-science Co.,Ltd<br \/>N\u00b09 Jiuxianqiao East Road, Chaoyang district, Beijing, 100015, China<br \/>Tel +86 10 58237766<br \/><strong><u><a href=\"http:\/\/www.beijingec.com\/\">www.beijingec.com<\/a><\/u><\/strong><\/p>\n<p>[\/et_pb_text][et_pb_text _builder_version=&#8221;4.9.7&#8243;]<\/p>\n<p><strong>UK<\/strong><br \/>Active Surface Technology UK Ltd<br \/>Henton Lodge Farm<br \/>Oxfordshire OX39 4AE<br \/>Tel\u00a0 +44 1844 355221<br \/><u><a href=\"http:\/\/www.activesurfacetech.co.uk\/\"><strong>www.activesurfacetech.co.uk<\/strong><\/a><\/u><\/p>\n<p>[\/et_pb_text][et_pb_text _builder_version=&#8221;3.27.4&#8243;]<\/p>\n<p><strong>USA<\/strong><br \/>Innolab LLC<br \/>3930 Rosewood road, Monrovia, MD 21770<br \/>Tel +1 301 865 4058<br \/><u><a href=\"mailto:joel.penelon@acxys.com\"><strong>joel.penelon@acxys.com<\/strong><\/a><\/u><\/p>\n<p>&nbsp;<\/p>\n<p>&nbsp;<\/p>\n<p>[\/et_pb_text][\/et_pb_column][et_pb_column type=&#8221;1_3&#8243; _builder_version=&#8221;3.25&#8243; custom_padding=&#8221;|||&#8221; custom_padding__hover=&#8221;|||&#8221;][et_pb_text _builder_version=&#8221;4.9.7&#8243;]<\/p>\n<p><strong>INDIA<\/strong><br \/>Labline Scientific Instruments<br \/>C\/108, Maruti Darshan, Hanuman Chowk, L.T. Road, Mulund (East), Mumbai 400 081.<br \/>Tel\u00a0 +91 22 21633671<br \/><a href=\"http:\/\/www.labline.in\/\"><span style=\"text-decoration: underline;\"><strong>www.labline.in<\/strong><\/span><\/a><\/p>\n<p>[\/et_pb_text][et_pb_text _builder_version=&#8221;4.9.7&#8243; text_line_height=&#8221;1.6em&#8221; hover_enabled=&#8221;0&#8243; sticky_enabled=&#8221;0&#8243;]<\/p>\n<p><strong>POLAND<\/strong><br \/>SYGNIS S.A.<br \/>\u017bwirki i Wigury 101 St.<br \/>02-089 Warsaw<br \/>Tel\u00a0 +48 22 668 47 57<br \/><strong><u><a title=\"https:\/\/sygnis.pl\/\" contenteditable=\"false\" href=\"https:\/\/sygnis.pl\/\">www.sygnis.pl<\/a><\/u><\/strong><\/p>\n<p>&nbsp;<\/p>\n<p>[\/et_pb_text][\/et_pb_column][\/et_pb_row][\/et_pb_section]<\/p>\n","protected":false},"excerpt":{"rendered":"<p>[et_pb_section fb_built=&#8221;1&#8243; module_class=&#038;# [&hellip;]<\/p>\n","protected":false},"author":1,"featured_media":0,"parent":3595,"menu_order":0,"comment_status":"closed","ping_status":"closed","template":"","meta":{"_et_pb_use_builder":"on","_et_pb_old_content":"[et_pb_section bb_built=\"1\" module_class=\"lddw-entete-responsive\" _builder_version=\"3.22\" background_image=\"https:\/\/www.acxys.com\/wp-content\/uploads\/2019\/07\/bg-entete-reseau-1.jpg\" custom_padding=\"1%||1%|\" z_index_tablet=\"500\" next_background_color=\"#ffffff\"][et_pb_row][\/et_pb_row][\/et_pb_section][et_pb_section bb_built=\"1\" _builder_version=\"3.22\" custom_padding=\"0px||\" prev_background_color=\"#000000\"][et_pb_row _builder_version=\"3.25\" border_color_bottom=\"#2f68a3\"][et_pb_column type=\"4_4\" _builder_version=\"3.25\" custom_padding=\"|||\" custom_padding__hover=\"|||\"][et_pb_text module_class=\"lddw-landing-conteneur blue\" _builder_version=\"3.26.7\" text_font=\"||||||||\" header_font=\"|600||on|||||\" header_text_color=\"#ffffff\" header_font_size=\"20px\" header_2_font=\"||||||||\" z_index_tablet=\"500\"]\r\n\r\n<h1>Nos \u00e9quipements de traitement de surface plasma sont disponibles dans le monde entier gr\u00e2ce \u00e0 un r\u00e9seau commercial \u00e9tendu<\/h1>\r\n\r\n[\/et_pb_text][et_pb_text _builder_version=\"3.26.7\" text_text_shadow_horizontal_length=\"text_text_shadow_style,%91object Object%93\" text_text_shadow_horizontal_length_tablet=\"0px\" text_text_shadow_vertical_length=\"text_text_shadow_style,%91object Object%93\" text_text_shadow_vertical_length_tablet=\"0px\" text_text_shadow_blur_strength=\"text_text_shadow_style,%91object Object%93\" text_text_shadow_blur_strength_tablet=\"1px\" link_text_shadow_horizontal_length=\"link_text_shadow_style,%91object Object%93\" link_text_shadow_horizontal_length_tablet=\"0px\" link_text_shadow_vertical_length=\"link_text_shadow_style,%91object Object%93\" link_text_shadow_vertical_length_tablet=\"0px\" link_text_shadow_blur_strength=\"link_text_shadow_style,%91object Object%93\" link_text_shadow_blur_strength_tablet=\"1px\" ul_text_shadow_horizontal_length=\"ul_text_shadow_style,%91object Object%93\" ul_text_shadow_horizontal_length_tablet=\"0px\" ul_text_shadow_vertical_length=\"ul_text_shadow_style,%91object Object%93\" ul_text_shadow_vertical_length_tablet=\"0px\" ul_text_shadow_blur_strength=\"ul_text_shadow_style,%91object Object%93\" ul_text_shadow_blur_strength_tablet=\"1px\" ol_text_shadow_horizontal_length=\"ol_text_shadow_style,%91object Object%93\" ol_text_shadow_horizontal_length_tablet=\"0px\" ol_text_shadow_vertical_length=\"ol_text_shadow_style,%91object Object%93\" ol_text_shadow_vertical_length_tablet=\"0px\" ol_text_shadow_blur_strength=\"ol_text_shadow_style,%91object Object%93\" ol_text_shadow_blur_strength_tablet=\"1px\" quote_text_shadow_horizontal_length=\"quote_text_shadow_style,%91object Object%93\" quote_text_shadow_horizontal_length_tablet=\"0px\" quote_text_shadow_vertical_length=\"quote_text_shadow_style,%91object Object%93\" quote_text_shadow_vertical_length_tablet=\"0px\" quote_text_shadow_blur_strength=\"quote_text_shadow_style,%91object Object%93\" quote_text_shadow_blur_strength_tablet=\"1px\" header_text_shadow_horizontal_length=\"header_text_shadow_style,%91object Object%93\" header_text_shadow_horizontal_length_tablet=\"0px\" header_text_shadow_vertical_length=\"header_text_shadow_style,%91object Object%93\" header_text_shadow_vertical_length_tablet=\"0px\" header_text_shadow_blur_strength=\"header_text_shadow_style,%91object Object%93\" header_text_shadow_blur_strength_tablet=\"1px\" header_2_text_shadow_horizontal_length=\"header_2_text_shadow_style,%91object Object%93\" header_2_text_shadow_horizontal_length_tablet=\"0px\" header_2_text_shadow_vertical_length=\"header_2_text_shadow_style,%91object Object%93\" header_2_text_shadow_vertical_length_tablet=\"0px\" header_2_text_shadow_blur_strength=\"header_2_text_shadow_style,%91object Object%93\" header_2_text_shadow_blur_strength_tablet=\"1px\" header_3_text_shadow_horizontal_length=\"header_3_text_shadow_style,%91object Object%93\" header_3_text_shadow_horizontal_length_tablet=\"0px\" header_3_text_shadow_vertical_length=\"header_3_text_shadow_style,%91object Object%93\" header_3_text_shadow_vertical_length_tablet=\"0px\" header_3_text_shadow_blur_strength=\"header_3_text_shadow_style,%91object Object%93\" header_3_text_shadow_blur_strength_tablet=\"1px\" header_4_text_shadow_horizontal_length=\"header_4_text_shadow_style,%91object Object%93\" header_4_text_shadow_horizontal_length_tablet=\"0px\" header_4_text_shadow_vertical_length=\"header_4_text_shadow_style,%91object Object%93\" header_4_text_shadow_vertical_length_tablet=\"0px\" header_4_text_shadow_blur_strength=\"header_4_text_shadow_style,%91object Object%93\" header_4_text_shadow_blur_strength_tablet=\"1px\" header_5_text_shadow_horizontal_length=\"header_5_text_shadow_style,%91object Object%93\" header_5_text_shadow_horizontal_length_tablet=\"0px\" header_5_text_shadow_vertical_length=\"header_5_text_shadow_style,%91object Object%93\" header_5_text_shadow_vertical_length_tablet=\"0px\" header_5_text_shadow_blur_strength=\"header_5_text_shadow_style,%91object Object%93\" header_5_text_shadow_blur_strength_tablet=\"1px\" header_6_text_shadow_horizontal_length=\"header_6_text_shadow_style,%91object Object%93\" header_6_text_shadow_horizontal_length_tablet=\"0px\" header_6_text_shadow_vertical_length=\"header_6_text_shadow_style,%91object Object%93\" header_6_text_shadow_vertical_length_tablet=\"0px\" header_6_text_shadow_blur_strength=\"header_6_text_shadow_style,%91object Object%93\" header_6_text_shadow_blur_strength_tablet=\"1px\" box_shadow_horizontal_tablet=\"0px\" box_shadow_vertical_tablet=\"0px\" box_shadow_blur_tablet=\"40px\" box_shadow_spread_tablet=\"0px\" z_index_tablet=\"500\"]\r\n\r\n<p class=\"lddw\">Pour r\u00e9pondre aux probl\u00e9matiques industrielles de nos clients, r\u00e9aliser des solutions sur mesure, assurer un support commercial et technique dans le monde entier, AcXys Technologies s\u2019appuie \u00e9galement sur un r\u00e9seau d'agents, de distributeurs ou d\u2019int\u00e9grateurs. Tous partagent la m\u00eame <strong>expertise pour les pr\u00e9parations de surface par plasma.<\/strong><\/p>\r\n\r\n[\/et_pb_text][et_pb_text _builder_version=\"3.26.7\" text_text_shadow_horizontal_length=\"text_text_shadow_style,%91object Object%93\" text_text_shadow_horizontal_length_tablet=\"0px\" text_text_shadow_vertical_length=\"text_text_shadow_style,%91object Object%93\" text_text_shadow_vertical_length_tablet=\"0px\" text_text_shadow_blur_strength=\"text_text_shadow_style,%91object Object%93\" text_text_shadow_blur_strength_tablet=\"1px\" link_text_shadow_horizontal_length=\"link_text_shadow_style,%91object Object%93\" link_text_shadow_horizontal_length_tablet=\"0px\" link_text_shadow_vertical_length=\"link_text_shadow_style,%91object Object%93\" link_text_shadow_vertical_length_tablet=\"0px\" link_text_shadow_blur_strength=\"link_text_shadow_style,%91object Object%93\" link_text_shadow_blur_strength_tablet=\"1px\" ul_text_shadow_horizontal_length=\"ul_text_shadow_style,%91object Object%93\" ul_text_shadow_horizontal_length_tablet=\"0px\" ul_text_shadow_vertical_length=\"ul_text_shadow_style,%91object Object%93\" ul_text_shadow_vertical_length_tablet=\"0px\" ul_text_shadow_blur_strength=\"ul_text_shadow_style,%91object Object%93\" ul_text_shadow_blur_strength_tablet=\"1px\" ol_text_shadow_horizontal_length=\"ol_text_shadow_style,%91object Object%93\" ol_text_shadow_horizontal_length_tablet=\"0px\" ol_text_shadow_vertical_length=\"ol_text_shadow_style,%91object Object%93\" ol_text_shadow_vertical_length_tablet=\"0px\" ol_text_shadow_blur_strength=\"ol_text_shadow_style,%91object Object%93\" ol_text_shadow_blur_strength_tablet=\"1px\" quote_text_shadow_horizontal_length=\"quote_text_shadow_style,%91object Object%93\" quote_text_shadow_horizontal_length_tablet=\"0px\" quote_text_shadow_vertical_length=\"quote_text_shadow_style,%91object Object%93\" quote_text_shadow_vertical_length_tablet=\"0px\" quote_text_shadow_blur_strength=\"quote_text_shadow_style,%91object Object%93\" quote_text_shadow_blur_strength_tablet=\"1px\" header_text_shadow_horizontal_length=\"header_text_shadow_style,%91object Object%93\" header_text_shadow_horizontal_length_tablet=\"0px\" header_text_shadow_vertical_length=\"header_text_shadow_style,%91object Object%93\" header_text_shadow_vertical_length_tablet=\"0px\" header_text_shadow_blur_strength=\"header_text_shadow_style,%91object Object%93\" header_text_shadow_blur_strength_tablet=\"1px\" header_2_text_shadow_horizontal_length=\"header_2_text_shadow_style,%91object Object%93\" header_2_text_shadow_horizontal_length_tablet=\"0px\" header_2_text_shadow_vertical_length=\"header_2_text_shadow_style,%91object Object%93\" header_2_text_shadow_vertical_length_tablet=\"0px\" header_2_text_shadow_blur_strength=\"header_2_text_shadow_style,%91object Object%93\" header_2_text_shadow_blur_strength_tablet=\"1px\" header_3_text_shadow_horizontal_length=\"header_3_text_shadow_style,%91object Object%93\" header_3_text_shadow_horizontal_length_tablet=\"0px\" header_3_text_shadow_vertical_length=\"header_3_text_shadow_style,%91object Object%93\" header_3_text_shadow_vertical_length_tablet=\"0px\" header_3_text_shadow_blur_strength=\"header_3_text_shadow_style,%91object Object%93\" header_3_text_shadow_blur_strength_tablet=\"1px\" header_4_text_shadow_horizontal_length=\"header_4_text_shadow_style,%91object Object%93\" header_4_text_shadow_horizontal_length_tablet=\"0px\" header_4_text_shadow_vertical_length=\"header_4_text_shadow_style,%91object Object%93\" header_4_text_shadow_vertical_length_tablet=\"0px\" header_4_text_shadow_blur_strength=\"header_4_text_shadow_style,%91object Object%93\" header_4_text_shadow_blur_strength_tablet=\"1px\" header_5_text_shadow_horizontal_length=\"header_5_text_shadow_style,%91object Object%93\" header_5_text_shadow_horizontal_length_tablet=\"0px\" header_5_text_shadow_vertical_length=\"header_5_text_shadow_style,%91object Object%93\" header_5_text_shadow_vertical_length_tablet=\"0px\" header_5_text_shadow_blur_strength=\"header_5_text_shadow_style,%91object Object%93\" header_5_text_shadow_blur_strength_tablet=\"1px\" header_6_text_shadow_horizontal_length=\"header_6_text_shadow_style,%91object Object%93\" header_6_text_shadow_horizontal_length_tablet=\"0px\" header_6_text_shadow_vertical_length=\"header_6_text_shadow_style,%91object Object%93\" header_6_text_shadow_vertical_length_tablet=\"0px\" header_6_text_shadow_blur_strength=\"header_6_text_shadow_style,%91object Object%93\" header_6_text_shadow_blur_strength_tablet=\"1px\" box_shadow_horizontal_tablet=\"0px\" box_shadow_vertical_tablet=\"0px\" box_shadow_blur_tablet=\"40px\" box_shadow_spread_tablet=\"0px\" z_index_tablet=\"500\"]\r\n\r\n<p>Pour r\u00e9pondre \u00e0 la croissance de la demande des produits AcXys Technologies, <strong>nous recherchons \u00e0 \u00e9toffer notre r\u00e9seau d'agents et de distributeurs. <\/strong>Les agents ou distributeurs doivent \u00eatre avoir une structure juridique avec des bureaux physiques, une \u00e9quipe commerciale, la capacit\u00e9 de ma\u00eetriser techniquement les produits d'AcXys Technologies et un site internet. Si vous remplissez ces crit\u00e8res, merci de nous <a href=\"http:\/\/www.acxys.com\/fr\/contact\/\"><strong>contacter<\/strong><\/a>.<\/p>\r\n\r\n[\/et_pb_text][\/et_pb_column][\/et_pb_row][et_pb_row][et_pb_column type=\"1_3\"][et_pb_text _builder_version=\"3.26.7\" custom_margin=\"0px||||false|false\" custom_padding=\"0px||||false|false\"]\r\n\r\n<p><strong>JAPAN<\/strong><br \/>K. BRASCH & CO., Ltd<br \/>2-13, Tsukishima 1-chome,<br \/>Chuo-ku, Tokyo(J-104-0052)<br \/>Tel +81 3 5560 7591<br \/><u><a href=\"http:\/\/www.kbrasch.co.jp\/\"><strong>www.kbrasch.co.jp<\/strong><\/a><\/u><\/p>\r\n\r\n[\/et_pb_text][et_pb_text _builder_version=\"3.26.7\" custom_margin=\"0px||||false|false\" custom_padding=\"0px||||false|false\"]\r\n\r\n<p><strong>ITALY<\/strong><br \/>In-Tech Srl<br \/>Via Q. Sella, 3<br \/>I -10093 Collegno (TO)<br \/>Tel\u00a0 +39 011 4153933<br \/><strong><u><a href=\"http:\/\/www.intech-srl.it\/\">www.intech-srl.it<\/a><\/u><\/strong><\/p>\r\n\r\n[\/et_pb_text][\/et_pb_column][et_pb_column type=\"1_3\"][et_pb_text _builder_version=\"3.26.7\"]\r\n\r\n<p><strong>CHINA<\/strong><br \/>Beijing E-science Co.,Ltd<br \/>N\u00b09 Jiuxianqiao East Road, Chaoyang district, Beijing, 100015, China<br \/>Tel +86 10 58237766<br \/><strong><u><a href=\"http:\/\/www.beijingec.com\/\">www.beijingec.com<\/a><\/u><\/strong><\/p>\r\n\r\n[\/et_pb_text][et_pb_text _builder_version=\"3.26.7\"]\r\n\r\n<p><strong>UK<\/strong><br \/>Active Surface Technology UK Ltd<br \/>Henton Lodge Farm<br \/>Oxfordshire OX39 4AE<br \/>Tel\u00a0 +44 1844 355221<br \/><u><a href=\"http:\/\/www.activesurfacetech.co.uk\/\"><strong>www.activesurfacetech.co.uk<\/strong><\/a><\/u><\/p>\r\n\r\n[\/et_pb_text][et_pb_text _builder_version=\"3.26.7\"]\r\n\r\n<p><strong>USA<\/strong><br \/>Innolab LLC<br \/>3930 Rosewood road, Monrovia, MD 21770<br \/>Tel +1 301 865 4058<br \/><u><a href=\"mailto:joel.penelon@acxys.com\"><strong>joel.penelon@acxys.com<\/strong><\/a><\/u><\/p>\r\n<p>\u00a0<\/p>\r\n<p>\u00a0<\/p>\r\n\r\n[\/et_pb_text][\/et_pb_column][et_pb_column type=\"1_3\"][et_pb_text _builder_version=\"3.26.7\"]\r\n\r\n<p><strong>INDIA<\/strong><br \/>Labline Scientific Instruments<br \/>C\/108, Maruti Darshan, Hanuman Chowk, L.T. Road, Mulund (East), Mumbai 400 081.<br \/>Tel\u00a0 +91 22 21633671<br \/><a href=\"http:\/\/www.labline.in\/\"><span style=\"text-decoration: underline;\"><strong>www.labline.in<\/strong><\/span><\/a><\/p>\r\n\r\n[\/et_pb_text][et_pb_text _builder_version=\"3.26.7\"]\r\n\r\n<p><strong>FRANCE<\/strong><br \/>Capime<br \/>114, rue des Usines<br \/>69390 Vernaison<br \/>Tel +33 4 27 85 82 23<br \/><u><a href=\"http:\/\/www.capime.fr\/\"><strong>www.capime.fr<\/strong><\/a><\/u><\/p>\r\n\r\n[\/et_pb_text][\/et_pb_column][\/et_pb_row][\/et_pb_section]","_et_gb_content_width":"","footnotes":""},"class_list":["post-3627","page","type-page","status-publish","hentry"],"_links":{"self":[{"href":"https:\/\/www.acxys.com\/zh-hans\/wp-json\/wp\/v2\/pages\/3627","targetHints":{"allow":["GET"]}}],"collection":[{"href":"https:\/\/www.acxys.com\/zh-hans\/wp-json\/wp\/v2\/pages"}],"about":[{"href":"https:\/\/www.acxys.com\/zh-hans\/wp-json\/wp\/v2\/types\/page"}],"author":[{"embeddable":true,"href":"https:\/\/www.acxys.com\/zh-hans\/wp-json\/wp\/v2\/users\/1"}],"replies":[{"embeddable":true,"href":"https:\/\/www.acxys.com\/zh-hans\/wp-json\/wp\/v2\/comments?post=3627"}],"version-history":[{"count":14,"href":"https:\/\/www.acxys.com\/zh-hans\/wp-json\/wp\/v2\/pages\/3627\/revisions"}],"predecessor-version":[{"id":5301,"href":"https:\/\/www.acxys.com\/zh-hans\/wp-json\/wp\/v2\/pages\/3627\/revisions\/5301"}],"up":[{"embeddable":true,"href":"https:\/\/www.acxys.com\/zh-hans\/wp-json\/wp\/v2\/pages\/3595"}],"wp:attachment":[{"href":"https:\/\/www.acxys.com\/zh-hans\/wp-json\/wp\/v2\/media?parent=3627"}],"curies":[{"name":"wp","href":"https:\/\/api.w.org\/{rel}","templated":true}]}}