{"id":3634,"date":"2021-06-16T15:51:50","date_gmt":"2021-06-16T13:51:50","guid":{"rendered":"https:\/\/www.acxys.com\/?page_id=3634"},"modified":"2021-06-22T15:46:20","modified_gmt":"2021-06-22T13:46:20","slug":"plasma-technology-surface-treatment","status":"publish","type":"page","link":"https:\/\/www.acxys.com\/zh-hans\/plasma-technology-surface-treatment\/","title":{"rendered":"Technologies Plasma &#8211; CN"},"content":{"rendered":"<p>[et_pb_section fb_built=&#8221;1&#8243; module_class=&#8221;lddw-entete-responsive&#8221; _builder_version=&#8221;4.7.7&#8243; background_image=&#8221;https:\/\/www.acxys.com\/wp-content\/uploads\/2021\/03\/P10204595-scaled.jpg&#8221; custom_padding=&#8221;1%||1%|&#8221; z_index_tablet=&#8221;500&#8243;][\/et_pb_section][et_pb_section fb_built=&#8221;1&#8243; _builder_version=&#8221;3.22&#8243; custom_padding=&#8221;0px||0px||true&#8221;][et_pb_row _builder_version=&#8221;3.26.7&#8243; animation_style=&#8221;slide&#8221;][et_pb_column type=&#8221;4_4&#8243; _builder_version=&#8221;3.25&#8243; custom_padding=&#8221;|||&#8221; custom_padding__hover=&#8221;|||&#8221;][et_pb_text admin_label=&#8221;Texte&#8221; module_class=&#8221;lddw-landing-conteneur blue&#8221; _builder_version=&#8221;4.9.2&#8243; text_font=&#8221;||||||||&#8221; header_font=&#8221;|600||on|||||&#8221; header_text_color=&#8221;#ffffff&#8221; header_font_size=&#8221;20px&#8221; z_index_tablet=&#8221;500&#8243;]<\/p>\n<h1>\u7b49\u79bb\u5b50\u4f53\u662f\u4e00\u79cd\u9ad8\u6548\u3001\u73af\u4fdd\u4e14\u7ecf\u6d4e\u7684\u8868\u9762\u5904\u7406\u6280\u672f\u3002<\/h1>\n<p>[\/et_pb_text][\/et_pb_column][\/et_pb_row][et_pb_row column_structure=&#8221;1_4,3_4&#8243; _builder_version=&#8221;3.26.7&#8243; animation_style=&#8221;slide&#8221; animation_direction=&#8221;left&#8221; border_width_bottom=&#8221;2px&#8221; border_color_bottom=&#8221;#2f68a3&#8243;][et_pb_column type=&#8221;1_4&#8243; _builder_version=&#8221;3.25&#8243; custom_padding=&#8221;|||&#8221; custom_padding__hover=&#8221;|||&#8221;][et_pb_text _builder_version=&#8221;4.9.2&#8243; header_font=&#8221;||||||||&#8221; header_2_font=&#8221;||||||||&#8221; header_2_text_color=&#8221;#499ef7&#8243; custom_padding=&#8221;|||15px&#8221; border_color_right=&#8221;#e18e55&#8243; border_width_left=&#8221;8px&#8221; border_color_left=&#8221;#e18e55&#8243;]<\/p>\n<h2>\u4ec0\u4e48\u662f\u7b49\u79bb\u5b50\u4f53\u6001\uff1f<\/h2>\n<p>[\/et_pb_text][\/et_pb_column][et_pb_column type=&#8221;3_4&#8243; _builder_version=&#8221;3.25&#8243; custom_padding=&#8221;|||&#8221; custom_padding__hover=&#8221;|||&#8221;][et_pb_text _builder_version=&#8221;4.9.2&#8243;]<\/p>\n<p class=\"lddw\">\u7b49\u79bb\u5b50\u4f53\u6001\u901a\u5e38\u4f1a\u88ab\u79f0\u4e3a\u201c<strong>\u7269\u8d28\u7684\u7b2c\u56db\u6001<\/strong>\u201d\u4e0d\u540c\u4e8e\u81ea\u7136\u754c\u4e2d\u7684\u56fa\u4f53\u3001\u6db2\u4f53\u6216\u6c14\u4f53\uff0c\u7b49\u79bb\u5b50\u4f53\u53ea\u80fd\u4ece\u6301\u7eed\u63a5\u53d7\u80fd\u91cf\u7684\u6c14\u4f53\u4e2d\u83b7\u53d6\u3002<\/p>\n<p class=\"lddw\">\u4e3e\u4e2a\u4f8b\u5b50\uff0c\u5728\u6c14\u4f53\u4e2d\u653e\u7f6e\u4e24\u4e2a\u7535\u6781\u5e76\u65bd\u52a0\u4e00\u5b9a\u7684\u7535\u538b\u4ee5\u4ea7\u751f\u653e\u7535\uff0c\u6b64\u65f6\u4fbf\u53ef\u4ea7\u751f\u7b49\u79bb\u5b50\u4f53\u3002\u8fd9\u5c31\u4ea7\u751f\u4e86\u4e00\u79cd\u5305\u542b\u8bb8\u591a\u9ad8\u6d3b\u6027\u7269\u8d28\u7684\u7535\u79bb\u4ecb\u8d28\uff0c\u5982\u79bb\u5b50\uff08\u5e26\u6b63\u7535\u6216\u8d1f\u7535\uff09\u548c\u6fc0\u53d1\u7684\u4e9a\u7a33\u6001\u5206\u5b50\u3002<\/p>\n<p class=\"lddw\">\u5728\u8868\u9762\u5904\u7406\u4e2d\uff0c\u6b63\u662f\u5229\u7528\u4e86\u8fd9\u4e9b\u9ad8\u6d3b\u6027\u7269\u8d28\u7684\u7279\u6027\uff0c\u8ba9\u5b83\u4eec\u53c2\u4e0e\u975e\u5e38\u5feb\u901f\u7684\u5316\u5b66\u53cd\u5e94\u3002<\/p>\n<p>[\/et_pb_text][et_pb_image src=&#8221;https:\/\/www.acxys.com\/wp-content\/uploads\/2019\/05\/technologie-plasma.jpg&#8221; align=&#8221;center&#8221; align_tablet=&#8221;center&#8221; align_phone=&#8221;&#8221; align_last_edited=&#8221;on|desktop&#8221; _builder_version=&#8221;4.9.2&#8243;][\/et_pb_image][\/et_pb_column][\/et_pb_row][et_pb_row column_structure=&#8221;1_4,3_4&#8243; _builder_version=&#8221;3.25&#8243; border_width_bottom=&#8221;2px&#8221; border_color_bottom=&#8221;#2f68a3&#8243;][et_pb_column type=&#8221;1_4&#8243; _builder_version=&#8221;3.25&#8243; custom_padding=&#8221;|||&#8221; custom_padding__hover=&#8221;|||&#8221;][et_pb_text _builder_version=&#8221;4.9.2&#8243; header_font=&#8221;||||||||&#8221; header_2_font=&#8221;||||||||&#8221; header_2_text_color=&#8221;#499ef7&#8243; custom_padding=&#8221;|15px||&#8221; border_width_right=&#8221;8px&#8221; border_color_right=&#8221;#e18e55&#8243;]<\/p>\n<h2>\u51b7\u7b49\u79bb\u5b50\u4f53\uff0c\u70ed\u7b49\u79bb\u5b50\u4f53\uff1f<\/h2>\n<p>[\/et_pb_text][\/et_pb_column][et_pb_column type=&#8221;3_4&#8243; _builder_version=&#8221;3.25&#8243; custom_padding=&#8221;|||&#8221; custom_padding__hover=&#8221;|||&#8221;][et_pb_text _builder_version=&#8221;4.9.2&#8243;]<\/p>\n<p class=\"lddw\">\u6839\u636e\u5236\u9020\u7b49\u79bb\u5b50\u4f53\u7684\u6280\u672f\u624b\u6bb5\u548c\u9884\u671f\u7528\u9014\uff0c\u6c14\u4f53\u4ecb\u8d28\u7684\u6e29\u5ea6\u53ef\u4fdd\u6301\u5728\u8f83\u4f4e\u6c34\u5e73\uff0c\u63a5\u8fd1\u73af\u5883\u6e29\u5ea6\uff1b\u53c8\u6216\u8005\u5927\u5e45\u4e0a\u5347\uff0c\u8fbe\u52301000\u2103\u4ee5\u4e0a\u7684\u6e29\u5ea6\u3002\u8fd9\u5c31\u662f\u6240\u8c13\u7684<strong>\u51b7\u7b49\u79bb\u5b50\u4f53<\/strong>\u6216\u70ed\u7b49\u79bb\u5b50\u4f53\u3002<\/p>\n<p>[\/et_pb_text][\/et_pb_column][\/et_pb_row][et_pb_row column_structure=&#8221;1_4,3_4&#8243; _builder_version=&#8221;3.25&#8243; border_width_bottom=&#8221;2px&#8221; border_color_bottom=&#8221;#2f68a3&#8243;][et_pb_column type=&#8221;1_4&#8243; _builder_version=&#8221;3.25&#8243; custom_padding=&#8221;|||&#8221; custom_padding__hover=&#8221;|||&#8221;][et_pb_text _builder_version=&#8221;4.9.2&#8243; header_font=&#8221;||||||||&#8221; header_2_font=&#8221;||||||||&#8221; header_2_text_color=&#8221;#499ef7&#8243; custom_padding=&#8221;|||15px&#8221; border_color_right=&#8221;#e18e55&#8243; border_width_left=&#8221;8px&#8221; border_color_left=&#8221;#e18e55&#8243;]<\/p>\n<h2>\u5e38\u538b\u7b49\u79bb\u5b50\u4f53\uff0c\u6216\u4f4e\u538b\u7b49\u79bb\u5b50\u4f53\uff1f<\/h2>\n<p>[\/et_pb_text][\/et_pb_column][et_pb_column type=&#8221;3_4&#8243; _builder_version=&#8221;3.25&#8243; custom_padding=&#8221;|||&#8221; custom_padding__hover=&#8221;|||&#8221;][et_pb_text _builder_version=&#8221;4.9.2&#8243;]<\/p>\n<p class=\"lddw\">\u7b49\u79bb\u5b50\u4f53\u53ef\u5728\u4f4e\u538b\uff08\u6216\u771f\u7a7a\uff09\u6216\u5e38\u538b\u4e0b\u4ea7\u751f\u3002<br \/>\n\u4f4e\u538b\u7b49\u79bb\u5b50\u4f53\u9700\u8981\u5728\u771f\u7a7a\u5ba4\u4e2d\u4ea7\u751f\uff0c\u4e00\u822c\u662f\u7531\u771f\u7a7a\u6cf5\u5236\u9020\u4f4e\u4e8e\u5927\u6c14\u538b\u7684\u538b\u529b\u3002\u8fd9\u7c7b\u88c5\u7f6e\u5728\u8868\u9762\u5904\u7406\u65b9\u9762\u63d0\u4f9b\u4e86\u5f88\u5927\u7684\u53ef\u80fd\u6027\uff0c\u4f46\u6cf5\u9001\u65f6\u95f4\u7684\u957f\u77ed\u5f80\u5f80\u662f\u5176\u5de5\u4e1a\u53d1\u5c55\u4e2d\u7684\u4e00\u4e2a\u9650\u5236\u3002<\/p>\n<p class=\"lddw\">\u5728\u5927\u6c14\u538b\u529b\u4e0b\uff0c\u7b49\u79bb\u5b50\u4f53\u4f1a\u7531\u4e13\u95e8\u8bbe\u8ba1\u5f00\u53d1\u7684\u8bbe\u5907\u4e2d\u4ea7\u751f\u3002\u56e0\u6b64\u5e38\u538b\u7b49\u79bb\u5b50\u4f53\u7684\u914d\u7f6e\u5177\u6709\u53cc\u91cd\u7ecf\u6d4e\u4f18\u52bf\uff1a\u5b83\u907f\u514d\u4e86\u771f\u7a7a\u5ba4\u548c\u62bd\u6c14\u88c5\u7f6e\u7684\u6295\u5165\u6210\u672c\uff0c\u5e76\u4e14\uff0c\u901a\u8fc7\u76f4\u63a5\u96c6\u6210\u5230\u8fde\u7eed\u8fd0\u884c\u7684\u751f\u4ea7\u7ebf\u4e0a\uff0c\u8fd9\u53ef\u4ee5\u76f4\u63a5\u63d0\u9ad8\u751f\u4ea7\u6548\u7387\u3002<\/p>\n<p>[\/et_pb_text][\/et_pb_column][\/et_pb_row][et_pb_row column_structure=&#8221;1_3,1_3,1_3&#8243; _builder_version=&#8221;3.25&#8243;][et_pb_column type=&#8221;1_3&#8243; _builder_version=&#8221;3.25&#8243; custom_padding=&#8221;|||&#8221; custom_padding__hover=&#8221;|||&#8221;][et_pb_button button_url=&#8221;\/zh-hans\/plasma-technology-surface-treatment\/plasma-process\/&#8221; button_text=&#8221;AcXys Technologies\u7684\u7b49\u79bb\u5b50\u4f53\u6280\u672f\u6709\u4f55\u7279\u522b\u4e4b\u5904\uff1f&#8221; button_alignment=&#8221;center&#8221; _builder_version=&#8221;4.9.2&#8243; custom_button=&#8221;on&#8221; button_text_color=&#8221;#ffffff&#8221; button_bg_color=&#8221;#2f68a3&#8243; button_border_color=&#8221;#2f68a3&#8243; button_border_radius=&#8221;0&#8243; button_font=&#8221;||||||||&#8221; button_use_icon=&#8221;off&#8221; hover_enabled=&#8221;0&#8243; z_index_tablet=&#8221;500&#8243; sticky_enabled=&#8221;0&#8243;][\/et_pb_button][\/et_pb_column][et_pb_column type=&#8221;1_3&#8243; _builder_version=&#8221;3.25&#8243; custom_padding=&#8221;|||&#8221; custom_padding__hover=&#8221;|||&#8221;][et_pb_button button_url=&#8221;\/zh-hans\/plasma-technology-surface-treatment\/activation-wettability-bonding-cleaning-molding\/&#8221; button_text=&#8221;\u7b49\u79bb\u5b50\u4f53\u5de5\u827a\u53ca\u5e94\u7528&#8221; button_alignment=&#8221;center&#8221; _builder_version=&#8221;4.9.2&#8243; custom_button=&#8221;on&#8221; button_text_color=&#8221;#ffffff&#8221; button_bg_color=&#8221;#2f68a3&#8243; button_border_color=&#8221;#2f68a3&#8243; button_border_radius=&#8221;0&#8243; button_font=&#8221;||||||||&#8221; button_use_icon=&#8221;off&#8221; hover_enabled=&#8221;0&#8243; z_index_tablet=&#8221;500&#8243; sticky_enabled=&#8221;0&#8243;][\/et_pb_button][\/et_pb_column][et_pb_column type=&#8221;1_3&#8243; _builder_version=&#8221;3.25&#8243; custom_padding=&#8221;|||&#8221; custom_padding__hover=&#8221;|||&#8221;][et_pb_button button_url=&#8221;\/zh-hans\/plasma-technology-surface-treatment\/plasma-vs-corona\/&#8221; button_text=&#8221; \u7b49\u79bb\u5b50\u4f53VS \u5176\u4ed6\u6280\u672f&#8221; button_alignment=&#8221;center&#8221; _builder_version=&#8221;4.9.2&#8243; custom_button=&#8221;on&#8221; button_text_color=&#8221;#ffffff&#8221; button_bg_color=&#8221;#2f68a3&#8243; button_border_color=&#8221;#2f68a3&#8243; button_border_radius=&#8221;0&#8243; button_font=&#8221;||||||||&#8221; button_use_icon=&#8221;off&#8221; hover_enabled=&#8221;0&#8243; z_index_tablet=&#8221;500&#8243; sticky_enabled=&#8221;0&#8243;][\/et_pb_button][\/et_pb_column][\/et_pb_row][\/et_pb_section]<\/p>\n","protected":false},"excerpt":{"rendered":"<p>[et_pb_section fb_built=&#8221;1&#8243; module_class=&#038;# [&hellip;]<\/p>\n","protected":false},"author":1,"featured_media":0,"parent":0,"menu_order":0,"comment_status":"closed","ping_status":"closed","template":"","meta":{"_et_pb_use_builder":"on","_et_pb_old_content":"[et_pb_section fb_built=\"1\" module_class=\"lddw-entete-responsive\" _builder_version=\"4.7.7\" background_image=\"https:\/\/www.acxys.com\/wp-content\/uploads\/2021\/03\/P10204595-scaled.jpg\" custom_padding=\"1%||1%|\" z_index_tablet=\"500\"][\/et_pb_section][et_pb_section fb_built=\"1\" _builder_version=\"3.22\" custom_padding=\"0px||0px||true\"][et_pb_row _builder_version=\"3.26.7\" animation_style=\"slide\"][et_pb_column type=\"4_4\" _builder_version=\"3.25\" custom_padding=\"|||\" custom_padding__hover=\"|||\"][et_pb_text admin_label=\"Texte\" module_class=\"lddw-landing-conteneur blue\" _builder_version=\"4.9.2\" text_font=\"||||||||\" header_font=\"|600||on|||||\" header_text_color=\"#ffffff\" header_font_size=\"20px\" z_index_tablet=\"500\"]<h1>Le plasma, une technologie performante, \u00e9co-responsable et \u00e9conomique pour le traitement de surface<\/h1>[\/et_pb_text][\/et_pb_column][\/et_pb_row][et_pb_row column_structure=\"1_4,3_4\" _builder_version=\"3.26.7\" animation_style=\"slide\" animation_direction=\"left\" border_width_bottom=\"2px\" border_color_bottom=\"#2f68a3\"][et_pb_column type=\"1_4\" _builder_version=\"3.25\" custom_padding=\"|||\" custom_padding__hover=\"|||\"][et_pb_text _builder_version=\"4.9.2\" header_font=\"||||||||\" header_2_font=\"||||||||\" header_2_text_color=\"#499ef7\" custom_padding=\"|||15px\" border_color_right=\"#e18e55\" border_width_left=\"8px\" border_color_left=\"#e18e55\"]<h2>Qu\u2019est-ce que le plasma ?<\/h2>[\/et_pb_text][\/et_pb_column][et_pb_column type=\"3_4\" _builder_version=\"3.25\" custom_padding=\"|||\" custom_padding__hover=\"|||\"][et_pb_text _builder_version=\"4.9.2\" hover_enabled=\"0\" sticky_enabled=\"0\"]<p class=\"lddw\">Le plasma est souvent appel\u00e9 \u00ab <strong>quatri\u00e8me \u00e9tat de mati\u00e8re<\/strong> \u00bb. Contrairement aux solides, aux liquides ou aux gaz qui existent tous de mani\u00e8re naturelle, l\u2019\u00e9tat plasma ne peut \u00eatre atteint qu\u2019\u00e0 partir d\u2019un gaz soumis \u00e0 un apport continu d\u2019\u00e9nergie.<\/p>\r\n<p class=\"lddw\">Par exemple, l\u2019\u00e9tat plasma peut \u00eatre cr\u00e9\u00e9 en pla\u00e7ant 2 \u00e9lectrodes dans du gaz et en maintenant entre elles une tension \u00e9lectrique pour produire une d\u00e9charge. Cela g\u00e9n\u00e8re alors un milieu ionis\u00e9, contenant de nombreuses esp\u00e8ces fortement r\u00e9actives telles que des ions (charg\u00e9s positivement ou n\u00e9gativement) et des mol\u00e9cules excit\u00e9es ou m\u00e9ta-stables.<\/p>\r\n<p class=\"lddw\">Ce sont les propri\u00e9t\u00e9s de ces esp\u00e8ces r\u00e9actives qui sont exploit\u00e9es en traitement de surface, en les faisant participer \u00e0 des r\u00e9actions chimiques tr\u00e8s rapides.<\/p>[\/et_pb_text][et_pb_image src=\"https:\/\/www.acxys.com\/wp-content\/uploads\/2019\/05\/technologie-plasma.jpg\" align=\"center\" align_tablet=\"center\" align_phone=\"\" align_last_edited=\"on|desktop\" _builder_version=\"3.23\"][\/et_pb_image][\/et_pb_column][\/et_pb_row][et_pb_row column_structure=\"1_4,3_4\" _builder_version=\"3.25\" border_width_bottom=\"2px\" border_color_bottom=\"#2f68a3\"][et_pb_column type=\"1_4\" _builder_version=\"3.25\" custom_padding=\"|||\" custom_padding__hover=\"|||\"][et_pb_text _builder_version=\"3.27.4\" header_font=\"||||||||\" header_2_font=\"||||||||\" header_2_text_color=\"#499ef7\" custom_padding=\"|15px||\" border_width_right=\"8px\" border_color_right=\"#e18e55\"]<h2>Plasma froid ou plasma thermique ?<\/h2>[\/et_pb_text][\/et_pb_column][et_pb_column type=\"3_4\" _builder_version=\"3.25\" custom_padding=\"|||\" custom_padding__hover=\"|||\"][et_pb_text _builder_version=\"3.27.4\"]<p class=\"lddw\">Selon la fa\u00e7on dont le plasma est produit et l\u2019utilisation envisag\u00e9e, la temp\u00e9rature du milieu gazeux peut rester faible, voisine de la temp\u00e9rature ambiante, ou s\u2019\u00e9lever consid\u00e9rablement pour atteindre des temp\u00e9ratures de plus de 1000\u00b0C. On parle alors de plasma froid ou de plasma thermique.<\/p>[\/et_pb_text][\/et_pb_column][\/et_pb_row][et_pb_row column_structure=\"1_4,3_4\" _builder_version=\"3.25\" border_width_bottom=\"2px\" border_color_bottom=\"#2f68a3\"][et_pb_column type=\"1_4\" _builder_version=\"3.25\" custom_padding=\"|||\" custom_padding__hover=\"|||\"][et_pb_text _builder_version=\"3.27.4\" header_font=\"||||||||\" header_2_font=\"||||||||\" header_2_text_color=\"#499ef7\" custom_padding=\"|||15px\" border_color_right=\"#e18e55\" border_width_left=\"8px\" border_color_left=\"#e18e55\"]<h2>Plasma \u00e0 pression atmosph\u00e9rique ou \u00e0 basse-pression ?<\/h2>[\/et_pb_text][\/et_pb_column][et_pb_column type=\"3_4\" _builder_version=\"3.25\" custom_padding=\"|||\" custom_padding__hover=\"|||\"][et_pb_text _builder_version=\"3.27.4\"]<p class=\"lddw\">Le plasma peut \u00eatre produit \u00e0 basse pression ou \u00e0 pression atmosph\u00e9rique.\r\nA basse pression, l\u2019\u00e9tat plasma est n\u00e9cessairement produit dans une chambre \u00e0 vide coupl\u00e9e \u00e0 un syst\u00e8me de pompage pour obtenir une pression inf\u00e9rieure \u00e0 la pression atmosph\u00e9rique. Cette configuration offre de grandes possibilit\u00e9s en traitement de surface mais la dur\u00e9e des temps de pompage est souvent un frein \u00e0 son exploitation industrielle.<\/p>\r\n<p class=\"lddw\">A la pression atmosph\u00e9rique, l\u2019\u00e9tat plasma est produit gr\u00e2ce \u00e0 des dispositifs mis au point sp\u00e9cifiquement pour fonctionner dans ces conditions. Cette configuration offre un double avantage \u00e9conomique : elle \u00e9vite les co\u00fbts d\u2019investissement d\u2019une chambre \u00e0 vide et du groupe de pompage et, en s\u2019int\u00e9grant directement sur des lignes de production op\u00e9rant en continu, elle permet une productivit\u00e9 \u00e9lev\u00e9e.<\/p>[\/et_pb_text][\/et_pb_column][\/et_pb_row][et_pb_row column_structure=\"1_3,1_3,1_3\" _builder_version=\"3.25\"][et_pb_column type=\"1_3\" _builder_version=\"3.25\" custom_padding=\"|||\" custom_padding__hover=\"|||\"][et_pb_button button_url=\"?p=626\" button_text=\"Fonctionnement des plasmas d\u2019AcXys Technologies\" button_alignment=\"center\" _builder_version=\"3.21.1\" custom_button=\"on\" button_text_color=\"#ffffff\" button_bg_color=\"#2f68a3\" button_border_color=\"#2f68a3\" button_border_radius=\"0\" button_font=\"||||||||\" button_use_icon=\"off\" z_index_tablet=\"500\"][\/et_pb_button][\/et_pb_column][et_pb_column type=\"1_3\" _builder_version=\"3.25\" custom_padding=\"|||\" custom_padding__hover=\"|||\"][et_pb_button button_url=\"?p=628\" button_text=\" Les proc\u00e9d\u00e9s plasma et leurs applications\" button_alignment=\"center\" _builder_version=\"3.21.1\" custom_button=\"on\" button_text_color=\"#ffffff\" button_bg_color=\"#2f68a3\" button_border_color=\"#2f68a3\" button_border_radius=\"0\" button_font=\"||||||||\" button_use_icon=\"off\" z_index_tablet=\"500\"][\/et_pb_button][\/et_pb_column][et_pb_column type=\"1_3\" _builder_version=\"3.25\" custom_padding=\"|||\" custom_padding__hover=\"|||\"][et_pb_button button_url=\"?p=630\" button_text=\" Plasma versus autres technologies\" button_alignment=\"center\" _builder_version=\"3.21.1\" custom_button=\"on\" button_text_color=\"#ffffff\" button_bg_color=\"#2f68a3\" button_border_color=\"#2f68a3\" button_border_radius=\"0\" button_font=\"||||||||\" button_use_icon=\"off\" z_index_tablet=\"500\"][\/et_pb_button][\/et_pb_column][\/et_pb_row][\/et_pb_section]","_et_gb_content_width":"","footnotes":""},"class_list":["post-3634","page","type-page","status-publish","hentry"],"_links":{"self":[{"href":"https:\/\/www.acxys.com\/zh-hans\/wp-json\/wp\/v2\/pages\/3634","targetHints":{"allow":["GET"]}}],"collection":[{"href":"https:\/\/www.acxys.com\/zh-hans\/wp-json\/wp\/v2\/pages"}],"about":[{"href":"https:\/\/www.acxys.com\/zh-hans\/wp-json\/wp\/v2\/types\/page"}],"author":[{"embeddable":true,"href":"https:\/\/www.acxys.com\/zh-hans\/wp-json\/wp\/v2\/users\/1"}],"replies":[{"embeddable":true,"href":"https:\/\/www.acxys.com\/zh-hans\/wp-json\/wp\/v2\/comments?post=3634"}],"version-history":[{"count":5,"href":"https:\/\/www.acxys.com\/zh-hans\/wp-json\/wp\/v2\/pages\/3634\/revisions"}],"predecessor-version":[{"id":3803,"href":"https:\/\/www.acxys.com\/zh-hans\/wp-json\/wp\/v2\/pages\/3634\/revisions\/3803"}],"wp:attachment":[{"href":"https:\/\/www.acxys.com\/zh-hans\/wp-json\/wp\/v2\/media?parent=3634"}],"curies":[{"name":"wp","href":"https:\/\/api.w.org\/{rel}","templated":true}]}}