{"id":3682,"date":"2021-06-17T18:22:57","date_gmt":"2021-06-17T16:22:57","guid":{"rendered":"https:\/\/www.acxys.com\/?page_id=3682"},"modified":"2021-06-22T15:55:14","modified_gmt":"2021-06-22T13:55:14","slug":"equipment-plasma-treatment-surface","status":"publish","type":"page","link":"https:\/\/www.acxys.com\/zh-hans\/equipment-plasma-treatment-surface\/","title":{"rendered":"\u00c9quipements Plasma &#8211; CN"},"content":{"rendered":"<p>[et_pb_section fb_built=&#8221;1&#8243; module_class=&#8221;lddw-entete-responsive&#8221; _builder_version=&#8221;4.7.7&#8243; background_image=&#8221;https:\/\/www.acxys.com\/wp-content\/uploads\/2021\/02\/P10208363-scaled.jpg&#8221; custom_padding=&#8221;1%||1%|&#8221; z_index_tablet=&#8221;500&#8243;][\/et_pb_section][et_pb_section fb_built=&#8221;1&#8243; _builder_version=&#8221;3.22&#8243; custom_padding=&#8221;0px||&#8221;][et_pb_row _builder_version=&#8221;3.26.7&#8243; animation_style=&#8221;slide&#8221;][et_pb_column type=&#8221;4_4&#8243; _builder_version=&#8221;3.25&#8243; custom_padding=&#8221;|||&#8221; custom_padding__hover=&#8221;|||&#8221;][et_pb_text module_class=&#8221;lddw-landing-conteneur blue&#8221; _builder_version=&#8221;4.9.2&#8243; text_font=&#8221;||||||||&#8221; header_font=&#8221;|600||on|||||&#8221; header_text_color=&#8221;#ffffff&#8221; header_font_size=&#8221;20px&#8221; z_index_tablet=&#8221;500&#8243;]<\/p>\n<h1>AcXys Technologies\u4e3a\u60a8\u63d0\u4f9b\u4e00\u7cfb\u5217\u7b49\u79bb\u5b50\u4f53\u8bbe\u5907\uff0c\u4ee5\u6ee1\u8db3\u60a8\u5bf9\u8868\u9762\u5904\u7406\u7684\u6240\u6709\u9700\u6c42\u3002<\/h1>\n<p>[\/et_pb_text][\/et_pb_column][\/et_pb_row][et_pb_row column_structure=&#8221;1_4,1_4,1_4,1_4&#8243; make_equal=&#8221;on&#8221; module_class=&#8221;lddw-btn-and-imgs&#8221; _builder_version=&#8221;3.25&#8243;][et_pb_column type=&#8221;1_4&#8243; _builder_version=&#8221;3.25&#8243; custom_padding=&#8221;|||&#8221; custom_padding__hover=&#8221;|||&#8221;][et_pb_text _builder_version=&#8221;4.9.2&#8243; animation_style=&#8221;slide&#8221; animation_direction=&#8221;left&#8221; animation_intensity_slide=&#8221;10%&#8221;]<\/p>\n<h2 class=\"page-h2 no-top-border\">\u7b49\u79bb\u5b50\u4f53\u8bbe\u5907<\/h2>\n<p>\u4e00\u7cfb\u5217\u7684\u6807\u51c6\u8bbe\u5907\uff0c\u6db5\u76d6\u591a\u79cd\u4f7f\u7528\u573a\u666f<\/p>\n<p>[\/et_pb_text][\/et_pb_column][et_pb_column type=&#8221;1_4&#8243; _builder_version=&#8221;3.25&#8243; custom_padding=&#8221;|||&#8221; custom_padding__hover=&#8221;|||&#8221;][et_pb_image src=&#8221;https:\/\/www.acxys.com\/wp-content\/uploads\/2019\/07\/uls-plasma-spot.jpg&#8221; align=&#8221;center&#8221; align_tablet=&#8221;center&#8221; align_phone=&#8221;&#8221; align_last_edited=&#8221;on|desktop&#8221; _builder_version=&#8221;4.9.2&#8243; animation_style=&#8221;slide&#8221; animation_direction=&#8221;left&#8221; animation_intensity_slide=&#8221;10%&#8221;][\/et_pb_image][et_pb_button button_url=&#8221;\/zh-hans\/equipment-plasma-treatment-surface\/plasma-spot-uls\/&#8221; button_text=&#8221;ULS\u7cfb\u5217&#8221; button_alignment=&#8221;center&#8221; _builder_version=&#8221;4.9.2&#8243; custom_button=&#8221;on&#8221; button_text_color=&#8221;#ffffff&#8221; button_bg_color=&#8221;#2f68a3&#8243; button_border_color=&#8221;#2f68a3&#8243; button_border_radius=&#8221;0&#8243; button_font=&#8221;||||||||&#8221; button_use_icon=&#8221;off&#8221; animation_style=&#8221;slide&#8221; animation_direction=&#8221;left&#8221; animation_intensity_slide=&#8221;10%&#8221; hover_enabled=&#8221;0&#8243; z_index_tablet=&#8221;500&#8243; sticky_enabled=&#8221;0&#8243;][\/et_pb_button][\/et_pb_column][et_pb_column type=&#8221;1_4&#8243; _builder_version=&#8221;3.25&#8243; custom_padding=&#8221;|||&#8221; custom_padding__hover=&#8221;|||&#8221;][et_pb_image src=&#8221;https:\/\/www.acxys.com\/wp-content\/uploads\/2019\/04\/uld-rideau-plasma.jpg&#8221; align=&#8221;center&#8221; align_tablet=&#8221;center&#8221; align_phone=&#8221;&#8221; align_last_edited=&#8221;on|desktop&#8221; _builder_version=&#8221;4.9.2&#8243; animation_style=&#8221;slide&#8221; animation_direction=&#8221;right&#8221; animation_intensity_slide=&#8221;10%&#8221;][\/et_pb_image][et_pb_button button_url=&#8221;\/zh-hans\/equipment-plasma-treatment-surface\/plasma-curtain-uld\/&#8221; button_text=&#8221;ULD\u7cfb\u5217&#8221; button_alignment=&#8221;center&#8221; _builder_version=&#8221;4.9.2&#8243; custom_button=&#8221;on&#8221; button_text_color=&#8221;#ffffff&#8221; button_bg_color=&#8221;#2f68a3&#8243; button_border_color=&#8221;#2f68a3&#8243; button_border_radius=&#8221;0&#8243; button_font=&#8221;||||||||&#8221; button_use_icon=&#8221;off&#8221; animation_style=&#8221;slide&#8221; animation_direction=&#8221;right&#8221; animation_intensity_slide=&#8221;10%&#8221; hover_enabled=&#8221;0&#8243; z_index_tablet=&#8221;500&#8243; sticky_enabled=&#8221;0&#8243;][\/et_pb_button][\/et_pb_column][et_pb_column type=&#8221;1_4&#8243; _builder_version=&#8221;3.25&#8243; custom_padding=&#8221;|||&#8221; custom_padding__hover=&#8221;|||&#8221;][et_pb_image src=&#8221;https:\/\/www.acxys.com\/wp-content\/uploads\/2019\/04\/uld-depot-cvd-plasma.jpg&#8221; align=&#8221;center&#8221; align_tablet=&#8221;center&#8221; align_phone=&#8221;&#8221; align_last_edited=&#8221;on|desktop&#8221; _builder_version=&#8221;4.9.2&#8243; animation_style=&#8221;slide&#8221; animation_direction=&#8221;right&#8221; animation_intensity_slide=&#8221;10%&#8221;][\/et_pb_image][et_pb_button button_url=&#8221;\/zh-hans\/equipment-plasma-treatment-surface\/plasma-deposit-cvd-ulc\/&#8221; button_text=&#8221;UL Coat&#8221; button_alignment=&#8221;center&#8221; _builder_version=&#8221;4.9.2&#8243; custom_button=&#8221;on&#8221; button_text_color=&#8221;#ffffff&#8221; button_bg_color=&#8221;#2f68a3&#8243; button_border_color=&#8221;#2f68a3&#8243; button_border_radius=&#8221;0&#8243; button_font=&#8221;||||||||&#8221; button_use_icon=&#8221;off&#8221; animation_style=&#8221;slide&#8221; animation_direction=&#8221;right&#8221; animation_intensity_slide=&#8221;10%&#8221; hover_enabled=&#8221;0&#8243; z_index_tablet=&#8221;500&#8243; sticky_enabled=&#8221;0&#8243;][\/et_pb_button][\/et_pb_column][\/et_pb_row][et_pb_row _builder_version=&#8221;3.25&#8243;][et_pb_column type=&#8221;4_4&#8243; _builder_version=&#8221;3.25&#8243; custom_padding=&#8221;|||&#8221; custom_padding__hover=&#8221;|||&#8221;][et_pb_divider _builder_version=&#8221;4.9.2&#8243; height=&#8221;5px&#8221;][\/et_pb_divider][\/et_pb_column][\/et_pb_row][et_pb_row column_structure=&#8221;1_3,1_3,1_3&#8243; make_equal=&#8221;on&#8221; module_class=&#8221;lddw-btn-and-imgs&#8221; _builder_version=&#8221;3.25&#8243;][et_pb_column type=&#8221;1_3&#8243; _builder_version=&#8221;3.25&#8243; custom_padding=&#8221;|||&#8221; custom_padding__hover=&#8221;|||&#8221;][et_pb_text _builder_version=&#8221;4.9.2&#8243; custom_padding=&#8221;|0px||||&#8221; animation_style=&#8221;slide&#8221; animation_direction=&#8221;left&#8221; animation_intensity_slide=&#8221;10%&#8221;]<\/p>\n<h2 class=\"page-h2 no-top-border\">OEM \u5382\u5546\u8bbe\u5907<\/h2>\n<p>\u91cf\u8eab\u5b9a\u5236\u7684\u7b49\u79bb\u5b50\u4f53\u8bbe\u5907\uff0c\u53ef\u5bf9\u96f6\u4ef6\u8fdb\u884c\u6279\u91cf\u52a0\u5de5\u3002<\/p>\n<p>[\/et_pb_text][\/et_pb_column][et_pb_column type=&#8221;1_3&#8243; _builder_version=&#8221;3.25&#8243; custom_padding=&#8221;|||&#8221; custom_padding__hover=&#8221;|||&#8221;][et_pb_image src=&#8221;https:\/\/www.acxys.com\/wp-content\/uploads\/2019\/05\/equipement-palsma-quickset.jpg&#8221; align=&#8221;center&#8221; align_tablet=&#8221;center&#8221; align_phone=&#8221;&#8221; align_last_edited=&#8221;on|desktop&#8221; _builder_version=&#8221;3.23&#8243; animation_style=&#8221;slide&#8221; animation_direction=&#8221;left&#8221; animation_intensity_slide=&#8221;10%&#8221;][\/et_pb_image][et_pb_button button_url=&#8221;\/zh-hans\/equipment-plasma-treatment-surface\/automation-robot-quickset\/&#8221; button_text=&#8221;QuickSet\u8fd0\u52a8\u63a7\u5236\u65b9\u6848&#8221; button_alignment=&#8221;center&#8221; _builder_version=&#8221;4.9.2&#8243; custom_button=&#8221;on&#8221; button_text_color=&#8221;#ffffff&#8221; button_bg_color=&#8221;#2f68a3&#8243; button_border_color=&#8221;#2f68a3&#8243; button_border_radius=&#8221;0&#8243; button_font=&#8221;||||||||&#8221; button_use_icon=&#8221;off&#8221; animation_style=&#8221;slide&#8221; animation_direction=&#8221;left&#8221; animation_intensity_slide=&#8221;10%&#8221; hover_enabled=&#8221;0&#8243; z_index_tablet=&#8221;500&#8243; sticky_enabled=&#8221;0&#8243;][\/et_pb_button][\/et_pb_column][et_pb_column type=&#8221;1_3&#8243; _builder_version=&#8221;3.25&#8243; custom_padding=&#8221;|||&#8221; custom_padding__hover=&#8221;|||&#8221;][et_pb_image src=&#8221;https:\/\/www.acxys.com\/wp-content\/uploads\/2019\/05\/ul-scan.jpg&#8221; align=&#8221;center&#8221; align_tablet=&#8221;center&#8221; align_phone=&#8221;&#8221; align_last_edited=&#8221;on|desktop&#8221; _builder_version=&#8221;3.23&#8243; animation_style=&#8221;slide&#8221; animation_direction=&#8221;right&#8221; animation_intensity_slide=&#8221;10%&#8221;][\/et_pb_image][et_pb_button button_url=&#8221;\/zh-hans\/equipment-plasma-treatment-surface\/automation-turnkey-plasma-equipment-ulscan\/&#8221; button_text=&#8221;UL Scan&#8221; button_alignment=&#8221;center&#8221; _builder_version=&#8221;4.9.2&#8243; custom_button=&#8221;on&#8221; button_text_color=&#8221;#ffffff&#8221; button_bg_color=&#8221;#2f68a3&#8243; button_border_color=&#8221;#2f68a3&#8243; button_border_radius=&#8221;0&#8243; button_font=&#8221;||||||||&#8221; button_use_icon=&#8221;off&#8221; animation_style=&#8221;slide&#8221; animation_direction=&#8221;right&#8221; animation_intensity_slide=&#8221;10%&#8221; hover_enabled=&#8221;0&#8243; z_index_tablet=&#8221;500&#8243; sticky_enabled=&#8221;0&#8243;][\/et_pb_button][\/et_pb_column][\/et_pb_row][\/et_pb_section]<\/p>\n","protected":false},"excerpt":{"rendered":"<p>[et_pb_section fb_built=&#8221;1&#8243; module_class=&#038;# [&hellip;]<\/p>\n","protected":false},"author":1,"featured_media":0,"parent":0,"menu_order":0,"comment_status":"closed","ping_status":"closed","template":"","meta":{"_et_pb_use_builder":"on","_et_pb_old_content":"[et_pb_section fb_built=\"1\" module_class=\"lddw-entete-responsive\" _builder_version=\"4.7.7\" background_image=\"https:\/\/www.acxys.com\/wp-content\/uploads\/2021\/02\/P10208363-scaled.jpg\" custom_padding=\"1%||1%|\" hover_enabled=\"0\" z_index_tablet=\"500\" alt=\"composants int\u00e9rieur d'un module\" title_text=\"P10208363\" sticky_enabled=\"0\"][\/et_pb_section][et_pb_section fb_built=\"1\" _builder_version=\"3.22\" custom_padding=\"0px||\"][et_pb_row _builder_version=\"3.26.7\" animation_style=\"slide\"][et_pb_column type=\"4_4\" _builder_version=\"3.25\" custom_padding=\"|||\" custom_padding__hover=\"|||\"][et_pb_text module_class=\"lddw-landing-conteneur blue\" _builder_version=\"3.27.4\" text_font=\"||||||||\" header_font=\"|600||on|||||\" header_text_color=\"#ffffff\" header_font_size=\"20px\" z_index_tablet=\"500\"]<h1>Acxys Technologies propose une gamme compl\u00e8te d\u2019\u00e9quipements pour r\u00e9pondre \u00e0 tous vos besoins de traitement de surface<\/h1>[\/et_pb_text][\/et_pb_column][\/et_pb_row][et_pb_row column_structure=\"1_4,1_4,1_4,1_4\" make_equal=\"on\" module_class=\"lddw-btn-and-imgs\" _builder_version=\"3.25\"][et_pb_column type=\"1_4\" _builder_version=\"3.25\" custom_padding=\"|||\" custom_padding__hover=\"|||\"][et_pb_text _builder_version=\"3.27.4\" animation_style=\"slide\" animation_direction=\"left\" animation_intensity_slide=\"10%\"]<h2 class=\"page-h2 no-top-border\">\u00c9quipements Plasma<\/h2>\r\n<p>Une gamme d\u2019\u00e9quipements standard pour couvrir de multiples applications<\/p>[\/et_pb_text][\/et_pb_column][et_pb_column type=\"1_4\" _builder_version=\"3.25\" custom_padding=\"|||\" custom_padding__hover=\"|||\"][et_pb_image src=\"https:\/\/www.acxys.com\/wp-content\/uploads\/2019\/07\/uls-plasma-spot.jpg\" align=\"center\" align_tablet=\"center\" align_phone=\"\" align_last_edited=\"on|desktop\" _builder_version=\"3.23\" animation_style=\"slide\" animation_direction=\"left\" animation_intensity_slide=\"10%\"][\/et_pb_image][et_pb_button button_url=\"?p=380\" button_text=\"S\u00e9rie ULS\" button_alignment=\"center\" _builder_version=\"3.21.1\" custom_button=\"on\" button_text_color=\"#ffffff\" button_bg_color=\"#2f68a3\" button_border_color=\"#2f68a3\" button_border_radius=\"0\" button_font=\"||||||||\" button_use_icon=\"off\" animation_style=\"slide\" animation_direction=\"left\" animation_intensity_slide=\"10%\" z_index_tablet=\"500\"][\/et_pb_button][\/et_pb_column][et_pb_column type=\"1_4\" _builder_version=\"3.25\" custom_padding=\"|||\" custom_padding__hover=\"|||\"][et_pb_image src=\"https:\/\/www.acxys.com\/wp-content\/uploads\/2019\/04\/uld-rideau-plasma.jpg\" align=\"center\" align_tablet=\"center\" align_phone=\"\" align_last_edited=\"on|desktop\" _builder_version=\"3.23\" animation_style=\"slide\" animation_direction=\"right\" animation_intensity_slide=\"10%\"][\/et_pb_image][et_pb_button button_url=\"?p=475\" button_text=\"S\u00e9rie ULD\" button_alignment=\"center\" _builder_version=\"3.21.1\" custom_button=\"on\" button_text_color=\"#ffffff\" button_bg_color=\"#2f68a3\" button_border_color=\"#2f68a3\" button_border_radius=\"0\" button_font=\"||||||||\" button_use_icon=\"off\" animation_style=\"slide\" animation_direction=\"right\" animation_intensity_slide=\"10%\" z_index_tablet=\"500\"][\/et_pb_button][\/et_pb_column][et_pb_column type=\"1_4\" _builder_version=\"3.25\" custom_padding=\"|||\" custom_padding__hover=\"|||\"][et_pb_image src=\"https:\/\/www.acxys.com\/wp-content\/uploads\/2019\/04\/uld-depot-cvd-plasma.jpg\" align=\"center\" align_tablet=\"center\" align_phone=\"\" align_last_edited=\"on|desktop\" _builder_version=\"3.23\" animation_style=\"slide\" animation_direction=\"right\" animation_intensity_slide=\"10%\"][\/et_pb_image][et_pb_button button_url=\"?p=506\" button_text=\"UL Coat\" button_alignment=\"center\" _builder_version=\"3.21.1\" custom_button=\"on\" button_text_color=\"#ffffff\" button_bg_color=\"#2f68a3\" button_border_color=\"#2f68a3\" button_border_radius=\"0\" button_font=\"||||||||\" button_use_icon=\"off\" animation_style=\"slide\" animation_direction=\"right\" animation_intensity_slide=\"10%\" z_index_tablet=\"500\"][\/et_pb_button][\/et_pb_column][\/et_pb_row][et_pb_row _builder_version=\"3.25\"][et_pb_column type=\"4_4\" _builder_version=\"3.25\" custom_padding=\"|||\" custom_padding__hover=\"|||\"][et_pb_divider _builder_version=\"3.21.1\" height=\"5px\"][\/et_pb_divider][\/et_pb_column][\/et_pb_row][et_pb_row column_structure=\"1_3,1_3,1_3\" make_equal=\"on\" module_class=\"lddw-btn-and-imgs\" _builder_version=\"3.25\"][et_pb_column type=\"1_3\" _builder_version=\"3.25\" custom_padding=\"|||\" custom_padding__hover=\"|||\"][et_pb_text _builder_version=\"3.27.4\" custom_padding=\"|0px||||\" animation_style=\"slide\" animation_direction=\"left\" animation_intensity_slide=\"10%\"]<h2 class=\"page-h2 no-top-border\">\u00c9quipements int\u00e9gr\u00e9s<\/h2>\r\n<p>Des \u00e9quipements plasma cl\u00e9s en main pour traiter des s\u00e9ries de pi\u00e8ces.<\/p>[\/et_pb_text][\/et_pb_column][et_pb_column type=\"1_3\" _builder_version=\"3.25\" custom_padding=\"|||\" custom_padding__hover=\"|||\"][et_pb_image src=\"https:\/\/www.acxys.com\/wp-content\/uploads\/2019\/05\/equipement-palsma-quickset.jpg\" align=\"center\" align_tablet=\"center\" align_phone=\"\" align_last_edited=\"on|desktop\" _builder_version=\"3.23\" animation_style=\"slide\" animation_direction=\"left\" animation_intensity_slide=\"10%\"][\/et_pb_image][et_pb_button button_url=\"?p=540\" button_text=\"QuickSet Motion Solutions\" button_alignment=\"center\" _builder_version=\"3.21.1\" custom_button=\"on\" button_text_color=\"#ffffff\" button_bg_color=\"#2f68a3\" button_border_color=\"#2f68a3\" button_border_radius=\"0\" button_font=\"||||||||\" button_use_icon=\"off\" animation_style=\"slide\" animation_direction=\"left\" animation_intensity_slide=\"10%\" z_index_tablet=\"500\"][\/et_pb_button][\/et_pb_column][et_pb_column type=\"1_3\" _builder_version=\"3.25\" custom_padding=\"|||\" custom_padding__hover=\"|||\"][et_pb_image src=\"https:\/\/www.acxys.com\/wp-content\/uploads\/2019\/05\/ul-scan.jpg\" align=\"center\" align_tablet=\"center\" align_phone=\"\" align_last_edited=\"on|desktop\" _builder_version=\"3.23\" animation_style=\"slide\" animation_direction=\"right\" animation_intensity_slide=\"10%\"][\/et_pb_image][et_pb_button button_url=\"?p=566\" button_text=\"UL Scan\" button_alignment=\"center\" _builder_version=\"3.21.1\" custom_button=\"on\" button_text_color=\"#ffffff\" button_bg_color=\"#2f68a3\" button_border_color=\"#2f68a3\" button_border_radius=\"0\" button_font=\"||||||||\" button_use_icon=\"off\" animation_style=\"slide\" animation_direction=\"right\" animation_intensity_slide=\"10%\" z_index_tablet=\"500\"][\/et_pb_button][\/et_pb_column][\/et_pb_row][\/et_pb_section]","_et_gb_content_width":"","footnotes":""},"class_list":["post-3682","page","type-page","status-publish","hentry"],"_links":{"self":[{"href":"https:\/\/www.acxys.com\/zh-hans\/wp-json\/wp\/v2\/pages\/3682","targetHints":{"allow":["GET"]}}],"collection":[{"href":"https:\/\/www.acxys.com\/zh-hans\/wp-json\/wp\/v2\/pages"}],"about":[{"href":"https:\/\/www.acxys.com\/zh-hans\/wp-json\/wp\/v2\/types\/page"}],"author":[{"embeddable":true,"href":"https:\/\/www.acxys.com\/zh-hans\/wp-json\/wp\/v2\/users\/1"}],"replies":[{"embeddable":true,"href":"https:\/\/www.acxys.com\/zh-hans\/wp-json\/wp\/v2\/comments?post=3682"}],"version-history":[{"count":7,"href":"https:\/\/www.acxys.com\/zh-hans\/wp-json\/wp\/v2\/pages\/3682\/revisions"}],"predecessor-version":[{"id":3808,"href":"https:\/\/www.acxys.com\/zh-hans\/wp-json\/wp\/v2\/pages\/3682\/revisions\/3808"}],"wp:attachment":[{"href":"https:\/\/www.acxys.com\/zh-hans\/wp-json\/wp\/v2\/media?parent=3682"}],"curies":[{"name":"wp","href":"https:\/\/api.w.org\/{rel}","templated":true}]}}