{"id":3711,"date":"2021-06-18T14:26:02","date_gmt":"2021-06-18T12:26:02","guid":{"rendered":"https:\/\/www.acxys.com\/?page_id=3711"},"modified":"2021-07-05T15:05:15","modified_gmt":"2021-07-05T13:05:15","slug":"plasma-curtain-uld","status":"publish","type":"page","link":"https:\/\/www.acxys.com\/zh-hans\/equipment-plasma-treatment-surface\/plasma-curtain-uld\/","title":{"rendered":"S\u00e9rie Plasma ULD &#8211; CN"},"content":{"rendered":"<p>[et_pb_section fb_built=&#8221;1&#8243; module_class=&#8221;lddw-entete-responsive&#8221; _builder_version=&#8221;4.7.7&#8243; background_image=&#8221;https:\/\/www.acxys.com\/wp-content\/uploads\/2021\/02\/gros-plan-ULCoat.jpg&#8221; custom_padding=&#8221;1%||1%|&#8221; z_index_tablet=&#8221;500&#8243;][\/et_pb_section][et_pb_section fb_built=&#8221;1&#8243; _builder_version=&#8221;3.22&#8243; custom_padding=&#8221;0px||&#8221;][et_pb_row _builder_version=&#8221;3.25&#8243; animation_style=&#8221;slide&#8221; animation_direction=&#8221;left&#8221; animation_intensity_slide=&#8221;10%&#8221;][et_pb_column type=&#8221;4_4&#8243; _builder_version=&#8221;3.25&#8243; custom_padding=&#8221;|||&#8221; custom_padding__hover=&#8221;|||&#8221;][et_pb_text module_class=&#8221;lddw-landing-conteneur blue&#8221; _builder_version=&#8221;4.9.2&#8243; text_font=&#8221;||||||||&#8221; header_font=&#8221;|600||on|||||&#8221; header_text_color=&#8221;#ffffff&#8221; header_font_size=&#8221;20px&#8221; hover_enabled=&#8221;0&#8243; z_index_tablet=&#8221;500&#8243; sticky_enabled=&#8221;0&#8243;]<\/p>\n<h1>ULD\u7cfb\u5217\uff1a\u63a2\u7d22\u4e09\u7ef4\u8868\u9762\u53ca\u66f4\u591a\u7684\u5e94\u7528\u9886\u57df<\/h1>\n<p>[\/et_pb_text][et_pb_text _builder_version=&#8221;4.9.7&#8243; hover_enabled=&#8221;0&#8243; sticky_enabled=&#8221;0&#8243;]<\/p>\n<h2 class=\"page-h2\">ULD\u7cfb\u5217<\/h2>\n<p class=\"lddw\">ULD\u7cfb\u5217\u67097\u4e2a\u7248\u672c\u53ef\u4f9b\u9009\u62e9\uff0c\u7247\u72b6\u7b49\u79bb\u5b50\u4f53\u7684\u5de5\u4f5c\u5bbd\u5ea6\u4ece60 \u6beb\u7c73\u5230 500 \u6beb\u7c73\u4e0d\u7b49\u3002<\/p>\n<p>ULD\u7cfb\u5217\u7684\u6240\u6709\u7248\u672c\u90fd\u914d\u5907\u4e86\u89e6\u6478\u5c4f\u3002<\/p>\n<p>[\/et_pb_text][\/et_pb_column][\/et_pb_row][et_pb_row _builder_version=&#8221;3.25&#8243;][et_pb_column type=&#8221;4_4&#8243; _builder_version=&#8221;3.25&#8243; custom_padding=&#8221;|||&#8221; custom_padding__hover=&#8221;|||&#8221;][et_pb_text _builder_version=&#8221;4.9.2&#8243; animation_style=&#8221;slide&#8221; animation_direction=&#8221;right&#8221; animation_intensity_slide=&#8221;10%&#8221;]<\/p>\n<h3 class=\"page-h3\">ULD 60 &#8211; ULD 120 &#8211; ULD 200 &#8211; ULD 250 &#8211; ULD 300 &#8211; ULD 380 &#8211; ULD 500<\/h3>\n<p>[\/et_pb_text][\/et_pb_column][\/et_pb_row][et_pb_row column_structure=&#8221;1_3,1_3,1_3&#8243; make_equal=&#8221;on&#8221; module_class=&#8221;lddw-btn-and-imgs&#8221; _builder_version=&#8221;3.25&#8243;][et_pb_column type=&#8221;1_3&#8243; _builder_version=&#8221;3.25&#8243; custom_padding=&#8221;|||&#8221; custom_padding__hover=&#8221;|||&#8221;][et_pb_image src=&#8221;https:\/\/www.acxys.com\/wp-content\/uploads\/2019\/05\/uld-ecran.jpg&#8221; align_tablet=&#8221;center&#8221; align_phone=&#8221;&#8221; align_last_edited=&#8221;on|desktop&#8221; _builder_version=&#8221;4.9.2&#8243; max_width=&#8221;70%&#8221; module_alignment=&#8221;center&#8221; animation_style=&#8221;slide&#8221; animation_direction=&#8221;left&#8221; animation_intensity_slide=&#8221;10%&#8221; hover_enabled=&#8221;0&#8243; sticky_enabled=&#8221;0&#8243;][\/et_pb_image][\/et_pb_column][et_pb_column type=&#8221;1_3&#8243; _builder_version=&#8221;3.25&#8243; custom_padding=&#8221;|||&#8221; custom_padding__hover=&#8221;|||&#8221;][et_pb_image src=&#8221;https:\/\/www.acxys.com\/wp-content\/uploads\/2019\/05\/uld-ecran-1.jpg&#8221; align_tablet=&#8221;center&#8221; align_phone=&#8221;&#8221; align_last_edited=&#8221;on|desktop&#8221; _builder_version=&#8221;3.23&#8243; max_width=&#8221;70%&#8221; module_alignment=&#8221;center&#8221; animation_style=&#8221;slide&#8221; animation_direction=&#8221;right&#8221; animation_intensity_slide=&#8221;10%&#8221;][\/et_pb_image][\/et_pb_column][et_pb_column type=&#8221;1_3&#8243; _builder_version=&#8221;3.25&#8243; custom_padding=&#8221;|||&#8221; custom_padding__hover=&#8221;|||&#8221;][et_pb_image src=&#8221;https:\/\/www.acxys.com\/wp-content\/uploads\/2019\/05\/uld-buse.jpg&#8221; align_tablet=&#8221;center&#8221; align_phone=&#8221;&#8221; align_last_edited=&#8221;on|desktop&#8221; _builder_version=&#8221;3.23&#8243; max_width=&#8221;70%&#8221; module_alignment=&#8221;center&#8221; animation_style=&#8221;slide&#8221; animation_direction=&#8221;right&#8221; animation_intensity_slide=&#8221;10%&#8221;][\/et_pb_image][\/et_pb_column][\/et_pb_row][et_pb_row _builder_version=&#8221;3.25&#8243; animation_style=&#8221;slide&#8221; animation_direction=&#8221;top&#8221; animation_intensity_slide=&#8221;10%&#8221;][et_pb_column type=&#8221;4_4&#8243; _builder_version=&#8221;3.25&#8243; custom_padding=&#8221;|||&#8221; custom_padding__hover=&#8221;|||&#8221;][et_pb_text _builder_version=&#8221;4.9.2&#8243; hover_enabled=&#8221;0&#8243; sticky_enabled=&#8221;0&#8243;]<\/p>\n<h2 class=\"page-h2 hz\">ULD\u7cfb\u5217\u6280\u672f\u7279\u70b9<\/h2>\n<ul class=\"unstyled flex-parent flex-columns-2 flex-wrap-wrap\">\n<li>&#8211; \u53ef\u55b7\u5c04\u5747\u5300\u7684\u7247\u72b6\u7b49\u79bb\u5b50\u4f53\uff0860-500mm\uff09<\/li>\n<li>&#8211; \u9002\u7528\u4e8e\u5e73\u9762\u96f6\u4ef6\u7684\u5904\u7406\uff0c\u5373\u4f7f\u662f\u590d\u6742\u7684\u4f2a\u5e73\u9762\u5f62\u72b6\u4e5f\u517c\u5bb9 <\/li>\n<li>&#8211; \u5de5\u4f5c\u6e29\u5ea6\u8f83\u4f4e<\/li>\n<li>&#8211; \u4f7f\u7528\u6c2e\u6c14\u6216\u63ba\u6742\u6c2e\u6c14<\/li>\n<li>&#8211; \u6807\u51c6\u7248\u6216OEM\u7248<\/li>\n<\/ul>\n<p>[\/et_pb_text][\/et_pb_column][\/et_pb_row][et_pb_row column_structure=&#8221;1_2,1_2&#8243; _builder_version=&#8221;3.25&#8243; animation_style=&#8221;slide&#8221; animation_direction=&#8221;top&#8221; animation_intensity_slide=&#8221;10%&#8221;][et_pb_column type=&#8221;1_2&#8243; _builder_version=&#8221;3.25&#8243; custom_padding=&#8221;|||&#8221; custom_padding__hover=&#8221;|||&#8221;][et_pb_image src=&#8221;https:\/\/www.acxys.com\/wp-content\/uploads\/2019\/07\/uld-ecran-2.jpg&#8221; align_tablet=&#8221;center&#8221; align_phone=&#8221;&#8221; align_last_edited=&#8221;on|desktop&#8221; _builder_version=&#8221;4.9.2&#8243; max_width=&#8221;80%&#8221; animation_style=&#8221;slide&#8221; animation_direction=&#8221;top&#8221; animation_intensity_slide=&#8221;10%&#8221;][\/et_pb_image][\/et_pb_column][et_pb_column type=&#8221;1_2&#8243; _builder_version=&#8221;3.25&#8243; custom_padding=&#8221;|||&#8221; custom_padding__hover=&#8221;|||&#8221;][et_pb_text _builder_version=&#8221;4.9.7&#8243; text_font=&#8221;||||||||&#8221; hover_enabled=&#8221;0&#8243; sticky_enabled=&#8221;0&#8243;]<\/p>\n<h2 class=\"page-h2 hz\">\u76f4\u89c2\u7684\u6570\u5b57\u89e6\u63a7\u5c4f<\/h2>\n<ul class=\"unstyled\">\n<li>&#8211; \u53ef\u63a7\u4e14\u76f4\u89c2<\/li>\n<li>&#8211; \u591a\u8bed\u8a00\u754c\u9762<\/li>\n<li>&#8211; \u6545\u969c\u7684\u68c0\u6d4b\u548c\u8bca\u65ad<\/li>\n<li>&#8211; \u5b9e\u65f6\u6307\u4ee4\u663e\u793a<\/li>\n<\/ul>\n<p>[\/et_pb_text][\/et_pb_column][\/et_pb_row][et_pb_row column_structure=&#8221;1_2,1_2&#8243; _builder_version=&#8221;3.25&#8243; width=&#8221;86%&#8221; min_height=&#8221;423px&#8221; custom_padding=&#8221;32px|||||&#8221;][et_pb_column type=&#8221;1_2&#8243; _builder_version=&#8221;3.25&#8243; custom_padding=&#8221;|||&#8221; custom_padding__hover=&#8221;|||&#8221;][et_pb_text _builder_version=&#8221;4.9.2&#8243; custom_margin=&#8221;|85px||||&#8221; custom_padding=&#8221;|0px||||&#8221; animation_style=&#8221;slide&#8221; animation_direction=&#8221;left&#8221; animation_intensity_slide=&#8221;10%&#8221;]<\/p>\n<h2 class=\"page-h2 hz\">\u9002\u7528\u6c14\u4f53<\/h2>\n<ul class=\"unstyled flex-parent flex-columns-2 flex-wrap-wrap\">\n<li>&#8211; \u6c2e\u6c14<\/li>\n<li>&#8211; \u63ba\u6742\u6c14\u4f53<\/li>\n<\/ul>\n<p>[\/et_pb_text][\/et_pb_column][et_pb_column type=&#8221;1_2&#8243; _builder_version=&#8221;3.25&#8243; custom_padding=&#8221;|||&#8221; custom_padding__hover=&#8221;|||&#8221;][et_pb_text _builder_version=&#8221;4.9.7&#8243; text_font=&#8221;||||||||&#8221; width=&#8221;97.4%&#8221; custom_margin=&#8221;|517px||||&#8221; animation_style=&#8221;slide&#8221; animation_direction=&#8221;right&#8221; animation_intensity_slide=&#8221;10%&#8221; hover_enabled=&#8221;0&#8243; sticky_enabled=&#8221;0&#8243;]<\/p>\n<h2 class=\"page-h2 hz\">ULD\u7cfb\u5217\u7684\u4f18\u52bf<\/h2>\n<ul class=\"unstyled flex-parent flex-columns-2 flex-wrap-wrap\">\n<li>&#8211; \u6750\u6599\u5904\u7406\u548c\u653e\u7535\u533a\u660e\u786e\u5206\u79bb<\/li>\n<li>&#8211; \u65e0\u89e6\u7535\u5371\u9669<\/li>\n<li>&#8211; \u5e94\u7528\u8303\u56f4\u5e7f\u6cdb\uff0c\u9002\u7528\u4e8e\u6240\u6709\u7c7b\u578b\u7684\u6750\u6599<\/li>\n<li>&#8211; \u5b89\u88c5\u7b80\u5355\u65b9\u4fbf<\/li>\n<li>&#8211; \u5de5\u827a\u53c2\u6570\u7684\u5185\u90e8\u63a7\u5236<\/li>\n<li>&#8211; \u9ad8\u6027\u4ef7\u6bd4<\/li>\n<\/ul>\n<p>[\/et_pb_text][\/et_pb_column][\/et_pb_row][\/et_pb_section]<\/p>\n","protected":false},"excerpt":{"rendered":"<p>[et_pb_section fb_built=&#8221;1&#8243; module_class=&#038;# [&hellip;]<\/p>\n","protected":false},"author":1,"featured_media":0,"parent":3682,"menu_order":0,"comment_status":"closed","ping_status":"closed","template":"","meta":{"_et_pb_use_builder":"on","_et_pb_old_content":"[et_pb_section fb_built=\"1\" module_class=\"lddw-entete-responsive\" _builder_version=\"4.7.7\" background_image=\"https:\/\/www.acxys.com\/wp-content\/uploads\/2021\/02\/gros-plan-ULCoat.jpg\" custom_padding=\"1%||1%|\" hover_enabled=\"0\" z_index_tablet=\"500\" alt=\"gros plan sur la flamme de l'ULCoat\" title_text=\"gros plan ULCoat\" sticky_enabled=\"0\"][\/et_pb_section][et_pb_section fb_built=\"1\" _builder_version=\"3.22\" custom_padding=\"0px||\"][et_pb_row _builder_version=\"3.25\" animation_style=\"slide\" animation_direction=\"left\" animation_intensity_slide=\"10%\"][et_pb_column type=\"4_4\" _builder_version=\"3.25\" custom_padding=\"|||\" custom_padding__hover=\"|||\"][et_pb_text module_class=\"lddw-landing-conteneur blue\" _builder_version=\"3.27.4\" text_font=\"||||||||\" header_font=\"|600||on|||||\" header_text_color=\"#ffffff\" header_font_size=\"20px\" z_index_tablet=\"500\"]<h1>D\u00e9couvrez la gamme uld d\u00e9velopp\u00e9e par acxys technologies : le plasma appliqu\u00e9 \u00e0 toutes les g\u00e9om\u00e9tries de surfaces 3d.<\/h1>\r\n[\/et_pb_text][et_pb_text _builder_version=\"3.27.4\"]<h2 class=\"page-h2\">La gamme ULD<\/h2>\r\n<p class=\"lddw\">L\u2019ULD se d\u00e9cline en 7 versions, pour un rideau de plasma allant de 6 cm \u00e0 50 cm<\/p>\r\n[\/et_pb_text][\/et_pb_column][\/et_pb_row][et_pb_row _builder_version=\"3.25\"][et_pb_column type=\"4_4\" _builder_version=\"3.25\" custom_padding=\"|||\" custom_padding__hover=\"|||\"][et_pb_text _builder_version=\"3.27.4\" animation_style=\"slide\" animation_direction=\"right\" animation_intensity_slide=\"10%\"]<h3 class=\"page-h3\">ULD 60 - ULD 120 - ULD 200 - ULD 250 - ULD 300 - ULD 380 - ULD 500<\/h3>\r\n[\/et_pb_text][\/et_pb_column][\/et_pb_row][et_pb_row column_structure=\"1_3,1_3,1_3\" make_equal=\"on\" module_class=\"lddw-btn-and-imgs\" _builder_version=\"3.25\"][et_pb_column type=\"1_3\" _builder_version=\"3.25\" custom_padding=\"|||\" custom_padding__hover=\"|||\"][et_pb_image src=\"https:\/\/www.acxys.com\/wp-content\/uploads\/2019\/05\/uld-ecran.jpg\" align_tablet=\"center\" align_phone=\"\" align_last_edited=\"on|desktop\" _builder_version=\"3.23\" max_width=\"70%\" module_alignment=\"center\" animation_style=\"slide\" animation_direction=\"left\" animation_intensity_slide=\"10%\"][\/et_pb_image][\/et_pb_column][et_pb_column type=\"1_3\" _builder_version=\"3.25\" custom_padding=\"|||\" custom_padding__hover=\"|||\"][et_pb_image src=\"https:\/\/www.acxys.com\/wp-content\/uploads\/2019\/05\/uld-ecran-1.jpg\" align_tablet=\"center\" align_phone=\"\" align_last_edited=\"on|desktop\" _builder_version=\"3.23\" max_width=\"70%\" module_alignment=\"center\" animation_style=\"slide\" animation_direction=\"right\" animation_intensity_slide=\"10%\"][\/et_pb_image][\/et_pb_column][et_pb_column type=\"1_3\" _builder_version=\"3.25\" custom_padding=\"|||\" custom_padding__hover=\"|||\"][et_pb_image src=\"https:\/\/www.acxys.com\/wp-content\/uploads\/2019\/05\/uld-buse.jpg\" align_tablet=\"center\" align_phone=\"\" align_last_edited=\"on|desktop\" _builder_version=\"3.23\" max_width=\"70%\" module_alignment=\"center\" animation_style=\"slide\" animation_direction=\"right\" animation_intensity_slide=\"10%\"][\/et_pb_image][\/et_pb_column][\/et_pb_row][et_pb_row _builder_version=\"3.25\" animation_style=\"slide\" animation_direction=\"top\" animation_intensity_slide=\"10%\"][et_pb_column type=\"4_4\" _builder_version=\"3.25\" custom_padding=\"|||\" custom_padding__hover=\"|||\"][et_pb_text _builder_version=\"3.27.4\"]<h2 class=\"page-h2 hz\">La technologie ULD<\/h2>\r\n<ul class=\"unstyled flex-parent flex-columns-2 flex-wrap-wrap\">\r\n<li>- Rideau de plasma homog\u00e8ne (60 \u00e0 500 mm)<\/li>\r\n<li>- Traitement d\u2019objets plats, voire avec des formes pseudo-planes complexes<\/li>\r\n<li>- Traitement \u00e0 tr\u00e8s basse temp\u00e9rature<\/li>\r\n<li>- Fonctionne avec de l\u2019azote ou de l\u2019azote dop\u00e9<\/li>\r\n<li>- Version autonome ou OEM<\/li>\r\n<\/ul>\r\n[\/et_pb_text][\/et_pb_column][\/et_pb_row][et_pb_row column_structure=\"1_2,1_2\" _builder_version=\"3.25\" animation_style=\"slide\" animation_direction=\"top\" animation_intensity_slide=\"10%\"][et_pb_column type=\"1_2\" _builder_version=\"3.25\" custom_padding=\"|||\" custom_padding__hover=\"|||\"][et_pb_image src=\"https:\/\/www.acxys.com\/wp-content\/uploads\/2019\/07\/uld-ecran-2.jpg\" align_tablet=\"center\" align_phone=\"\" align_last_edited=\"on|desktop\" _builder_version=\"3.23\" max_width=\"80%\" animation_style=\"slide\" animation_direction=\"top\" animation_intensity_slide=\"10%\"][\/et_pb_image][\/et_pb_column][et_pb_column type=\"1_2\" _builder_version=\"3.25\" custom_padding=\"|||\" custom_padding__hover=\"|||\"][et_pb_text _builder_version=\"3.27.4\" text_font=\"||||||||\"]<h2 class=\"page-h2 hz\">Interface tactile ergonomique<\/h2>\r\n<ul class=\"unstyled\">\r\n<li>- Pilotage intuitif<\/li>\r\n<li>- Interface multilingue<\/li>\r\n<li>- D\u00e9tection et diagnostic des d\u00e9fauts<\/li>\r\n<li>- Lecture et affichage des consignes en temps r\u00e9el<\/li>\r\n<\/ul>\r\n[\/et_pb_text][\/et_pb_column][\/et_pb_row][et_pb_row _builder_version=\"3.25\" width=\"86%\" min_height=\"423px\" custom_padding=\"32px|||||\" column_structure=\"1_2,1_2\"][et_pb_column type=\"1_2\" _builder_version=\"3.25\" custom_padding=\"|||\" custom_padding__hover=\"|||\"][et_pb_text _builder_version=\"3.27.4\" custom_margin=\"|85px||||\" custom_padding=\"|0px||||\" animation_style=\"slide\" animation_direction=\"left\" animation_intensity_slide=\"10%\"]<h2 class=\"page-h2 hz\">Les gaz compatibles<\/h2>\r\n<ul class=\"unstyled flex-parent flex-columns-2 flex-wrap-wrap\">\r\n<li>- Azote<\/li>\r\n<li>- Gaz dopant<\/li>\r\n<\/ul>\r\n[\/et_pb_text][\/et_pb_column][et_pb_column type=\"1_2\" _builder_version=\"3.25\" custom_padding=\"|||\" custom_padding__hover=\"|||\"][et_pb_text _builder_version=\"3.27.4\" text_font=\"||||||||\" width=\"97.4%\" custom_margin=\"|517px||||\" animation_style=\"slide\" animation_direction=\"right\" animation_intensity_slide=\"10%\"]<h2 class=\"page-h2 hz\">Avantages de la technologie ULD<\/h2>\r\n<ul class=\"unstyled flex-parent flex-columns-2 flex-wrap-wrap\">\r\n<li>- Le traitement des mat\u00e9riaux et la d\u00e9charge \u00e9lectrique sont nettement s\u00e9par\u00e9s<\/li>\r\n<li>- Pas de risques \u00e9lectriques<\/li>\r\n<li>- Tr\u00e8s large gamme d\u2019applications sur tous les types de mat\u00e9riaux<\/li>\r\n<li>- Installation facile<\/li>\r\n<li>- Contr\u00f4le interne des param\u00e8tres de proc\u00e9d\u00e9<\/li>\r\n<li>- \u00c9conomique<\/li>\r\n<\/ul>\r\n<\/ul>\r\n[\/et_pb_text][\/et_pb_column][\/et_pb_row][\/et_pb_section]","_et_gb_content_width":"","footnotes":""},"class_list":["post-3711","page","type-page","status-publish","hentry"],"_links":{"self":[{"href":"https:\/\/www.acxys.com\/zh-hans\/wp-json\/wp\/v2\/pages\/3711","targetHints":{"allow":["GET"]}}],"collection":[{"href":"https:\/\/www.acxys.com\/zh-hans\/wp-json\/wp\/v2\/pages"}],"about":[{"href":"https:\/\/www.acxys.com\/zh-hans\/wp-json\/wp\/v2\/types\/page"}],"author":[{"embeddable":true,"href":"https:\/\/www.acxys.com\/zh-hans\/wp-json\/wp\/v2\/users\/1"}],"replies":[{"embeddable":true,"href":"https:\/\/www.acxys.com\/zh-hans\/wp-json\/wp\/v2\/comments?post=3711"}],"version-history":[{"count":6,"href":"https:\/\/www.acxys.com\/zh-hans\/wp-json\/wp\/v2\/pages\/3711\/revisions"}],"predecessor-version":[{"id":3927,"href":"https:\/\/www.acxys.com\/zh-hans\/wp-json\/wp\/v2\/pages\/3711\/revisions\/3927"}],"up":[{"embeddable":true,"href":"https:\/\/www.acxys.com\/zh-hans\/wp-json\/wp\/v2\/pages\/3682"}],"wp:attachment":[{"href":"https:\/\/www.acxys.com\/zh-hans\/wp-json\/wp\/v2\/media?parent=3711"}],"curies":[{"name":"wp","href":"https:\/\/api.w.org\/{rel}","templated":true}]}}