{"id":3725,"date":"2021-06-18T14:49:51","date_gmt":"2021-06-18T12:49:51","guid":{"rendered":"https:\/\/www.acxys.com\/?page_id=3725"},"modified":"2021-06-28T14:33:26","modified_gmt":"2021-06-28T12:33:26","slug":"automation-robot-quickset","status":"publish","type":"page","link":"https:\/\/www.acxys.com\/zh-hans\/equipment-plasma-treatment-surface\/automation-robot-quickset\/","title":{"rendered":"Quickset Motion Solutions"},"content":{"rendered":"<p>[et_pb_section fb_built=&#8221;1&#8243; module_class=&#8221;lddw-entete-responsive&#8221; _builder_version=&#8221;3.22&#8243; background_image=&#8221;https:\/\/www.acxys.com\/wp-content\/uploads\/2019\/07\/bg-entete-technologie.jpg&#8221; background_position=&#8221;bottom_center&#8221; custom_padding=&#8221;1%||1%|&#8221; z_index_tablet=&#8221;500&#8243;][\/et_pb_section][et_pb_section fb_built=&#8221;1&#8243; _builder_version=&#8221;3.22&#8243; custom_padding=&#8221;0px||&#8221;][et_pb_row _builder_version=&#8221;3.25&#8243; animation_style=&#8221;slide&#8221; animation_direction=&#8221;left&#8221; animation_intensity_slide=&#8221;10%&#8221;][et_pb_column type=&#8221;4_4&#8243; _builder_version=&#8221;3.25&#8243; custom_padding=&#8221;|||&#8221; custom_padding__hover=&#8221;|||&#8221;][et_pb_text module_class=&#8221;lddw-landing-conteneur blue&#8221; _builder_version=&#8221;4.9.2&#8243; text_font=&#8221;||||||||&#8221; header_font=&#8221;|600||on|||||&#8221; header_text_color=&#8221;#ffffff&#8221; header_font_size=&#8221;20px&#8221; z_index_tablet=&#8221;500&#8243;]<\/p>\n<h1>QuickSet\uff1a\u81ea\u52a8\u5316\u8868\u9762\u5904\u7406\u7684\u5373\u65f6\u64cd\u4f5c\u89e3\u51b3\u65b9\u6848<\/h1>\n<p>[\/et_pb_text][et_pb_text _builder_version=&#8221;4.9.2&#8243;]<\/p>\n<h2 class=\"page-h2\">QuickSet\u8fd0\u52a8\u63a7\u5236\u65b9\u6848<\/h2>\n<p class=\"lddw\">\u4e3a\u4e86\u5411\u5ba2\u6237\u63d0\u4f9b\u7b80\u5355\u3001\u5feb\u901f\u7684\u89e3\u51b3\u65b9\u6848\uff0cAcXys Technologies\u5f00\u53d1\u4e86\u9002\u914dULS\u548cULCoat\u7cfb\u5217\u7684\u81ea\u52a8\u5316\u64cd\u4f5c\u5e73\u53f0\u2014\u2014QuickSet\u3002<br \/>\n\u540c\u65f6\u6211\u4eec\u4e5f\u53ef\u4ee5\u6839\u636e\u8981\u6c42\uff0c\u6269\u5c55\u7b1b\u5361\u5c14\u673a\u5668\u4ebaQuickSet\u7684\u53ef\u80fd\u6027\uff0c\u4ee5\u6ee1\u8db3\u7279\u5b9a\u7684\u751f\u4ea7\u7ebf\u5b89\u88c5\u9700\u6c42\u3002<\/p>\n<p>[\/et_pb_text][et_pb_image src=&#8221;https:\/\/www.acxys.com\/wp-content\/uploads\/2019\/07\/quicket-set-motion-solutions-3d.jpg&#8221; align=&#8221;center&#8221; align_tablet=&#8221;center&#8221; align_phone=&#8221;&#8221; align_last_edited=&#8221;on|desktop&#8221; _builder_version=&#8221;4.9.2&#8243;][\/et_pb_image][\/et_pb_column][\/et_pb_row][et_pb_row _builder_version=&#8221;3.25&#8243; animation_style=&#8221;slide&#8221; animation_direction=&#8221;top&#8221; animation_intensity_slide=&#8221;10%&#8221;][et_pb_column type=&#8221;4_4&#8243; _builder_version=&#8221;3.25&#8243; custom_padding=&#8221;|||&#8221; custom_padding__hover=&#8221;|||&#8221;][et_pb_text _builder_version=&#8221;4.9.2&#8243;]<\/p>\n<h2 class=\"page-h2 hz\">QuickSet\u6982\u89c8<\/h2>\n<ul class=\"unstyled flex-parent flex-columns-2 flex-wrap-wrap\">\n<li>&#8211; 3\u8f74\u7b1b\u5361\u5c14\u673a\u5668\u4eba\uff0c\u642d\u914d\u7ebf\u6027\u63d2\u503c\u8f68\u8ff9\u89c4\u5212\u7b97\u6cd5<\/li>\n<li>&#8211; \u626b\u63cf\u8303\u56f4250mm x 330mm x 100mm<\/li>\n<li>&#8211; \u901f\u5ea6\u9ad8\u8fbe300mm \/ s <\/li>\n<li>&#8211; \u5c01\u95ed\u5f0f\u5916\u58f3\uff0c\u53ef\u8fdb\u884c\u7b49\u79bb\u5b50\u4f53\u5904\u7406<\/li>\n<li>&#8211; \u72ec\u7acb\u653e\u7f6e\u7684\u7535\u6c14\u548c\u7535\u5b50\u7ec4\u4ef6<\/li>\n<li>&#8211; \u8fdc\u7a0b\u5c4f\u5e55\u76d1\u63a7<\/li>\n<\/ul>\n<p>[\/et_pb_text][\/et_pb_column][\/et_pb_row][et_pb_row column_structure=&#8221;1_2,1_2&#8243; _builder_version=&#8221;3.25&#8243; animation_style=&#8221;slide&#8221; animation_direction=&#8221;top&#8221; animation_intensity_slide=&#8221;10%&#8221;][et_pb_column type=&#8221;1_2&#8243; _builder_version=&#8221;3.25&#8243; custom_padding=&#8221;|||&#8221; custom_padding__hover=&#8221;|||&#8221;][et_pb_image src=&#8221;https:\/\/www.acxys.com\/wp-content\/uploads\/2019\/07\/quicket-set-interface-tactile.jpg&#8221; align=&#8221;center&#8221; align_tablet=&#8221;center&#8221; align_phone=&#8221;&#8221; align_last_edited=&#8221;on|desktop&#8221; _builder_version=&#8221;3.23&#8243; max_width=&#8221;80%&#8221; animation_style=&#8221;slide&#8221; animation_direction=&#8221;top&#8221; animation_intensity_slide=&#8221;10%&#8221;][\/et_pb_image][et_pb_text _builder_version=&#8221;4.9.7&#8243; hover_enabled=&#8221;0&#8243; sticky_enabled=&#8221;0&#8243;]<\/p>\n<p style=\"text-align: center;\"><em>\u5750\u6807\u5bfc\u822a\u64cd\u4f5c\u754c\u9762<\/em><\/p>\n<p>[\/et_pb_text][\/et_pb_column][et_pb_column type=&#8221;1_2&#8243; _builder_version=&#8221;3.25&#8243; custom_padding=&#8221;|||&#8221; custom_padding__hover=&#8221;|||&#8221;][et_pb_text _builder_version=&#8221;4.9.2&#8243; text_font=&#8221;||||||||&#8221;]<\/p>\n<h2 class=\"page-h2 hz\">\u76f4\u89c2\u7684\u6570\u5b57\u754c\u9762\u89e6\u63a7\u5c4f<\/h2>\n<ul class=\"unstyled\">\n<li>&#8211; \u72ec\u7279\u7684\u4eba\u673a\u754c\u9762<\/li>\n<li>&#8211; \u591a\u4e2a\u53ef\u7f16\u7a0b\u8f93\u5165\/\u8f93\u51fa<\/li>\n<li>&#8211; USB\u7aef\u53e3\u63d0\u4f9b\u989d\u5916\u7684\u5185\u5b58<\/li>\n<li>&#8211; \u8fdc\u7a0b\u624b\u63017\u82f1\u5bf8\u89e6\u6478\u5c4f<\/li>\n<li>&#8211; \u624b\u52a8\u6216\u57fa\u4e8e\u5750\u6807\u7684\u8f68\u8ff9\u7f16\u7a0b<\/li>\n<li>&#8211; \u7ebf\u6027\u63d2\u503c\u7b97\u6cd5<\/li>\n<\/ul>\n<p>[\/et_pb_text][\/et_pb_column][\/et_pb_row][et_pb_row column_structure=&#8221;1_2,1_2&#8243; _builder_version=&#8221;3.25&#8243; animation_style=&#8221;slide&#8221; animation_direction=&#8221;top&#8221; animation_intensity_slide=&#8221;10%&#8221;][et_pb_column type=&#8221;1_2&#8243; _builder_version=&#8221;3.25&#8243; custom_padding=&#8221;|||&#8221; custom_padding__hover=&#8221;|||&#8221;][et_pb_text _builder_version=&#8221;4.9.7&#8243; text_font=&#8221;||||||||&#8221; hover_enabled=&#8221;0&#8243; sticky_enabled=&#8221;0&#8243;]<\/p>\n<ul class=\"unstyled\">\n<li>&#8211; \u901a\u8fc7EasySquare\u529f\u80fd\u8fdb\u884c\u8f68\u8ff9\u7f16\u7a0b\u4ee5\u53ca\u81ea\u52a8\u8868\u9762\u626b\u63cf<\/li>\n<\/ul>\n<p class=\"lddw\">\u9700\u8bbe\u5b9a\u7684\u53c2\u6570:<\/p>\n<ol>\n<li class=\"lddw\">\u8d77\u59cb\u70b9\u5750\u6807\u4e0e\u7ed3\u675f\u70b9\u5750\u6807<\/li>\n<li>\u79fb\u52a8\u901f\u5ea6\u4e0e\u6b65\u6570<\/li>\n<\/ol>\n<p>[\/et_pb_text][\/et_pb_column][et_pb_column type=&#8221;1_2&#8243; _builder_version=&#8221;3.25&#8243; custom_padding=&#8221;|||&#8221; custom_padding__hover=&#8221;|||&#8221;][et_pb_image src=&#8221;https:\/\/www.acxys.com\/wp-content\/uploads\/2019\/05\/quicket-set-easy-square.jpg&#8221; align=&#8221;center&#8221; align_tablet=&#8221;center&#8221; align_phone=&#8221;&#8221; align_last_edited=&#8221;on|desktop&#8221; _builder_version=&#8221;4.9.7&#8243; max_width=&#8221;65%&#8221; animation_style=&#8221;slide&#8221; animation_direction=&#8221;top&#8221; animation_intensity_slide=&#8221;10%&#8221; hover_enabled=&#8221;0&#8243; sticky_enabled=&#8221;0&#8243;][\/et_pb_image][et_pb_text _builder_version=&#8221;4.9.7&#8243; hover_enabled=&#8221;0&#8243; sticky_enabled=&#8221;0&#8243;]<\/p>\n<p style=\"text-align: center;\"><em>EasySquare\u529f\u80fd<\/em><\/p>\n<p>[\/et_pb_text][\/et_pb_column][\/et_pb_row][\/et_pb_section]<\/p>\n","protected":false},"excerpt":{"rendered":"<p>[et_pb_section fb_built=&#8221;1&#8243; module_class=&#038;# [&hellip;]<\/p>\n","protected":false},"author":1,"featured_media":0,"parent":3682,"menu_order":0,"comment_status":"closed","ping_status":"closed","template":"","meta":{"_et_pb_use_builder":"on","_et_pb_old_content":"[et_pb_section fb_built=\"1\" module_class=\"lddw-entete-responsive\" _builder_version=\"3.21.1\" background_image=\"https:\/\/www.acxys.com\/wp-content\/uploads\/2019\/07\/bg-entete-technologie.jpg\" background_position=\"bottom_center\" custom_padding=\"1%||1%|\" z_index_tablet=\"500\"][\/et_pb_section][et_pb_section fb_built=\"1\" _builder_version=\"3.21.1\" custom_padding=\"0px||\"][et_pb_row _builder_version=\"3.21.1\" animation_style=\"slide\" animation_direction=\"left\" animation_intensity_slide=\"10%\"][et_pb_column type=\"4_4\" _builder_version=\"3.21.1\"][et_pb_text module_class=\"lddw-landing-conteneur blue\" _builder_version=\"3.21.1\" text_font=\"||||||||\" header_font=\"|600||on|||||\" header_text_color=\"#ffffff\" header_font_size=\"20px\" z_index_tablet=\"500\"]<h1>quickset : la solution imm\u00e9diatement op\u00e9rationnelle pour piloter vos traitements de surfaces avec un robot<\/h1>[\/et_pb_text][et_pb_text _builder_version=\"3.21.1\"]<h2 class=\"page-h2\">Quickset Motion Solutions<\/h2>\r\n<p class=\"lddw\">Pour offrir \u00e0 ses clients des solutions simples et rapides, AcXys Technologies a mis au point un \u00e9quipement robotis\u00e9 standard adopt\u00e9 \u00e0 ses modules plasma ULS et ULCoat.\r\nSur demande, AcXys Technologies peut \u00e9galement \u00e9largir les possibilit\u00e9s du robot cart\u00e9sien QuickSet pour r\u00e9pondre \u00e0 des besoins sp\u00e9cifiques d\u2019installation sur cha\u00eene de production.<\/p>[\/et_pb_text][et_pb_image src=\"https:\/\/www.acxys.com\/wp-content\/uploads\/2019\/07\/quicket-set-motion-solutions-3d.jpg\" align=\"center\" _builder_version=\"3.21.1\"][\/et_pb_image][\/et_pb_column][\/et_pb_row][et_pb_row _builder_version=\"3.21.1\" animation_style=\"slide\" animation_direction=\"top\" animation_intensity_slide=\"10%\"][et_pb_column type=\"4_4\" _builder_version=\"3.21.1\"][et_pb_text _builder_version=\"3.21.1\"]<h2 class=\"page-h2 hz\">Description de l\u2019\u00e9quipement QuickSet<\/h2>\r\n<ul class=\"unstyled flex-parent flex-columns-2 flex-wrap-wrap\">\r\n<li>- Robot cart\u00e9sien 3 axes capable de trajectoires lin\u00e9aires interpol\u00e9es<\/li>\r\n<li>- Enveloppe de balayage de 250mm x 330 mm x 100 mm<\/li>\r\n<li>- Vitesse jusqu'\u00e0 300mm\/s <\/li>\r\n<li>- Enceinte  ferm\u00e9e pour le traitement plasma <\/li>\r\n<li>- Composants \u00e9lectriques et \u00e9lectroniques log\u00e9s dans un espace isol\u00e9 <\/li>\r\n<li>- Pilotage par \u00e9cran d\u00e9port\u00e9<\/li>\r\n<\/ul>[\/et_pb_text][\/et_pb_column][\/et_pb_row][et_pb_row _builder_version=\"3.21.1\" animation_style=\"slide\" animation_direction=\"top\" animation_intensity_slide=\"10%\"][et_pb_column type=\"1_2\" _builder_version=\"3.21.1\"][et_pb_image src=\"https:\/\/www.acxys.com\/wp-content\/uploads\/2019\/07\/quicket-set-interface-tactile.jpg\" align=\"center\" _builder_version=\"3.21.1\" max_width=\"80%\" animation_style=\"slide\" animation_direction=\"top\" animation_intensity_slide=\"10%\"][\/et_pb_image][et_pb_text _builder_version=\"3.21.1\"]<p style=\"text-align: center;\"><em>Interface de pilotage des axes<\/em><\/p>[\/et_pb_text][\/et_pb_column][et_pb_column type=\"1_2\" _builder_version=\"3.21.1\"][et_pb_text _builder_version=\"3.21.1\" text_font=\"||||||||\"]<h2 class=\"page-h2 hz\">Interface tactile ergonomique<\/h2>\r\n<ul class=\"unstyled\">\r\n<li>- interface homme machine unique<\/li>\r\n<li>- plusieurs entr\u00e9es\/sorties programmables<\/li>\r\n<li>- port USB pour m\u00e9moire suppl\u00e9mentaire<\/li>\r\n<li>- \u00e9cran tactile 7\u2019\u2019 d\u00e9port\u00e9<\/li>\r\n<li>- programmation de trajectoire par apprentissage manuel ou par coordonn\u00e9es<\/li>\r\n<li>- Interpolation lin\u00e9aire<\/li>\r\n<\/ul>[\/et_pb_text][\/et_pb_column][\/et_pb_row][et_pb_row _builder_version=\"3.21.1\" animation_style=\"slide\" animation_direction=\"top\" animation_intensity_slide=\"10%\"][et_pb_column type=\"1_2\" _builder_version=\"3.21.1\"][et_pb_text _builder_version=\"3.21.1\" text_font=\"||||||||\"]<ul class=\"unstyled\">\r\n<li>- programmation de trajectoire par la fonction EasySquare pour le calcul automatique des mouvements d\u2019axes balayant des surfaces<\/li>\r\n<\/ul>\r\n<p class=\"lddw\">Param\u00e8tres:<\/p>\r\n<ol>\r\n<li class=\"lddw\">Coordonn\u00e9es de d\u00e9but et de fin<\/li>\r\n<li>Vitesse et pas<\/li>\r\n<\/ol>[\/et_pb_text][\/et_pb_column][et_pb_column type=\"1_2\" _builder_version=\"3.21.1\"][et_pb_image src=\"https:\/\/www.acxys.com\/wp-content\/uploads\/2019\/05\/quicket-set-easy-square.jpg\" align=\"center\" _builder_version=\"3.21.1\" max_width=\"65%\" animation_style=\"slide\" animation_direction=\"top\" animation_intensity_slide=\"10%\"][\/et_pb_image][et_pb_text _builder_version=\"3.21.1\"]<p style=\"text-align: center;\"><em>Fonction Easy Square<\/em><\/p>[\/et_pb_text][\/et_pb_column][\/et_pb_row][\/et_pb_section]","_et_gb_content_width":"","footnotes":""},"class_list":["post-3725","page","type-page","status-publish","hentry"],"_links":{"self":[{"href":"https:\/\/www.acxys.com\/zh-hans\/wp-json\/wp\/v2\/pages\/3725","targetHints":{"allow":["GET"]}}],"collection":[{"href":"https:\/\/www.acxys.com\/zh-hans\/wp-json\/wp\/v2\/pages"}],"about":[{"href":"https:\/\/www.acxys.com\/zh-hans\/wp-json\/wp\/v2\/types\/page"}],"author":[{"embeddable":true,"href":"https:\/\/www.acxys.com\/zh-hans\/wp-json\/wp\/v2\/users\/1"}],"replies":[{"embeddable":true,"href":"https:\/\/www.acxys.com\/zh-hans\/wp-json\/wp\/v2\/comments?post=3725"}],"version-history":[{"count":6,"href":"https:\/\/www.acxys.com\/zh-hans\/wp-json\/wp\/v2\/pages\/3725\/revisions"}],"predecessor-version":[{"id":3936,"href":"https:\/\/www.acxys.com\/zh-hans\/wp-json\/wp\/v2\/pages\/3725\/revisions\/3936"}],"up":[{"embeddable":true,"href":"https:\/\/www.acxys.com\/zh-hans\/wp-json\/wp\/v2\/pages\/3682"}],"wp:attachment":[{"href":"https:\/\/www.acxys.com\/zh-hans\/wp-json\/wp\/v2\/media?parent=3725"}],"curies":[{"name":"wp","href":"https:\/\/api.w.org\/{rel}","templated":true}]}}