{"id":3733,"date":"2021-06-18T15:00:02","date_gmt":"2021-06-18T13:00:02","guid":{"rendered":"https:\/\/www.acxys.com\/?page_id=3733"},"modified":"2021-06-28T14:36:02","modified_gmt":"2021-06-28T12:36:02","slug":"automation-turnkey-plasma-equipment-ulscan","status":"publish","type":"page","link":"https:\/\/www.acxys.com\/zh-hans\/equipment-plasma-treatment-surface\/automation-turnkey-plasma-equipment-ulscan\/","title":{"rendered":"ULScan &#8211; CN"},"content":{"rendered":"<p>[et_pb_section fb_built=&#8221;1&#8243; module_class=&#8221;lddw-entete-responsive&#8221; _builder_version=&#8221;3.22&#8243; background_image=&#8221;https:\/\/www.acxys.com\/wp-content\/uploads\/2019\/07\/bg-entete-ulscan.jpg&#8221; custom_padding=&#8221;1%||1%|&#8221; z_index_tablet=&#8221;500&#8243;][\/et_pb_section][et_pb_section fb_built=&#8221;1&#8243; _builder_version=&#8221;3.22&#8243; custom_padding=&#8221;0px||&#8221;][et_pb_row _builder_version=&#8221;3.25&#8243; animation_style=&#8221;slide&#8221; animation_direction=&#8221;left&#8221; animation_intensity_slide=&#8221;10%&#8221;][et_pb_column type=&#8221;4_4&#8243; _builder_version=&#8221;3.25&#8243; custom_padding=&#8221;|||&#8221; custom_padding__hover=&#8221;|||&#8221;][et_pb_text module_class=&#8221;lddw-landing-conteneur blue&#8221; _builder_version=&#8221;4.9.2&#8243; text_font=&#8221;||||||||&#8221; header_font=&#8221;|600||on|||||&#8221; header_text_color=&#8221;#ffffff&#8221; header_font_size=&#8221;20px&#8221; z_index_tablet=&#8221;500&#8243;]<\/p>\n<h1>ULScan\uff1a\u4e0a\u624b\u5373\u7528\u7684\u8868\u9762\u6d3b\u5316\u548c\u8584\u819c\u6c89\u79ef\u7684\u8bbe\u5907<\/h1>\n<p>[\/et_pb_text][et_pb_text _builder_version=&#8221;4.9.2&#8243;]<\/p>\n<h2 class=\"page-h2\">ULScan<\/h2>\n<p class=\"lddw\">AcXys Technologies\u5f00\u53d1\u7684ULScan\u7cfb\u5217\uff0c\u53ef\u6ee1\u8db3\u5ba2\u6237\u5728\u5c16\u7aef\u5e38\u538b\u7b49\u79bb\u5b50\u4f53\u6280\u672f\u65b9\u9762\u7684\u9700\u6c42\uff0c\u8bbe\u5907\u5b8c\u5168\u96c6\u6210\u3001\u7b80\u5355\u4e14\u5bf9\u7528\u6237\u53cb\u597d\u3002<\/p>\n<p>[\/et_pb_text][\/et_pb_column][\/et_pb_row][et_pb_row column_structure=&#8221;1_3,1_3,1_3&#8243; _builder_version=&#8221;3.25&#8243;][et_pb_column type=&#8221;1_3&#8243; _builder_version=&#8221;3.25&#8243; custom_padding=&#8221;|||&#8221; custom_padding__hover=&#8221;|||&#8221;][et_pb_text _builder_version=&#8221;4.9.2&#8243; text_font=&#8221;||||||||&#8221;]<\/p>\n<h2 class=\"page-h2 hz\">ULScan\u7cfb\u5217\u6982\u89c8<\/h2>\n<p>ULScan\u7cfb\u5217\u878d\u5408\u4e86ULS\u7cfb\u5217\u7684\u8868\u9762\u6d3b\u5316\u6280\u672f\uff0c\u5e76\u4f7f\u7528ULCoat\u7cfb\u5217\u8fdb\u884c\u8584\u819c\u6c89\u79ef\u3002 <\/p>\n<p>\u5904\u7406\u8fc7\u7a0b\u5c06\u7531QuickSet\u64cd\u4f5c\u5e73\u53f0\u534f\u52a9\u5b8c\u6210\uff0c\u5b8c\u5168\u81ea\u52a8\u5316\u5e76\u7531\u89e6\u6478\u5c4f\u63a7\u5236\u3002<\/p>\n<p>\u8be5\u6280\u672f\u9002\u7528\u4e8e\u52a0\u5de5\u5e73\u6ed1\u3001\u534a\u5706\u67f1\u5f62\u7684\u5e73\u9762\u96f6\u4ef6\u3002[\/et_pb_text][\/et_pb_column][et_pb_column type=&#8221;1_3&#8243; _builder_version=&#8221;3.25&#8243; custom_padding=&#8221;|||&#8221; custom_padding__hover=&#8221;|||&#8221;][et_pb_image src=&#8221;https:\/\/www.acxys.com\/wp-content\/uploads\/2019\/05\/ulscan-1.jpg&#8221; align_tablet=&#8221;center&#8221; align_phone=&#8221;&#8221; align_last_edited=&#8221;on|desktop&#8221; _builder_version=&#8221;3.23&#8243; module_alignment=&#8221;center&#8221; animation_style=&#8221;slide&#8221; animation_direction=&#8221;left&#8221; animation_intensity_slide=&#8221;10%&#8221;][\/et_pb_image][\/et_pb_column][et_pb_column type=&#8221;1_3&#8243; _builder_version=&#8221;3.25&#8243; custom_padding=&#8221;|||&#8221; custom_padding__hover=&#8221;|||&#8221;][et_pb_image src=&#8221;https:\/\/www.acxys.com\/wp-content\/uploads\/2019\/05\/ulscan-2.jpg&#8221; align_tablet=&#8221;center&#8221; align_phone=&#8221;&#8221; align_last_edited=&#8221;on|desktop&#8221; _builder_version=&#8221;3.23&#8243; module_alignment=&#8221;center&#8221; animation_style=&#8221;slide&#8221; animation_direction=&#8221;right&#8221; animation_intensity_slide=&#8221;10%&#8221;][\/et_pb_image][\/et_pb_column][\/et_pb_row][et_pb_row column_structure=&#8221;1_3,2_3&#8243; _builder_version=&#8221;3.25&#8243; custom_padding=&#8221;0px||&#8221;][et_pb_column type=&#8221;1_3&#8243; _builder_version=&#8221;3.25&#8243; custom_padding=&#8221;|||&#8221; custom_padding__hover=&#8221;|||&#8221;][\/et_pb_column][et_pb_column type=&#8221;2_3&#8243; _builder_version=&#8221;3.25&#8243; custom_padding=&#8221;|||&#8221; custom_padding__hover=&#8221;|||&#8221;][et_pb_text _builder_version=&#8221;4.9.7&#8243; custom_margin=&#8221;|-82px||||&#8221; custom_padding=&#8221;|48px||||&#8221; animation_style=&#8221;slide&#8221; hover_enabled=&#8221;0&#8243; sticky_enabled=&#8221;0&#8243;]<\/p>\n<p style=\"text-align: center;\"><em>\u7535\u52a8\u591a\u8f74\u5e73\u53f0QuickSet\uff082\u8f74\u62163\u8f74\uff09<\/em><\/p>\n<p>[\/et_pb_text][et_pb_text module_class=&#8221;lddw-hidden&#8221; _builder_version=&#8221;4.9.7&#8243; header_font=&#8221;||||||||&#8221; hover_enabled=&#8221;0&#8243; sticky_enabled=&#8221;0&#8243;]<\/p>\n<p style=\"text-align: center;\"><em>\u7535\u52a8\u591a\u8f74\u5e73\u53f0QuickSet\uff082\u8f74\u62163\u8f74\uff09<\/em><\/p>\n<p>[\/et_pb_text][\/et_pb_column][\/et_pb_row][et_pb_row _builder_version=&#8221;3.25&#8243; animation_style=&#8221;slide&#8221; animation_direction=&#8221;top&#8221; animation_intensity_slide=&#8221;10%&#8221;][et_pb_column type=&#8221;4_4&#8243; _builder_version=&#8221;3.25&#8243; custom_padding=&#8221;|||&#8221; custom_padding__hover=&#8221;|||&#8221;][et_pb_text _builder_version=&#8221;4.9.2&#8243; text_font=&#8221;||||||||&#8221;]<\/p>\n<h2 class=\"page-h2 hz\">ULScan\u7cfb\u5217\u4e3b\u8981\u89c4\u683c<\/h2>\n<ul class=\"unstyled flex-parent flex-columns-2 flex-wrap-wrap\">\n<li>&#8211; \u7535\u6c14\u67dc<\/li>\n<li>&#8211; \u5bc6\u5c01\u5904\u7406\u8231<\/li>\n<li>&#8211; \u4fdd\u62a4\u7528\u6237\u514d\u906d\u673a\u68b0\u98ce\u9669<\/li>\n<li>&#8211; \u5bc6\u5c01\u9694\u79bb\u5de5\u4f5c\u533a\u57df\u4ee5\u4fdd\u62a4\u7528\u6237\u514d\u53d7\u6392\u653e\u6c14\u4f53\u7684\u5f71\u54cd<\/li>\n<li>&#8211; \u89e6\u6478\u5c4f<\/li>\n<li>&#8211; \u53ef\u7f16\u7a0b\u81ea\u52a8\u63a7\u5236\u6a21\u5f0f<\/li>\n<li>&#8211; \u7d27\u6025\u505c\u6b62<\/li>\n<li>&#8211; \u8231\u95e8\u611f\u5e94\u5668<\/li>\n<\/ul>\n<p>[\/et_pb_text][\/et_pb_column][\/et_pb_row][\/et_pb_section]<\/p>\n","protected":false},"excerpt":{"rendered":"<p>[et_pb_section fb_built=&#8221;1&#8243; module_class=&#038;# [&hellip;]<\/p>\n","protected":false},"author":1,"featured_media":0,"parent":3682,"menu_order":0,"comment_status":"closed","ping_status":"closed","template":"","meta":{"_et_pb_use_builder":"on","_et_pb_old_content":"[et_pb_section fb_built=\"1\" module_class=\"lddw-entete-responsive\" _builder_version=\"3.22\" background_image=\"https:\/\/www.acxys.com\/wp-content\/uploads\/2019\/07\/bg-entete-ulscan.jpg\" custom_padding=\"1%||1%|\" z_index_tablet=\"500\"][\/et_pb_section][et_pb_section fb_built=\"1\" _builder_version=\"3.22\" custom_padding=\"0px||\"][et_pb_row _builder_version=\"3.25\" animation_style=\"slide\" animation_direction=\"left\" animation_intensity_slide=\"10%\"][et_pb_column type=\"4_4\" _builder_version=\"3.25\" custom_padding=\"|||\" custom_padding__hover=\"|||\"][et_pb_text module_class=\"lddw-landing-conteneur blue\" _builder_version=\"3.21.1\" text_font=\"||||||||\" header_font=\"|600||on|||||\" header_text_color=\"#ffffff\" header_font_size=\"20px\" z_index_tablet=\"500\"]<h1>ULScan : l\u2019\u00e9quipement cl\u00e9 en main pour l\u2019activation de surfaces et le d\u00e9p\u00f4t de couche mince<\/h1>[\/et_pb_text][et_pb_text _builder_version=\"3.21.1\"]<h2 class=\"page-h2\">ULScan<\/h2>\r\n<p class=\"lddw\">AcXys Technologies a d\u00e9velopp\u00e9 l\u2019ULScan pour r\u00e9pondre \u00e0 la demande de ses clients souhaitant b\u00e9n\u00e9ficier des derni\u00e8res technologies dans le domaine du plasma atmosph\u00e9rique et voulant disposer d\u2019une installation int\u00e9gr\u00e9e, simple et unique.<\/p>[\/et_pb_text][\/et_pb_column][\/et_pb_row][et_pb_row column_structure=\"1_3,1_3,1_3\" _builder_version=\"3.25\"][et_pb_column type=\"1_3\" _builder_version=\"3.25\" custom_padding=\"|||\" custom_padding__hover=\"|||\"][et_pb_text _builder_version=\"3.21.1\" text_font=\"||||||||\"]<h2 class=\"page-h2 hz\">Description de l'ULScan<\/h2>\r\nL\u2019ULScan utilise la technologie ULS pour l'activation de surface et UL-Coat pour le d\u00e9p\u00f4t de couche mince. \r\n\r\nLe traitement est appliqu\u00e9 par des axes lin\u00e9aires. Automatisation incluse & pilotage par \u00e9cran tactile.\r\n\r\nElle est particuli\u00e8rement adapt\u00e9e pour les traitements des pi\u00e8ces plates, demi-cylindriques et planes.[\/et_pb_text][\/et_pb_column][et_pb_column type=\"1_3\" _builder_version=\"3.25\" custom_padding=\"|||\" custom_padding__hover=\"|||\"][et_pb_image src=\"https:\/\/www.acxys.com\/wp-content\/uploads\/2019\/05\/ulscan-1.jpg\" align_tablet=\"center\" align_last_edited=\"on|desktop\" _builder_version=\"3.23\" module_alignment=\"center\" animation_style=\"slide\" animation_direction=\"left\" animation_intensity_slide=\"10%\"][\/et_pb_image][\/et_pb_column][et_pb_column type=\"1_3\" _builder_version=\"3.25\" custom_padding=\"|||\" custom_padding__hover=\"|||\"][et_pb_image src=\"https:\/\/www.acxys.com\/wp-content\/uploads\/2019\/05\/ulscan-2.jpg\" align_tablet=\"center\" align_last_edited=\"on|desktop\" _builder_version=\"3.23\" module_alignment=\"center\" animation_style=\"slide\" animation_direction=\"right\" animation_intensity_slide=\"10%\"][\/et_pb_image][\/et_pb_column][\/et_pb_row][et_pb_row column_structure=\"1_3,2_3\" _builder_version=\"3.25\" custom_padding=\"0px||\"][et_pb_column type=\"1_3\" _builder_version=\"3.25\" custom_padding=\"|||\" custom_padding__hover=\"|||\"][\/et_pb_column][et_pb_column type=\"2_3\" _builder_version=\"3.25\" custom_padding=\"|||\" custom_padding__hover=\"|||\"][et_pb_text _builder_version=\"3.26.7\" custom_margin=\"|-82px||||\" custom_padding=\"|48px||||\" animation_style=\"slide\"]<p style=\"text-align: center;\"><em>Table d\u2019axes motoris\u00e9e QuickSet (2 \u00e0 3 axes)<\/em><\/p>[\/et_pb_text][et_pb_text module_class=\"lddw-hidden\" _builder_version=\"3.21.1\" header_font=\"||||||||\"]<p style=\"text-align: center;\"><em>Table d'axes motoris\u00e9e QuickSet (2 \u00e0 3 axes)<\/em><\/p>[\/et_pb_text][\/et_pb_column][\/et_pb_row][et_pb_row _builder_version=\"3.25\" animation_style=\"slide\" animation_direction=\"top\" animation_intensity_slide=\"10%\"][et_pb_column type=\"4_4\" _builder_version=\"3.25\" custom_padding=\"|||\" custom_padding__hover=\"|||\"][et_pb_text _builder_version=\"3.21.1\" text_font=\"||||||||\"]<h2 class=\"page-h2 hz\">Principales caract\u00e9ristiques de l\u2019ULScan<\/h2>\r\n<ul class=\"unstyled flex-parent flex-columns-2 flex-wrap-wrap\">\r\n<li>- Armoire \u00e9lectrique<\/li>\r\n<li>- Enceinte de traitement<\/li>\r\n<li>- Prot\u00e8ge les utilisateurs contre les risques m\u00e9caniques<\/li>\r\n<li>- Isole la zone de traitement et prot\u00e8ge les usagers des effluents gazeux<\/li>\r\n<li>- \u00c9cran tactile<\/li>\r\n<li>- Programmation de modes automatiques<\/li>\r\n<li>- Arr\u00eat d'urgence<\/li>\r\n<li>- D\u00e9tecteur de porte<\/li>\r\n<li>- D\u00e9tecteur d'extraction<\/li>\r\n<\/ul>[\/et_pb_text][\/et_pb_column][\/et_pb_row][\/et_pb_section]","_et_gb_content_width":"","footnotes":""},"class_list":["post-3733","page","type-page","status-publish","hentry"],"_links":{"self":[{"href":"https:\/\/www.acxys.com\/zh-hans\/wp-json\/wp\/v2\/pages\/3733","targetHints":{"allow":["GET"]}}],"collection":[{"href":"https:\/\/www.acxys.com\/zh-hans\/wp-json\/wp\/v2\/pages"}],"about":[{"href":"https:\/\/www.acxys.com\/zh-hans\/wp-json\/wp\/v2\/types\/page"}],"author":[{"embeddable":true,"href":"https:\/\/www.acxys.com\/zh-hans\/wp-json\/wp\/v2\/users\/1"}],"replies":[{"embeddable":true,"href":"https:\/\/www.acxys.com\/zh-hans\/wp-json\/wp\/v2\/comments?post=3733"}],"version-history":[{"count":8,"href":"https:\/\/www.acxys.com\/zh-hans\/wp-json\/wp\/v2\/pages\/3733\/revisions"}],"predecessor-version":[{"id":3835,"href":"https:\/\/www.acxys.com\/zh-hans\/wp-json\/wp\/v2\/pages\/3733\/revisions\/3835"}],"up":[{"embeddable":true,"href":"https:\/\/www.acxys.com\/zh-hans\/wp-json\/wp\/v2\/pages\/3682"}],"wp:attachment":[{"href":"https:\/\/www.acxys.com\/zh-hans\/wp-json\/wp\/v2\/media?parent=3733"}],"curies":[{"name":"wp","href":"https:\/\/api.w.org\/{rel}","templated":true}]}}