{"id":3740,"date":"2021-06-18T15:13:01","date_gmt":"2021-06-18T13:13:01","guid":{"rendered":"https:\/\/www.acxys.com\/?page_id=3740"},"modified":"2021-07-05T17:23:41","modified_gmt":"2021-07-05T15:23:41","slug":"test-ink-test-pen-surface-tension","status":"publish","type":"page","link":"https:\/\/www.acxys.com\/zh-hans\/test-ink-test-pen-surface-tension\/","title":{"rendered":"Encres de test"},"content":{"rendered":"<p>[et_pb_section fb_built=&#8221;1&#8243; module_class=&#8221;lddw-entete-responsive&#8221; _builder_version=&#8221;4.9.2&#8243; background_image=&#8221;https:\/\/www.acxys.com\/wp-content\/uploads\/2021\/03\/bg-entete-encres-test2.jpg&#8221; background_position=&#8221;bottom_center&#8221; custom_padding=&#8221;1%||1%|&#8221; z_index_tablet=&#8221;500&#8243;][\/et_pb_section][et_pb_section fb_built=&#8221;1&#8243; _builder_version=&#8221;3.22&#8243; custom_padding=&#8221;0px||&#8221;][et_pb_row _builder_version=&#8221;3.25&#8243; border_color_bottom=&#8221;#2f68a3&#8243;][et_pb_column type=&#8221;4_4&#8243; _builder_version=&#8221;3.25&#8243; custom_padding=&#8221;|||&#8221; custom_padding__hover=&#8221;|||&#8221;][et_pb_button button_url=&#8221;https:\/\/www.testinks.com\/gb\/&#8221; url_new_window=&#8221;on&#8221; button_text=&#8221; \u8d2d\u4e70\u6d4b\u8bd5\u58a8\u6c34&#8221; button_alignment=&#8221;center&#8221; _builder_version=&#8221;4.9.2&#8243; custom_button=&#8221;on&#8221; button_text_color=&#8221;#ffffff&#8221; button_bg_color=&#8221;#2f68a3&#8243; button_border_color=&#8221;#2f68a3&#8243; button_border_radius=&#8221;0&#8243; button_font=&#8221;||||||||&#8221; button_use_icon=&#8221;off&#8221; custom_margin=&#8221;21px|||||&#8221; hover_enabled=&#8221;0&#8243; z_index_tablet=&#8221;500&#8243; sticky_enabled=&#8221;0&#8243;][\/et_pb_button][et_pb_text module_class=&#8221;lddw-landing-conteneur blue&#8221; _builder_version=&#8221;4.9.2&#8243; text_font=&#8221;||||||||&#8221; header_font=&#8221;|600||on|||||&#8221; header_text_color=&#8221;#ffffff&#8221; header_font_size=&#8221;20px&#8221; animation_style=&#8221;slide&#8221; hover_enabled=&#8221;0&#8243; z_index_tablet=&#8221;500&#8243; sticky_enabled=&#8221;0&#8243;]<\/p>\n<h1>AcXys Technologies\u5f00\u53d1\u7684\u7528\u4e8e\u6d4b\u8bd5\u6750\u6599\u8868\u9762\u5f20\u529b\u7684\u6d4b\u8bd5\u58a8\u6c34<\/h1>\n<p>[\/et_pb_text][et_pb_text _builder_version=&#8221;4.9.2&#8243; header_font=&#8221;||||||||&#8221; header_2_font=&#8221;||||||||&#8221; header_2_text_color=&#8221;#499ef7&#8243; custom_padding=&#8221;|||&#8221; animation_style=&#8221;slide&#8221; animation_direction=&#8221;left&#8221; hover_enabled=&#8221;0&#8243; border_color_right=&#8221;#e18e55&#8243; border_color_left=&#8221;#e18e55&#8243; sticky_enabled=&#8221;0&#8243;]<\/p>\n<h2 class=\"page-h2 hz\">\u6d4b\u8bd5\u58a8\u6c34\u7684\u4e3b\u8981\u7528\u9014<\/h2>\n<p>[\/et_pb_text][\/et_pb_column][\/et_pb_row][et_pb_row column_structure=&#8221;1_2,1_2&#8243; _builder_version=&#8221;3.26.7&#8243; animation_style=&#8221;slide&#8221; animation_direction=&#8221;left&#8221; hover_enabled=&#8221;0&#8243; sticky_enabled=&#8221;0&#8243;][et_pb_column type=&#8221;1_2&#8243; _builder_version=&#8221;3.25&#8243; custom_padding=&#8221;|||&#8221; custom_padding__hover=&#8221;|||&#8221;][et_pb_text _builder_version=&#8221;4.9.7&#8243; hover_enabled=&#8221;0&#8243; sticky_enabled=&#8221;0&#8243;]<\/p>\n<ul>\n<li>\u53ef\u9760\u5730\u6d4b\u91cf\u6240\u6709\u6750\u6599\u4e0a\u7684\u8868\u9762\u5f20\u529b<\/li>\n<li>\u8bc4\u4f30\u6750\u6599\u7684\u6da6\u6e7f\u6027<\/li>\n<li>\u4f7f\u7528\u58a8\u6c34\u8fdb\u884c\u5feb\u901f\uff0c\u7b80\u5355\u7684\u6d4b\u8bd5<\/li>\n<li>\u6d4b\u91cf\u8303\u56f4\u4ece22\u523072 mN \/ m<\/li>\n<li>\u4f4e\u6210\u672c\u7684\u8d28\u91cf\u68c0\u67e5<\/li>\n<li>\u6e05\u6d01\u8868\u9762\u65f6\u68c0\u67e5\u662f\u5426\u6709\u6cb9\u6c61\u6b8b\u7559<\/li>\n<li>\u76d1\u63a7\u6536\u8d27\u8d28\u91cf<\/li>\n<\/ul>\n<p>[\/et_pb_text][\/et_pb_column][et_pb_column type=&#8221;1_2&#8243; _builder_version=&#8221;3.25&#8243; custom_padding=&#8221;|||&#8221; custom_padding__hover=&#8221;|||&#8221;][et_pb_image src=&#8221;https:\/\/www.acxys.com\/wp-content\/uploads\/2019\/05\/test-encre.jpg&#8221; align=&#8221;center&#8221; align_tablet=&#8221;center&#8221; align_phone=&#8221;&#8221; align_last_edited=&#8221;on|desktop&#8221; _builder_version=&#8221;4.9.2&#8243;][\/et_pb_image][et_pb_button button_url=&#8221;https:\/\/www.encre-test.fr\/gb&#8221; url_new_window=&#8221;on&#8221; button_text=&#8221; \u8d2d\u4e70\u6d4b\u8bd5\u58a8\u6c34&#8221; button_alignment=&#8221;center&#8221; _builder_version=&#8221;4.9.2&#8243; custom_button=&#8221;on&#8221; button_text_color=&#8221;#ffffff&#8221; button_bg_color=&#8221;#2f68a3&#8243; button_border_color=&#8221;#2f68a3&#8243; button_border_radius=&#8221;0&#8243; button_font=&#8221;||||||||&#8221; button_use_icon=&#8221;off&#8221; z_index_tablet=&#8221;500&#8243; locked=&#8221;off&#8221;][\/et_pb_button][et_pb_text _builder_version=&#8221;4.9.2&#8243;]<\/p>\n<p style=\"text-align: center;\"><em>\u5370\u5237\/\u6d82\u6f06\/\u4e0a\u5149\/\u80f6\u5408\/\u8986\u819c\u524d\u7684\u6709\u6548\u6d4b\u8bd5<\/em><\/p>\n<p>[\/et_pb_text][\/et_pb_column][\/et_pb_row][\/et_pb_section][et_pb_section fb_built=&#8221;1&#8243; _builder_version=&#8221;3.22&#8243;][et_pb_row _builder_version=&#8221;3.25&#8243; border_color_bottom=&#8221;#2f68a3&#8243;][et_pb_column type=&#8221;4_4&#8243; _builder_version=&#8221;3.25&#8243; custom_padding=&#8221;|||&#8221; custom_padding__hover=&#8221;|||&#8221;][et_pb_text _builder_version=&#8221;4.9.7&#8243; header_font=&#8221;||||||||&#8221; header_2_font=&#8221;||||||||&#8221; header_2_text_color=&#8221;#499ef7&#8243; custom_padding=&#8221;|||&#8221; border_color_right=&#8221;#e18e55&#8243; border_color_left=&#8221;#e18e55&#8243;]<\/p>\n<h2 class=\"page-h2 hz\">\u4e24\u79cd\u5305\u88c5\u9009\u62e9\uff1a\u74f6\u88c5\u58a8\u6c34\u6216\u6d4b\u8bd5\u7b14<\/h2>\n<p>\u7531<strong>AcXys Technologies<\/strong>\u5f00\u53d1\u7684<strong>\u6d4b\u8bd5\u58a8\u6c34<\/strong>\u73b0\u6709\u74f6\u88c5\u548c\u7b14\u88c5\u53ef\u4f9b\u9009\u62e9\uff0c\u53ef\u5355\u74f6\/\u5355\u652f\u8d2d\u4e70\u4e5f\u53ef\u6210\u5957\u8d2d\u4e70\u3002<\/p>\n<p>[\/et_pb_text][\/et_pb_column][\/et_pb_row][et_pb_row column_structure=&#8221;1_2,1_2&#8243; _builder_version=&#8221;3.25&#8243;][et_pb_column type=&#8221;1_2&#8243; _builder_version=&#8221;3.25&#8243; custom_padding=&#8221;|||&#8221; custom_padding__hover=&#8221;|||&#8221;][et_pb_image src=&#8221;https:\/\/www.acxys.com\/wp-content\/uploads\/2019\/05\/conditionnement-flacon.jpg&#8221; align=&#8221;center&#8221; align_tablet=&#8221;center&#8221; align_phone=&#8221;&#8221; align_last_edited=&#8221;on|desktop&#8221; _builder_version=&#8221;4.9.2&#8243;][\/et_pb_image][et_pb_text _builder_version=&#8221;4.9.2&#8243;]<\/p>\n<p style=\"text-align: center;\"><em>\u74f6\u88c5\u58a8\u6c34\uff1a\u4f7f\u7528\u5237\u5b50\u5c06\u6d4b\u8bd5\u58a8\u6c34\u9644\u4e8e\u6750\u6599\u8868\u9762<\/em><\/p>\n<p>[\/et_pb_text][\/et_pb_column][et_pb_column type=&#8221;1_2&#8243; _builder_version=&#8221;3.25&#8243; custom_padding=&#8221;|||&#8221; custom_padding__hover=&#8221;|||&#8221;][et_pb_image src=&#8221;https:\/\/www.acxys.com\/wp-content\/uploads\/2019\/05\/conditionnement-feutre.jpg&#8221; align=&#8221;center&#8221; align_tablet=&#8221;center&#8221; align_phone=&#8221;&#8221; align_last_edited=&#8221;on|desktop&#8221; _builder_version=&#8221;4.9.2&#8243;][\/et_pb_image][et_pb_text _builder_version=&#8221;4.9.2&#8243;]<\/p>\n<p style=\"text-align: center;\"><em>\u6d4b\u8bd5\u7b14\uff1a\u50cf\u666e\u901a\u7b14\u4e00\u6837\u4f7f\u7528\u5373\u53ef<\/em><\/p>\n<p>[\/et_pb_text][\/et_pb_column][\/et_pb_row][\/et_pb_section][et_pb_section fb_built=&#8221;1&#8243; _builder_version=&#8221;3.22&#8243;][et_pb_row _builder_version=&#8221;3.25&#8243;][et_pb_column type=&#8221;4_4&#8243; _builder_version=&#8221;3.25&#8243; custom_padding=&#8221;|||&#8221; custom_padding__hover=&#8221;|||&#8221;][et_pb_text _builder_version=&#8221;4.9.2&#8243; link_option_url=&#8221;https:\/\/www.encre-test.fr\/fr\/comparatif-encreSmartDropE-encreSmartDropF&#8221; link_option_url_new_window=&#8221;on&#8221;]<\/p>\n<h2 class=\"page-h2 hz\">\u4e24\u79cd\u7c7b\u578b\u7684\u6d4b\u8bd5\u58a8\u6c34\uff1aSmartDrop-E\u548cSmartDrop-F <\/h2>\n<p><strong>AcXys Technologies<\/strong> \u5df2\u5f00\u53d1\u4e86\u4e24\u79cd\u7c7b\u578b\u7684\u6d4b\u8bd5\u58a8\u6c34\uff1aSmartDrop-E\u6d4b\u8bd5\u58a8\u6c34\u548cSmartDrop-F\u6d4b\u8bd5\u58a8\u6c34\u3002<br \/>\u8fd9\u4e24\u79cd\u58a8\u6c34\u5177\u6709\u4e0d\u540c\u7684\u7279\u6027\uff0c\u56e0\u6b64\u4f7f\u7528\u65b9\u5f0f\u4e0d\u540c\u3002\u8981\u4e86\u89e3\u66f4\u591a\u5173\u4e8e\u6d4b\u8bd5\u58a8\u6c34\u53ca\u5176\u5e94\u7528\u7684\u4fe1\u606f\uff0c\u8bf7\u8df3\u8f6c\u81f3\u9875\u9762\u201c<a href=\"https:\/\/www.testinks.com\/gb\/characteristics-test-ink-SmartDropE-vs-test-ink-SmartDropF\" target=\"_blank\" rel=\"noopener noreferrer\">\u6d4b\u8bd5\u58a8\u6c34SmartDrop-E\u6216SmartDrop-F\u8be5\u5982\u4f55\u9009\u62e9\uff1f<\/a> \u00bb<\/p>\n<p>[\/et_pb_text][\/et_pb_column][\/et_pb_row][et_pb_row column_structure=&#8221;1_2,1_2&#8243; _builder_version=&#8221;3.25&#8243;][et_pb_column type=&#8221;1_2&#8243; _builder_version=&#8221;3.25&#8243; custom_padding=&#8221;|||&#8221; custom_padding__hover=&#8221;|||&#8221;][et_pb_image src=&#8221;https:\/\/www.acxys.com\/wp-content\/uploads\/2019\/05\/smartdrop-f.jpg&#8221; align=&#8221;center&#8221; align_tablet=&#8221;center&#8221; align_phone=&#8221;&#8221; align_last_edited=&#8221;on|desktop&#8221; _builder_version=&#8221;3.23&#8243;][\/et_pb_image][et_pb_text _builder_version=&#8221;3.27.4&#8243;]<\/p>\n<p style=\"text-align: center;\"><em>SmartDrop-F<\/em><\/p>\n<p>[\/et_pb_text][\/et_pb_column][et_pb_column type=&#8221;1_2&#8243; _builder_version=&#8221;3.25&#8243; custom_padding=&#8221;|||&#8221; custom_padding__hover=&#8221;|||&#8221;][et_pb_image src=&#8221;https:\/\/www.acxys.com\/wp-content\/uploads\/2019\/05\/smartdrop-e.jpg&#8221; align=&#8221;center&#8221; align_tablet=&#8221;center&#8221; align_phone=&#8221;&#8221; align_last_edited=&#8221;on|desktop&#8221; _builder_version=&#8221;3.23&#8243;][\/et_pb_image][et_pb_text _builder_version=&#8221;3.27.4&#8243;]<\/p>\n<p style=\"text-align: center;\"><em>SmartDrop-E<\/em><\/p>\n<p>[\/et_pb_text][\/et_pb_column][\/et_pb_row][et_pb_row _builder_version=&#8221;3.25&#8243;][et_pb_column type=&#8221;4_4&#8243; _builder_version=&#8221;3.25&#8243; custom_padding=&#8221;|||&#8221; custom_padding__hover=&#8221;|||&#8221;][et_pb_text _builder_version=&#8221;4.9.2&#8243;]<\/p>\n<p><strong>\u7f51\u4e0a\u5546\u57ce\u5373\u53ef\u8d2d\u4e70SmartDrop-E\u548cSmartdrop-F\u6d4b\u8bd5\u58a8\u6c34\u3002<\/strong><\/p>\n<p>[\/et_pb_text][et_pb_button button_url=&#8221;https:\/\/www.testinks.com\/gb\/&#8221; url_new_window=&#8221;on&#8221; button_text=&#8221; \u8d2d\u4e70\u6d4b\u8bd5\u58a8\u6c34&#8221; button_alignment=&#8221;center&#8221; _builder_version=&#8221;4.9.2&#8243; custom_button=&#8221;on&#8221; button_text_color=&#8221;#ffffff&#8221; button_bg_color=&#8221;#2f68a3&#8243; button_border_color=&#8221;#2f68a3&#8243; button_border_radius=&#8221;0&#8243; button_font=&#8221;||||||||&#8221; button_use_icon=&#8221;off&#8221; z_index_tablet=&#8221;500&#8243;][\/et_pb_button][\/et_pb_column][\/et_pb_row][\/et_pb_section]<\/p>\n","protected":false},"excerpt":{"rendered":"<p>[et_pb_section fb_built=&#8221;1&#8243; module_class=&#038;# [&hellip;]<\/p>\n","protected":false},"author":1,"featured_media":0,"parent":0,"menu_order":0,"comment_status":"closed","ping_status":"closed","template":"","meta":{"_et_pb_use_builder":"on","_et_pb_old_content":"[et_pb_section fb_built=\"1\" module_class=\"lddw-entete-responsive\" _builder_version=\"4.9.2\" background_image=\"https:\/\/www.acxys.com\/wp-content\/uploads\/2021\/03\/bg-entete-encres-test2.jpg\" background_position=\"bottom_center\" custom_padding=\"1%||1%|\" hover_enabled=\"0\" z_index_tablet=\"500\" sticky_enabled=\"0\" alt=\"Gros plan boite contenant des feutres de test\" title_text=\"bg-entete-encres-test2\"][\/et_pb_section][et_pb_section fb_built=\"1\" _builder_version=\"3.22\" custom_padding=\"0px||\"][et_pb_row _builder_version=\"3.25\" border_color_bottom=\"#2f68a3\"][et_pb_column type=\"4_4\" _builder_version=\"3.25\" custom_padding=\"|||\" custom_padding__hover=\"|||\"][et_pb_button button_url=\"https:\/\/www.encre-test.fr\/fr\/\" url_new_window=\"on\" button_text=\"Obtenir des encres de test\" button_alignment=\"center\" _builder_version=\"3.21.1\" custom_button=\"on\" button_text_color=\"#ffffff\" button_bg_color=\"#2f68a3\" button_border_color=\"#2f68a3\" button_border_radius=\"0\" button_font=\"||||||||\" button_use_icon=\"off\" custom_margin=\"21px|||||\" z_index_tablet=\"500\"][\/et_pb_button][et_pb_text module_class=\"lddw-landing-conteneur blue\" _builder_version=\"3.27.4\" text_font=\"||||||||\" header_font=\"|600||on|||||\" header_text_color=\"#ffffff\" header_font_size=\"20px\" animation_style=\"slide\" z_index_tablet=\"500\"]<h1>D\u00e9couvrez les encres de test d\u00e9velopp\u00e9es par AcXys Technologies pour mesurer l\u2019\u00e9nergie de surface de vos mat\u00e9riaux<\/h1>[\/et_pb_text][et_pb_text _builder_version=\"3.27.4\" header_font=\"||||||||\" header_2_font=\"||||||||\" header_2_text_color=\"#499ef7\" custom_padding=\"|||\" animation_style=\"slide\" animation_direction=\"left\" border_color_right=\"#e18e55\" border_color_left=\"#e18e55\"]<h2 class=\"page-h2 hz\">Utilisations principales des encres de test<\/h2>[\/et_pb_text][\/et_pb_column][\/et_pb_row][et_pb_row column_structure=\"1_2,1_2\" _builder_version=\"3.26.7\" animation_style=\"slide\" animation_direction=\"left\"][et_pb_column type=\"1_2\" _builder_version=\"3.25\" custom_padding=\"|||\" custom_padding__hover=\"|||\"][et_pb_text _builder_version=\"3.27.4\"]<ul>\r\n<li>Mesure fiable de la tension de surface sur tous les mat\u00e9riaux<\/li>\r\n<li>Evaluation de la mouillabilit\u00e9<\/li>\r\n<li>Test rapide, simple et pr\u00eat-\u00e0-utiliser<\/li>\r\n<li>Plage de mesure de 22 \u00e0 72 mN \/ m.<\/li>\r\n<li>Alternative peu co\u00fbteuse pour la v\u00e9rification de la qualit\u00e9<\/li>\r\n<li>D\u00e9tection de r\u00e9sidus d'huile apr\u00e8s le nettoyage de surface<\/li>\r\n<li>Surveillance de la qualit\u00e9 de la r\u00e9ception des marchandises<\/li>\r\n<\/ul>[\/et_pb_text][\/et_pb_column][et_pb_column type=\"1_2\" _builder_version=\"3.25\" custom_padding=\"|||\" custom_padding__hover=\"|||\"][et_pb_image src=\"https:\/\/www.acxys.com\/wp-content\/uploads\/2019\/05\/test-encre.jpg\" align=\"center\" align_tablet=\"center\" align_phone=\"\" align_last_edited=\"on|desktop\" _builder_version=\"3.23\"][\/et_pb_image][et_pb_button button_url=\"https:\/\/www.encre-test.fr\/fr\/\" url_new_window=\"on\" button_text=\"Obtenir des encres de test\" button_alignment=\"center\" _builder_version=\"3.21.1\" custom_button=\"on\" button_text_color=\"#ffffff\" button_bg_color=\"#2f68a3\" button_border_color=\"#2f68a3\" button_border_radius=\"0\" button_font=\"||||||||\" button_use_icon=\"off\" z_index_tablet=\"500\" locked=\"off\"][\/et_pb_button][et_pb_text _builder_version=\"3.27.4\"]<p style=\"text-align: center;\"><em>Test efficace avant : impression \/ peinture \/ vernissage \/ collage \/ rev\u00eatement<\/em><\/p>[\/et_pb_text][\/et_pb_column][\/et_pb_row][\/et_pb_section][et_pb_section fb_built=\"1\" _builder_version=\"3.22\"][et_pb_row _builder_version=\"3.25\" border_color_bottom=\"#2f68a3\"][et_pb_column type=\"4_4\" _builder_version=\"3.25\" custom_padding=\"|||\" custom_padding__hover=\"|||\"][et_pb_text _builder_version=\"3.27.4\" header_font=\"||||||||\" header_2_font=\"||||||||\" header_2_text_color=\"#499ef7\" custom_padding=\"|||\" border_color_right=\"#e18e55\" border_color_left=\"#e18e55\"]<h2 class=\"page-h2 hz\">Deux conditionnements\u00a0: flacon ou feutre<\/h2>\r\n<p><strong>Les encres de test<\/strong> d\u00e9velopp\u00e9es par <strong>AcXys Technologies<\/strong> sont disponibles en flacons ou en feutres et peuvent \u00eatre achet\u00e9es \u00e0 l'unit\u00e9 ou dans un coffret.<\/p>[\/et_pb_text][\/et_pb_column][\/et_pb_row][et_pb_row column_structure=\"1_2,1_2\" _builder_version=\"3.25\"][et_pb_column type=\"1_2\" _builder_version=\"3.25\" custom_padding=\"|||\" custom_padding__hover=\"|||\"][et_pb_image src=\"https:\/\/www.acxys.com\/wp-content\/uploads\/2019\/05\/conditionnement-flacon.jpg\" align=\"center\" align_tablet=\"center\" align_phone=\"\" align_last_edited=\"on|desktop\" _builder_version=\"3.23\"][\/et_pb_image][et_pb_text _builder_version=\"3.27.4\"]<p style=\"text-align: center;\"><em>Flacon : encre de test \u00e0 appliquer \u00e0 l\u2019aide d\u2019un pinceau<\/em><\/p>[\/et_pb_text][\/et_pb_column][et_pb_column type=\"1_2\" _builder_version=\"3.25\" custom_padding=\"|||\" custom_padding__hover=\"|||\"][et_pb_image src=\"https:\/\/www.acxys.com\/wp-content\/uploads\/2019\/05\/conditionnement-feutre.jpg\" align=\"center\" align_tablet=\"center\" align_phone=\"\" align_last_edited=\"on|desktop\" _builder_version=\"3.23\"][\/et_pb_image][et_pb_text _builder_version=\"3.27.4\"]<p style=\"text-align: center;\"><em>Feutre : encre de test \u00e0 appliquer comme un feutre classique<\/em><\/p>[\/et_pb_text][\/et_pb_column][\/et_pb_row][\/et_pb_section][et_pb_section fb_built=\"1\" _builder_version=\"3.22\"][et_pb_row _builder_version=\"3.25\"][et_pb_column type=\"4_4\" _builder_version=\"3.25\" custom_padding=\"|||\" custom_padding__hover=\"|||\"][et_pb_text _builder_version=\"3.27.4\" link_option_url=\"https:\/\/www.encre-test.fr\/fr\/comparatif-encreSmartDropE-encreSmartDropF\" link_option_url_new_window=\"on\"]<h2 class=\"page-h2 hz\">Deux types d\u2019encre de test : SmartDrop-E et SmartDrop-F<\/h2>\r\n<p><strong>AcXys Technologies<\/strong> a d\u00e9velopp\u00e9 2 types d'encre de test : l'encre de test SmartDrop-E et l'encre de test SmartDrop-F.<br \/>Ayant des propri\u00e9t\u00e9s diff\u00e9rentes, ces deux encres s\u2019utilisent diff\u00e9remment. Pour tout conna\u00eetre sur nos 2 types d\u2019encres et savoir laquelle choisir pour votre application, rendez-vous sur notre page \u00ab <a href=\"https:\/\/www.encre-test.fr\/fr\/comparatif-encreSmartDropE-encreSmartDropF\" target=\"_blank\" rel=\"noopener noreferrer\">Encre de test SmartDrop-E ou encre de test SmartDrop-F : laquelle choisir ?<\/a> \u00bb<\/p>[\/et_pb_text][\/et_pb_column][\/et_pb_row][et_pb_row column_structure=\"1_2,1_2\" _builder_version=\"3.25\"][et_pb_column type=\"1_2\" _builder_version=\"3.25\" custom_padding=\"|||\" custom_padding__hover=\"|||\"][et_pb_image src=\"https:\/\/www.acxys.com\/wp-content\/uploads\/2019\/05\/smartdrop-f.jpg\" align=\"center\" align_tablet=\"center\" align_phone=\"\" align_last_edited=\"on|desktop\" _builder_version=\"3.23\"][\/et_pb_image][et_pb_text _builder_version=\"3.27.4\"]<p style=\"text-align: center;\"><em>SmartDrop-F<\/em><\/p>[\/et_pb_text][\/et_pb_column][et_pb_column type=\"1_2\" _builder_version=\"3.25\" custom_padding=\"|||\" custom_padding__hover=\"|||\"][et_pb_image src=\"https:\/\/www.acxys.com\/wp-content\/uploads\/2019\/05\/smartdrop-e.jpg\" align=\"center\" align_tablet=\"center\" align_phone=\"\" align_last_edited=\"on|desktop\" _builder_version=\"3.23\"][\/et_pb_image][et_pb_text _builder_version=\"3.27.4\"]<p style=\"text-align: center;\"><em>SmartDrop-E<\/em><\/p>[\/et_pb_text][\/et_pb_column][\/et_pb_row][et_pb_row _builder_version=\"3.25\"][et_pb_column type=\"4_4\" _builder_version=\"3.25\" custom_padding=\"|||\" custom_padding__hover=\"|||\"][et_pb_text _builder_version=\"3.27.4\"]<p><strong>Pratique et rapide, achetez nos encres de tests SmartDrop-E et Smartdrop-F en ligne sur notre e-shop.<\/strong><\/p>[\/et_pb_text][et_pb_button button_url=\"https:\/\/www.encre-test.fr\/fr\/\" url_new_window=\"on\" button_text=\"Obtenir des encres de test\" button_alignment=\"center\" _builder_version=\"3.21.1\" custom_button=\"on\" button_text_color=\"#ffffff\" button_bg_color=\"#2f68a3\" button_border_color=\"#2f68a3\" button_border_radius=\"0\" button_font=\"||||||||\" button_use_icon=\"off\" z_index_tablet=\"500\"][\/et_pb_button][\/et_pb_column][\/et_pb_row][\/et_pb_section]","_et_gb_content_width":"","footnotes":""},"class_list":["post-3740","page","type-page","status-publish","hentry"],"_links":{"self":[{"href":"https:\/\/www.acxys.com\/zh-hans\/wp-json\/wp\/v2\/pages\/3740","targetHints":{"allow":["GET"]}}],"collection":[{"href":"https:\/\/www.acxys.com\/zh-hans\/wp-json\/wp\/v2\/pages"}],"about":[{"href":"https:\/\/www.acxys.com\/zh-hans\/wp-json\/wp\/v2\/types\/page"}],"author":[{"embeddable":true,"href":"https:\/\/www.acxys.com\/zh-hans\/wp-json\/wp\/v2\/users\/1"}],"replies":[{"embeddable":true,"href":"https:\/\/www.acxys.com\/zh-hans\/wp-json\/wp\/v2\/comments?post=3740"}],"version-history":[{"count":7,"href":"https:\/\/www.acxys.com\/zh-hans\/wp-json\/wp\/v2\/pages\/3740\/revisions"}],"predecessor-version":[{"id":3938,"href":"https:\/\/www.acxys.com\/zh-hans\/wp-json\/wp\/v2\/pages\/3740\/revisions\/3938"}],"wp:attachment":[{"href":"https:\/\/www.acxys.com\/zh-hans\/wp-json\/wp\/v2\/media?parent=3740"}],"curies":[{"name":"wp","href":"https:\/\/api.w.org\/{rel}","templated":true}]}}